{"id":10892,"date":"2024-04-17T08:56:14","date_gmt":"2024-04-17T06:56:14","guid":{"rendered":"https:\/\/vinylka.md\/?page_id=10892"},"modified":"2024-04-21T09:06:10","modified_gmt":"2024-04-21T07:06:10","slug":"livrare","status":"publish","type":"page","link":"https:\/\/old.vinylka.md\/en\/livrare\/","title":{"rendered":"Delivery"},"content":{"rendered":"<div data-elementor-type=\"wp-page\" data-elementor-id=\"10892\" class=\"elementor elementor-10892\" data-elementor-post-type=\"page\">\n\t\t\t\t\t\t<section class=\"elementor-section elementor-top-section elementor-element elementor-element-ad4e515 elementor-section-boxed elementor-section-height-default elementor-section-height-default\" data-id=\"ad4e515\" data-element_type=\"section\" data-e-type=\"section\">\n\t\t\t\t\t\t<div class=\"elementor-container elementor-column-gap-default\">\n\t\t\t\t\t<div class=\"elementor-column elementor-col-100 elementor-top-column elementor-element elementor-element-0bfa9e3\" data-id=\"0bfa9e3\" data-element_type=\"column\" data-e-type=\"column\">\n\t\t\t<div class=\"elementor-widget-wrap elementor-element-populated\">\n\t\t\t\t\t\t<div class=\"elementor-element elementor-element-e569bf4 elementor-widget elementor-widget-text-editor\" data-id=\"e569bf4\" data-element_type=\"widget\" data-e-type=\"widget\" data-widget_type=\"text-editor.default\">\n\t\t\t\t<div class=\"elementor-widget-container\">\n\t\t\t\t\t\t\t\t\t<p dir=\"ltr\" style=\"line-height: 1.2; text-align: justify; background-color: #ffffff; margin-top: 0pt; margin-bottom: 0pt; padding: 0pt 0pt 15pt 0pt;\"><font color=\"#000000\" face=\"Arial\"><span style=\"font-size: 13.3333px; white-space-collapse: preserve;\">Delivery within the municipality of Chi\u0219in\u0103u is usually carried out on the same day or, at the latest, on the next working day. However, the official delivery time is up to 72 hours from the moment your order is confirmed by our operators. Delivery is made between 09:00 and 20:00 and is free for orders of at least 300 MDL. For orders of a lower value, a delivery fee of 30 MDL is charged (which will be included in the total transaction\/order amount).<\/span><\/font><\/p><font color=\"#000000\" face=\"Arial\">\n<\/font><p class=\"translation-block\"><span style=\"color: black;font-family: Arial;font-size: 13.3333px;background-color: var(--paletteColor8);font-style: var(--fontStyle, inherit);font-weight: var(--fontWeight);letter-spacing: var(--letterSpacing);text-transform: var(--textTransform)\">Deliveries within the territory of Moldova are usually made <\/span><span style=\"font-style: var(--fontStyle, inherit);font-weight: var(--fontWeight);letter-spacing: var(--letterSpacing);text-transform: var(--textTransform);color: black;font-family: Arial;font-size: 13.3333px\">on the next working day<\/span><font color=\"black\" face=\"Arial\" style=\"font-size: inherit;font-style: var(--fontStyle, inherit);font-weight: var(--fontWeight);letter-spacing: var(--letterSpacing);text-transform: var(--textTransform)\"><span style=\"font-size: 13.3333px\">, <\/span><\/font><span style=\"color: black;font-family: Arial;font-size: 13.3333px;background-color: var(--paletteColor8);font-style: var(--fontStyle, inherit);font-weight: var(--fontWeight);letter-spacing: var(--letterSpacing);text-transform: var(--textTransform)\">but <\/span><font color=\"black\" face=\"Arial\" style=\"font-size: inherit;font-style: var(--fontStyle, inherit);font-weight: var(--fontWeight);letter-spacing: var(--letterSpacing);text-transform: var(--textTransform)\"><span style=\"font-size: 13.3333px\">the official delivery time is <\/span><\/font><span style=\"background-color: var(--paletteColor8);font-style: var(--fontStyle, inherit);font-weight: var(--fontWeight);letter-spacing: var(--letterSpacing);text-transform: var(--textTransform);color: black;font-family: Arial;font-size: 13.3333px\">up to <\/span><span style=\"font-style: var(--fontStyle, inherit);font-weight: var(--fontWeight);letter-spacing: var(--letterSpacing);text-transform: var(--textTransform);font-size: 13.3333px;color: black;font-family: Arial\">120 hours from the confirmation of the order. Deliveries are made between 09:00 and 20:00 and are free for orders of at least 800 MDL. For orders of a lower value, a delivery fee of 65 MDL is charged (which will be included in the total transaction\/order amount).<\/span><\/p>\n<p dir=\"ltr\" style=\"line-height: 1.2; text-align: justify; background-color: #ffffff; margin-top: 0pt; margin-bottom: 0pt; padding: 0pt 0pt 15pt 0pt;\"><font color=\"#000000\" face=\"Arial\"><span style=\"font-size: 13.3333px; white-space-collapse: preserve;\">For pre-orders, the delivery time may take up to 29 working days.<\/span><\/font><br><\/p>\n<p dir=\"ltr\" style=\"line-height: 1.2; text-align: justify; background-color: #ffffff; margin-top: 0pt; margin-bottom: 0pt; padding: 0pt 0pt 15pt 0pt;\"><span style=\"font-size: 10pt; font-family: Arial; color: #000000; background-color: #ffffff; font-weight: 400; font-style: normal; font-variant: normal; text-decoration: none; vertical-align: baseline; white-space: pre-wrap;\">No deliveries are made on Sundays or national holidays.<\/span><\/p>\n<p dir=\"ltr\" style=\"line-height: 1.2; text-align: justify; background-color: #ffffff; margin-top: 0pt; margin-bottom: 0pt; padding: 0pt 0pt 13.2pt 0pt;\"><span style=\"font-size: 10pt; font-family: Arial; color: #000000; background-color: #ffffff; font-weight: 400; font-style: normal; font-variant: normal; text-decoration: none; vertical-align: baseline; white-space: pre-wrap;\">The delivery time may be extended in certain isolated situations (e.g. bad weather, public holidays, unforeseen technical problems, etc.). We will notify you if we encounter one of these isolated situations in advance.<\/span><\/p>\n<p dir=\"ltr\" style=\"line-height: 1.2; text-align: justify; background-color: #ffffff; margin-top: 0pt; margin-bottom: 0pt; padding: 0pt 0pt 13.2pt 0pt;\"><span style=\"font-size: 10pt; font-family: Arial; color: #000000; background-color: #ffffff; font-weight: 400; font-style: normal; font-variant: normal; text-decoration: none; vertical-align: baseline; white-space: pre-wrap;\">You can choose any address for delivery - home, office or any other address, with no additional charges. We only accept one delivery address for each order. If you need to ship your order to different addresses, please register different orders for each address.<\/span><\/p>\n<p dir=\"ltr\" style=\"line-height: 1.2; text-align: justify; background-color: #ffffff; margin-top: 0pt; margin-bottom: 0pt; padding: 0pt 0pt 13.2pt 0pt;\"><span style=\"font-size: 10pt; font-family: Arial; color: #000000; background-color: #ffffff; font-weight: 400; font-style: normal; font-variant: normal; text-decoration: none; vertical-align: baseline; white-space: pre-wrap;\">Upon receipt of the products, please check the integrity of the packaging and the presence of the receipt in the presence of the courier. Any subsequent claims regarding these aspects will not be accepted.<\/span><\/p><p dir=\"ltr\" style=\"line-height: 1.2; text-align: justify; background-color: #ffffff; margin-top: 0pt; margin-bottom: 0pt; padding: 0pt 0pt 13.2pt 0pt;\"><span style=\"color: rgb(0, 0, 0); font-family: Arial; font-size: 10pt; white-space-collapse: preserve; letter-spacing: var(--letterSpacing); text-transform: var(--textTransform);\">For more precise delivery terms specific to your situation, please contact us. We are here to provide you with all the necessary information and ensure your experience is as pleasant as possible.<\/span><\/p><p dir=\"ltr\" style=\"line-height: 1.2; text-align: justify; background-color: #ffffff; margin-top: 0pt; margin-bottom: 0pt; padding: 0pt 0pt 13.2pt 0pt;\"><span style=\"font-size: 10pt; font-family: Arial; color: #000000; background-color: #ffffff; font-weight: 400; font-style: normal; font-variant: normal; text-decoration: none; vertical-align: baseline; white-space: pre-wrap;\">Contact phone:<\/span><span style=\"font-size: 10pt; font-family: Arial; color: #000000; background-color: #ffffff; font-weight: bold; font-style: normal; font-variant: normal; text-decoration: none; vertical-align: baseline; white-space: pre-wrap;\"> +37378667766<\/span><\/p>\n<p><span style=\"font-size: 10pt; font-family: Arial; color: #000000; background-color: #ffffff; font-variant-numeric: normal; font-variant-east-asian: normal; font-variant-alternates: normal; vertical-align: baseline; white-space-collapse: preserve;\">Email contact: <\/span><span style=\"font-size: 10pt; font-family: Arial; color: #000000; background-color: #ffffff; font-weight: bold; font-variant-numeric: normal; font-variant-east-asian: normal; font-variant-alternates: normal; vertical-align: baseline; white-space-collapse: preserve;\">info@vinylka.md<\/span><\/p>\t\t\t\t\t\t\t\t<\/div>\n\t\t\t\t<\/div>\n\t\t\t\t\t<\/div>\n\t\t<\/div>\n\t\t\t\t\t<\/div>\n\t\t<\/section>\n\t\t\t\t<\/div>","protected":false},"excerpt":{"rendered":"<p>Livrarea \u00een raza mun. Chi\u0219in\u0103u se efectueaz\u0103 de obicei \u00een aceea\u0219i zi sau cel t\u00e2rziu \u00een urm\u0103toarea zi lucr\u0103toare, \u00eens\u0103 termenul oficial de livrare este de p\u00e2n\u0103 la 72 de ore de la confirmarea comenzii de c\u0103tre operatorii no\u0219tri. Livrarea se efectueaz\u0103 \u00eentre orele 09:00 \u0219i 20:00 \u0219i este gratuit\u0103 pentru comenzi de minim 300 [&hellip;]<\/p>\n","protected":false},"author":1,"featured_media":0,"parent":0,"menu_order":0,"comment_status":"closed","ping_status":"closed","template":"","meta":{"footnotes":""},"class_list":["post-10892","page","type-page","status-publish","hentry"],"blocksy_meta":[],"jetpack_sharing_enabled":true,"_links":{"self":[{"href":"https:\/\/old.vinylka.md\/en\/wp-json\/wp\/v2\/pages\/10892","targetHints":{"allow":["GET"]}}],"collection":[{"href":"https:\/\/old.vinylka.md\/en\/wp-json\/wp\/v2\/pages"}],"about":[{"href":"https:\/\/old.vinylka.md\/en\/wp-json\/wp\/v2\/types\/page"}],"author":[{"embeddable":true,"href":"https:\/\/old.vinylka.md\/en\/wp-json\/wp\/v2\/users\/1"}],"replies":[{"embeddable":true,"href":"https:\/\/old.vinylka.md\/en\/wp-json\/wp\/v2\/comments?post=10892"}],"version-history":[{"count":0,"href":"https:\/\/old.vinylka.md\/en\/wp-json\/wp\/v2\/pages\/10892\/revisions"}],"wp:attachment":[{"href":"https:\/\/old.vinylka.md\/en\/wp-json\/wp\/v2\/media?parent=10892"}],"curies":[{"name":"wp","href":"https:\/\/api.w.org\/{rel}","templated":true}]}}