{"id":11357,"date":"2025-12-09T13:15:09","date_gmt":"2025-12-09T11:15:09","guid":{"rendered":"https:\/\/vinylka.md\/?post_type=product&#038;p=11357"},"modified":"2025-12-09T13:15:10","modified_gmt":"2025-12-09T11:15:10","slug":"ortofon-libelle","status":"publish","type":"product","link":"https:\/\/old.vinylka.md\/en\/product\/ortofon-libelle\/","title":{"rendered":"Ortofon Libelle"},"content":{"rendered":"<div class=\"flex flex-grow flex-col max-w-full\">\n<div class=\"min-h-[20px] text-message flex flex-col items-start whitespace-pre-wrap break-words [.text-message+&amp;]:mt-5 juice:w-full juice:items-end overflow-x-auto gap-2\" dir=\"auto\" data-message-author-role=\"assistant\" data-message-id=\"2375b9de-d710-4bd3-99bd-70a4aec32189\">\n<div class=\"flex w-full flex-col gap-1 juice:empty:hidden juice:first:pt-[3px]\">\n<div class=\"markdown prose w-full break-words dark:prose-invert dark\">\n<h2>Ortofon Libelle<\/h2>\n<p><a href=\"https:\/\/ortofon.com\/\">Ortofon Libelle<\/a> este un instrument de nivelare precis conceput pentru a asigura configurarea corect\u0103 a platanului t\u0103u. Utilizat pentru a m\u0103sura nivelul de montare cu acurate\u021be, acest dispozitiv ajut\u0103 la men\u021binerea echilibrului perfect al platanului, esen\u021bial pentru o performan\u021b\u0103 optim\u0103 a red\u0103rii vinilurilor.<\/p>\n<p>Construit cu un design robust \u0219i u\u0219or de utilizat, Ortofon Libelle se plaseaz\u0103 pe suprafa\u021ba platanului pentru a verifica dac\u0103 este perfect nivelat. Un platan bine nivelat previne uzura neuniform\u0103 a acului \u0219i a discurilor de vinil, asigur\u00e2nd o durat\u0103 de via\u021b\u0103 mai lung\u0103 \u0219i o calitate superioar\u0103 a sunetului.<\/p>\n<p>Caracteristicile principale ale Ortofon Libelle includ:<\/p>\n<ul>\n<li>Design compact \u0219i portabil, u\u0219or de transportat \u0219i utilizat.<\/li>\n<li>Construc\u021bie durabil\u0103, fabricat\u0103 pentru a rezista utiliz\u0103rii frecvente.<\/li>\n<li>Precizie ridicat\u0103, oferind m\u0103sur\u0103tori exacte ale nivelului de montare.<\/li>\n<\/ul>\n<p>Cu Ortofon Libelle, po\u021bi fi sigur c\u0103 platanul t\u0103u este setat corect pentru o experien\u021b\u0103 audio superioar\u0103.<\/p>\n<\/div>\n<\/div>\n<\/div>\n<\/div>\n","protected":false},"excerpt":{"rendered":"<p>Instrument de nivelare.<\/p>","protected":false},"featured_media":11358,"template":"","meta":[],"product_brand":[],"product_cat":[209,206],"product_tag":[],"class_list":{"0":"post-11357","1":"product","2":"type-product","3":"status-publish","4":"has-post-thumbnail","6":"product_cat-accesorii-echipament","7":"product_cat-echipament","9":"first","10":"instock","11":"taxable","12":"shipping-taxable","13":"purchasable","14":"product-type-simple"},"jetpack_sharing_enabled":true,"_links":{"self":[{"href":"https:\/\/old.vinylka.md\/en\/wp-json\/wp\/v2\/product\/11357","targetHints":{"allow":["GET"]}}],"collection":[{"href":"https:\/\/old.vinylka.md\/en\/wp-json\/wp\/v2\/product"}],"about":[{"href":"https:\/\/old.vinylka.md\/en\/wp-json\/wp\/v2\/types\/product"}],"version-history":[{"count":0,"href":"https:\/\/old.vinylka.md\/en\/wp-json\/wp\/v2\/product\/11357\/revisions"}],"wp:featuredmedia":[{"embeddable":true,"href":"https:\/\/old.vinylka.md\/en\/wp-json\/wp\/v2\/media\/11358"}],"wp:attachment":[{"href":"https:\/\/old.vinylka.md\/en\/wp-json\/wp\/v2\/media?parent=11357"}],"wp:term":[{"taxonomy":"product_brand","embeddable":true,"href":"https:\/\/old.vinylka.md\/en\/wp-json\/wp\/v2\/product_brand?post=11357"},{"taxonomy":"product_cat","embeddable":true,"href":"https:\/\/old.vinylka.md\/en\/wp-json\/wp\/v2\/product_cat?post=11357"},{"taxonomy":"product_tag","embeddable":true,"href":"https:\/\/old.vinylka.md\/en\/wp-json\/wp\/v2\/product_tag?post=11357"}],"curies":[{"name":"wp","href":"https:\/\/api.w.org\/{rel}","templated":true}]}}