{"id":16216,"date":"2025-07-17T20:51:01","date_gmt":"2025-07-17T18:51:01","guid":{"rendered":"https:\/\/vinylka.md\/?post_type=product&#038;p=16216"},"modified":"2025-07-17T20:51:01","modified_gmt":"2025-07-17T18:51:01","slug":"david-gilmour-with-romany-gilmour-between-two-points","status":"publish","type":"product","link":"https:\/\/old.vinylka.md\/en\/product\/david-gilmour-with-romany-gilmour-between-two-points\/","title":{"rendered":"David Gilmour With Romany Gilmour &#8211; Between Two Points"},"content":{"rendered":"<h2>David Gilmour With Romany Gilmour &#8211; Between Two Points<\/h2>\n<p>\u201eBetween Two Points\u201d este un EP exclusiv pe vinil, lansat cu ocazia Record Store Day 2025, care reinterpreaz\u0103 piesa omonim\u0103 de pe albumul \u201eLuck and Strange\u201d al lui David Gilmour. Aceast\u0103 pies\u0103 este un cover al trupei The Montgolfier Brothers, transformat\u0103 \u00eentr-o balad\u0103 baroc-psihodelic\u0103, cu vocea etereal\u0103 a fiicei sale, Romany Gilmour, acompaniat\u0103 de harpa sa delicat\u0103 \u0219i de chitara inconfundabil\u0103 a lui David Gilmour. \u00cenregistrat\u0103 live la Royal Albert Hall \u00een octombrie 2024, piesa a fost apreciat\u0103 de Mark Tranmer de la The Montgolfier Brothers, care a remarcat c\u0103 versiunea lor p\u0103streaz\u0103 spiritul original, ad\u0103ug\u00e2nd o dimensiune emo\u021bional\u0103 nou\u0103.<\/p>\n<p><a href=\"https:\/\/en.wikipedia.org\/wiki\/Phonograph_record\">Vinilul<\/a> de 12 inch, disponibil \u00een edi\u021bie limitat\u0103 de 4000 de exemplare, include patru piese: versiunea live \u201eVita Brevis \/ Between Two Points\u201d (6:51), remixul Balearic realizat de Rob Gentry (6:48), o variant\u0103 editat\u0103 a acestuia (3:33) \u0219i versiunea original\u0103 de pe album (5:46). Produsul este presat pe vinil transparent, cu un design minimalist \u0219i o copert\u0103 alb-negru semnat\u0103 de Gavin Elder. Aceast\u0103 lansare reprezint\u0103 o oportunitate rar\u0103 de a experimenta o pies\u0103 emo\u021bionant\u0103 \u00eentr-o form\u0103 exclusiv\u0103, apreciat\u0103 at\u00e2t de fani, c\u00e2t \u0219i de colec\u021bionari.<\/p>\n<section id=\"release-tracklist\" class=\"section_Odw8o open_FaEHZ\">\n<header class=\"header_BgEm1\">\n<h2 class=\"MuiTypography-root MuiTypography-headLineLarge css-1l4s8ze\">Tracklist<\/h2>\n<\/header>\n<div class=\"content_ETGfR\">\n<table class=\"tracklist_ZdQ0I\">\n<tbody>\n<tr class=\"heading_mkZNt\" style=\"background-color: #f5f4ec;\">\n<td class=\"trackPos_n8vad\"><\/td>\n<td class=\"trackTitle_loyWF\">Vita Brevis \/ Between Two Points (Live From The Royal Albert Hall)<\/td>\n<td class=\"duration_GhhxK\">(6:51)<\/td>\n<\/tr>\n<tr class=\"subtrack_o3GgI\">\n<td class=\"subtrackPos_HC1me\"><span class=\"MuiTypography-root MuiTypography-labelSmall css-1kybk0l\">A1.a<\/span><\/td>\n<td class=\"trackTitle_loyWF\"><span class=\"MuiTypography-root MuiTypography-labelSmall css-1kybk0l\">Vita Brevis<\/span><\/td>\n<td class=\"duration_GhhxK\"><\/td>\n<\/tr>\n<tr class=\"subtrack_o3GgI\">\n<td class=\"subtrackPos_HC1me\"><span class=\"MuiTypography-root MuiTypography-labelSmall css-1kybk0l\">A1.b<\/span><\/td>\n<td class=\"trackTitle_loyWF\"><span class=\"MuiTypography-root MuiTypography-labelSmall css-1kybk0l\">Between Two Points<\/span><\/td>\n<td class=\"duration_GhhxK\"><\/td>\n<\/tr>\n<tr data-track-position=\"A2\">\n<td class=\"trackPos_n8vad\"><span class=\"MuiTypography-root MuiTypography-labelSmall css-1kybk0l\">A2<\/span><\/td>\n<td class=\"trackTitle_loyWF\"><span class=\"MuiTypography-root MuiTypography-labelSmall css-1kybk0l\"><span class=\"trackTitle_loyWF\">Between Two Points (Gentry Remix)<\/span><\/span><\/td>\n<td class=\"duration_GhhxK\"><span class=\"MuiTypography-root MuiTypography-labelSmall css-1kybk0l\">6:48<\/span><\/td>\n<\/tr>\n<tr data-track-position=\"B1\">\n<td class=\"trackPos_n8vad\"><span class=\"MuiTypography-root MuiTypography-labelSmall css-1kybk0l\">B1<\/span><\/td>\n<td class=\"trackTitle_loyWF\"><span class=\"MuiTypography-root MuiTypography-labelSmall css-1kybk0l\"><span class=\"trackTitle_loyWF\">Between Two Points (Gentry Remix Edit)<\/span><\/span><\/td>\n<td class=\"duration_GhhxK\"><span class=\"MuiTypography-root MuiTypography-labelSmall css-1kybk0l\">3:51<\/span><\/td>\n<\/tr>\n<tr data-track-position=\"B2\">\n<td class=\"trackPos_n8vad\"><span class=\"MuiTypography-root MuiTypography-labelSmall css-1kybk0l\">B2<\/span><\/td>\n<td class=\"trackTitle_loyWF\"><span class=\"MuiTypography-root MuiTypography-labelSmall css-1kybk0l\"><span class=\"trackTitle_loyWF\">Between Two Points (Album Version)<\/span><\/span><\/td>\n<td class=\"duration_GhhxK\"><span class=\"MuiTypography-root MuiTypography-labelSmall css-1kybk0l\">5:46<\/span><\/td>\n<\/tr>\n<\/tbody>\n<\/table>\n<\/div>\n<\/section>\n<p><iframe style=\"width: 100%; max-width: 660px; overflow: hidden; border-radius: 10px;\" src=\"https:\/\/embed.music.apple.com\/us\/album\/between-two-points-gentry-remix-single\/1820281227\" height=\"450\" frameborder=\"0\" sandbox=\"allow-forms allow-popups allow-same-origin allow-scripts allow-storage-access-by-user-activation allow-top-navigation-by-user-activation\"><\/iframe><\/p>","protected":false},"excerpt":{"rendered":"<p>Vinyl, 12&#8243;, 33 \u2153 RPM, EP, Record Store Day, Clear<\/p>","protected":false},"featured_media":16217,"template":"","meta":[],"product_brand":[],"product_cat":[16],"product_tag":[],"class_list":{"0":"post-16216","1":"product","2":"type-product","3":"status-publish","4":"has-post-thumbnail","6":"product_cat-vinyl","7":"pa_color-transparent","8":"pa_format-lp","9":"pa_genre-rock","10":"pa_stare-new","12":"first","13":"instock","14":"taxable","15":"shipping-taxable","16":"purchasable","17":"product-type-simple"},"jetpack_sharing_enabled":true,"_links":{"self":[{"href":"https:\/\/old.vinylka.md\/en\/wp-json\/wp\/v2\/product\/16216","targetHints":{"allow":["GET"]}}],"collection":[{"href":"https:\/\/old.vinylka.md\/en\/wp-json\/wp\/v2\/product"}],"about":[{"href":"https:\/\/old.vinylka.md\/en\/wp-json\/wp\/v2\/types\/product"}],"version-history":[{"count":0,"href":"https:\/\/old.vinylka.md\/en\/wp-json\/wp\/v2\/product\/16216\/revisions"}],"wp:featuredmedia":[{"embeddable":true,"href":"https:\/\/old.vinylka.md\/en\/wp-json\/wp\/v2\/media\/16217"}],"wp:attachment":[{"href":"https:\/\/old.vinylka.md\/en\/wp-json\/wp\/v2\/media?parent=16216"}],"wp:term":[{"taxonomy":"product_brand","embeddable":true,"href":"https:\/\/old.vinylka.md\/en\/wp-json\/wp\/v2\/product_brand?post=16216"},{"taxonomy":"product_cat","embeddable":true,"href":"https:\/\/old.vinylka.md\/en\/wp-json\/wp\/v2\/product_cat?post=16216"},{"taxonomy":"product_tag","embeddable":true,"href":"https:\/\/old.vinylka.md\/en\/wp-json\/wp\/v2\/product_tag?post=16216"}],"curies":[{"name":"wp","href":"https:\/\/api.w.org\/{rel}","templated":true}]}}