{"id":16477,"date":"2025-09-07T20:55:12","date_gmt":"2025-09-07T18:55:12","guid":{"rendered":"https:\/\/vinylka.md\/?post_type=product&#038;p=16477"},"modified":"2026-03-04T12:29:20","modified_gmt":"2026-03-04T10:29:20","slug":"%d0%b2%d0%b0%d0%bb%d0%b5%d1%80%d0%b8%d0%b9-%d0%bc%d0%b5%d0%bb%d0%b0%d0%b4%d0%b7%d0%b5-valeriy-meladze-%d0%bf%d0%be%d1%81%d0%bb%d0%b5%d0%b4%d0%bd%d0%b8%d0%b9-%d1%80%d0%be%d0%bc%d0%b0%d0%bd","status":"publish","type":"product","link":"https:\/\/old.vinylka.md\/en\/product\/%d0%b2%d0%b0%d0%bb%d0%b5%d1%80%d0%b8%d0%b9-%d0%bc%d0%b5%d0%bb%d0%b0%d0%b4%d0%b7%d0%b5-valeriy-meladze-%d0%bf%d0%be%d1%81%d0%bb%d0%b5%d0%b4%d0%bd%d0%b8%d0%b9-%d1%80%d0%be%d0%bc%d0%b0%d0%bd\/","title":{"rendered":"\u0412\u0430\u043b\u0435\u0440\u0438\u0439 \u041c\u0435\u043b\u0430\u0434\u0437\u0435\/Valeriy Meladze \u2013 \u041f\u043e\u0441\u043b\u0435\u0434\u043d\u0438\u0439 \u0440\u043e\u043c\u0430\u043d\u0442\u0438\u043a"},"content":{"rendered":"<section id=\"release-tracklist\" class=\"section_Odw8o open_FaEHZ\">\n<header class=\"header_BgEm1\">\n<h2 class=\"MuiTypography-root MuiTypography-headLineLarge css-1l4s8ze\">\u0412\u0430\u043b\u0435\u0440\u0438\u0439 \u041c\u0435\u043b\u0430\u0434\u0437\u0435\/Valeriy Meladze \u2013 \u041f\u043e\u0441\u043b\u0435\u0434\u043d\u0438\u0439 \u0440\u043e\u043c\u0430\u043d\u0442\u0438\u043a<\/h2>\n<p>Acest album de <a href=\"https:\/\/en.wikipedia.org\/wiki\/Phonograph_record\">vinyl<\/a> reprezint\u0103 a doua produc\u021bie de studio a lui Valeriy Meladze, lansat\u0103 ini\u021bial \u00een octombrie 1996 sub titlul \u201ePosledniy Romantik\u201d (\u201eUltimul romantic\u201d) \u0219i compus\u0103 de fratele s\u0103u, Konstantin Meladze. Edi\u021bia remasterizat\u0103, ap\u0103rut\u0103 \u00een 2025, aduce o nou\u0103 dimensiune estetic\u0103 \u0219i auditiv\u0103 prin intermediul vinilului albastru limitat, ideal pentru colec\u021bionari \u0219i melomani. Track-list-ul albumului con\u021bine 10 piese memorabile precum \u201e\u0410\u043a\u0442\u0440\u0438\u0441\u0430\u201d, \u201e\u041a\u0430\u043a \u0442\u044b \u043a\u0440\u0430\u0441\u0438\u0432\u0430 \u0441\u0435\u0433\u043e\u0434\u043d\u044f\u201d, \u201e\u0414\u0435\u0432\u0443\u0448\u043a\u0438 \u0438\u0437 \u0432\u044b\u0441\u0448\u0435\u0433\u043e \u043e\u0431\u0449\u0435\u0441\u0442\u0432\u0430\u201d, \u201e\u0412\u0435\u0440\u0430\u201d (pe partea A), \u0219i \u201e\u041f\u0435\u0441\u043d\u044f \u043e \u0441\u0442\u0443\u0434\u0435\u043d\u0442\u0435\u201d, \u201e\u0422\u044b \u043f\u0440\u0438\u0448\u043b\u0430 \u0438\u0437 \u043d\u0438\u043e\u0442\u043a\u0443\u0434\u0430\u201d, \u201e\u0420\u0435\u043a\u0430 \u0432\u0440\u0435\u043c\u0435\u043d\u0438\u201d etc. (pe partea B). Acest material evoc\u0103 un mix emo\u0163ionant \u00eentre balade delicate \u0219i ritmuri mai vesele, reflect\u00e2nd stilul inconfundabil al lui Meladze din anii &#8217;90<\/p>\n<h2>Tracklist<\/h2>\n<\/header>\n<div class=\"content_ETGfR\">\n<table class=\"tracklist_ZdQ0I\">\n<tbody>\n<tr data-track-position=\"A1\">\n<td class=\"trackPos_n8vad\"><span class=\"MuiTypography-root MuiTypography-labelSmall css-1kybk0l\">A1<\/span><\/td>\n<td class=\"trackTitle_loyWF\"><span class=\"MuiTypography-root MuiTypography-labelSmall css-1kybk0l\"><span class=\"trackTitle_loyWF\">\u0410\u043a\u0442\u0440\u0438\u0441\u0430<\/span><\/span><\/td>\n<td class=\"duration_GhhxK\"><span class=\"MuiTypography-root MuiTypography-labelSmall css-1kybk0l\">4:07<\/span><\/td>\n<\/tr>\n<tr data-track-position=\"A2\">\n<td class=\"trackPos_n8vad\"><span class=\"MuiTypography-root MuiTypography-labelSmall css-1kybk0l\">A2<\/span><\/td>\n<td class=\"trackTitle_loyWF\"><span class=\"MuiTypography-root MuiTypography-labelSmall css-1kybk0l\"><span class=\"trackTitle_loyWF\">\u041a\u0430\u043a \u0442\u044b \u043a\u0440\u0430\u0441\u0438\u0432\u0430 \u0441\u0435\u0433\u043e\u0434\u043d\u044f<\/span><\/span><\/td>\n<td class=\"duration_GhhxK\"><span class=\"MuiTypography-root MuiTypography-labelSmall css-1kybk0l\">3:58<\/span><\/td>\n<\/tr>\n<tr data-track-position=\"A3\">\n<td class=\"trackPos_n8vad\"><span class=\"MuiTypography-root MuiTypography-labelSmall css-1kybk0l\">A3<\/span><\/td>\n<td class=\"trackTitle_loyWF\"><span class=\"MuiTypography-root MuiTypography-labelSmall css-1kybk0l\"><span class=\"trackTitle_loyWF\">\u0414\u0435\u0432\u0443\u0448\u043a\u0438 \u0438\u0437 \u0432\u044b\u0441\u0448\u0435\u0433\u043e \u043e\u0431\u0449\u0435\u0441\u0442\u0432\u0430<\/span><\/span><\/td>\n<td class=\"duration_GhhxK\"><span class=\"MuiTypography-root MuiTypography-labelSmall css-1kybk0l\">3:21<\/span><\/td>\n<\/tr>\n<tr data-track-position=\"A4\">\n<td class=\"trackPos_n8vad\"><span class=\"MuiTypography-root MuiTypography-labelSmall css-1kybk0l\">A4<\/span><\/td>\n<td class=\"trackTitle_loyWF\"><span class=\"MuiTypography-root MuiTypography-labelSmall css-1kybk0l\"><span class=\"trackTitle_loyWF\">\u0421\u0442\u0440\u0430\u043d\u043d\u0438\u0446\u0430 \u043e\u0441\u0435\u043d\u044c<\/span><\/span><\/td>\n<td class=\"duration_GhhxK\"><span class=\"MuiTypography-root MuiTypography-labelSmall css-1kybk0l\">4:15<\/span><\/td>\n<\/tr>\n<tr data-track-position=\"A5\">\n<td class=\"trackPos_n8vad\"><span class=\"MuiTypography-root MuiTypography-labelSmall css-1kybk0l\">A5<\/span><\/td>\n<td class=\"trackTitle_loyWF\"><span class=\"MuiTypography-root MuiTypography-labelSmall css-1kybk0l\"><span class=\"trackTitle_loyWF\">\u0412\u0435\u0440\u0430<\/span><\/span><\/td>\n<td class=\"duration_GhhxK\"><span class=\"MuiTypography-root MuiTypography-labelSmall css-1kybk0l\">4:06<\/span><\/td>\n<\/tr>\n<tr data-track-position=\"B1\">\n<td class=\"trackPos_n8vad\"><span class=\"MuiTypography-root MuiTypography-labelSmall css-1kybk0l\">B1<\/span><\/td>\n<td class=\"trackTitle_loyWF\"><span class=\"MuiTypography-root MuiTypography-labelSmall css-1kybk0l\"><span class=\"trackTitle_loyWF\">\u041f\u0435\u0441\u043d\u044f \u043e \u0441\u0442\u0443\u0434\u0435\u043d\u0442\u0435<\/span><\/span><\/td>\n<td class=\"duration_GhhxK\"><span class=\"MuiTypography-root MuiTypography-labelSmall css-1kybk0l\">3:17<\/span><\/td>\n<\/tr>\n<tr data-track-position=\"B2\">\n<td class=\"trackPos_n8vad\"><span class=\"MuiTypography-root MuiTypography-labelSmall css-1kybk0l\">B2<\/span><\/td>\n<td class=\"trackTitle_loyWF\"><span class=\"MuiTypography-root MuiTypography-labelSmall css-1kybk0l\"><span class=\"trackTitle_loyWF\">\u0422\u044b \u043f\u0440\u0438\u0448\u043b\u0430 \u0438\u0437 \u043d\u0438\u043e\u0442\u043a\u0443\u0434\u0430<\/span><\/span><\/td>\n<td class=\"duration_GhhxK\"><span class=\"MuiTypography-root MuiTypography-labelSmall css-1kybk0l\">4:24<\/span><\/td>\n<\/tr>\n<tr data-track-position=\"B3\">\n<td class=\"trackPos_n8vad\"><span class=\"MuiTypography-root MuiTypography-labelSmall css-1kybk0l\">B3<\/span><\/td>\n<td class=\"trackTitle_loyWF\"><span class=\"MuiTypography-root MuiTypography-labelSmall css-1kybk0l\"><span class=\"trackTitle_loyWF\">\u0420\u044b\u0431\u0430\u043a \u0438 \u0440\u044b\u0431\u043a\u0430<\/span><\/span><\/td>\n<td class=\"duration_GhhxK\"><span class=\"MuiTypography-root MuiTypography-labelSmall css-1kybk0l\">4:03<\/span><\/td>\n<\/tr>\n<tr data-track-position=\"B4\">\n<td class=\"trackPos_n8vad\"><span class=\"MuiTypography-root MuiTypography-labelSmall css-1kybk0l\">B4<\/span><\/td>\n<td class=\"trackTitle_loyWF\"><span class=\"MuiTypography-root MuiTypography-labelSmall css-1kybk0l\"><span class=\"trackTitle_loyWF\">\u0420\u0435\u043a\u0430 \u0432\u0440\u0435\u043c\u0435\u043d\u0438<\/span><\/span><\/td>\n<td class=\"duration_GhhxK\"><span class=\"MuiTypography-root MuiTypography-labelSmall css-1kybk0l\">4:22<\/span><\/td>\n<\/tr>\n<tr data-track-position=\"B5\">\n<td class=\"trackPos_n8vad\"><span class=\"MuiTypography-root MuiTypography-labelSmall css-1kybk0l\">B5<\/span><\/td>\n<td class=\"trackTitle_loyWF\"><span class=\"MuiTypography-root MuiTypography-labelSmall css-1kybk0l\"><span class=\"trackTitle_loyWF\">\u0416\u0438\u0432\u043e\u0439<\/span><\/span><\/td>\n<td class=\"duration_GhhxK\"><span class=\"MuiTypography-root MuiTypography-labelSmall css-1kybk0l\">4:27<\/span><\/td>\n<\/tr>\n<\/tbody>\n<\/table>\n<\/div>\n<\/section>\n<p><iframe style=\"width: 100%; max-width: 660px; overflow: hidden; border-radius: 10px;\" src=\"https:\/\/embed.music.apple.com\/us\/album\/%D0%BF%D0%BE%D1%81%D0%BB%D0%B5%D0%B4%D0%BD%D0%B8%D0%B9-%D1%80%D0%BE%D0%BC%D0%B0%D0%BD%D1%82%D0%B8%D0%BA\/893663723\" height=\"450\" frameborder=\"0\" sandbox=\"allow-forms allow-popups allow-same-origin allow-scripts allow-storage-access-by-user-activation allow-top-navigation-by-user-activation\"><\/iframe><\/p>","protected":false},"excerpt":{"rendered":"<p>Vinyl, LP, Album, Limited Edition, Reissue, 200g Black Vinyl<\/p>","protected":false},"featured_media":16494,"template":"","meta":[],"product_brand":[],"product_cat":[16],"product_tag":[],"class_list":{"0":"post-16477","1":"product","2":"type-product","3":"status-publish","4":"has-post-thumbnail","6":"product_cat-vinyl","7":"pa_color-black","8":"pa_format-lp","9":"pa_genre-pop","10":"pa_stare-new","12":"first","13":"instock","14":"taxable","15":"shipping-taxable","16":"purchasable","17":"product-type-simple"},"jetpack_sharing_enabled":true,"_links":{"self":[{"href":"https:\/\/old.vinylka.md\/en\/wp-json\/wp\/v2\/product\/16477","targetHints":{"allow":["GET"]}}],"collection":[{"href":"https:\/\/old.vinylka.md\/en\/wp-json\/wp\/v2\/product"}],"about":[{"href":"https:\/\/old.vinylka.md\/en\/wp-json\/wp\/v2\/types\/product"}],"version-history":[{"count":0,"href":"https:\/\/old.vinylka.md\/en\/wp-json\/wp\/v2\/product\/16477\/revisions"}],"wp:featuredmedia":[{"embeddable":true,"href":"https:\/\/old.vinylka.md\/en\/wp-json\/wp\/v2\/media\/16494"}],"wp:attachment":[{"href":"https:\/\/old.vinylka.md\/en\/wp-json\/wp\/v2\/media?parent=16477"}],"wp:term":[{"taxonomy":"product_brand","embeddable":true,"href":"https:\/\/old.vinylka.md\/en\/wp-json\/wp\/v2\/product_brand?post=16477"},{"taxonomy":"product_cat","embeddable":true,"href":"https:\/\/old.vinylka.md\/en\/wp-json\/wp\/v2\/product_cat?post=16477"},{"taxonomy":"product_tag","embeddable":true,"href":"https:\/\/old.vinylka.md\/en\/wp-json\/wp\/v2\/product_tag?post=16477"}],"curies":[{"name":"wp","href":"https:\/\/api.w.org\/{rel}","templated":true}]}}