{"id":16504,"date":"2025-09-07T21:15:08","date_gmt":"2025-09-07T19:15:08","guid":{"rendered":"https:\/\/vinylka.md\/?post_type=product&#038;p=16504"},"modified":"2026-01-29T13:42:05","modified_gmt":"2026-01-29T11:42:05","slug":"bill-withers-still-bill","status":"publish","type":"product","link":"https:\/\/old.vinylka.md\/en\/product\/bill-withers-still-bill\/","title":{"rendered":"Bill Withers &#8211; Still Bill [Mobile Fidelity]"},"content":{"rendered":"<h2>Bill Withers &#8211; Still Bill<\/h2>\n<p>Albumul Still Bill, lansat \u00een 1972, este al doilea LP de studio al lui Bill Withers \u0219i include hituri de legend\u0103 precum \u201eLean on Me\u201d \u0219i \u201eUse Me\u201d, interpretate cu un mix rafinat de <a href=\"https:\/\/vinylka.md\/filter\/genre-funk-soul\/\">soul, funk<\/a>, blues \u0219i R&amp;B \u2014 totul re-\u00eemprimat acum \u00eentr-o ambian\u021b\u0103 sonora remastered cristalin\u0103 \u0219i dinamic\u0103. Interpret\u0103rile sale \u2013 pline de naturale\u021be \u0219i profunzime \u2013 sunt amplificate de produc\u0163ia minimalist\u0103 \u0219i timbrul cald, f\u0103c\u00e2nd din Still Bill o bijuterie de rezisten\u021b\u0103, l\u0103udat\u0103 pe larg de critici, inclu\u00adsiv de Rolling Stone, The Guardian \u0219i al\u021bii, care \u00eel consider\u0103 unadev cele mai importante albume soul din anii &#8217;70.<br \/>\nAceast\u0103 versiune aniversar\u0103 pe <a href=\"https:\/\/en.wikipedia.org\/wiki\/Phonograph_record\">vinyl<\/a> de 180 g de calitate audiophile, numerotat\u0103 de colec\u021bie, beneficiaz\u0103 de un remaster realizat prin tehnologia exclusiv\u0103 Mobile Fidelity, combin\u00e2nd analog-demonstrat (1\/4&#8243; la 15 IPS) cu conversie DSD 256, reeditat apoi analogic \u0219i matri\u021bat cu aten\u021bie deosebit\u0103 pentru o reproducere sonor\u0103 cu transparen\u021b\u0103 \u0219i detalii excep\u021bionale. Pressat\u0103 la RTI, aceast\u0103 edi\u021bie ofer\u0103 claritate, profunzime \u0219i o prezen\u0163\u0103 real\u0103 \u00een studio, eviden\u0163iind vocile distincte ale lui Withers \u0219i contribu\u021biile remarcabile ale Watts 103rd Street Rhythm Band. De asemenea, albumul r\u0103m\u00e2ne un model etern de sinceritate artistic\u0103 \u2014 muzica emite o autenticitate profund\u0103 \u0219i o emo\u0163ie pur\u0103, \u00eenc\u0103 relevant\u0103 la 50 de ani de la lansarea original\u0103.<\/p>\n<section id=\"release-tracklist\" class=\"section_Odw8o open_FaEHZ\">\n<header class=\"header_BgEm1\">\n<h2 class=\"MuiTypography-root MuiTypography-headLineLarge css-1l4s8ze\">Tracklist<\/h2>\n<\/header>\n<div class=\"content_ETGfR\">\n<table class=\"tracklist_ZdQ0I\">\n<tbody>\n<tr data-track-position=\"A1\">\n<td class=\"trackPos_n8vad\"><span class=\"MuiTypography-root MuiTypography-labelSmall css-1kybk0l\">A1<\/span><\/td>\n<td class=\"trackTitle_loyWF\"><span class=\"MuiTypography-root MuiTypography-labelSmall css-1kybk0l\"><span class=\"trackTitle_loyWF\">Lonely Town, Lonely Street<\/span><\/span><\/td>\n<\/tr>\n<tr data-track-position=\"A2\">\n<td class=\"trackPos_n8vad\"><span class=\"MuiTypography-root MuiTypography-labelSmall css-1kybk0l\">A2<\/span><\/td>\n<td class=\"trackTitle_loyWF\"><span class=\"MuiTypography-root MuiTypography-labelSmall css-1kybk0l\"><span class=\"trackTitle_loyWF\">Let Me In Your Life<\/span><\/span><\/td>\n<\/tr>\n<tr data-track-position=\"A3\">\n<td class=\"trackPos_n8vad\"><span class=\"MuiTypography-root MuiTypography-labelSmall css-1kybk0l\">A3<\/span><\/td>\n<td class=\"trackTitle_loyWF\"><span class=\"MuiTypography-root MuiTypography-labelSmall css-1kybk0l\"><span class=\"trackTitle_loyWF\">Who Is He (And What Is He To You)?<\/span><\/span><\/td>\n<\/tr>\n<tr data-track-position=\"A4\">\n<td class=\"trackPos_n8vad\"><span class=\"MuiTypography-root MuiTypography-labelSmall css-1kybk0l\">A4<\/span><\/td>\n<td class=\"trackTitle_loyWF\"><span class=\"MuiTypography-root MuiTypography-labelSmall css-1kybk0l\"><span class=\"trackTitle_loyWF\">Use Me<\/span><\/span><\/td>\n<\/tr>\n<tr data-track-position=\"A5\">\n<td class=\"trackPos_n8vad\"><span class=\"MuiTypography-root MuiTypography-labelSmall css-1kybk0l\">A5<\/span><\/td>\n<td class=\"trackTitle_loyWF\"><span class=\"MuiTypography-root MuiTypography-labelSmall css-1kybk0l\"><span class=\"trackTitle_loyWF\">Lean On Me<\/span><\/span><\/td>\n<\/tr>\n<tr data-track-position=\"B1\">\n<td class=\"trackPos_n8vad\"><span class=\"MuiTypography-root MuiTypography-labelSmall css-1kybk0l\">B1<\/span><\/td>\n<td class=\"trackTitle_loyWF\"><span class=\"MuiTypography-root MuiTypography-labelSmall css-1kybk0l\"><span class=\"trackTitle_loyWF\">Kissing My Love<\/span><\/span><\/td>\n<\/tr>\n<tr data-track-position=\"B2\">\n<td class=\"trackPos_n8vad\"><span class=\"MuiTypography-root MuiTypography-labelSmall css-1kybk0l\">B2<\/span><\/td>\n<td class=\"trackTitle_loyWF\"><span class=\"MuiTypography-root MuiTypography-labelSmall css-1kybk0l\"><span class=\"trackTitle_loyWF\">I Don&#8217;t Know<\/span><\/span><\/td>\n<\/tr>\n<tr data-track-position=\"B3\">\n<td class=\"trackPos_n8vad\"><span class=\"MuiTypography-root MuiTypography-labelSmall css-1kybk0l\">B3<\/span><\/td>\n<td class=\"trackTitle_loyWF\"><span class=\"MuiTypography-root MuiTypography-labelSmall css-1kybk0l\"><span class=\"trackTitle_loyWF\">Another Day To Run<\/span><\/span><\/td>\n<\/tr>\n<tr data-track-position=\"B4\">\n<td class=\"trackPos_n8vad\"><span class=\"MuiTypography-root MuiTypography-labelSmall css-1kybk0l\">B4<\/span><\/td>\n<td class=\"trackTitle_loyWF\"><span class=\"MuiTypography-root MuiTypography-labelSmall css-1kybk0l\"><span class=\"trackTitle_loyWF\">I Don&#8217;t Want You On My Mind<\/span><\/span><\/td>\n<\/tr>\n<tr data-track-position=\"B5\">\n<td class=\"trackPos_n8vad\"><span class=\"MuiTypography-root MuiTypography-labelSmall css-1kybk0l\">B5<\/span><\/td>\n<td class=\"trackTitle_loyWF\"><span class=\"MuiTypography-root MuiTypography-labelSmall css-1kybk0l\"><span class=\"trackTitle_loyWF\">Take It All In And Check It All Out<\/span><\/span><\/td>\n<\/tr>\n<\/tbody>\n<\/table>\n<\/div>\n<\/section>","protected":false},"excerpt":{"rendered":"<p>Vinyl, LP, Album, Numbered,\u00a0 Special Edition, Stereo, Gatefold, 180 gram<br \/>\n<strong>Mobile Fidelity (MOFI)<\/strong><\/p>","protected":false},"featured_media":16507,"template":"","meta":[],"product_brand":[],"product_cat":[284,285,16],"product_tag":[],"class_list":{"0":"post-16504","1":"product","2":"type-product","3":"status-publish","4":"has-post-thumbnail","6":"product_cat-hi-fi-vinyl","7":"product_cat-mobile-fidelity","8":"product_cat-vinyl","9":"pa_color-black","10":"pa_format-lp","11":"pa_genre-funk-soul","12":"pa_stare-new","14":"first","15":"instock","16":"taxable","17":"shipping-taxable","18":"purchasable","19":"product-type-simple"},"jetpack_sharing_enabled":true,"_links":{"self":[{"href":"https:\/\/old.vinylka.md\/en\/wp-json\/wp\/v2\/product\/16504","targetHints":{"allow":["GET"]}}],"collection":[{"href":"https:\/\/old.vinylka.md\/en\/wp-json\/wp\/v2\/product"}],"about":[{"href":"https:\/\/old.vinylka.md\/en\/wp-json\/wp\/v2\/types\/product"}],"version-history":[{"count":0,"href":"https:\/\/old.vinylka.md\/en\/wp-json\/wp\/v2\/product\/16504\/revisions"}],"wp:featuredmedia":[{"embeddable":true,"href":"https:\/\/old.vinylka.md\/en\/wp-json\/wp\/v2\/media\/16507"}],"wp:attachment":[{"href":"https:\/\/old.vinylka.md\/en\/wp-json\/wp\/v2\/media?parent=16504"}],"wp:term":[{"taxonomy":"product_brand","embeddable":true,"href":"https:\/\/old.vinylka.md\/en\/wp-json\/wp\/v2\/product_brand?post=16504"},{"taxonomy":"product_cat","embeddable":true,"href":"https:\/\/old.vinylka.md\/en\/wp-json\/wp\/v2\/product_cat?post=16504"},{"taxonomy":"product_tag","embeddable":true,"href":"https:\/\/old.vinylka.md\/en\/wp-json\/wp\/v2\/product_tag?post=16504"}],"curies":[{"name":"wp","href":"https:\/\/api.w.org\/{rel}","templated":true}]}}