{"id":16550,"date":"2025-09-07T22:18:17","date_gmt":"2025-09-07T20:18:17","guid":{"rendered":"https:\/\/vinylka.md\/?post_type=product&#038;p=16550"},"modified":"2026-03-09T14:43:38","modified_gmt":"2026-03-09T12:43:38","slug":"louis-armstrong-the-very-best-of-louis-armstrong-cd","status":"publish","type":"product","link":"https:\/\/old.vinylka.md\/en\/product\/louis-armstrong-the-very-best-of-louis-armstrong-cd\/","title":{"rendered":"Louis Armstrong &#8211; The Very Best Of Louis Armstrong (CD)"},"content":{"rendered":"<h2>Louis Armstrong &#8211; The Very Best Of Louis Armstrong (CD)<\/h2>\n<p>Aceast\u0103 colec\u021bie de tip &#8222;best of&#8221;, lansat\u0103 \u00een anul 2000 sub labelul Verve, este un dublu-<a href=\"https:\/\/en.wikipedia.org\/wiki\/Compact_disc\">CD<\/a> care adun\u0103 peste dou\u0103 ore de jazz iconic interpretat de <a href=\"https:\/\/vinylka.md\/filter\/name-Louis+Armstrong\/\">Louis Armstrong<\/a>. Albumul include 30 de piese, grupate de obicei \u00een dou\u0103 discuri: primul disc ofer\u0103 melodii calde \u0219i romantice precum \u201eWhat a Wonderful World\u201d, \u201eLa Vie en Rose\u201d, \u201eHello, Dolly!\u201d, \u201eOn the Sunny Side of the Street\u201d, \u201eBasin Street Blues\u201d \u0219i \u201eSummertime\u201d, \u00een timp ce al doilea disc continu\u0103 cu capodopere ca \u201eMack the Knife\u201d, \u201eBlueberry Hill\u201d, \u201eStormy Weather\u201d, \u201eStars Fell on Alabama\u201d \u0219i \u201eBody and Soul\u201d. Colec\u021bia combin\u0103 at\u00e2t balade suflete\u0219ti, c\u00e2t \u0219i numeroase interpret\u0103ri energice, reflect\u00e2nd varietatea artistic\u0103 a lui Satchmo.<\/p>\n<section id=\"release-tracklist\" class=\"section_Odw8o open_FaEHZ\">\n<header class=\"header_BgEm1\">\n<h2>Tracklist<\/h2>\n<\/header>\n<div class=\"content_ETGfR\">\n<table class=\"tracklist_odjYc\">\n<tbody>\n<tr data-track-position=\"1-1\">\n<td class=\"trackTitleNoArtist_VUgUr\">What A Wonderful World<\/td>\n<\/tr>\n<tr data-track-position=\"1-2\">\n<td class=\"trackTitleNoArtist_VUgUr\">La Vie En Rose<\/td>\n<\/tr>\n<tr data-track-position=\"1-3\">\n<td class=\"trackTitleNoArtist_VUgUr\">Hello, Dolly<\/td>\n<\/tr>\n<tr data-track-position=\"1-4\">\n<td class=\"trackTitleNoArtist_VUgUr\">On The Sunny Side Of The Street<\/td>\n<\/tr>\n<tr data-track-position=\"1-5\">\n<td class=\"trackTitleNoArtist_VUgUr\">Basin Street Blues<\/td>\n<\/tr>\n<tr data-track-position=\"1-6\">\n<td class=\"trackTitleNoArtist_VUgUr\">Blueberry Hill<\/td>\n<\/tr>\n<tr data-track-position=\"1-7\">\n<td class=\"trackTitleNoArtist_VUgUr\">C&#8217;est Si Bon<\/td>\n<\/tr>\n<tr data-track-position=\"1-8\">\n<td class=\"trackTitleNoArtist_VUgUr\">The Dummy Song<\/td>\n<\/tr>\n<tr data-track-position=\"1-9\">\n<td class=\"trackTitleNoArtist_VUgUr\">Chloe<\/td>\n<\/tr>\n<tr data-track-position=\"1-10\">\n<td class=\"trackTitleNoArtist_VUgUr\">I Still Get Jealous<\/td>\n<\/tr>\n<tr data-track-position=\"1-11\">\n<td class=\"trackTitleNoArtist_VUgUr\">When You&#8217;re Smiling (The Whole World Smiles With You)<\/td>\n<\/tr>\n<tr data-track-position=\"1-12\">\n<td class=\"trackTitleNoArtist_VUgUr\">Kiss Of Fire<\/td>\n<\/tr>\n<tr data-track-position=\"1-13\">\n<td class=\"trackTitleNoArtist_VUgUr\">Sittin&#8217; In The Sun<\/td>\n<\/tr>\n<tr data-track-position=\"1-14\">\n<td class=\"trackTitleNoArtist_VUgUr\">A Kiss To Build A Dream On<\/td>\n<\/tr>\n<tr data-track-position=\"1-15\">\n<td class=\"trackTitleNoArtist_VUgUr\">High Society<\/td>\n<\/tr>\n<tr data-track-position=\"1-16\">\n<td class=\"trackTitleNoArtist_VUgUr\">When It&#8217;s Sleepy Time Down South<\/td>\n<\/tr>\n<tr data-track-position=\"1-17\">\n<td class=\"trackTitleNoArtist_VUgUr\">Takes Two To Tango<\/td>\n<\/tr>\n<tr data-track-position=\"1-18\">\n<td class=\"trackTitleNoArtist_VUgUr\">Skokiaan<\/td>\n<\/tr>\n<tr data-track-position=\"1-19\">\n<td class=\"trackTitleNoArtist_VUgUr\">Hello Brother<\/td>\n<\/tr>\n<tr data-track-position=\"1-20\">\n<td class=\"trackTitleNoArtist_VUgUr\">La Cucaracha<\/td>\n<\/tr>\n<tr data-track-position=\"2-1\">\n<td class=\"trackTitleNoArtist_VUgUr\">Moon River<\/td>\n<\/tr>\n<tr data-track-position=\"2-2\">\n<td class=\"trackTitleNoArtist_VUgUr\">Down By The River Side<\/td>\n<\/tr>\n<tr data-track-position=\"2-3\">\n<td class=\"trackTitleNoArtist_VUgUr\">Someday<\/td>\n<\/tr>\n<tr data-track-position=\"2-4\">\n<td class=\"trackTitleNoArtist_VUgUr\">April In Portugal<\/td>\n<\/tr>\n<tr data-track-position=\"2-5\">\n<td class=\"trackTitleNoArtist_VUgUr\">When The Saints Go Marchin&#8217; In<\/td>\n<\/tr>\n<tr data-track-position=\"2-6\">\n<td class=\"trackTitleNoArtist_VUgUr\">It&#8217;s Been A Long, Long Time<\/td>\n<\/tr>\n<tr data-track-position=\"2-7\">\n<td class=\"trackTitleNoArtist_VUgUr\">Sincerely<\/td>\n<\/tr>\n<tr data-track-position=\"2-8\">\n<td class=\"trackTitleNoArtist_VUgUr\">Cabaret<\/td>\n<\/tr>\n<tr data-track-position=\"2-9\">\n<td class=\"trackTitleNoArtist_VUgUr\">I Get Ideas<\/td>\n<\/tr>\n<tr data-track-position=\"2-10\">\n<td class=\"trackTitleNoArtist_VUgUr\">Ramona<\/td>\n<\/tr>\n<tr data-track-position=\"2-11\">\n<td class=\"trackTitleNoArtist_VUgUr\">Memories Of You<\/td>\n<\/tr>\n<tr data-track-position=\"2-12\">\n<td class=\"trackTitleNoArtist_VUgUr\">Only You<\/td>\n<\/tr>\n<tr data-track-position=\"2-13\">\n<td class=\"trackTitleNoArtist_VUgUr\">Gone Fishin&#8217;<\/td>\n<\/tr>\n<tr data-track-position=\"2-14\">\n<td class=\"trackTitleNoArtist_VUgUr\">Mahogany Hall Stomp<\/td>\n<\/tr>\n<tr data-track-position=\"2-15\">\n<td class=\"trackTitleNoArtist_VUgUr\">Otchi-Tchor-Ni-Ya<\/td>\n<\/tr>\n<tr data-track-position=\"2-16\">\n<td class=\"trackTitleNoArtist_VUgUr\">Ko Ko Mo<\/td>\n<\/tr>\n<tr data-track-position=\"2-17\">\n<td class=\"trackTitleNoArtist_VUgUr\">Jeepers Creepers<\/td>\n<\/tr>\n<tr data-track-position=\"2-18\">\n<td class=\"trackTitleNoArtist_VUgUr\">Dream A Little Dream Of Me<\/td>\n<\/tr>\n<tr data-track-position=\"2-19\">\n<td class=\"trackTitleNoArtist_VUgUr\">Me And Brother Bill<\/td>\n<\/tr>\n<tr data-track-position=\"2-20\">\n<td class=\"trackTitleNoArtist_VUgUr\">Don&#8217;t Fence Me In<\/td>\n<\/tr>\n<\/tbody>\n<\/table>\n<\/div>\n<\/section>\n<p><iframe style=\"width: 100%; max-width: 660px; overflow: hidden; border-radius: 10px;\" src=\"https:\/\/embed.music.apple.com\/us\/song\/what-a-wonderful-world\/1440787254\" height=\"175\" frameborder=\"0\" sandbox=\"allow-forms allow-popups allow-same-origin allow-scripts allow-storage-access-by-user-activation allow-top-navigation-by-user-activation\"><\/iframe><\/p>","protected":false},"excerpt":{"rendered":"<p>CD, Album<\/p>","protected":false},"featured_media":16551,"template":"","meta":[],"product_brand":[],"product_cat":[86],"product_tag":[],"class_list":{"0":"post-16550","1":"product","2":"type-product","3":"status-publish","4":"has-post-thumbnail","6":"product_cat-cd","7":"pa_format-2cd","8":"pa_genre-blues","9":"pa_genre-jazz","10":"pa_genre-pop","11":"pa_stare-new","13":"first","14":"onbackorder","15":"taxable","16":"shipping-taxable","17":"purchasable","18":"product-type-simple"},"jetpack_sharing_enabled":true,"_links":{"self":[{"href":"https:\/\/old.vinylka.md\/en\/wp-json\/wp\/v2\/product\/16550","targetHints":{"allow":["GET"]}}],"collection":[{"href":"https:\/\/old.vinylka.md\/en\/wp-json\/wp\/v2\/product"}],"about":[{"href":"https:\/\/old.vinylka.md\/en\/wp-json\/wp\/v2\/types\/product"}],"version-history":[{"count":1,"href":"https:\/\/old.vinylka.md\/en\/wp-json\/wp\/v2\/product\/16550\/revisions"}],"predecessor-version":[{"id":18764,"href":"https:\/\/old.vinylka.md\/en\/wp-json\/wp\/v2\/product\/16550\/revisions\/18764"}],"wp:featuredmedia":[{"embeddable":true,"href":"https:\/\/old.vinylka.md\/en\/wp-json\/wp\/v2\/media\/16551"}],"wp:attachment":[{"href":"https:\/\/old.vinylka.md\/en\/wp-json\/wp\/v2\/media?parent=16550"}],"wp:term":[{"taxonomy":"product_brand","embeddable":true,"href":"https:\/\/old.vinylka.md\/en\/wp-json\/wp\/v2\/product_brand?post=16550"},{"taxonomy":"product_cat","embeddable":true,"href":"https:\/\/old.vinylka.md\/en\/wp-json\/wp\/v2\/product_cat?post=16550"},{"taxonomy":"product_tag","embeddable":true,"href":"https:\/\/old.vinylka.md\/en\/wp-json\/wp\/v2\/product_tag?post=16550"}],"curies":[{"name":"wp","href":"https:\/\/api.w.org\/{rel}","templated":true}]}}