{"id":16674,"date":"2025-09-22T18:23:08","date_gmt":"2025-09-22T16:23:08","guid":{"rendered":"https:\/\/vinylka.md\/?post_type=product&#038;p=16674"},"modified":"2026-02-13T16:45:13","modified_gmt":"2026-02-13T14:45:13","slug":"pantera-the-great-southern-trendkill","status":"publish","type":"product","link":"https:\/\/old.vinylka.md\/en\/product\/pantera-the-great-southern-trendkill\/","title":{"rendered":"Pantera &#8211; The Great Southern Trendkill"},"content":{"rendered":"<h2>Pantera &#8211; The Great Southern Trendkill<\/h2>\n<p>The Great Southern Trendkill este al optulea album de studio al forma\u021biei <a href=\"https:\/\/vinylka.md\/filter\/name-pantera\/\">Pantera<\/a>, lansat \u00een 1996. Este cunoscut pentru tonul s\u0103u intens, agresiv, fiind probabil cea mai brut\u0103 lucrare pe care a f\u0103cut-o trupa. Atmosfera albumului este marcat\u0103 de tensiune intern\u0103 \u2013 conflict, dependen\u021be, separarea \u00een timpul \u00eenregistr\u0103rilor \u2013 ceea ce se simte din energia c\u00e2ntecelor, din riff-urile grave \u0219i din vocea extrem\u0103 a lui Phil Anselmo. Pe partea tehnic\u0103, piesele sunt heavy, cu tempo-uri variabile \u00eentre pasaje lente, atmosferice, \u0219i izbucniri furioase de for\u021b\u0103 brut\u0103 metalic\u0103; produc\u021bia realizat\u0103 cu Terry Date p\u0103streaz\u0103 claritatea \u0219i dinamica, dar nu ascunde disconfortul \u0219i agresivitatea inerente.<\/p>\n<p>Pe <a href=\"https:\/\/en.wikipedia.org\/wiki\/Phonograph_record\">vinyl<\/a>, albumul ofer\u0103 o experien\u021b\u0103 sonor\u0103 mai vizibil\u0103: greutatea primului strat de bas, impactul tobelor \u0219i textura chitarelor se simt mai palpabil. Tracklist-ul acoper\u0103 o gam\u0103 larg\u0103 de st\u0103ri: de la piesa-titlu, \u201eDrag the Waters\u201d, \u201eWar Nerve\u201d p\u00e2n\u0103 la momentul epic al lui Floods, unul dintre punctele culminante din punct de vedere al soloului de chitar\u0103 semnat Dimebag Darrell. Discul este splendid \u0219i pentru cei care apreciaz\u0103 contrastele \u2013 c\u00e2ntece precum \u201eSuicide Note Pt. I\u201d aduc o vulnerabilitate nea\u0219teptat\u0103, \u00een timp ce piesele ca \u201eSuicide Note Pt. II\u201d sau \u201eThe Great Southern Trendkill\u201d manifest\u0103 furie \u0219i for\u021b\u0103 ne\u00eengr\u0103dit\u0103.<\/p>\n<section id=\"release-tracklist\" class=\"section_Odw8o open_FaEHZ\">\n<header class=\"header_BgEm1\">\n<h2 class=\"MuiTypography-root MuiTypography-headLineLarge css-1l4s8ze\">Tracklist<\/h2>\n<\/header>\n<div class=\"content_ETGfR\">\n<table class=\"tracklist_ZdQ0I\">\n<tbody>\n<tr data-track-position=\"A1\">\n<td class=\"trackPos_n8vad\"><span class=\"MuiTypography-root MuiTypography-labelSmall css-1kybk0l\">A1<\/span><\/td>\n<td class=\"trackTitle_loyWF\"><span class=\"MuiTypography-root MuiTypography-labelSmall css-1kybk0l\"><span class=\"trackTitle_loyWF\">The Great Southern Trendkill<\/span><\/span><\/td>\n<\/tr>\n<tr data-track-position=\"A2\">\n<td class=\"trackPos_n8vad\"><span class=\"MuiTypography-root MuiTypography-labelSmall css-1kybk0l\">A2<\/span><\/td>\n<td class=\"trackTitle_loyWF\"><span class=\"MuiTypography-root MuiTypography-labelSmall css-1kybk0l\"><span class=\"trackTitle_loyWF\">War Nerve<\/span><\/span><\/td>\n<\/tr>\n<tr data-track-position=\"A3\">\n<td class=\"trackPos_n8vad\"><span class=\"MuiTypography-root MuiTypography-labelSmall css-1kybk0l\">A3<\/span><\/td>\n<td class=\"trackTitle_loyWF\"><span class=\"MuiTypography-root MuiTypography-labelSmall css-1kybk0l\"><span class=\"trackTitle_loyWF\">Drag The Waters<\/span><\/span><\/td>\n<\/tr>\n<tr data-track-position=\"A4\">\n<td class=\"trackPos_n8vad\"><span class=\"MuiTypography-root MuiTypography-labelSmall css-1kybk0l\">A4<\/span><\/td>\n<td class=\"trackTitle_loyWF\"><span class=\"MuiTypography-root MuiTypography-labelSmall css-1kybk0l\"><span class=\"trackTitle_loyWF\">10&#8217;s<\/span><\/span><\/td>\n<\/tr>\n<tr data-track-position=\"A5\">\n<td class=\"trackPos_n8vad\"><span class=\"MuiTypography-root MuiTypography-labelSmall css-1kybk0l\">A5<\/span><\/td>\n<td class=\"trackTitle_loyWF\"><span class=\"MuiTypography-root MuiTypography-labelSmall css-1kybk0l\"><span class=\"trackTitle_loyWF\">Thirteen Steps To Nowhere<\/span><\/span><\/td>\n<\/tr>\n<tr data-track-position=\"B1\">\n<td class=\"trackPos_n8vad\"><span class=\"MuiTypography-root MuiTypography-labelSmall css-1kybk0l\">B1<\/span><\/td>\n<td class=\"trackTitle_loyWF\"><span class=\"MuiTypography-root MuiTypography-labelSmall css-1kybk0l\"><span class=\"trackTitle_loyWF\">Suicide Note Pt.II<\/span><\/span><\/td>\n<\/tr>\n<tr data-track-position=\"B2\">\n<td class=\"trackPos_n8vad\"><span class=\"MuiTypography-root MuiTypography-labelSmall css-1kybk0l\">B2<\/span><\/td>\n<td class=\"trackTitle_loyWF\"><span class=\"MuiTypography-root MuiTypography-labelSmall css-1kybk0l\"><span class=\"trackTitle_loyWF\">Living Through Me (Hells&#8217; Wrath)<\/span><\/span><\/td>\n<\/tr>\n<tr data-track-position=\"B3\">\n<td class=\"trackPos_n8vad\"><span class=\"MuiTypography-root MuiTypography-labelSmall css-1kybk0l\">B3<\/span><\/td>\n<td class=\"trackTitle_loyWF\"><span class=\"MuiTypography-root MuiTypography-labelSmall css-1kybk0l\"><span class=\"trackTitle_loyWF\">Floods<\/span><\/span><\/td>\n<\/tr>\n<tr data-track-position=\"B4\">\n<td class=\"trackPos_n8vad\"><span class=\"MuiTypography-root MuiTypography-labelSmall css-1kybk0l\">B4<\/span><\/td>\n<td class=\"trackTitle_loyWF\"><span class=\"MuiTypography-root MuiTypography-labelSmall css-1kybk0l\"><span class=\"trackTitle_loyWF\">The Underground In America<\/span><\/span><\/td>\n<\/tr>\n<tr data-track-position=\"B5\">\n<td class=\"trackPos_n8vad\"><span class=\"MuiTypography-root MuiTypography-labelSmall css-1kybk0l\">B5<\/span><\/td>\n<td class=\"trackTitle_loyWF\"><span class=\"MuiTypography-root MuiTypography-labelSmall css-1kybk0l\"><span class=\"trackTitle_loyWF\">(Reprise) Sandblasted Skin<\/span><\/span><\/td>\n<\/tr>\n<\/tbody>\n<\/table>\n<\/div>\n<\/section>\n<p><iframe style=\"width: 100%; max-width: 660px; overflow: hidden; border-radius: 10px;\" src=\"https:\/\/embed.music.apple.com\/us\/album\/the-great-southern-trendkill-20th-anniversary-edition\/1144142629\" height=\"450\" frameborder=\"0\" sandbox=\"allow-forms allow-popups allow-same-origin allow-scripts allow-storage-access-by-user-activation allow-top-navigation-by-user-activation\"><\/iframe><\/p>","protected":false},"excerpt":{"rendered":"<p>Vinyl, LP, Limited Edition, Reissue, Stereo, White And Sandblasted Orange Marbled<\/p>","protected":false},"featured_media":16675,"template":"","meta":[],"product_brand":[],"product_cat":[16],"product_tag":[],"class_list":{"0":"post-16674","1":"product","2":"type-product","3":"status-publish","4":"has-post-thumbnail","6":"product_cat-vinyl","7":"pa_color-colored","8":"pa_format-lp","9":"pa_genre-rock","10":"pa_stare-new","12":"first","13":"instock","14":"taxable","15":"shipping-taxable","16":"purchasable","17":"product-type-simple"},"jetpack_sharing_enabled":true,"_links":{"self":[{"href":"https:\/\/old.vinylka.md\/en\/wp-json\/wp\/v2\/product\/16674","targetHints":{"allow":["GET"]}}],"collection":[{"href":"https:\/\/old.vinylka.md\/en\/wp-json\/wp\/v2\/product"}],"about":[{"href":"https:\/\/old.vinylka.md\/en\/wp-json\/wp\/v2\/types\/product"}],"version-history":[{"count":0,"href":"https:\/\/old.vinylka.md\/en\/wp-json\/wp\/v2\/product\/16674\/revisions"}],"wp:featuredmedia":[{"embeddable":true,"href":"https:\/\/old.vinylka.md\/en\/wp-json\/wp\/v2\/media\/16675"}],"wp:attachment":[{"href":"https:\/\/old.vinylka.md\/en\/wp-json\/wp\/v2\/media?parent=16674"}],"wp:term":[{"taxonomy":"product_brand","embeddable":true,"href":"https:\/\/old.vinylka.md\/en\/wp-json\/wp\/v2\/product_brand?post=16674"},{"taxonomy":"product_cat","embeddable":true,"href":"https:\/\/old.vinylka.md\/en\/wp-json\/wp\/v2\/product_cat?post=16674"},{"taxonomy":"product_tag","embeddable":true,"href":"https:\/\/old.vinylka.md\/en\/wp-json\/wp\/v2\/product_tag?post=16674"}],"curies":[{"name":"wp","href":"https:\/\/api.w.org\/{rel}","templated":true}]}}