{"id":16686,"date":"2025-09-22T18:35:24","date_gmt":"2025-09-22T16:35:24","guid":{"rendered":"https:\/\/vinylka.md\/?post_type=product&#038;p=16686"},"modified":"2025-09-22T18:35:25","modified_gmt":"2025-09-22T16:35:25","slug":"bruno-mars-xxivk-magic","status":"publish","type":"product","link":"https:\/\/old.vinylka.md\/en\/product\/bruno-mars-xxivk-magic\/","title":{"rendered":"Bruno Mars &#8211; XXIVK Magic"},"content":{"rendered":"<h2>Bruno Mars &#8211; XXIVK Magic<\/h2>\n<p>24K Magic este al treilea album de studio al lui <a href=\"https:\/\/vinylka.md\/filter\/name-Bruno+Mars\/\">Bruno Mars<\/a>, ap\u0103rut \u00een noiembrie 2016, care aduce o revenire spectaculoas\u0103 la influen\u021bele R&amp;B-ului, funk-ului \u0219i \u201cnew jack swing-ului\u201d inspirat de anii \u201990, perioada care l-a format pe Bruno ca ascult\u0103tor. <a href=\"https:\/\/en.wikipedia.org\/wiki\/Phonograph_record\">Vinilul<\/a> red\u0103 cu fidelitate energia \u0219i luxul sonor al pieselor \u2014 de la hituri dansante precum \u201e24K Magic\u201d, \u201eFinesse\u201d sau \u201eThat\u2019s What I Like\u201d, p\u00e2n\u0103 la balade rafinate ca \u201eVersace on the Floor\u201d \u0219i \u201eToo Good to Say Goodbye\u201d. Produc\u021bia este str\u0103lucitoare, bine echilibrat\u0103 \u00eentre beat-uri solide, armonii vocale bogate \u0219i detalii care fac diferen\u021ba \u2014 chitare, synths, coruri, toate ambalate \u00eentr-un sound modern dar nostalg-ic. \u00cen plus, ambalajul \u0219i artwork-ul reflect\u0103 atmosfera opulent\u0103 a albumului: imagine stilizat\u0103, elegan\u021ba vizual\u0103, aur \u0219i bling ca \u0219i cum ai fi invitat la o petrecere sofisticat\u0103.<\/p>\n<section id=\"release-tracklist\" class=\"section_Odw8o open_FaEHZ\">\n<header class=\"header_BgEm1\">\n<h2 class=\"MuiTypography-root MuiTypography-headLineLarge css-1l4s8ze\">Tracklist<\/h2>\n<\/header>\n<div class=\"content_ETGfR\">\n<table class=\"tracklist_ZdQ0I\">\n<tbody>\n<tr data-track-position=\"A1\">\n<td class=\"trackPos_n8vad\"><span class=\"MuiTypography-root MuiTypography-labelSmall css-1kybk0l\">A1<\/span><\/td>\n<td class=\"trackTitle_loyWF\"><span class=\"MuiTypography-root MuiTypography-labelSmall css-1kybk0l\"><span class=\"trackTitle_loyWF\">24K Magic<\/span><\/span><\/td>\n<td class=\"duration_GhhxK\"><span class=\"MuiTypography-root MuiTypography-labelSmall css-1kybk0l\">3:46<\/span><\/td>\n<\/tr>\n<tr data-track-position=\"A2\">\n<td class=\"trackPos_n8vad\"><span class=\"MuiTypography-root MuiTypography-labelSmall css-1kybk0l\">A2<\/span><\/td>\n<td class=\"trackTitle_loyWF\"><span class=\"MuiTypography-root MuiTypography-labelSmall css-1kybk0l\"><span class=\"trackTitle_loyWF\">Chunky<\/span><\/span><\/td>\n<td class=\"duration_GhhxK\"><span class=\"MuiTypography-root MuiTypography-labelSmall css-1kybk0l\">3:06<\/span><\/td>\n<\/tr>\n<tr data-track-position=\"A3\">\n<td class=\"trackPos_n8vad\"><span class=\"MuiTypography-root MuiTypography-labelSmall css-1kybk0l\">A3<\/span><\/td>\n<td class=\"trackTitle_loyWF\"><span class=\"MuiTypography-root MuiTypography-labelSmall css-1kybk0l\"><span class=\"trackTitle_loyWF\">Perm<\/span><\/span><\/td>\n<td class=\"duration_GhhxK\"><span class=\"MuiTypography-root MuiTypography-labelSmall css-1kybk0l\">3:30<\/span><\/td>\n<\/tr>\n<tr data-track-position=\"A4\">\n<td class=\"trackPos_n8vad\"><span class=\"MuiTypography-root MuiTypography-labelSmall css-1kybk0l\">A4<\/span><\/td>\n<td class=\"trackTitle_loyWF\"><span class=\"MuiTypography-root MuiTypography-labelSmall css-1kybk0l\"><span class=\"trackTitle_loyWF\">That&#8217;s What I Like<\/span><\/span><\/td>\n<td class=\"duration_GhhxK\"><span class=\"MuiTypography-root MuiTypography-labelSmall css-1kybk0l\">3:26<\/span><\/td>\n<\/tr>\n<tr data-track-position=\"A5\">\n<td class=\"trackPos_n8vad\"><span class=\"MuiTypography-root MuiTypography-labelSmall css-1kybk0l\">A5<\/span><\/td>\n<td class=\"trackTitle_loyWF\"><span class=\"MuiTypography-root MuiTypography-labelSmall css-1kybk0l\"><span class=\"trackTitle_loyWF\">Versace On The Floor<\/span><\/span><\/td>\n<td class=\"duration_GhhxK\"><span class=\"MuiTypography-root MuiTypography-labelSmall css-1kybk0l\">4:21<\/span><\/td>\n<\/tr>\n<tr data-track-position=\"B1\">\n<td class=\"trackPos_n8vad\"><span class=\"MuiTypography-root MuiTypography-labelSmall css-1kybk0l\">B1<\/span><\/td>\n<td class=\"trackTitle_loyWF\"><span class=\"MuiTypography-root MuiTypography-labelSmall css-1kybk0l\"><span class=\"trackTitle_loyWF\">Straight Up &amp; Down<\/span><\/span><\/td>\n<td class=\"duration_GhhxK\"><span class=\"MuiTypography-root MuiTypography-labelSmall css-1kybk0l\">3:18<\/span><\/td>\n<\/tr>\n<tr data-track-position=\"B2\">\n<td class=\"trackPos_n8vad\"><span class=\"MuiTypography-root MuiTypography-labelSmall css-1kybk0l\">B2<\/span><\/td>\n<td class=\"trackTitle_loyWF\"><span class=\"MuiTypography-root MuiTypography-labelSmall css-1kybk0l\"><span class=\"trackTitle_loyWF\">Calling All My Lovelies<\/span><\/span><\/td>\n<td class=\"duration_GhhxK\"><span class=\"MuiTypography-root MuiTypography-labelSmall css-1kybk0l\">4:10<\/span><\/td>\n<\/tr>\n<tr data-track-position=\"B3\">\n<td class=\"trackPos_n8vad\"><span class=\"MuiTypography-root MuiTypography-labelSmall css-1kybk0l\">B3<\/span><\/td>\n<td class=\"trackTitle_loyWF\"><span class=\"MuiTypography-root MuiTypography-labelSmall css-1kybk0l\"><span class=\"trackTitle_loyWF\">Finesse<\/span><\/span><\/td>\n<td class=\"duration_GhhxK\"><span class=\"MuiTypography-root MuiTypography-labelSmall css-1kybk0l\">3:10<\/span><\/td>\n<\/tr>\n<tr data-track-position=\"B4\">\n<td class=\"trackPos_n8vad\"><span class=\"MuiTypography-root MuiTypography-labelSmall css-1kybk0l\">B4<\/span><\/td>\n<td class=\"trackTitle_loyWF\"><span class=\"MuiTypography-root MuiTypography-labelSmall css-1kybk0l\"><span class=\"trackTitle_loyWF\">Too Good To Say Goodbye<\/span><\/span><\/td>\n<td class=\"duration_GhhxK\"><span class=\"MuiTypography-root MuiTypography-labelSmall css-1kybk0l\">4:41<\/span><\/td>\n<\/tr>\n<\/tbody>\n<\/table>\n<\/div>\n<\/section>\n<p><iframe style=\"width: 100%; max-width: 660px; overflow: hidden; border-radius: 10px;\" src=\"https:\/\/embed.music.apple.com\/us\/album\/24k-magic\/1161503945\" height=\"450\" frameborder=\"0\" sandbox=\"allow-forms allow-popups allow-same-origin allow-scripts allow-storage-access-by-user-activation allow-top-navigation-by-user-activation\"><\/iframe><\/p>","protected":false},"excerpt":{"rendered":"<p>Vinyl, LP, Album, Stereo<\/p>","protected":false},"featured_media":16687,"template":"","meta":[],"product_brand":[],"product_cat":[16],"product_tag":[],"class_list":{"0":"post-16686","1":"product","2":"type-product","3":"status-publish","4":"has-post-thumbnail","6":"product_cat-vinyl","7":"pa_color-black","8":"pa_format-lp","9":"pa_genre-electronic","10":"pa_genre-funk-soul","11":"pa_genre-pop","12":"pa_genre-rap-hiphop","13":"pa_stare-new","15":"first","16":"instock","17":"taxable","18":"shipping-taxable","19":"purchasable","20":"product-type-simple"},"jetpack_sharing_enabled":true,"_links":{"self":[{"href":"https:\/\/old.vinylka.md\/en\/wp-json\/wp\/v2\/product\/16686","targetHints":{"allow":["GET"]}}],"collection":[{"href":"https:\/\/old.vinylka.md\/en\/wp-json\/wp\/v2\/product"}],"about":[{"href":"https:\/\/old.vinylka.md\/en\/wp-json\/wp\/v2\/types\/product"}],"version-history":[{"count":0,"href":"https:\/\/old.vinylka.md\/en\/wp-json\/wp\/v2\/product\/16686\/revisions"}],"wp:featuredmedia":[{"embeddable":true,"href":"https:\/\/old.vinylka.md\/en\/wp-json\/wp\/v2\/media\/16687"}],"wp:attachment":[{"href":"https:\/\/old.vinylka.md\/en\/wp-json\/wp\/v2\/media?parent=16686"}],"wp:term":[{"taxonomy":"product_brand","embeddable":true,"href":"https:\/\/old.vinylka.md\/en\/wp-json\/wp\/v2\/product_brand?post=16686"},{"taxonomy":"product_cat","embeddable":true,"href":"https:\/\/old.vinylka.md\/en\/wp-json\/wp\/v2\/product_cat?post=16686"},{"taxonomy":"product_tag","embeddable":true,"href":"https:\/\/old.vinylka.md\/en\/wp-json\/wp\/v2\/product_tag?post=16686"}],"curies":[{"name":"wp","href":"https:\/\/api.w.org\/{rel}","templated":true}]}}