{"id":16964,"date":"2025-10-13T22:15:57","date_gmt":"2025-10-13T20:15:57","guid":{"rendered":"https:\/\/vinylka.md\/?post_type=product&#038;p=16964"},"modified":"2025-10-13T22:15:58","modified_gmt":"2025-10-13T20:15:58","slug":"various-ghostbusters-original-soundtrack-album","status":"publish","type":"product","link":"https:\/\/old.vinylka.md\/en\/product\/various-ghostbusters-original-soundtrack-album\/","title":{"rendered":"Various &#8211; Ghostbusters (Original Soundtrack Album)"},"content":{"rendered":"<h2>Various &#8211; Ghostbusters (Original Soundtrack Album)<\/h2>\n<p><a href=\"https:\/\/en.wikipedia.org\/wiki\/Phonograph_record\">Vinilul<\/a> Ghostbusters \u2013 Original Soundtrack Album este o colec\u021bie emblematic\u0103 care reune\u0219te piese pop \u0219i tema de film ce au definit soundtrack-ul clasic din 1984. Edi\u021bia tipic\u0103 apare pe un singur LP, \u00een interpretare stereo, \u0219i adaug\u0103 farmec prin combinarea c\u00e2ntecelor de epoc\u0103 cu compozi\u021bii orchestrale.<\/p>\n<p>Pe partea muzical\u0103, pe fa\u021ba A g\u0103se\u0219ti hituri memorabile precum \u201eGhostbusters\u201d de Ray Parker Jr., \u201eCleanin\u2019 Up the Town\u201d de The Bus Boys, melodii de la Alessi Brothers \u0219i Thompson Twins, iar pe partea B melodiile con\u021bin \u201eHot Night\u201d de Laura Branigan, tema principal\u0103 orchestrat\u0103 de Elmer Bernstein \u0219i versiunea instrumental\u0103 a hitului \u201eGhostbusters\u201d. Versiunea pe vinil adaug\u0103 un plus de textura \u0219i profunzime: vocile \u0219i sintetizatoarele apar mai naturale, iar c\u00e2ntecele orchestrale cap\u0103t\u0103 mai mult spa\u021biu \u00eentre instrumente. Ambalajul original include copert\u0103 ilustrativ\u0103 cu logo-ul Ghostbusters \u0219i design retro, elemente care reamintesc fanilor magia filmului \u0219i anii \u201980.<\/p>\n<section id=\"release-tracklist\" class=\"section_Odw8o open_FaEHZ\">\n<header class=\"header_BgEm1\">\n<h2 class=\"MuiTypography-root MuiTypography-headLineLarge css-1l4s8ze\">Tracklist<\/h2>\n<\/header>\n<div class=\"content_ETGfR\">\n<table class=\"tracklist_ZdQ0I\">\n<tbody>\n<tr data-track-position=\"A1\">\n<td class=\"trackPos_n8vad\"><span class=\"MuiTypography-root MuiTypography-labelSmall css-1kybk0l\">A1<\/span><\/td>\n<td class=\"artist_VsG56\"><span class=\"MuiTypography-root MuiTypography-labelSmall css-1kybk0l\"><span class=\"link_PKPcS\">Ray Parker Jr.<\/span><\/span><\/td>\n<td class=\"trackTitle_loyWF\"><span class=\"MuiTypography-root MuiTypography-labelSmall css-1kybk0l\"><span class=\"trackTitle_loyWF\">Ghostbusters<\/span><\/span><\/td>\n<td class=\"duration_GhhxK\"><span class=\"MuiTypography-root MuiTypography-labelSmall css-1kybk0l\">4:03<\/span><\/td>\n<\/tr>\n<tr data-track-position=\"A2\">\n<td class=\"trackPos_n8vad\"><span class=\"MuiTypography-root MuiTypography-labelSmall css-1kybk0l\">A2<\/span><\/td>\n<td class=\"artist_VsG56\"><span class=\"MuiTypography-root MuiTypography-labelSmall css-1kybk0l\"><span class=\"link_PKPcS\">The Bus Boys<\/span><\/span><\/td>\n<td class=\"trackTitle_loyWF\"><span class=\"MuiTypography-root MuiTypography-labelSmall css-1kybk0l\"><span class=\"trackTitle_loyWF\">Cleanin&#8217; Up The Town<\/span><\/span><\/td>\n<td class=\"duration_GhhxK\"><span class=\"MuiTypography-root MuiTypography-labelSmall css-1kybk0l\">2:58<\/span><\/td>\n<\/tr>\n<tr data-track-position=\"A3\">\n<td class=\"trackPos_n8vad\"><span class=\"MuiTypography-root MuiTypography-labelSmall css-1kybk0l\">A3<\/span><\/td>\n<td class=\"artist_VsG56\"><span class=\"MuiTypography-root MuiTypography-labelSmall css-1kybk0l\"><span class=\"link_PKPcS\">Alessi<\/span><\/span><\/td>\n<td class=\"trackTitle_loyWF\"><span class=\"MuiTypography-root MuiTypography-labelSmall css-1kybk0l\"><span class=\"trackTitle_loyWF\">Savin&#8217; The Day<\/span><\/span><\/td>\n<td class=\"duration_GhhxK\"><span class=\"MuiTypography-root MuiTypography-labelSmall css-1kybk0l\">3:21<\/span><\/td>\n<\/tr>\n<tr data-track-position=\"A4\">\n<td class=\"trackPos_n8vad\"><span class=\"MuiTypography-root MuiTypography-labelSmall css-1kybk0l\">A4<\/span><\/td>\n<td class=\"artist_VsG56\"><span class=\"MuiTypography-root MuiTypography-labelSmall css-1kybk0l\"><span class=\"link_PKPcS\">Thompson Twins<\/span><\/span><\/td>\n<td class=\"trackTitle_loyWF\"><span class=\"MuiTypography-root MuiTypography-labelSmall css-1kybk0l\"><span class=\"trackTitle_loyWF\">In The Name Of Love<\/span><\/span><\/td>\n<td class=\"duration_GhhxK\"><span class=\"MuiTypography-root MuiTypography-labelSmall css-1kybk0l\">3:18<\/span><\/td>\n<\/tr>\n<tr data-track-position=\"A5\">\n<td class=\"trackPos_n8vad\"><span class=\"MuiTypography-root MuiTypography-labelSmall css-1kybk0l\">A5<\/span><\/td>\n<td class=\"artist_VsG56\"><span class=\"MuiTypography-root MuiTypography-labelSmall css-1kybk0l\"><span class=\"link_PKPcS\">Air Supply<\/span><\/span><\/td>\n<td class=\"trackTitle_loyWF\"><span class=\"MuiTypography-root MuiTypography-labelSmall css-1kybk0l\"><span class=\"trackTitle_loyWF\">I Can Wait Forever<\/span><\/span><\/td>\n<td class=\"duration_GhhxK\"><span class=\"MuiTypography-root MuiTypography-labelSmall css-1kybk0l\">5:07<\/span><\/td>\n<\/tr>\n<tr data-track-position=\"B1\">\n<td class=\"trackPos_n8vad\"><span class=\"MuiTypography-root MuiTypography-labelSmall css-1kybk0l\">B1<\/span><\/td>\n<td class=\"artist_VsG56\"><span class=\"MuiTypography-root MuiTypography-labelSmall css-1kybk0l\"><span class=\"link_PKPcS\">Laura Branigan<\/span><\/span><\/td>\n<td class=\"trackTitle_loyWF\"><span class=\"MuiTypography-root MuiTypography-labelSmall css-1kybk0l\"><span class=\"trackTitle_loyWF\">Hot Night<\/span><\/span><\/td>\n<td class=\"duration_GhhxK\"><span class=\"MuiTypography-root MuiTypography-labelSmall css-1kybk0l\">3:18<\/span><\/td>\n<\/tr>\n<tr data-track-position=\"B2\">\n<td class=\"trackPos_n8vad\"><span class=\"MuiTypography-root MuiTypography-labelSmall css-1kybk0l\">B2<\/span><\/td>\n<td class=\"artist_VsG56\"><span class=\"MuiTypography-root MuiTypography-labelSmall css-1kybk0l\"><span class=\"link_PKPcS\">Mick Smiley<\/span><\/span><\/td>\n<td class=\"trackTitle_loyWF\"><span class=\"MuiTypography-root MuiTypography-labelSmall css-1kybk0l\"><span class=\"trackTitle_loyWF\">Magic<\/span><\/span><\/td>\n<td class=\"duration_GhhxK\"><span class=\"MuiTypography-root MuiTypography-labelSmall css-1kybk0l\">4:18<\/span><\/td>\n<\/tr>\n<tr data-track-position=\"B3\">\n<td class=\"trackPos_n8vad\"><span class=\"MuiTypography-root MuiTypography-labelSmall css-1kybk0l\">B3<\/span><\/td>\n<td class=\"artist_VsG56\"><span class=\"MuiTypography-root MuiTypography-labelSmall css-1kybk0l\"><span class=\"link_PKPcS\">Elmer Bernstein<\/span><\/span><\/td>\n<td class=\"trackTitle_loyWF\"><span class=\"MuiTypography-root MuiTypography-labelSmall css-1kybk0l\"><span class=\"trackTitle_loyWF\">Main Title Theme (Ghostbusters)<\/span><\/span><\/td>\n<td class=\"duration_GhhxK\"><span class=\"MuiTypography-root MuiTypography-labelSmall css-1kybk0l\">2:58<\/span><\/td>\n<\/tr>\n<tr data-track-position=\"B4\">\n<td class=\"trackPos_n8vad\"><span class=\"MuiTypography-root MuiTypography-labelSmall css-1kybk0l\">B4<\/span><\/td>\n<td class=\"artist_VsG56\"><span class=\"MuiTypography-root MuiTypography-labelSmall css-1kybk0l\"><span class=\"link_PKPcS\">Elmer Bernstein<\/span><\/span><\/td>\n<td class=\"trackTitle_loyWF\"><span class=\"MuiTypography-root MuiTypography-labelSmall css-1kybk0l\"><span class=\"trackTitle_loyWF\">Dana&#8217;s Theme<\/span><\/span><\/td>\n<td class=\"duration_GhhxK\"><span class=\"MuiTypography-root MuiTypography-labelSmall css-1kybk0l\">3:30<\/span><\/td>\n<\/tr>\n<tr data-track-position=\"B5\">\n<td class=\"trackPos_n8vad\"><span class=\"MuiTypography-root MuiTypography-labelSmall css-1kybk0l\">B5<\/span><\/td>\n<td class=\"artist_VsG56\"><span class=\"MuiTypography-root MuiTypography-labelSmall css-1kybk0l\"><span class=\"link_PKPcS\">Ray Parker Jr.<\/span><\/span><\/td>\n<td class=\"trackTitle_loyWF\"><span class=\"MuiTypography-root MuiTypography-labelSmall css-1kybk0l\"><span class=\"trackTitle_loyWF\">Ghostbusters (Instrumental Version)<\/span><\/span><\/td>\n<td class=\"duration_GhhxK\"><span class=\"MuiTypography-root MuiTypography-labelSmall css-1kybk0l\">4:47<\/span><\/td>\n<\/tr>\n<\/tbody>\n<\/table>\n<\/div>\n<\/section>\n<p><iframe style=\"width: 100%; max-width: 660px; overflow: hidden; border-radius: 10px;\" src=\"https:\/\/embed.music.apple.com\/us\/album\/ghostbusters-original-motion-picture-soundtrack\/1484413132\" height=\"450\" frameborder=\"0\" sandbox=\"allow-forms allow-popups allow-same-origin allow-scripts allow-storage-access-by-user-activation allow-top-navigation-by-user-activation\"><\/iframe><\/p>","protected":false},"excerpt":{"rendered":"<p>Vinyl, LP, Album, Limited Edition, Reissue, Fluorescent Lime-Green<\/p>","protected":false},"featured_media":16966,"template":"","meta":[],"product_brand":[],"product_cat":[16],"product_tag":[],"class_list":{"0":"post-16964","1":"product","2":"type-product","3":"status-publish","4":"has-post-thumbnail","6":"product_cat-vinyl","7":"pa_color-colored","8":"pa_format-lp","9":"pa_genre-electronic","10":"pa_genre-pop","11":"pa_genre-rock","12":"pa_genre-stagescreen","13":"pa_stare-new","15":"first","16":"instock","17":"taxable","18":"shipping-taxable","19":"purchasable","20":"product-type-simple"},"jetpack_sharing_enabled":true,"_links":{"self":[{"href":"https:\/\/old.vinylka.md\/en\/wp-json\/wp\/v2\/product\/16964","targetHints":{"allow":["GET"]}}],"collection":[{"href":"https:\/\/old.vinylka.md\/en\/wp-json\/wp\/v2\/product"}],"about":[{"href":"https:\/\/old.vinylka.md\/en\/wp-json\/wp\/v2\/types\/product"}],"version-history":[{"count":0,"href":"https:\/\/old.vinylka.md\/en\/wp-json\/wp\/v2\/product\/16964\/revisions"}],"wp:featuredmedia":[{"embeddable":true,"href":"https:\/\/old.vinylka.md\/en\/wp-json\/wp\/v2\/media\/16966"}],"wp:attachment":[{"href":"https:\/\/old.vinylka.md\/en\/wp-json\/wp\/v2\/media?parent=16964"}],"wp:term":[{"taxonomy":"product_brand","embeddable":true,"href":"https:\/\/old.vinylka.md\/en\/wp-json\/wp\/v2\/product_brand?post=16964"},{"taxonomy":"product_cat","embeddable":true,"href":"https:\/\/old.vinylka.md\/en\/wp-json\/wp\/v2\/product_cat?post=16964"},{"taxonomy":"product_tag","embeddable":true,"href":"https:\/\/old.vinylka.md\/en\/wp-json\/wp\/v2\/product_tag?post=16964"}],"curies":[{"name":"wp","href":"https:\/\/api.w.org\/{rel}","templated":true}]}}