{"id":17110,"date":"2025-11-02T17:50:55","date_gmt":"2025-11-02T15:50:55","guid":{"rendered":"https:\/\/vinylka.md\/?post_type=product&#038;p=17110"},"modified":"2025-11-02T17:58:29","modified_gmt":"2025-11-02T15:58:29","slug":"mf-doom-operation-doomsday-2","status":"publish","type":"product","link":"https:\/\/old.vinylka.md\/en\/product\/mf-doom-operation-doomsday-2\/","title":{"rendered":"MF Doom &#8211; Operation: Doomsday (Cite\u0219te descrierea)"},"content":{"rendered":"<section id=\"release-tracklist\" class=\"section_9nUx6 open_BZ6Zt\">\n<header class=\"header_W2hzl\">\n<h2>MF Doom &#8211; Operation: Doomsday<\/h2>\n<\/header>\n<p>Acest disc de vinil este nou \u0219i sigilat, \u00eens\u0103 prezint\u0103 un mic defect la copert\u0103 &#8211; aproximativ 1 cm u\u0219or \u00eendoit (vezi imaginile pentru detalii). Defectul este strict estetic \u0219i nu afecteaz\u0103 con\u021binutul vinilului.<\/p>\n<header class=\"header_W2hzl\">&#8222;Operation: Doomsday&#8221; este albumul de debut al artistului hip-hop <a href=\"https:\/\/vinylka.md\/?swoof=1&amp;product_cat=vinyl&amp;woof_text=MF%20Doom\">MF Doom<\/a> (cunoscut anterior sub numele de Zev Love X \u00een trupa KMD), lansat \u00een 1999.<\/p>\n<p><a href=\"https:\/\/en.wikipedia.org\/wiki\/Phonograph_record#New_sizes_and_materials_after_WWII:_45_rpm_singles,_LPs,_and_vinyl_records\">Vinyl-ul<\/a> &#8222;Operation: Doomsday&#8221; are un sunet lo-fi, cu beat-uri caracteristice erai de produc\u021bie a anilor &#8217;90. MF Doom este cunoscut pentru abordarea sa neconven\u021bional\u0103, at\u00e2t \u00een ceea ce prive\u0219te produc\u021bia, c\u00e2t \u0219i versurile, iar acest album ilustreaz\u0103 aceast\u0103 estetic\u0103 distinct\u0103.<\/p>\n<h2>Tracklist<\/h2>\n<\/header>\n<div class=\"content_1TFzi\">\n<table class=\"tracklist_3QGRS\">\n<tbody>\n<tr class=\"heading_24HyI\">\n<td class=\"trackPos_2RCje\"><\/td>\n<td class=\"trackTitle_CTKp4\"><strong>Side Zero<\/strong><\/td>\n<td class=\"duration_2t4qr\"><\/td>\n<\/tr>\n<tr data-track-position=\"A1\">\n<td class=\"trackPos_2RCje\">A1<\/td>\n<td class=\"trackTitle_CTKp4\"><span class=\"trackTitle_CTKp4\">The Time We Faced Doom (Skit)<\/span><\/td>\n<td class=\"duration_2t4qr\">2:04<\/td>\n<\/tr>\n<tr data-track-position=\"A2\">\n<td class=\"trackPos_2RCje\">A2<\/td>\n<td class=\"trackTitle_CTKp4\"><span class=\"trackTitle_CTKp4\">Doomsday<\/span><\/td>\n<td class=\"duration_2t4qr\">4:58<\/td>\n<\/tr>\n<tr data-track-position=\"A3\">\n<td class=\"trackPos_2RCje\">A3<\/td>\n<td class=\"trackTitle_CTKp4\"><span class=\"trackTitle_CTKp4\">Rhymes Like Dimes<\/span><\/td>\n<td class=\"duration_2t4qr\">4:18<\/td>\n<\/tr>\n<tr data-track-position=\"A4\">\n<td class=\"trackPos_2RCje\">A4<\/td>\n<td class=\"trackTitle_CTKp4\"><span class=\"trackTitle_CTKp4\">The Finest<\/span><\/td>\n<td class=\"duration_2t4qr\">4:01<\/td>\n<\/tr>\n<tr data-track-position=\"A5\">\n<td class=\"trackPos_2RCje\">A5<\/td>\n<td class=\"trackTitle_CTKp4\"><span class=\"trackTitle_CTKp4\">Back In The Days (Skit)<\/span><\/td>\n<td class=\"duration_2t4qr\">0:45<\/td>\n<\/tr>\n<tr class=\"heading_24HyI\">\n<td class=\"trackPos_2RCje\"><\/td>\n<td class=\"trackTitle_CTKp4\"><strong>Side One<\/strong><\/td>\n<td class=\"duration_2t4qr\"><\/td>\n<\/tr>\n<tr data-track-position=\"B1\">\n<td class=\"trackPos_2RCje\">B1<\/td>\n<td class=\"trackTitle_CTKp4\"><span class=\"trackTitle_CTKp4\">Go With The Flow<\/span><\/td>\n<td class=\"duration_2t4qr\">3:36<\/td>\n<\/tr>\n<tr data-track-position=\"B2\">\n<td class=\"trackPos_2RCje\">B2<\/td>\n<td class=\"trackTitle_CTKp4\"><span class=\"trackTitle_CTKp4\">Tick, Tick&#8230;<\/span><\/td>\n<td class=\"duration_2t4qr\">4:04<\/td>\n<\/tr>\n<tr data-track-position=\"B3\">\n<td class=\"trackPos_2RCje\">B3<\/td>\n<td class=\"trackTitle_CTKp4\"><span class=\"trackTitle_CTKp4\">Red And Gold<\/span><\/td>\n<td class=\"duration_2t4qr\">4:42<\/td>\n<\/tr>\n<tr data-track-position=\"B4\">\n<td class=\"trackPos_2RCje\">B4<\/td>\n<td class=\"trackTitle_CTKp4\"><span class=\"trackTitle_CTKp4\">The Hands Of Doom (Skit)<\/span><\/td>\n<td class=\"duration_2t4qr\">1:50<\/td>\n<\/tr>\n<tr data-track-position=\"B5\">\n<td class=\"trackPos_2RCje\">B5<\/td>\n<td class=\"trackTitle_CTKp4\"><span class=\"trackTitle_CTKp4\">Who You Think I Am?<\/span><\/td>\n<td class=\"duration_2t4qr\">3:24<\/td>\n<\/tr>\n<tr class=\"heading_24HyI\">\n<td class=\"trackPos_2RCje\"><\/td>\n<td class=\"trackTitle_CTKp4\"><strong>Side Two<\/strong><\/td>\n<td class=\"duration_2t4qr\"><\/td>\n<\/tr>\n<tr data-track-position=\"C1\">\n<td class=\"trackPos_2RCje\">C1<\/td>\n<td class=\"trackTitle_CTKp4\"><span class=\"trackTitle_CTKp4\">Doom, Are You Awake? (Skit)<\/span><\/td>\n<td class=\"duration_2t4qr\">1:12<\/td>\n<\/tr>\n<tr data-track-position=\"C2\">\n<td class=\"trackPos_2RCje\">C2<\/td>\n<td class=\"trackTitle_CTKp4\"><span class=\"trackTitle_CTKp4\">Hey!<\/span><\/td>\n<td class=\"duration_2t4qr\">3:46<\/td>\n<\/tr>\n<tr data-track-position=\"C3\">\n<td class=\"trackPos_2RCje\">C3<\/td>\n<td class=\"trackTitle_CTKp4\"><span class=\"trackTitle_CTKp4\">Operation: Greenbacks<\/span><\/td>\n<td class=\"duration_2t4qr\">3:46<\/td>\n<\/tr>\n<tr data-track-position=\"C4\">\n<td class=\"trackPos_2RCje\">C4<\/td>\n<td class=\"trackTitle_CTKp4\"><span class=\"trackTitle_CTKp4\">The Mic<\/span><\/td>\n<td class=\"duration_2t4qr\">3:02<\/td>\n<\/tr>\n<tr data-track-position=\"C5\">\n<td class=\"trackPos_2RCje\">C5<\/td>\n<td class=\"trackTitle_CTKp4\"><span class=\"trackTitle_CTKp4\">The Mystery Of Doom (Skit)<\/span><\/td>\n<td class=\"duration_2t4qr\">0:21<\/td>\n<\/tr>\n<tr class=\"heading_24HyI\">\n<td class=\"trackPos_2RCje\"><\/td>\n<td class=\"trackTitle_CTKp4\"><strong>Side Three<\/strong><\/td>\n<td class=\"duration_2t4qr\"><\/td>\n<\/tr>\n<tr data-track-position=\"D1\">\n<td class=\"trackPos_2RCje\">D1<\/td>\n<td class=\"trackTitle_CTKp4\"><span class=\"trackTitle_CTKp4\">Dead Bent<\/span><\/td>\n<td class=\"duration_2t4qr\">2:22<\/td>\n<\/tr>\n<tr data-track-position=\"D2\">\n<td class=\"trackPos_2RCje\">D2<\/td>\n<td class=\"trackTitle_CTKp4\"><span class=\"trackTitle_CTKp4\">Gas Drawls<\/span><\/td>\n<td class=\"duration_2t4qr\">3:43<\/td>\n<\/tr>\n<tr data-track-position=\"D3\">\n<td class=\"trackPos_2RCje\">D3<\/td>\n<td class=\"trackTitle_CTKp4\"><span class=\"trackTitle_CTKp4\">?<\/span><\/td>\n<td class=\"duration_2t4qr\">3:09<\/td>\n<\/tr>\n<tr data-track-position=\"D4\">\n<td class=\"trackPos_2RCje\">D4<\/td>\n<td class=\"trackTitle_CTKp4\"><span class=\"trackTitle_CTKp4\">Hero v.s. Villain (Epilogue)<\/span><\/td>\n<td class=\"duration_2t4qr\">2:55<\/td>\n<\/tr>\n<\/tbody>\n<\/table>\n<\/div>\n<\/section>\n<p><iframe title=\"Operation: Doomsday\" src=\"https:\/\/www.youtube.com\/embed\/5EtVJP0Dml4\" width=\"935\" height=\"526\" frameborder=\"0\" allowfullscreen=\"allowfullscreen\"><\/iframe><\/p>","protected":false},"excerpt":{"rendered":"<p>Vinyl, 2LP, Album, Cite\u0219te descrierea!<\/p>","protected":false},"featured_media":2136,"template":"","meta":[],"product_brand":[],"product_cat":[16],"product_tag":[],"class_list":{"0":"post-17110","1":"product","2":"type-product","3":"status-publish","4":"has-post-thumbnail","6":"product_cat-vinyl","7":"pa_color-black","8":"pa_format-2lp","9":"pa_genre-rap-hiphop","10":"pa_stare-new","11":"pa_stare-open-box","13":"first","14":"instock","15":"sale","16":"taxable","17":"shipping-taxable","18":"purchasable","19":"product-type-simple"},"jetpack_sharing_enabled":true,"_links":{"self":[{"href":"https:\/\/old.vinylka.md\/en\/wp-json\/wp\/v2\/product\/17110","targetHints":{"allow":["GET"]}}],"collection":[{"href":"https:\/\/old.vinylka.md\/en\/wp-json\/wp\/v2\/product"}],"about":[{"href":"https:\/\/old.vinylka.md\/en\/wp-json\/wp\/v2\/types\/product"}],"version-history":[{"count":0,"href":"https:\/\/old.vinylka.md\/en\/wp-json\/wp\/v2\/product\/17110\/revisions"}],"wp:featuredmedia":[{"embeddable":true,"href":"https:\/\/old.vinylka.md\/en\/wp-json\/wp\/v2\/media\/2136"}],"wp:attachment":[{"href":"https:\/\/old.vinylka.md\/en\/wp-json\/wp\/v2\/media?parent=17110"}],"wp:term":[{"taxonomy":"product_brand","embeddable":true,"href":"https:\/\/old.vinylka.md\/en\/wp-json\/wp\/v2\/product_brand?post=17110"},{"taxonomy":"product_cat","embeddable":true,"href":"https:\/\/old.vinylka.md\/en\/wp-json\/wp\/v2\/product_cat?post=17110"},{"taxonomy":"product_tag","embeddable":true,"href":"https:\/\/old.vinylka.md\/en\/wp-json\/wp\/v2\/product_tag?post=17110"}],"curies":[{"name":"wp","href":"https:\/\/api.w.org\/{rel}","templated":true}]}}