{"id":17121,"date":"2025-11-02T18:20:35","date_gmt":"2025-11-02T16:20:35","guid":{"rendered":"https:\/\/vinylka.md\/?post_type=product&#038;p=17121"},"modified":"2025-11-02T18:20:36","modified_gmt":"2025-11-02T16:20:36","slug":"10cc-bloody-tourists-open-box-vg","status":"publish","type":"product","link":"https:\/\/old.vinylka.md\/en\/product\/10cc-bloody-tourists-open-box-vg\/","title":{"rendered":"10cc &#8211; Bloody Tourists (Open Box, VG)"},"content":{"rendered":"<h1 data-start=\"225\" data-end=\"544\">10cc &#8211; Bloody Tourists<\/h1>\n<p>Aten\u021bie! Acest disc de vinil a fost despachetat \u0219i ascultat o singur\u0103 dat\u0103. Starea discului este Very Good (cu posibil zgomot u\u0219or de suprafa\u021b\u0103 \u00een momentele mai lini\u0219tite ale pieselor.).<\/p>\n<p>\u201e<strong data-start=\"226\" data-end=\"245\">Bloody Tourists<\/strong>\u201d este cel de-al \u0219aselea album de studio al legendarei trupe britanice <strong data-start=\"316\" data-end=\"324\">10cc<\/strong>, lansat \u00een <strong data-start=\"336\" data-end=\"344\">1978<\/strong> sub labelul <strong data-start=\"357\" data-end=\"376\">Mercury Records<\/strong>. Albumul marcheaz\u0103 o nou\u0103 etap\u0103 \u00een evolu\u021bia forma\u021biei, fiind primul produs integral de Graham Gouldman \u0219i Eric Stewart dup\u0103 plecarea celorlal\u021bi doi membri fondatori.<\/p>\n<p data-start=\"546\" data-end=\"903\">Cu un sound sofisticat, specific anilor \u201970, \u201eBloody Tourists\u201d \u00eembin\u0103 elemente de <strong data-start=\"628\" data-end=\"663\">pop-rock, art rock \u0219i soft rock<\/strong>, oferind o experien\u021b\u0103 auditiv\u0103 rafinat\u0103. Printre piesele emblematice se num\u0103r\u0103 <strong data-start=\"743\" data-end=\"766\">\u201eDreadlock Holiday\u201d<\/strong>, un hit interna\u021bional inspirat dintr-o experien\u021b\u0103 real\u0103 \u00een Jamaica, devenit rapid unul dintre cele mai recunoscute c\u00e2ntece ale trupei.<\/p>\n<p data-start=\"905\" data-end=\"1098\">Albumul a fost apreciat pentru produc\u021bia sa curat\u0103, armoniile vocale complexe \u0219i spiritul ironic caracteristic 10cc, fiind considerat un reper al muzicii britanice de la sf\u00e2r\u0219itul deceniului.<\/p>\n<p><iframe style=\"width: 100%; max-width: 660px; overflow: hidden; border-radius: 10px;\" src=\"https:\/\/embed.music.apple.com\/us\/album\/bloody-tourists\/1444101162\" height=\"450\" frameborder=\"0\" sandbox=\"allow-forms allow-popups allow-same-origin allow-scripts allow-storage-access-by-user-activation allow-top-navigation-by-user-activation\"><\/iframe><\/p>","protected":false},"excerpt":{"rendered":"<p>Vinyl, LP, Album, Gatefold, 180 Gram, VG<\/p>","protected":false},"featured_media":17129,"template":"","meta":[],"product_brand":[],"product_cat":[16],"product_tag":[],"class_list":{"0":"post-17121","1":"product","2":"type-product","3":"status-publish","4":"has-post-thumbnail","6":"product_cat-vinyl","7":"pa_color-black","8":"pa_format-lp","9":"pa_genre-pop","10":"pa_genre-reggae","11":"pa_genre-rock","12":"pa_stare-open-box","14":"first","15":"instock","16":"sale","17":"taxable","18":"shipping-taxable","19":"purchasable","20":"product-type-simple"},"jetpack_sharing_enabled":true,"_links":{"self":[{"href":"https:\/\/old.vinylka.md\/en\/wp-json\/wp\/v2\/product\/17121","targetHints":{"allow":["GET"]}}],"collection":[{"href":"https:\/\/old.vinylka.md\/en\/wp-json\/wp\/v2\/product"}],"about":[{"href":"https:\/\/old.vinylka.md\/en\/wp-json\/wp\/v2\/types\/product"}],"version-history":[{"count":0,"href":"https:\/\/old.vinylka.md\/en\/wp-json\/wp\/v2\/product\/17121\/revisions"}],"wp:featuredmedia":[{"embeddable":true,"href":"https:\/\/old.vinylka.md\/en\/wp-json\/wp\/v2\/media\/17129"}],"wp:attachment":[{"href":"https:\/\/old.vinylka.md\/en\/wp-json\/wp\/v2\/media?parent=17121"}],"wp:term":[{"taxonomy":"product_brand","embeddable":true,"href":"https:\/\/old.vinylka.md\/en\/wp-json\/wp\/v2\/product_brand?post=17121"},{"taxonomy":"product_cat","embeddable":true,"href":"https:\/\/old.vinylka.md\/en\/wp-json\/wp\/v2\/product_cat?post=17121"},{"taxonomy":"product_tag","embeddable":true,"href":"https:\/\/old.vinylka.md\/en\/wp-json\/wp\/v2\/product_tag?post=17121"}],"curies":[{"name":"wp","href":"https:\/\/api.w.org\/{rel}","templated":true}]}}