{"id":17316,"date":"2025-11-27T18:02:57","date_gmt":"2025-11-27T16:02:57","guid":{"rendered":"https:\/\/vinylka.md\/?post_type=product&#038;p=17316"},"modified":"2026-03-13T12:09:32","modified_gmt":"2026-03-13T10:09:32","slug":"am-perie-anti-statica-pentru-viniluri-par-de-capra","status":"publish","type":"product","link":"https:\/\/old.vinylka.md\/en\/product\/am-perie-anti-statica-pentru-viniluri-par-de-capra\/","title":{"rendered":"AM Perie anti-static\u0103 pentru viniluri p\u0103r de capr\u0103"},"content":{"rendered":"<h1>AM Perie anti-static\u0103 pentru viniluri p\u0103r de capr\u0103<\/h1>\n<p>Perii ultra-fine din p\u0103r de capr\u0103 \u00eendep\u0103rteaz\u0103 cu grij\u0103 praful \u0219i murd\u0103ria de pe discurile tale.<br \/>\nFirele moi \u0219i antistatice reduc acumularea de electricitate static\u0103 \u0219i ofer\u0103 un sunet clar \u0219i curat.<br \/>\nPoate fi utilizat\u0103 \u00eempreun\u0103 cu solu\u021bia de cur\u0103\u021bare <a href=\"https:\/\/vinylka.md\/filter\/product_cat-accesorii\/name-AM\/\">AM<\/a> pentru o cur\u0103\u021bare mai profund\u0103.<br \/>\nM\u00e2nerul este realizat din lemn japonez <a href=\"https:\/\/en.wikipedia.org\/wiki\/Zelkova\">Zelkova<\/a>.<\/p>","protected":false},"excerpt":{"rendered":"<p>M\u00e2nerul este realizat din lemn japonez Zelkova.<br \/>\nPerii ultra-fine din p\u0103r de capr\u0103.<\/p>","protected":false},"featured_media":17317,"template":"","meta":[],"product_brand":[],"product_cat":[209,31],"product_tag":[],"class_list":{"0":"post-17316","1":"product","2":"type-product","3":"status-publish","4":"has-post-thumbnail","6":"product_cat-accesorii-echipament","7":"product_cat-accesorii","9":"first","10":"instock","11":"taxable","12":"shipping-taxable","13":"purchasable","14":"product-type-simple"},"jetpack_sharing_enabled":true,"_links":{"self":[{"href":"https:\/\/old.vinylka.md\/en\/wp-json\/wp\/v2\/product\/17316","targetHints":{"allow":["GET"]}}],"collection":[{"href":"https:\/\/old.vinylka.md\/en\/wp-json\/wp\/v2\/product"}],"about":[{"href":"https:\/\/old.vinylka.md\/en\/wp-json\/wp\/v2\/types\/product"}],"version-history":[{"count":0,"href":"https:\/\/old.vinylka.md\/en\/wp-json\/wp\/v2\/product\/17316\/revisions"}],"wp:featuredmedia":[{"embeddable":true,"href":"https:\/\/old.vinylka.md\/en\/wp-json\/wp\/v2\/media\/17317"}],"wp:attachment":[{"href":"https:\/\/old.vinylka.md\/en\/wp-json\/wp\/v2\/media?parent=17316"}],"wp:term":[{"taxonomy":"product_brand","embeddable":true,"href":"https:\/\/old.vinylka.md\/en\/wp-json\/wp\/v2\/product_brand?post=17316"},{"taxonomy":"product_cat","embeddable":true,"href":"https:\/\/old.vinylka.md\/en\/wp-json\/wp\/v2\/product_cat?post=17316"},{"taxonomy":"product_tag","embeddable":true,"href":"https:\/\/old.vinylka.md\/en\/wp-json\/wp\/v2\/product_tag?post=17316"}],"curies":[{"name":"wp","href":"https:\/\/api.w.org\/{rel}","templated":true}]}}