{"id":17346,"date":"2025-11-27T23:17:35","date_gmt":"2025-11-27T21:17:35","guid":{"rendered":"https:\/\/vinylka.md\/?post_type=product&#038;p=17346"},"modified":"2025-11-27T23:17:36","modified_gmt":"2025-11-27T21:17:36","slug":"king-crimson-in-the-court-of-the-crimson-king","status":"publish","type":"product","link":"https:\/\/old.vinylka.md\/en\/product\/king-crimson-in-the-court-of-the-crimson-king\/","title":{"rendered":"King Crimson &#8211; In The Court Of The Crimson King"},"content":{"rendered":"<h2>King Crimson &#8211; In The Court Of The Crimson King<\/h2>\n<p>In the Court of the <a href=\"https:\/\/vinylka.md\/filter\/name-King+Crimson\/\">Crimson King<\/a> \u2014 versiunea <a href=\"https:\/\/en.wikipedia.org\/wiki\/Phonograph_record\">vinyl<\/a> a celui dint\u00e2i album al King Crimson \u2014 este un disc\u2011clasic care a redefinit limitele rock\u2011ului la finalul anilor \u201960, stabilind funda\u021biile unui \u00eentreg gen: rock progresiv \/ art\u2011rock.<\/p>\n<p>Pe acest vinil vei reg\u0103si contraste puternice: deschiderile zguduitoare \u0219i haotice \u2014 ca \u00een imnul \u201e21st Century Schizoid Man\u201d \u2014 altern\u00e2nd cu pasaje lirice, atmosferice, aproape psihdelice, ca \u201eI Talk to the Wind\u201d sau \u201eEpitaph\u201d.<br \/>\nInstrumenta\u0163ia combin\u0103 rock\u2011ul cu influen\u0163e jazzy \u0219i clasice: saxofon, flaut, Mellotron, percu\u0163ie complex\u0103 \u2014 toate contribuind la un sunet dens, teatral, ambi\u0163ios.<br \/>\nRiffology: Iconic Rock Albums<\/p>\n<p>Coperta, la fel de emblematic\u0103 ca muzica, adaug\u0103 experien\u0163ei \u2014 imaginea faimosului \u201cschizoid man\u201d strig\u00e2nd \u201edin\u0103untru\u201d devine intrarea \u00eentr-o lume muzical\u0103 intens\u0103, perturbatoare, dar fascinant\u0103.<br \/>\nAscultarea pe vinil accentueaz\u0103 dramatismul, dinamica \u0219i texturile \u2014 oferind un rafinament sonor pe care doar analoga \u00eel poate reda complet.<\/p>\n<section id=\"release-tracklist\" class=\"section_Odw8o open_FaEHZ\">\n<header class=\"header_BgEm1\">\n<h2 class=\"MuiTypography-root MuiTypography-headLineLarge css-1l4s8ze\">Tracklist<\/h2>\n<\/header>\n<div class=\"content_ETGfR\">\n<table class=\"tracklist_ZdQ0I\">\n<tbody>\n<tr data-track-position=\"A1\">\n<td class=\"trackPos_n8vad\"><span class=\"MuiTypography-root MuiTypography-labelSmall css-1kybk0l\">A1<\/span><\/td>\n<td class=\"trackTitle_loyWF\"><span class=\"MuiTypography-root MuiTypography-labelSmall css-1kybk0l\"><span class=\"trackTitle_loyWF\">21st Century Schizoid Man (Including Mirrors)<\/span><\/span><\/td>\n<\/tr>\n<tr data-track-position=\"A2\">\n<td class=\"trackPos_n8vad\"><span class=\"MuiTypography-root MuiTypography-labelSmall css-1kybk0l\">A2<\/span><\/td>\n<td class=\"trackTitle_loyWF\"><span class=\"MuiTypography-root MuiTypography-labelSmall css-1kybk0l\"><span class=\"trackTitle_loyWF\">I Talk To The Wind<\/span><\/span><\/td>\n<\/tr>\n<tr data-track-position=\"A3\">\n<td class=\"trackPos_n8vad\"><span class=\"MuiTypography-root MuiTypography-labelSmall css-1kybk0l\">A3<\/span><\/td>\n<td class=\"trackTitle_loyWF\"><span class=\"MuiTypography-root MuiTypography-labelSmall css-1kybk0l\"><span class=\"trackTitle_loyWF\">Epitaph (Including (A) March For No Reason (B) Tomorrow And Tomorrow)<\/span><\/span><\/td>\n<\/tr>\n<tr data-track-position=\"B1\">\n<td class=\"trackPos_n8vad\"><span class=\"MuiTypography-root MuiTypography-labelSmall css-1kybk0l\">B1<\/span><\/td>\n<td class=\"trackTitle_loyWF\"><span class=\"MuiTypography-root MuiTypography-labelSmall css-1kybk0l\"><span class=\"trackTitle_loyWF\">Moonchild (Including (A) The Dream (B) The Illusion)<\/span><\/span><\/td>\n<\/tr>\n<tr data-track-position=\"B2\">\n<td class=\"trackPos_n8vad\"><span class=\"MuiTypography-root MuiTypography-labelSmall css-1kybk0l\">B2<\/span><\/td>\n<td class=\"trackTitle_loyWF\"><span class=\"MuiTypography-root MuiTypography-labelSmall css-1kybk0l\"><span class=\"trackTitle_loyWF\">The Court Of The Crimson King (Including (A) The Return Of The Fire Witch (B) The Dance Of The Puppets)<\/span><\/span><\/td>\n<\/tr>\n<\/tbody>\n<\/table>\n<\/div>\n<\/section>\n<p><iframe style=\"width: 100%; max-width: 660px; overflow: hidden; border-radius: 10px;\" src=\"https:\/\/embed.music.apple.com\/us\/album\/in-the-court-of-the-crimson-king-expanded-edition\/918534711\" height=\"450\" frameborder=\"0\" sandbox=\"allow-forms allow-popups allow-same-origin allow-scripts allow-storage-access-by-user-activation allow-top-navigation-by-user-activation\"><\/iframe><\/p>","protected":false},"excerpt":{"rendered":"<p>Vinyl, LP, Album, Reissue, Stereo, 200-gram, Gatefold<\/p>","protected":false},"featured_media":17347,"template":"","meta":[],"product_brand":[],"product_cat":[16],"product_tag":[],"class_list":{"0":"post-17346","1":"product","2":"type-product","3":"status-publish","4":"has-post-thumbnail","6":"product_cat-vinyl","7":"pa_color-black","8":"pa_format-lp","9":"pa_genre-rock","10":"pa_stare-new","12":"first","13":"instock","14":"taxable","15":"shipping-taxable","16":"purchasable","17":"product-type-simple"},"jetpack_sharing_enabled":true,"_links":{"self":[{"href":"https:\/\/old.vinylka.md\/en\/wp-json\/wp\/v2\/product\/17346","targetHints":{"allow":["GET"]}}],"collection":[{"href":"https:\/\/old.vinylka.md\/en\/wp-json\/wp\/v2\/product"}],"about":[{"href":"https:\/\/old.vinylka.md\/en\/wp-json\/wp\/v2\/types\/product"}],"version-history":[{"count":0,"href":"https:\/\/old.vinylka.md\/en\/wp-json\/wp\/v2\/product\/17346\/revisions"}],"wp:featuredmedia":[{"embeddable":true,"href":"https:\/\/old.vinylka.md\/en\/wp-json\/wp\/v2\/media\/17347"}],"wp:attachment":[{"href":"https:\/\/old.vinylka.md\/en\/wp-json\/wp\/v2\/media?parent=17346"}],"wp:term":[{"taxonomy":"product_brand","embeddable":true,"href":"https:\/\/old.vinylka.md\/en\/wp-json\/wp\/v2\/product_brand?post=17346"},{"taxonomy":"product_cat","embeddable":true,"href":"https:\/\/old.vinylka.md\/en\/wp-json\/wp\/v2\/product_cat?post=17346"},{"taxonomy":"product_tag","embeddable":true,"href":"https:\/\/old.vinylka.md\/en\/wp-json\/wp\/v2\/product_tag?post=17346"}],"curies":[{"name":"wp","href":"https:\/\/api.w.org\/{rel}","templated":true}]}}