{"id":17674,"date":"2025-12-22T17:01:53","date_gmt":"2025-12-22T15:01:53","guid":{"rendered":"https:\/\/vinylka.md\/?post_type=product&#038;p=17674"},"modified":"2025-12-22T17:01:53","modified_gmt":"2025-12-22T15:01:53","slug":"madonna-finally-enough-love-cd","status":"publish","type":"product","link":"https:\/\/old.vinylka.md\/en\/product\/madonna-finally-enough-love-cd\/","title":{"rendered":"Madonna &#8211; Finally Enough Love (CD)"},"content":{"rendered":"<h2>Madonna &#8211; Finally Enough Love (CD)<\/h2>\n<p><a href=\"https:\/\/vinylka.md\/filter\/name-Madonna\/\">Madonna<\/a> \u2013 Finally Enough Love (CD) este o colec\u021bie special\u0103 lansat\u0103 pentru a celebra succesul impresionant al Madonnei \u00een topurile de dans Billboard. Albumul include 16 dintre cele mai iconice remixuri ale pieselor ei care au atins primul loc \u00een topul \u201eDance Club Songs\u201d, oferind o c\u0103l\u0103torie vibrant\u0103 prin cariera ei de peste patru decenii.<\/p>\n<p>Pe acest <a href=\"https:\/\/en.wikipedia.org\/wiki\/Compact_disc\">CD<\/a>, ascult\u0103torii reg\u0103sesc hituri precum \u201eInto the Groove\u201d, \u201eVogue\u201d, \u201eHung Up\u201d sau \u201eLiving for Love\u201d, toate \u00eentr-o form\u0103 reinterpretat\u0103 pentru ringul de dans, cu un sunet modern \u0219i energic. Este o celebrare a diversit\u0103\u021bii \u0219i rezisten\u021bei artistei, dar \u0219i un omagiu adus culturii clubbing \u0219i libert\u0103\u021bii de exprimare prin muzic\u0103. Ideal pentru fani \u0219i pentru cei care doresc s\u0103 redescopere Madonna \u00eentr-o form\u0103 proasp\u0103t\u0103 \u0219i electrizant\u0103.<\/p>\n<section id=\"release-tracklist\" class=\"section_Odw8o open_FaEHZ\">\n<header class=\"header_BgEm1\">\n<h2 class=\"MuiTypography-root MuiTypography-headLineLarge css-1l4s8ze\">Tracklist<\/h2>\n<\/header>\n<div class=\"content_ETGfR\">\n<table class=\"tracklist_ZdQ0I\">\n<tbody>\n<tr data-track-position=\"1\">\n<td class=\"trackPos_n8vad\"><span class=\"MuiTypography-root MuiTypography-labelSmall css-1kybk0l\">1<\/span><\/td>\n<td class=\"artist_VsG56\"><span class=\"MuiTypography-root MuiTypography-labelSmall css-1kybk0l\"><span class=\"link_PKPcS\">Madonna<\/span><\/span><\/td>\n<td class=\"trackTitle_loyWF\"><span class=\"MuiTypography-root MuiTypography-labelSmall css-1kybk0l\"><span class=\"trackTitle_loyWF\">Everybody (You Can Dance Remix Edit)<\/span><\/span><\/td>\n<\/tr>\n<tr data-track-position=\"2\">\n<td class=\"trackPos_n8vad\"><span class=\"MuiTypography-root MuiTypography-labelSmall css-1kybk0l\">2<\/span><\/td>\n<td class=\"artist_VsG56\"><span class=\"MuiTypography-root MuiTypography-labelSmall css-1kybk0l\"><span class=\"link_PKPcS\">Madonna<\/span><\/span><\/td>\n<td class=\"trackTitle_loyWF\"><span class=\"MuiTypography-root MuiTypography-labelSmall css-1kybk0l\"><span class=\"trackTitle_loyWF\">Into The Groove (You Can Dance Remix Edit)<\/span><\/span><\/td>\n<\/tr>\n<tr data-track-position=\"3\">\n<td class=\"trackPos_n8vad\"><span class=\"MuiTypography-root MuiTypography-labelSmall css-1kybk0l\">3<\/span><\/td>\n<td class=\"artist_VsG56\"><span class=\"MuiTypography-root MuiTypography-labelSmall css-1kybk0l\"><span class=\"link_PKPcS\">Madonna<\/span><\/span><\/td>\n<td class=\"trackTitle_loyWF\"><span class=\"MuiTypography-root MuiTypography-labelSmall css-1kybk0l\"><span class=\"trackTitle_loyWF\">Like A Prayer (Remix\/Edit)<\/span><\/span><\/td>\n<\/tr>\n<tr data-track-position=\"4\">\n<td class=\"trackPos_n8vad\"><span class=\"MuiTypography-root MuiTypography-labelSmall css-1kybk0l\">4<\/span><\/td>\n<td class=\"artist_VsG56\"><span class=\"MuiTypography-root MuiTypography-labelSmall css-1kybk0l\"><span class=\"link_PKPcS\">Madonna<\/span><\/span><\/td>\n<td class=\"trackTitle_loyWF\"><span class=\"MuiTypography-root MuiTypography-labelSmall css-1kybk0l\"><span class=\"trackTitle_loyWF\">Express Yourself (Remix\/Edit)<\/span><\/span><\/td>\n<\/tr>\n<tr data-track-position=\"5\">\n<td class=\"trackPos_n8vad\"><span class=\"MuiTypography-root MuiTypography-labelSmall css-1kybk0l\">5<\/span><\/td>\n<td class=\"artist_VsG56\"><span class=\"MuiTypography-root MuiTypography-labelSmall css-1kybk0l\"><span class=\"link_PKPcS\">Madonna<\/span><\/span><\/td>\n<td class=\"trackTitle_loyWF\"><span class=\"MuiTypography-root MuiTypography-labelSmall css-1kybk0l\"><span class=\"trackTitle_loyWF\">Vogue (Single Version)<\/span><\/span><\/td>\n<\/tr>\n<tr data-track-position=\"6\">\n<td class=\"trackPos_n8vad\"><span class=\"MuiTypography-root MuiTypography-labelSmall css-1kybk0l\">6<\/span><\/td>\n<td class=\"artist_VsG56\"><span class=\"MuiTypography-root MuiTypography-labelSmall css-1kybk0l\"><span class=\"link_PKPcS\">Madonna<\/span><\/span><\/td>\n<td class=\"trackTitle_loyWF\"><span class=\"MuiTypography-root MuiTypography-labelSmall css-1kybk0l\"><span class=\"trackTitle_loyWF\">Deeper And Deeper (David&#8217;s Radio Edit)<\/span><\/span><\/td>\n<\/tr>\n<tr data-track-position=\"7\">\n<td class=\"trackPos_n8vad\"><span class=\"MuiTypography-root MuiTypography-labelSmall css-1kybk0l\">7<\/span><\/td>\n<td class=\"artist_VsG56\"><span class=\"MuiTypography-root MuiTypography-labelSmall css-1kybk0l\"><span class=\"link_PKPcS\">Madonna<\/span><\/span><\/td>\n<td class=\"trackTitle_loyWF\"><span class=\"MuiTypography-root MuiTypography-labelSmall css-1kybk0l\"><span class=\"trackTitle_loyWF\">Secret (Junior&#8217;s Luscious Single Mix)<\/span><\/span><\/td>\n<\/tr>\n<tr data-track-position=\"8\">\n<td class=\"trackPos_n8vad\"><span class=\"MuiTypography-root MuiTypography-labelSmall css-1kybk0l\">8<\/span><\/td>\n<td class=\"artist_VsG56\"><span class=\"MuiTypography-root MuiTypography-labelSmall css-1kybk0l\"><span class=\"link_PKPcS\">Madonna<\/span><\/span><\/td>\n<td class=\"trackTitle_loyWF\"><span class=\"MuiTypography-root MuiTypography-labelSmall css-1kybk0l\"><span class=\"trackTitle_loyWF\">Frozen (Extended Club Mix Edit)<\/span><\/span><\/td>\n<\/tr>\n<tr data-track-position=\"9\">\n<td class=\"trackPos_n8vad\"><span class=\"MuiTypography-root MuiTypography-labelSmall css-1kybk0l\">9<\/span><\/td>\n<td class=\"artist_VsG56\"><span class=\"MuiTypography-root MuiTypography-labelSmall css-1kybk0l\"><span class=\"link_PKPcS\">Madonna<\/span><\/span><\/td>\n<td class=\"trackTitle_loyWF\"><span class=\"MuiTypography-root MuiTypography-labelSmall css-1kybk0l\"><span class=\"trackTitle_loyWF\">Music (Deep Dish Dot Com Radio Edit)<\/span><\/span><\/td>\n<\/tr>\n<tr data-track-position=\"10\">\n<td class=\"trackPos_n8vad\"><span class=\"MuiTypography-root MuiTypography-labelSmall css-1kybk0l\">10<\/span><\/td>\n<td class=\"artist_VsG56\"><span class=\"MuiTypography-root MuiTypography-labelSmall css-1kybk0l\"><span class=\"link_PKPcS\">Madonna<\/span><\/span><\/td>\n<td class=\"trackTitle_loyWF\"><span class=\"MuiTypography-root MuiTypography-labelSmall css-1kybk0l\"><span class=\"trackTitle_loyWF\">Hollywood (Calderone &amp; Quayle Edit)<\/span><\/span><\/td>\n<\/tr>\n<tr data-track-position=\"11\">\n<td class=\"trackPos_n8vad\"><span class=\"MuiTypography-root MuiTypography-labelSmall css-1kybk0l\">11<\/span><\/td>\n<td class=\"artist_VsG56\"><span class=\"MuiTypography-root MuiTypography-labelSmall css-1kybk0l\"><span class=\"link_PKPcS\">Madonna<\/span><\/span><\/td>\n<td class=\"trackTitle_loyWF\"><span class=\"MuiTypography-root MuiTypography-labelSmall css-1kybk0l\"><span class=\"trackTitle_loyWF\">Hung Up (SDP Extended Vocal Edit)<\/span><\/span><\/td>\n<\/tr>\n<tr data-track-position=\"12\">\n<td class=\"trackPos_n8vad\"><span class=\"MuiTypography-root MuiTypography-labelSmall css-1kybk0l\">12<\/span><\/td>\n<td class=\"artist_VsG56\"><span class=\"MuiTypography-root MuiTypography-labelSmall css-1kybk0l\"><span class=\"link_PKPcS\">Madonna<\/span><\/span><\/td>\n<td class=\"trackTitle_loyWF\"><span class=\"MuiTypography-root MuiTypography-labelSmall css-1kybk0l\"><span class=\"trackTitle_loyWF\">Give It 2 Me (Eddie Amador Club 5 Edit)<\/span><\/span><\/td>\n<\/tr>\n<tr data-track-position=\"13\">\n<td class=\"trackPos_n8vad\"><span class=\"MuiTypography-root MuiTypography-labelSmall css-1kybk0l\">13<\/span><\/td>\n<td class=\"artist_VsG56\"><span class=\"MuiTypography-root MuiTypography-labelSmall css-1kybk0l\"><span class=\"link_PKPcS\">Madonna<\/span><\/span><\/td>\n<td class=\"trackTitle_loyWF\"><span class=\"MuiTypography-root MuiTypography-labelSmall css-1kybk0l\"><span class=\"trackTitle_loyWF\">Girl Gone Wild (Avicii&#8217;s UMF Mix)<\/span><\/span><\/td>\n<\/tr>\n<tr data-track-position=\"14\">\n<td class=\"trackPos_n8vad\"><span class=\"MuiTypography-root MuiTypography-labelSmall css-1kybk0l\">14<\/span><\/td>\n<td class=\"artist_VsG56\"><span class=\"MuiTypography-root MuiTypography-labelSmall css-1kybk0l\"><span class=\"link_PKPcS\">Madonna<\/span><\/span><\/td>\n<td class=\"trackTitle_loyWF\"><span class=\"MuiTypography-root MuiTypography-labelSmall css-1kybk0l\"><span class=\"trackTitle_loyWF\">Living For Love (Offer Nissim Promo Mix)<\/span><\/span><\/td>\n<\/tr>\n<tr data-track-position=\"15\">\n<td class=\"trackPos_n8vad\"><span class=\"MuiTypography-root MuiTypography-labelSmall css-1kybk0l\">15<\/span><\/td>\n<td class=\"artist_VsG56\"><span class=\"MuiTypography-root MuiTypography-labelSmall css-1kybk0l\"><span class=\"link_PKPcS\">Madonna<\/span> And <span class=\"link_PKPcS\">Maluma<\/span><\/span><\/td>\n<td class=\"trackTitle_loyWF\"><span class=\"MuiTypography-root MuiTypography-labelSmall css-1kybk0l\"><span class=\"trackTitle_loyWF\">Medell\u00edn (Offer Nissim Madame X In The Sphinx Mix)<\/span><\/span><\/td>\n<\/tr>\n<tr data-track-position=\"16\">\n<td class=\"trackPos_n8vad\"><span class=\"MuiTypography-root MuiTypography-labelSmall css-1kybk0l\">16<\/span><\/td>\n<td class=\"artist_VsG56\"><span class=\"MuiTypography-root MuiTypography-labelSmall css-1kybk0l\"><span class=\"link_PKPcS\">Madonna<\/span><\/span><\/td>\n<td class=\"trackTitle_loyWF\"><span class=\"MuiTypography-root MuiTypography-labelSmall css-1kybk0l\"><span class=\"trackTitle_loyWF\">I Don&#8217;t Search I Find (Honey Dijon Radio Mix)<\/span><\/span><\/td>\n<\/tr>\n<\/tbody>\n<\/table>\n<\/div>\n<\/section>\n<p><iframe style=\"width: 100%; max-width: 660px; overflow: hidden; border-radius: 10px;\" src=\"https:\/\/embed.music.apple.com\/us\/album\/finally-enough-love\/1622105005\" height=\"450\" frameborder=\"0\" sandbox=\"allow-forms allow-popups allow-same-origin allow-scripts allow-storage-access-by-user-activation allow-top-navigation-by-user-activation\"><\/iframe><\/p>","protected":false},"excerpt":{"rendered":"<p>CD, Compilation<\/p>","protected":false},"featured_media":17675,"template":"","meta":[],"product_brand":[],"product_cat":[86],"product_tag":[],"class_list":{"0":"post-17674","1":"product","2":"type-product","3":"status-publish","4":"has-post-thumbnail","6":"product_cat-cd","7":"pa_format-cd","8":"pa_genre-electronic","9":"pa_genre-funk-soul","10":"pa_genre-pop","11":"pa_stare-new","13":"first","14":"instock","15":"taxable","16":"shipping-taxable","17":"purchasable","18":"product-type-simple"},"jetpack_sharing_enabled":true,"_links":{"self":[{"href":"https:\/\/old.vinylka.md\/en\/wp-json\/wp\/v2\/product\/17674","targetHints":{"allow":["GET"]}}],"collection":[{"href":"https:\/\/old.vinylka.md\/en\/wp-json\/wp\/v2\/product"}],"about":[{"href":"https:\/\/old.vinylka.md\/en\/wp-json\/wp\/v2\/types\/product"}],"version-history":[{"count":0,"href":"https:\/\/old.vinylka.md\/en\/wp-json\/wp\/v2\/product\/17674\/revisions"}],"wp:featuredmedia":[{"embeddable":true,"href":"https:\/\/old.vinylka.md\/en\/wp-json\/wp\/v2\/media\/17675"}],"wp:attachment":[{"href":"https:\/\/old.vinylka.md\/en\/wp-json\/wp\/v2\/media?parent=17674"}],"wp:term":[{"taxonomy":"product_brand","embeddable":true,"href":"https:\/\/old.vinylka.md\/en\/wp-json\/wp\/v2\/product_brand?post=17674"},{"taxonomy":"product_cat","embeddable":true,"href":"https:\/\/old.vinylka.md\/en\/wp-json\/wp\/v2\/product_cat?post=17674"},{"taxonomy":"product_tag","embeddable":true,"href":"https:\/\/old.vinylka.md\/en\/wp-json\/wp\/v2\/product_tag?post=17674"}],"curies":[{"name":"wp","href":"https:\/\/api.w.org\/{rel}","templated":true}]}}