{"id":17774,"date":"2025-12-23T23:11:31","date_gmt":"2025-12-23T21:11:31","guid":{"rendered":"https:\/\/vinylka.md\/?post_type=product&#038;p=17774"},"modified":"2026-01-21T14:24:04","modified_gmt":"2026-01-21T12:24:04","slug":"nina-simone-broadway-blues-ballads","status":"publish","type":"product","link":"https:\/\/old.vinylka.md\/en\/product\/nina-simone-broadway-blues-ballads\/","title":{"rendered":"Nina Simone \u2013 Broadway &#8211; Blues &#8211; Ballads"},"content":{"rendered":"<h1>Nina Simone \u2013 Broadway &#8211; Blues &#8211; Ballads<\/h1>\n<p>Albumul interpret\u0103ri expresive din blues, jazz \u0219i muzic\u0103 de Broadway, puse \u00een valoare de vocea profund\u0103 \u0219i stilul unic al <a href=\"https:\/\/vinylka.md\/filter\/name-Nina+Simone\/\">Ninei Simone<\/a>. Albumul surprinde latura sa artistic\u0103 matur\u0103, cu piese \u00eenc\u0103rcate de emo\u021bie, teme legate de via\u021b\u0103, dragoste \u0219i tr\u0103iri interioare. Aranjamentele sunt simple \u0219i echilibrate, cu accent pe voce \u0219i pian, oferind un sunet clar \u0219i autentic, specific \u00eenregistr\u0103rilor clasice ale anilor \u201960.<\/p>\n<h2>Tracklist<\/h2>\n<table>\n<tbody>\n<tr>\n<td>A1<\/td>\n<td>Don&#8217;t Let Me Be Misunderstood<\/td>\n<td>2:42<\/td>\n<\/tr>\n<tr>\n<td>A2<\/td>\n<td>Night Song (From The Musical &#8222;Golden Boy&#8221;)<\/td>\n<td>3:00<\/td>\n<\/tr>\n<tr>\n<td>A3<\/td>\n<td>The Laziest Gal In Town<\/td>\n<td>2:15<\/td>\n<\/tr>\n<tr>\n<td>A4<\/td>\n<td>Something Wonderful (From &#8222;The King And I&#8221;)<\/td>\n<td>2:37<\/td>\n<\/tr>\n<tr>\n<td>A5<\/td>\n<td>Don&#8217;t Take All Night<\/td>\n<td>2:45<\/td>\n<\/tr>\n<tr>\n<td>A6<\/td>\n<td>Nobody<\/td>\n<td>4:10<\/td>\n<\/tr>\n<tr>\n<td>B1<\/td>\n<td>I Am Blessed<\/td>\n<td>2:52<\/td>\n<\/tr>\n<tr>\n<td>B2<\/td>\n<td>Of This I&#8217;m Sure<\/td>\n<td>2:30<\/td>\n<\/tr>\n<tr>\n<td>B3<\/td>\n<td>See-Line Woman<\/td>\n<td>2:20<\/td>\n<\/tr>\n<tr>\n<td>B4<\/td>\n<td>Our Love (Will See Us Through)<\/td>\n<td>2:55<\/td>\n<\/tr>\n<tr>\n<td>B5<\/td>\n<td>How Can I<\/td>\n<td>2:00<\/td>\n<\/tr>\n<tr>\n<td>B6<\/td>\n<td>The Last Rose Of Summer<\/td>\n<td>3:00<\/td>\n<\/tr>\n<\/tbody>\n<\/table>","protected":false},"excerpt":{"rendered":"<p>Vinyl, LP, Album, Reissue<\/p>","protected":false},"featured_media":17776,"template":"","meta":[],"product_brand":[],"product_cat":[16],"product_tag":[],"class_list":{"0":"post-17774","1":"product","2":"type-product","3":"status-publish","4":"has-post-thumbnail","6":"product_cat-vinyl","7":"pa_color-black","8":"pa_format-lp","9":"pa_genre-blues","10":"pa_genre-jazz","11":"pa_stare-new","13":"first","14":"instock","15":"taxable","16":"shipping-taxable","17":"purchasable","18":"product-type-simple"},"jetpack_sharing_enabled":true,"_links":{"self":[{"href":"https:\/\/old.vinylka.md\/en\/wp-json\/wp\/v2\/product\/17774","targetHints":{"allow":["GET"]}}],"collection":[{"href":"https:\/\/old.vinylka.md\/en\/wp-json\/wp\/v2\/product"}],"about":[{"href":"https:\/\/old.vinylka.md\/en\/wp-json\/wp\/v2\/types\/product"}],"version-history":[{"count":0,"href":"https:\/\/old.vinylka.md\/en\/wp-json\/wp\/v2\/product\/17774\/revisions"}],"wp:featuredmedia":[{"embeddable":true,"href":"https:\/\/old.vinylka.md\/en\/wp-json\/wp\/v2\/media\/17776"}],"wp:attachment":[{"href":"https:\/\/old.vinylka.md\/en\/wp-json\/wp\/v2\/media?parent=17774"}],"wp:term":[{"taxonomy":"product_brand","embeddable":true,"href":"https:\/\/old.vinylka.md\/en\/wp-json\/wp\/v2\/product_brand?post=17774"},{"taxonomy":"product_cat","embeddable":true,"href":"https:\/\/old.vinylka.md\/en\/wp-json\/wp\/v2\/product_cat?post=17774"},{"taxonomy":"product_tag","embeddable":true,"href":"https:\/\/old.vinylka.md\/en\/wp-json\/wp\/v2\/product_tag?post=17774"}],"curies":[{"name":"wp","href":"https:\/\/api.w.org\/{rel}","templated":true}]}}