{"id":17812,"date":"2025-12-24T13:07:19","date_gmt":"2025-12-24T11:07:19","guid":{"rendered":"https:\/\/vinylka.md\/?post_type=product&#038;p=17812"},"modified":"2025-12-24T13:07:19","modified_gmt":"2025-12-24T11:07:19","slug":"alt-j-this-is-all-yours","status":"publish","type":"product","link":"https:\/\/old.vinylka.md\/en\/product\/alt-j-this-is-all-yours\/","title":{"rendered":"Alt-J &#8211; This Is All Yours"},"content":{"rendered":"<h2>Alt-J &#8211; This Is All Yours<\/h2>\n<p><a href=\"https:\/\/vinylka.md\/filter\/name-Alt%E2%80%91J\/\">Alt\u2011J<\/a> \u2013 This Is All Yours (<a href=\"https:\/\/en.wikipedia.org\/wiki\/Phonograph_record\">vinyl<\/a>) este al doilea album de studio al trupei britanice Alt\u2011J, lansat \u00een 2014, un disc care continu\u0103 stilul lor unic de indie rock experimental, combin\u00e2nd elemente de electronic\u0103, folk, art rock \u0219i vocalize neconven\u021bionale. Pe vinil, acest album cap\u0103t\u0103 o profunzime aparte \u2013 sunetele atmosferice, detaliile subtile \u0219i vocile multilayered se aud cu \u0219i mai mult\u0103 claritate \u0219i textur\u0103.<\/p>\n<p>Albumul con\u021bine piese emblematice precum \u201cHunger of the Pine\u201d (care include un sample neobi\u0219nuit cu Miley Cyrus), \u201cEvery Other Freckle\u201d \u0219i \u201cLeft Hand Free\u201d, oferind o varietate sonor\u0103 care trece de la melancolie la energie brut\u0103. Temele lirice sunt abstracte \u0219i poetice, iar produc\u021bia este rafinat\u0103 \u0219i cinematografic\u0103.<\/p>\n<section id=\"release-tracklist\" class=\"section_Odw8o open_FaEHZ\">\n<header class=\"header_BgEm1\">\n<h2 class=\"MuiTypography-root MuiTypography-headLineLarge css-1l4s8ze\">Tracklist<\/h2>\n<\/header>\n<div class=\"content_ETGfR\">\n<table class=\"tracklist_ZdQ0I\">\n<tbody>\n<tr data-track-position=\"A1\">\n<td class=\"trackPos_n8vad\"><span class=\"MuiTypography-root MuiTypography-labelSmall css-1kybk0l\">A1<\/span><\/td>\n<td class=\"trackTitle_loyWF\"><span class=\"MuiTypography-root MuiTypography-labelSmall css-1kybk0l\"><span class=\"trackTitle_loyWF\">Intro<\/span><\/span><\/td>\n<td class=\"duration_GhhxK\"><span class=\"MuiTypography-root MuiTypography-labelSmall css-1kybk0l\">4:38<\/span><\/td>\n<\/tr>\n<tr data-track-position=\"A2\">\n<td class=\"trackPos_n8vad\"><span class=\"MuiTypography-root MuiTypography-labelSmall css-1kybk0l\">A2<\/span><\/td>\n<td class=\"trackTitle_loyWF\"><span class=\"MuiTypography-root MuiTypography-labelSmall css-1kybk0l\"><span class=\"trackTitle_loyWF\">Arrival In Nara<\/span><\/span><\/td>\n<td class=\"duration_GhhxK\"><span class=\"MuiTypography-root MuiTypography-labelSmall css-1kybk0l\">4:13<\/span><\/td>\n<\/tr>\n<tr data-track-position=\"A3\">\n<td class=\"trackPos_n8vad\"><span class=\"MuiTypography-root MuiTypography-labelSmall css-1kybk0l\">A3<\/span><\/td>\n<td class=\"trackTitle_loyWF\"><span class=\"MuiTypography-root MuiTypography-labelSmall css-1kybk0l\"><span class=\"trackTitle_loyWF\">Nara<\/span><\/span><\/td>\n<td class=\"duration_GhhxK\"><span class=\"MuiTypography-root MuiTypography-labelSmall css-1kybk0l\">4:56<\/span><\/td>\n<\/tr>\n<tr data-track-position=\"A4\">\n<td class=\"trackPos_n8vad\"><span class=\"MuiTypography-root MuiTypography-labelSmall css-1kybk0l\">A4<\/span><\/td>\n<td class=\"trackTitle_loyWF\"><span class=\"MuiTypography-root MuiTypography-labelSmall css-1kybk0l\"><span class=\"trackTitle_loyWF\">Every Other Freckle<\/span><\/span><\/td>\n<td class=\"duration_GhhxK\"><span class=\"MuiTypography-root MuiTypography-labelSmall css-1kybk0l\">3:36<\/span><\/td>\n<\/tr>\n<tr data-track-position=\"B1\">\n<td class=\"trackPos_n8vad\"><span class=\"MuiTypography-root MuiTypography-labelSmall css-1kybk0l\">B1<\/span><\/td>\n<td class=\"trackTitle_loyWF\"><span class=\"MuiTypography-root MuiTypography-labelSmall css-1kybk0l\"><span class=\"trackTitle_loyWF\">Left Hand Free<\/span><\/span><\/td>\n<td class=\"duration_GhhxK\"><span class=\"MuiTypography-root MuiTypography-labelSmall css-1kybk0l\">2:53<\/span><\/td>\n<\/tr>\n<tr data-track-position=\"B2\">\n<td class=\"trackPos_n8vad\"><span class=\"MuiTypography-root MuiTypography-labelSmall css-1kybk0l\">B2<\/span><\/td>\n<td class=\"trackTitle_loyWF\"><span class=\"MuiTypography-root MuiTypography-labelSmall css-1kybk0l\"><span class=\"trackTitle_loyWF\">\u2766 (Garden Of England &#8211; Interlude)<\/span><\/span><\/td>\n<td class=\"duration_GhhxK\"><span class=\"MuiTypography-root MuiTypography-labelSmall css-1kybk0l\">1:07<\/span><\/td>\n<\/tr>\n<tr data-track-position=\"B3\">\n<td class=\"trackPos_n8vad\"><span class=\"MuiTypography-root MuiTypography-labelSmall css-1kybk0l\">B3<\/span><\/td>\n<td class=\"trackTitle_loyWF\"><span class=\"MuiTypography-root MuiTypography-labelSmall css-1kybk0l\"><span class=\"trackTitle_loyWF\">Choice Kingdom<\/span><\/span><\/td>\n<td class=\"duration_GhhxK\"><span class=\"MuiTypography-root MuiTypography-labelSmall css-1kybk0l\">4:17<\/span><\/td>\n<\/tr>\n<tr data-track-position=\"C1\">\n<td class=\"trackPos_n8vad\"><span class=\"MuiTypography-root MuiTypography-labelSmall css-1kybk0l\">C1<\/span><\/td>\n<td class=\"trackTitle_loyWF\"><span class=\"MuiTypography-root MuiTypography-labelSmall css-1kybk0l\"><span class=\"trackTitle_loyWF\">Hunger Of The Pine<\/span><\/span><\/td>\n<td class=\"duration_GhhxK\"><span class=\"MuiTypography-root MuiTypography-labelSmall css-1kybk0l\">4:59<\/span><\/td>\n<\/tr>\n<tr data-track-position=\"C2\">\n<td class=\"trackPos_n8vad\"><span class=\"MuiTypography-root MuiTypography-labelSmall css-1kybk0l\">C2<\/span><\/td>\n<td class=\"trackTitle_loyWF\"><span class=\"MuiTypography-root MuiTypography-labelSmall css-1kybk0l\"><span class=\"trackTitle_loyWF\">Warm Foothills<\/span><\/span><\/td>\n<td class=\"duration_GhhxK\"><span class=\"MuiTypography-root MuiTypography-labelSmall css-1kybk0l\">3:45<\/span><\/td>\n<\/tr>\n<tr data-track-position=\"C3\">\n<td class=\"trackPos_n8vad\"><span class=\"MuiTypography-root MuiTypography-labelSmall css-1kybk0l\">C3<\/span><\/td>\n<td class=\"trackTitle_loyWF\"><span class=\"MuiTypography-root MuiTypography-labelSmall css-1kybk0l\"><span class=\"trackTitle_loyWF\">The Gospel Of John Hurt<\/span><\/span><\/td>\n<td class=\"duration_GhhxK\"><span class=\"MuiTypography-root MuiTypography-labelSmall css-1kybk0l\">5:15<\/span><\/td>\n<\/tr>\n<tr data-track-position=\"D1\">\n<td class=\"trackPos_n8vad\"><span class=\"MuiTypography-root MuiTypography-labelSmall css-1kybk0l\">D1<\/span><\/td>\n<td class=\"trackTitle_loyWF\"><span class=\"MuiTypography-root MuiTypography-labelSmall css-1kybk0l\"><span class=\"trackTitle_loyWF\">Pusher<\/span><\/span><\/td>\n<td class=\"duration_GhhxK\"><span class=\"MuiTypography-root MuiTypography-labelSmall css-1kybk0l\">3:29<\/span><\/td>\n<\/tr>\n<tr data-track-position=\"D2\">\n<td class=\"trackPos_n8vad\"><span class=\"MuiTypography-root MuiTypography-labelSmall css-1kybk0l\">D2<\/span><\/td>\n<td class=\"trackTitle_loyWF\"><span class=\"MuiTypography-root MuiTypography-labelSmall css-1kybk0l\"><span class=\"trackTitle_loyWF\">Bloodflood Pt.II<\/span><\/span><\/td>\n<td class=\"duration_GhhxK\"><span class=\"MuiTypography-root MuiTypography-labelSmall css-1kybk0l\">5:15<\/span><\/td>\n<\/tr>\n<tr data-track-position=\"D3\">\n<td class=\"trackPos_n8vad\"><span class=\"MuiTypography-root MuiTypography-labelSmall css-1kybk0l\">D3<\/span><\/td>\n<td class=\"trackTitle_loyWF\"><span class=\"MuiTypography-root MuiTypography-labelSmall css-1kybk0l\"><span class=\"trackTitle_loyWF\">Leaving Nara<\/span><\/span><\/td>\n<td class=\"duration_GhhxK\"><span class=\"MuiTypography-root MuiTypography-labelSmall css-1kybk0l\">3:00<\/span><\/td>\n<\/tr>\n<tr data-track-position=\"D4\">\n<td class=\"trackPos_n8vad\"><span class=\"MuiTypography-root MuiTypography-labelSmall css-1kybk0l\">D4<\/span><\/td>\n<td class=\"trackTitle_loyWF\"><span class=\"MuiTypography-root MuiTypography-labelSmall css-1kybk0l\"><span class=\"trackTitle_loyWF\">Lovely Day<\/span><\/span><\/td>\n<td class=\"duration_GhhxK\"><span class=\"MuiTypography-root MuiTypography-labelSmall css-1kybk0l\">4:01<\/span><\/td>\n<\/tr>\n<\/tbody>\n<\/table>\n<\/div>\n<\/section>\n<p><iframe style=\"width: 100%; max-width: 660px; overflow: hidden; border-radius: 10px;\" src=\"https:\/\/embed.music.apple.com\/us\/album\/this-is-all-yours\/887763843\" height=\"450\" frameborder=\"0\" sandbox=\"allow-forms allow-popups allow-same-origin allow-scripts allow-storage-access-by-user-activation allow-top-navigation-by-user-activation\"><\/iframe><\/p>","protected":false},"excerpt":{"rendered":"<p>Vinyl, LPX2, Album, Colored Transparent<\/p>","protected":false},"featured_media":17813,"template":"","meta":[],"product_brand":[],"product_cat":[16],"product_tag":[],"class_list":{"0":"post-17812","1":"product","2":"type-product","3":"status-publish","4":"has-post-thumbnail","6":"product_cat-vinyl","7":"pa_color-colored","8":"pa_format-2lp","9":"pa_genre-rock","10":"pa_stare-new","12":"first","13":"instock","14":"taxable","15":"shipping-taxable","16":"purchasable","17":"product-type-simple"},"jetpack_sharing_enabled":true,"_links":{"self":[{"href":"https:\/\/old.vinylka.md\/en\/wp-json\/wp\/v2\/product\/17812","targetHints":{"allow":["GET"]}}],"collection":[{"href":"https:\/\/old.vinylka.md\/en\/wp-json\/wp\/v2\/product"}],"about":[{"href":"https:\/\/old.vinylka.md\/en\/wp-json\/wp\/v2\/types\/product"}],"version-history":[{"count":0,"href":"https:\/\/old.vinylka.md\/en\/wp-json\/wp\/v2\/product\/17812\/revisions"}],"wp:featuredmedia":[{"embeddable":true,"href":"https:\/\/old.vinylka.md\/en\/wp-json\/wp\/v2\/media\/17813"}],"wp:attachment":[{"href":"https:\/\/old.vinylka.md\/en\/wp-json\/wp\/v2\/media?parent=17812"}],"wp:term":[{"taxonomy":"product_brand","embeddable":true,"href":"https:\/\/old.vinylka.md\/en\/wp-json\/wp\/v2\/product_brand?post=17812"},{"taxonomy":"product_cat","embeddable":true,"href":"https:\/\/old.vinylka.md\/en\/wp-json\/wp\/v2\/product_cat?post=17812"},{"taxonomy":"product_tag","embeddable":true,"href":"https:\/\/old.vinylka.md\/en\/wp-json\/wp\/v2\/product_tag?post=17812"}],"curies":[{"name":"wp","href":"https:\/\/api.w.org\/{rel}","templated":true}]}}