{"id":18171,"date":"2026-01-22T13:28:34","date_gmt":"2026-01-22T11:28:34","guid":{"rendered":"https:\/\/vinylka.md\/?post_type=product&#038;p=18171"},"modified":"2026-01-22T13:28:34","modified_gmt":"2026-01-22T11:28:34","slug":"funko-plush-stranger-things-s4-hunter-robin","status":"publish","type":"product","link":"https:\/\/old.vinylka.md\/en\/product\/funko-plush-stranger-things-s4-hunter-robin\/","title":{"rendered":"FUNKO PLUSH Stranger Things S4 Hunter Robin"},"content":{"rendered":"<h2>FUNKO PLUSH Stranger Things S4 Hunter Robin<\/h2>\n<p><a href=\"https:\/\/vinylka.md\/filter\/product_cat-funko-pop\/\">Funko Plush Stranger Things S4<\/a> \u2013 Hunter Robin este o juc\u0103rie de plu\u0219 oficial\u0103 inspirat\u0103 din serialul Stranger Things Sezonul 4, care \u00eel surprinde pe personajul Robin Buckley \u00eentr\u2011o versiune moale, adorabil\u0103 \u0219i perfect\u0103 pentru colec\u021bionari sau fani ai seriei.<\/p>\n<p>Acest plush \u00eel red\u0103 pe Robin cu tr\u0103s\u0103turile sale distinctive, inclusiv coafura, expresia prietenoas\u0103 \u0219i detaliile costumului sau accesoriilor care evoc\u0103 spiritul sezonului 4. Materialele textile sunt pl\u0103cute la atingere \u0219i bine finisate, cu detalii brodate sau cusute care pun \u00een valoare elementele cheie ale personajului, transform\u00e2nd\u2011l \u00eentr\u2011o versiune \u201ecute\u201d dar recognoscibil\u0103 a lui Robin.<\/p>\n<p>&nbsp;<\/p>\n<p>&nbsp;<\/p>","protected":false},"excerpt":{"rendered":"<div class=\"entry-excerpt\">\n<p>Jucarie de plus , 18cm<\/p>\n<\/div>\n<div class=\"ct-woo-card-actions\" data-add-to-cart=\"auto-hide\"><\/div>","protected":false},"featured_media":18172,"template":"","meta":[],"product_brand":[],"product_cat":[251],"product_tag":[],"class_list":{"0":"post-18171","1":"product","2":"type-product","3":"status-publish","4":"has-post-thumbnail","6":"product_cat-funko-pop","8":"first","9":"instock","10":"taxable","11":"shipping-taxable","12":"purchasable","13":"product-type-simple"},"jetpack_sharing_enabled":true,"_links":{"self":[{"href":"https:\/\/old.vinylka.md\/en\/wp-json\/wp\/v2\/product\/18171","targetHints":{"allow":["GET"]}}],"collection":[{"href":"https:\/\/old.vinylka.md\/en\/wp-json\/wp\/v2\/product"}],"about":[{"href":"https:\/\/old.vinylka.md\/en\/wp-json\/wp\/v2\/types\/product"}],"version-history":[{"count":0,"href":"https:\/\/old.vinylka.md\/en\/wp-json\/wp\/v2\/product\/18171\/revisions"}],"wp:featuredmedia":[{"embeddable":true,"href":"https:\/\/old.vinylka.md\/en\/wp-json\/wp\/v2\/media\/18172"}],"wp:attachment":[{"href":"https:\/\/old.vinylka.md\/en\/wp-json\/wp\/v2\/media?parent=18171"}],"wp:term":[{"taxonomy":"product_brand","embeddable":true,"href":"https:\/\/old.vinylka.md\/en\/wp-json\/wp\/v2\/product_brand?post=18171"},{"taxonomy":"product_cat","embeddable":true,"href":"https:\/\/old.vinylka.md\/en\/wp-json\/wp\/v2\/product_cat?post=18171"},{"taxonomy":"product_tag","embeddable":true,"href":"https:\/\/old.vinylka.md\/en\/wp-json\/wp\/v2\/product_tag?post=18171"}],"curies":[{"name":"wp","href":"https:\/\/api.w.org\/{rel}","templated":true}]}}