{"id":18346,"date":"2026-02-04T13:49:06","date_gmt":"2026-02-04T11:49:06","guid":{"rendered":"https:\/\/vinylka.md\/?post_type=product&#038;p=18346"},"modified":"2026-02-09T14:18:00","modified_gmt":"2026-02-09T12:18:00","slug":"vivaldi-le-quattro-stagioni-i-musici-esoteric","status":"publish","type":"product","link":"https:\/\/old.vinylka.md\/en\/product\/vivaldi-le-quattro-stagioni-i-musici-esoteric\/","title":{"rendered":"Vivaldi &#8211; Le Quattro Stagioni I Musici [Esoteric]"},"content":{"rendered":"<h1>Vivaldi &#8211; Le Quattro Stagioni I Musici<\/h1>\n<p>Bucur\u0103-te de o interpretare magistral\u0103 a operei \u201eLe Quattro Stagioni\u201d de Antonio Vivaldi, prezentat\u0103 de ansamblul I Musici, pe vinil de calitate superioar\u0103. Acest pressing de la Esoteric, un label de renume \u00een domeniul muzicii clasice, garanteaz\u0103 o redare impecabil\u0103 a fiec\u0103rei note \u0219i detaliu orchestral. Fiecare pies\u0103 a acestei capodopere baroce cap\u0103t\u0103 via\u021b\u0103 cu o claritate excep\u021bional\u0103, oferind o experien\u021b\u0103 auditiv\u0103 de neuitat.&lt;<\/p>\n<p><strong>[Side A]<\/strong><br \/>\n<strong>Concerto No. 1 for violin and strings in E major, RV 269 \u201cLa primavera\u201d<\/strong><\/p>\n<p>Allegro<br \/>\nLargo<br \/>\nAllegro (Danza pastorale)<\/p>\n<p><strong>Concerto No. 2 for violin and strings in G minor, RV 315 \u201cL\u2019estate\u201d<\/strong><\/p>\n<p>Allegro non molto \u2013 Allegro<br \/>\nAdagio &#8211; Presto \u2013 Adagio<br \/>\nPresto (Tempo impetuoso d\u2019estate)<\/p>\n<p><strong>[Side B]<\/strong><br \/>\n<strong>Concerto No. 3 for violin and strings in F major, RV 293 \u201cL\u2019autunno\u201d<\/strong><\/p>\n<p>Allegro (Ballo, e canto de\u2019villanelli)<br \/>\nAdagio molto (Ubriachi dormienti)<br \/>\nAllegro (La caccia)<\/p>\n<p><strong>Concerto No. 4 for violin and strings in F minor, RV 297 \u201cL\u2019inverno\u201d<\/strong><\/p>\n<p>Allegro non molto<br \/>\nLargo<br \/>\nAllegro<\/p>\n","protected":false},"excerpt":{"rendered":"<p>Vinyl, LP, Stereo, Japan<br \/>\nEsoteric Mastering<\/p>","protected":false},"featured_media":18347,"template":"","meta":[],"product_brand":[],"product_cat":[287,284,16],"product_tag":[],"class_list":{"0":"post-18346","1":"product","2":"type-product","3":"status-publish","4":"has-post-thumbnail","6":"product_cat-esoteric","7":"product_cat-hi-fi-vinyl","8":"product_cat-vinyl","9":"pa_color-black","10":"pa_format-lp","11":"pa_stare-new","13":"first","14":"onbackorder","15":"taxable","16":"shipping-taxable","17":"purchasable","18":"product-type-simple"},"jetpack_sharing_enabled":true,"_links":{"self":[{"href":"https:\/\/old.vinylka.md\/en\/wp-json\/wp\/v2\/product\/18346","targetHints":{"allow":["GET"]}}],"collection":[{"href":"https:\/\/old.vinylka.md\/en\/wp-json\/wp\/v2\/product"}],"about":[{"href":"https:\/\/old.vinylka.md\/en\/wp-json\/wp\/v2\/types\/product"}],"version-history":[{"count":0,"href":"https:\/\/old.vinylka.md\/en\/wp-json\/wp\/v2\/product\/18346\/revisions"}],"wp:featuredmedia":[{"embeddable":true,"href":"https:\/\/old.vinylka.md\/en\/wp-json\/wp\/v2\/media\/18347"}],"wp:attachment":[{"href":"https:\/\/old.vinylka.md\/en\/wp-json\/wp\/v2\/media?parent=18346"}],"wp:term":[{"taxonomy":"product_brand","embeddable":true,"href":"https:\/\/old.vinylka.md\/en\/wp-json\/wp\/v2\/product_brand?post=18346"},{"taxonomy":"product_cat","embeddable":true,"href":"https:\/\/old.vinylka.md\/en\/wp-json\/wp\/v2\/product_cat?post=18346"},{"taxonomy":"product_tag","embeddable":true,"href":"https:\/\/old.vinylka.md\/en\/wp-json\/wp\/v2\/product_tag?post=18346"}],"curies":[{"name":"wp","href":"https:\/\/api.w.org\/{rel}","templated":true}]}}