{"id":18369,"date":"2026-02-10T15:55:13","date_gmt":"2026-02-10T13:55:13","guid":{"rendered":"https:\/\/vinylka.md\/?post_type=product&#038;p=18369"},"modified":"2026-02-24T19:46:38","modified_gmt":"2026-02-24T17:46:38","slug":"%d0%ba%d0%b8%d0%bd%d0%be-%d0%ba%d0%b8%d0%bd%d0%be%d1%85%d1%80%d0%be%d0%bd%d0%b8%d0%ba%d0%b8-2021-1982-cd","status":"publish","type":"product","link":"https:\/\/old.vinylka.md\/en\/product\/%d0%ba%d0%b8%d0%bd%d0%be-%d0%ba%d0%b8%d0%bd%d0%be%d1%85%d1%80%d0%be%d0%bd%d0%b8%d0%ba%d0%b8-2021-1982-cd\/","title":{"rendered":"KINO\/\u041a\u0438\u043d\u043e &#8211; \u041a\u0438\u043d\u043e\u0445\u0440\u043e\u043d\u0438\u043a\u0438 2021\/1982 (CD)"},"content":{"rendered":"<h2>\u041a\u0438\u043d\u043e &#8211; \u041a\u0438\u043d\u043e\u0445\u0440\u043e\u043d\u0438\u043a\u0438 2021\/1982 (CD)<\/h2>\n<p>\u201e\u041a\u0438\u043d\u043e &#8211; \u041a\u0438\u043d\u043e\u0445\u0440\u043e\u043d\u0438\u043a\u0438 2021\/1982\u201d este un CD special care adun\u0103 \u00eenregistr\u0103rile remasterizate \u0219i <a href=\"https:\/\/vinylka.md\/\">piese<\/a> neverificate ale trupei legendare ruse\u0219ti <a href=\"https:\/\/vinylka.md\/filter\/name-%D0%9A%D0%B8%D0%BD%D0%BE\/\">\u041a\u0438\u043d\u043e<\/a>, una dintre cele mai influente forma\u021bii din istoria muzicii rock sovietice. Acest album face leg\u0103tura \u00eentre perioada de \u00eenceput a trupei, \u00een 1982, \u0219i perspectiva modern\u0103 oferit\u0103 \u00een 2021, aduc\u00e2nd \u00een prim-plan at\u00e2t piesele clasice c\u00e2t \u0219i materiale rare, dar \u0219i un sunet mult \u00eembun\u0103t\u0103\u021bit datorit\u0103 remasteriz\u0103rii.<\/p>\n<section id=\"release-tracklist\" class=\"section_Odw8o open_FaEHZ\">\n<header class=\"header_BgEm1\">\n<h2 class=\"MuiTypography-root MuiTypography-headLineLarge css-1l4s8ze\">Tracklist<\/h2>\n<\/header>\n<div class=\"content_ETGfR\">\n<table class=\"tracklist_ZdQ0I\">\n<tbody>\n<tr data-track-position=\"1-1\">\n<td class=\"trackPos_n8vad\"><span class=\"MuiTypography-root MuiTypography-labelSmall css-1kybk0l\">1-1<\/span><\/td>\n<td class=\"trackTitle_loyWF\"><span class=\"MuiTypography-root MuiTypography-labelSmall css-1kybk0l\"><span class=\"trackTitle_loyWF\">\u041c\u0443\u0437\u044b\u043a\u0430 \u0412\u043e\u043b\u043d 2021<\/span><\/span><\/td>\n<td class=\"duration_GhhxK\"><span class=\"MuiTypography-root MuiTypography-labelSmall css-1kybk0l\">4:24<\/span><\/td>\n<\/tr>\n<tr data-track-position=\"1-2\">\n<td class=\"trackPos_n8vad\"><span class=\"MuiTypography-root MuiTypography-labelSmall css-1kybk0l\">1-2<\/span><\/td>\n<td class=\"trackTitle_loyWF\"><span class=\"MuiTypography-root MuiTypography-labelSmall css-1kybk0l\"><span class=\"trackTitle_loyWF\">\u0410\u0442\u0430\u043c\u0430\u043d<\/span><\/span><\/td>\n<td class=\"duration_GhhxK\"><span class=\"MuiTypography-root MuiTypography-labelSmall css-1kybk0l\">4:13<\/span><\/td>\n<\/tr>\n<tr data-track-position=\"1-3\">\n<td class=\"trackPos_n8vad\"><span class=\"MuiTypography-root MuiTypography-labelSmall css-1kybk0l\">1-3<\/span><\/td>\n<td class=\"trackTitle_loyWF\"><span class=\"MuiTypography-root MuiTypography-labelSmall css-1kybk0l\"><span class=\"trackTitle_loyWF\">\u041a\u043e\u0433\u0434\u0430 \u0422\u0432\u043e\u044f \u0414\u0435\u0432\u0443\u0448\u043a\u0430 \u0411\u043e\u043b\u044c\u043d\u0430<\/span><\/span><\/td>\n<td class=\"duration_GhhxK\"><span class=\"MuiTypography-root MuiTypography-labelSmall css-1kybk0l\">4:20<\/span><\/td>\n<\/tr>\n<tr data-track-position=\"1-4\">\n<td class=\"trackPos_n8vad\"><span class=\"MuiTypography-root MuiTypography-labelSmall css-1kybk0l\">1-4<\/span><\/td>\n<td class=\"trackTitle_loyWF\"><span class=\"MuiTypography-root MuiTypography-labelSmall css-1kybk0l\"><span class=\"trackTitle_loyWF\">\u041a\u0443\u043a\u0443\u0448\u043a\u0430<\/span><\/span><\/td>\n<td class=\"duration_GhhxK\"><span class=\"MuiTypography-root MuiTypography-labelSmall css-1kybk0l\">6:40<\/span><\/td>\n<\/tr>\n<tr data-track-position=\"1-5\">\n<td class=\"trackPos_n8vad\"><span class=\"MuiTypography-root MuiTypography-labelSmall css-1kybk0l\">1-5<\/span><\/td>\n<td class=\"trackTitle_loyWF\"><span class=\"MuiTypography-root MuiTypography-labelSmall css-1kybk0l\"><span class=\"trackTitle_loyWF\">\u0416\u0434\u0443 \u041e\u0442\u0432\u0435\u0442\u0430<\/span><\/span><\/td>\n<td class=\"duration_GhhxK\"><span class=\"MuiTypography-root MuiTypography-labelSmall css-1kybk0l\">5:56<\/span><\/td>\n<\/tr>\n<tr data-track-position=\"1-6\">\n<td class=\"trackPos_n8vad\"><span class=\"MuiTypography-root MuiTypography-labelSmall css-1kybk0l\">1-6<\/span><\/td>\n<td class=\"trackTitle_loyWF\"><span class=\"MuiTypography-root MuiTypography-labelSmall css-1kybk0l\"><span class=\"trackTitle_loyWF\">\u0417\u0432\u0435\u0437\u0434\u0430 \u041f\u043e \u0418\u043c\u0435\u043d\u0438 \u0421\u043e\u043b\u043d\u0446\u0435<\/span><\/span><\/td>\n<td class=\"duration_GhhxK\"><span class=\"MuiTypography-root MuiTypography-labelSmall css-1kybk0l\">3:48<\/span><\/td>\n<\/tr>\n<tr data-track-position=\"1-7\">\n<td class=\"trackPos_n8vad\"><span class=\"MuiTypography-root MuiTypography-labelSmall css-1kybk0l\">1-7<\/span><\/td>\n<td class=\"trackTitle_loyWF\"><span class=\"MuiTypography-root MuiTypography-labelSmall css-1kybk0l\"><span class=\"trackTitle_loyWF\">\u041c\u0430\u043c\u0430, \u041c\u044b \u0412\u0441\u0435 \u0422\u044f\u0436\u0435\u043b\u043e \u0411\u043e\u043b\u044c\u043d\u044b<\/span><\/span><\/td>\n<td class=\"duration_GhhxK\"><span class=\"MuiTypography-root MuiTypography-labelSmall css-1kybk0l\">3:50<\/span><\/td>\n<\/tr>\n<tr data-track-position=\"1-8\">\n<td class=\"trackPos_n8vad\"><span class=\"MuiTypography-root MuiTypography-labelSmall css-1kybk0l\">1-8<\/span><\/td>\n<td class=\"trackTitle_loyWF\"><span class=\"MuiTypography-root MuiTypography-labelSmall css-1kybk0l\"><span class=\"trackTitle_loyWF\">\u0421\u0442\u0443\u043a<\/span><\/span><\/td>\n<td class=\"duration_GhhxK\"><span class=\"MuiTypography-root MuiTypography-labelSmall css-1kybk0l\">3:53<\/span><\/td>\n<\/tr>\n<tr data-track-position=\"1-9\">\n<td class=\"trackPos_n8vad\"><span class=\"MuiTypography-root MuiTypography-labelSmall css-1kybk0l\">1-9<\/span><\/td>\n<td class=\"trackTitle_loyWF\"><span class=\"MuiTypography-root MuiTypography-labelSmall css-1kybk0l\"><span class=\"trackTitle_loyWF\">\u041f\u0430\u0447\u043a\u0430 \u0421\u0438\u0433\u0430\u0440\u0435\u0442<\/span><\/span><\/td>\n<td class=\"duration_GhhxK\"><span class=\"MuiTypography-root MuiTypography-labelSmall css-1kybk0l\">4:30<\/span><\/td>\n<\/tr>\n<tr data-track-position=\"1-10\">\n<td class=\"trackPos_n8vad\"><span class=\"MuiTypography-root MuiTypography-labelSmall css-1kybk0l\">1-10<\/span><\/td>\n<td class=\"trackTitle_loyWF\"><span class=\"MuiTypography-root MuiTypography-labelSmall css-1kybk0l\"><span class=\"trackTitle_loyWF\">\u0413\u0440\u0443\u043f\u043f\u0430 \u041a\u0440\u043e\u0432\u0438<\/span><\/span><\/td>\n<td class=\"duration_GhhxK\"><span class=\"MuiTypography-root MuiTypography-labelSmall css-1kybk0l\">4:46<\/span><\/td>\n<\/tr>\n<tr data-track-position=\"1-11\">\n<td class=\"trackPos_n8vad\"><span class=\"MuiTypography-root MuiTypography-labelSmall css-1kybk0l\">1-11<\/span><\/td>\n<td class=\"trackTitle_loyWF\"><span class=\"MuiTypography-root MuiTypography-labelSmall css-1kybk0l\"><span class=\"trackTitle_loyWF\">\u041c\u044b \u0416\u0434\u0435\u043c \u041f\u0435\u0440\u0435\u043c\u0435\u043d<\/span><\/span><\/td>\n<td class=\"duration_GhhxK\"><span class=\"MuiTypography-root MuiTypography-labelSmall css-1kybk0l\">5:13<\/span><\/td>\n<\/tr>\n<tr data-track-position=\"1-12\">\n<td class=\"trackPos_n8vad\"><span class=\"MuiTypography-root MuiTypography-labelSmall css-1kybk0l\">1-12<\/span><\/td>\n<td class=\"trackTitle_loyWF\"><span class=\"MuiTypography-root MuiTypography-labelSmall css-1kybk0l\"><span class=\"trackTitle_loyWF\">\u0414\u0430\u043b\u044c\u0448\u0435 \u0414\u0435\u0439\u0441\u0442\u0432\u043e\u0432\u0430\u0442\u044c \u0411\u0443\u0434\u0435\u043c \u041c\u044b<\/span><\/span><\/td>\n<td class=\"duration_GhhxK\"><span class=\"MuiTypography-root MuiTypography-labelSmall css-1kybk0l\">3:57<\/span><\/td>\n<\/tr>\n<tr data-track-position=\"1-13\">\n<td class=\"trackPos_n8vad\"><span class=\"MuiTypography-root MuiTypography-labelSmall css-1kybk0l\">1-13<\/span><\/td>\n<td class=\"trackTitle_loyWF\"><span class=\"MuiTypography-root MuiTypography-labelSmall css-1kybk0l\"><span class=\"trackTitle_loyWF\">\u0412\u043e\u0439\u043d\u0430<\/span><\/span><\/td>\n<td class=\"duration_GhhxK\"><span class=\"MuiTypography-root MuiTypography-labelSmall css-1kybk0l\">4:07<\/span><\/td>\n<\/tr>\n<tr data-track-position=\"2-1\">\n<td class=\"trackPos_n8vad\"><span class=\"MuiTypography-root MuiTypography-labelSmall css-1kybk0l\">2-1<\/span><\/td>\n<td class=\"trackTitle_loyWF\"><span class=\"MuiTypography-root MuiTypography-labelSmall css-1kybk0l\"><span class=\"trackTitle_loyWF\">\u041f\u043e\u0441\u043b\u0435\u0434\u043d\u0438\u0439 \u0413\u0435\u0440\u043e\u0439<\/span><\/span><\/td>\n<td class=\"duration_GhhxK\"><span class=\"MuiTypography-root MuiTypography-labelSmall css-1kybk0l\">3:05<\/span><\/td>\n<\/tr>\n<tr data-track-position=\"2-2\">\n<td class=\"trackPos_n8vad\"><span class=\"MuiTypography-root MuiTypography-labelSmall css-1kybk0l\">2-2<\/span><\/td>\n<td class=\"trackTitle_loyWF\"><span class=\"MuiTypography-root MuiTypography-labelSmall css-1kybk0l\"><span class=\"trackTitle_loyWF\">\u041c\u044b \u0425\u043e\u0442\u0438\u043c \u0422\u0430\u043d\u0446\u0435\u0432\u0430\u0442\u044c<\/span><\/span><\/td>\n<td class=\"duration_GhhxK\"><span class=\"MuiTypography-root MuiTypography-labelSmall css-1kybk0l\">4:08<\/span><\/td>\n<\/tr>\n<tr data-track-position=\"2-3\">\n<td class=\"trackPos_n8vad\"><span class=\"MuiTypography-root MuiTypography-labelSmall css-1kybk0l\">2-3<\/span><\/td>\n<td class=\"trackTitle_loyWF\"><span class=\"MuiTypography-root MuiTypography-labelSmall css-1kybk0l\"><span class=\"trackTitle_loyWF\">\u042d\u043b\u0435\u043a\u0442\u0440\u0438\u0447\u043a\u0430<\/span><\/span><\/td>\n<td class=\"duration_GhhxK\"><span class=\"MuiTypography-root MuiTypography-labelSmall css-1kybk0l\">4:47<\/span><\/td>\n<\/tr>\n<tr data-track-position=\"2-4\">\n<td class=\"trackPos_n8vad\"><span class=\"MuiTypography-root MuiTypography-labelSmall css-1kybk0l\">2-4<\/span><\/td>\n<td class=\"trackTitle_loyWF\"><span class=\"MuiTypography-root MuiTypography-labelSmall css-1kybk0l\"><span class=\"trackTitle_loyWF\">\u0422\u0440\u043e\u043b\u043b\u0435\u0439\u0431\u0443\u0441<\/span><\/span><\/td>\n<td class=\"duration_GhhxK\"><span class=\"MuiTypography-root MuiTypography-labelSmall css-1kybk0l\">2:57<\/span><\/td>\n<\/tr>\n<tr data-track-position=\"2-5\">\n<td class=\"trackPos_n8vad\"><span class=\"MuiTypography-root MuiTypography-labelSmall css-1kybk0l\">2-5<\/span><\/td>\n<td class=\"trackTitle_loyWF\"><span class=\"MuiTypography-root MuiTypography-labelSmall css-1kybk0l\"><span class=\"trackTitle_loyWF\">\u041a\u0430\u043c\u0447\u0430\u0442\u043a\u0430<\/span><\/span><\/td>\n<td class=\"duration_GhhxK\"><span class=\"MuiTypography-root MuiTypography-labelSmall css-1kybk0l\">2:51<\/span><\/td>\n<\/tr>\n<tr data-track-position=\"2-6\">\n<td class=\"trackPos_n8vad\"><span class=\"MuiTypography-root MuiTypography-labelSmall css-1kybk0l\">2-6<\/span><\/td>\n<td class=\"trackTitle_loyWF\"><span class=\"MuiTypography-root MuiTypography-labelSmall css-1kybk0l\"><span class=\"trackTitle_loyWF\">\u042d\u0442\u043e \u041d\u0435 \u041b\u044e\u0431\u043e\u0432\u044c<\/span><\/span><\/td>\n<td class=\"duration_GhhxK\"><span class=\"MuiTypography-root MuiTypography-labelSmall css-1kybk0l\">3:30<\/span><\/td>\n<\/tr>\n<tr data-track-position=\"2-7\">\n<td class=\"trackPos_n8vad\"><span class=\"MuiTypography-root MuiTypography-labelSmall css-1kybk0l\">2-7<\/span><\/td>\n<td class=\"trackTitle_loyWF\"><span class=\"MuiTypography-root MuiTypography-labelSmall css-1kybk0l\"><span class=\"trackTitle_loyWF\">\u041f\u0440\u043e\u0441\u043d\u0438\u0441\u044c, \u042d\u0442\u043e \u041b\u044e\u0431\u043e\u0432\u044c<\/span><\/span><\/td>\n<td class=\"duration_GhhxK\"><span class=\"MuiTypography-root MuiTypography-labelSmall css-1kybk0l\">3:32<\/span><\/td>\n<\/tr>\n<tr data-track-position=\"2-8\">\n<td class=\"trackPos_n8vad\"><span class=\"MuiTypography-root MuiTypography-labelSmall css-1kybk0l\">2-8<\/span><\/td>\n<td class=\"trackTitle_loyWF\"><span class=\"MuiTypography-root MuiTypography-labelSmall css-1kybk0l\"><span class=\"trackTitle_loyWF\">\u0420\u0430\u0437\u0440\u0435\u0448\u0438 \u041c\u043d\u0435<\/span><\/span><\/td>\n<td class=\"duration_GhhxK\"><span class=\"MuiTypography-root MuiTypography-labelSmall css-1kybk0l\">4:24<\/span><\/td>\n<\/tr>\n<tr data-track-position=\"2-9\">\n<td class=\"trackPos_n8vad\"><span class=\"MuiTypography-root MuiTypography-labelSmall css-1kybk0l\">2-9<\/span><\/td>\n<td class=\"trackTitle_loyWF\"><span class=\"MuiTypography-root MuiTypography-labelSmall css-1kybk0l\"><span class=\"trackTitle_loyWF\">\u041b\u044e\u0431\u043e\u0432\u044c &#8211; \u042d\u0442\u043e \u041d\u0435 \u0428\u0443\u0442\u043a\u0430<\/span><\/span><\/td>\n<td class=\"duration_GhhxK\"><span class=\"MuiTypography-root MuiTypography-labelSmall css-1kybk0l\">6:12<\/span><\/td>\n<\/tr>\n<tr data-track-position=\"2-10\">\n<td class=\"trackPos_n8vad\"><span class=\"MuiTypography-root MuiTypography-labelSmall css-1kybk0l\">2-10<\/span><\/td>\n<td class=\"trackTitle_loyWF\"><span class=\"MuiTypography-root MuiTypography-labelSmall css-1kybk0l\"><span class=\"trackTitle_loyWF\">\u041c\u0430\u043c\u0430 \u0410\u043d\u0430\u0440\u0445\u0438\u044f<\/span><\/span><\/td>\n<td class=\"duration_GhhxK\"><span class=\"MuiTypography-root MuiTypography-labelSmall css-1kybk0l\">2:43<\/span><\/td>\n<\/tr>\n<tr data-track-position=\"2-11\">\n<td class=\"trackPos_n8vad\"><span class=\"MuiTypography-root MuiTypography-labelSmall css-1kybk0l\">2-11<\/span><\/td>\n<td class=\"trackTitle_loyWF\"><span class=\"MuiTypography-root MuiTypography-labelSmall css-1kybk0l\"><span class=\"trackTitle_loyWF\">\u0422\u0440\u0430\u043d\u043a\u0432\u0438\u043b\u0438\u0437\u0430\u0442\u043e\u0440<\/span><\/span><\/td>\n<td class=\"duration_GhhxK\"><span class=\"MuiTypography-root MuiTypography-labelSmall css-1kybk0l\">5:32<\/span><\/td>\n<\/tr>\n<tr data-track-position=\"2-12\">\n<td class=\"trackPos_n8vad\"><span class=\"MuiTypography-root MuiTypography-labelSmall css-1kybk0l\">2-12<\/span><\/td>\n<td class=\"trackTitle_loyWF\"><span class=\"MuiTypography-root MuiTypography-labelSmall css-1kybk0l\"><span class=\"trackTitle_loyWF\">\u0411\u0435\u0437\u0434\u0435\u043b\u044c\u043d\u0438\u043a<\/span><\/span><\/td>\n<td class=\"duration_GhhxK\"><span class=\"MuiTypography-root MuiTypography-labelSmall css-1kybk0l\">3:14<\/span><\/td>\n<\/tr>\n<tr data-track-position=\"2-13\">\n<td class=\"trackPos_n8vad\"><span class=\"MuiTypography-root MuiTypography-labelSmall css-1kybk0l\">2-13<\/span><\/td>\n<td class=\"trackTitle_loyWF\"><span class=\"MuiTypography-root MuiTypography-labelSmall css-1kybk0l\"><span class=\"trackTitle_loyWF\">\u0410\u043b\u044e\u043c\u0438\u043d\u0438\u0435\u0432\u044b\u0435 \u041e\u0433\u0443\u0440\u0446\u044b<\/span><\/span><\/td>\n<td class=\"duration_GhhxK\"><span class=\"MuiTypography-root MuiTypography-labelSmall css-1kybk0l\">3:09<\/span><\/td>\n<\/tr>\n<tr data-track-position=\"2-14\">\n<td class=\"trackPos_n8vad\"><span class=\"MuiTypography-root MuiTypography-labelSmall css-1kybk0l\">2-14<\/span><\/td>\n<td class=\"trackTitle_loyWF\"><span class=\"MuiTypography-root MuiTypography-labelSmall css-1kybk0l\"><span class=\"trackTitle_loyWF\">\u0412\u043e\u0441\u044c\u043c\u0438\u043a\u043b\u0430\u0441\u0441\u043d\u0438\u0446\u0430<\/span><\/span><\/td>\n<td class=\"duration_GhhxK\"><span class=\"MuiTypography-root MuiTypography-labelSmall css-1kybk0l\">2:50<\/span><\/td>\n<\/tr>\n<\/tbody>\n<\/table>\n<p>&nbsp;<\/p>\n<\/div>\n<\/section>\n<p><iframe style=\"width: 100%; max-width: 660px; overflow: hidden; border-radius: 10px;\" src=\"https:\/\/embed.music.apple.com\/us\/song\/%D0%B7%D0%B2%D0%B5%D0%B7%D0%B4%D0%B0-%D0%BF%D0%BE-%D0%B8%D0%BC%D0%B5%D0%BD%D0%B8-%D1%81%D0%BE%D0%BB%D0%BD%D1%86%D0%B5\/1333017975\" height=\"175\" frameborder=\"0\" sandbox=\"allow-forms allow-popups allow-same-origin allow-scripts allow-storage-access-by-user-activation allow-top-navigation-by-user-activation\"><\/iframe><\/p>","protected":false},"excerpt":{"rendered":"<p>CDX2, Compilation<\/p>","protected":false},"featured_media":18370,"template":"","meta":[],"product_brand":[],"product_cat":[86],"product_tag":[],"class_list":{"0":"post-18369","1":"product","2":"type-product","3":"status-publish","4":"has-post-thumbnail","6":"product_cat-cd","7":"pa_format-cd","8":"pa_genre-rock","9":"pa_stare-new","11":"first","12":"instock","13":"taxable","14":"shipping-taxable","15":"purchasable","16":"product-type-simple"},"jetpack_sharing_enabled":true,"_links":{"self":[{"href":"https:\/\/old.vinylka.md\/en\/wp-json\/wp\/v2\/product\/18369","targetHints":{"allow":["GET"]}}],"collection":[{"href":"https:\/\/old.vinylka.md\/en\/wp-json\/wp\/v2\/product"}],"about":[{"href":"https:\/\/old.vinylka.md\/en\/wp-json\/wp\/v2\/types\/product"}],"version-history":[{"count":0,"href":"https:\/\/old.vinylka.md\/en\/wp-json\/wp\/v2\/product\/18369\/revisions"}],"wp:featuredmedia":[{"embeddable":true,"href":"https:\/\/old.vinylka.md\/en\/wp-json\/wp\/v2\/media\/18370"}],"wp:attachment":[{"href":"https:\/\/old.vinylka.md\/en\/wp-json\/wp\/v2\/media?parent=18369"}],"wp:term":[{"taxonomy":"product_brand","embeddable":true,"href":"https:\/\/old.vinylka.md\/en\/wp-json\/wp\/v2\/product_brand?post=18369"},{"taxonomy":"product_cat","embeddable":true,"href":"https:\/\/old.vinylka.md\/en\/wp-json\/wp\/v2\/product_cat?post=18369"},{"taxonomy":"product_tag","embeddable":true,"href":"https:\/\/old.vinylka.md\/en\/wp-json\/wp\/v2\/product_tag?post=18369"}],"curies":[{"name":"wp","href":"https:\/\/api.w.org\/{rel}","templated":true}]}}