{"id":18473,"date":"2026-02-12T17:04:14","date_gmt":"2026-02-12T15:04:14","guid":{"rendered":"https:\/\/vinylka.md\/?post_type=product&#038;p=18473"},"modified":"2026-02-12T17:04:14","modified_gmt":"2026-02-12T15:04:14","slug":"the-neighbourhood-wiped-out","status":"publish","type":"product","link":"https:\/\/old.vinylka.md\/en\/product\/the-neighbourhood-wiped-out\/","title":{"rendered":"The Neighbourhood &#8211; Wiped Out!"},"content":{"rendered":"<h2>The Neighbourhood &#8211; Wiped Out!<\/h2>\n<p>Vinilu<a href=\"https:\/\/vinylka.md\/filter\/name-Neighbourhood\/\">l The Neighbourhood<\/a> \u2013 Wiped Out! este o edi\u021bie pe disc de <a href=\"https:\/\/en.wikipedia.org\/wiki\/Phonograph_record\">vinyl<\/a> a celui de-al doilea album de studio al trupei americane The Neighbourhood, lansat ini\u021bial \u00een 2015. Acest LP combin\u0103 rock-ul alternativ, indie \u0219i R&amp;B-ul atmosferic \u00eentr-un sound distinct, melancolic \u0219i intens \u2014 tipic pentru stilul trupei.<\/p>\n<p>Pe vinil, muzica cap\u0103t\u0103 o profunzime sonor\u0103 \u0219i o c\u0103ldur\u0103 analogic\u0103 cu totul aparte: basul \u0219i ritmurile p\u0103trund ad\u00e2nc, iar vocile \u0219i ambian\u021bele minimalist-electronice se disting clar, cre\u00e2nd o experien\u021b\u0103 de ascultare captivant\u0103. Formatul analogic scoate \u00een eviden\u021b\u0103 nuan\u021bele texturate ale pieselor, de la momentele introspective p\u00e2n\u0103 la cele mai energice pasaje rock.<\/p>\n<section id=\"release-tracklist\" class=\"section_Odw8o open_FaEHZ\">\n<header class=\"header_BgEm1\">\n<h2 class=\"MuiTypography-root MuiTypography-headLineLarge css-1l4s8ze\">Tracklist<\/h2>\n<\/header>\n<div class=\"content_ETGfR\">\n<table class=\"tracklist_ZdQ0I\">\n<tbody>\n<tr data-track-position=\"A1\">\n<td class=\"trackPos_n8vad\"><span class=\"MuiTypography-root MuiTypography-labelSmall css-1kybk0l\">A1<\/span><\/td>\n<td class=\"trackTitle_loyWF\"><span class=\"MuiTypography-root MuiTypography-labelSmall css-1kybk0l\"><span class=\"trackTitle_loyWF\">A Moment of Silence<\/span><\/span><\/td>\n<\/tr>\n<tr data-track-position=\"A2\">\n<td class=\"trackPos_n8vad\"><span class=\"MuiTypography-root MuiTypography-labelSmall css-1kybk0l\">A2<\/span><\/td>\n<td class=\"trackTitle_loyWF\"><span class=\"MuiTypography-root MuiTypography-labelSmall css-1kybk0l\"><span class=\"trackTitle_loyWF\">Prey<\/span><\/span><\/td>\n<\/tr>\n<tr data-track-position=\"A3\">\n<td class=\"trackPos_n8vad\"><span class=\"MuiTypography-root MuiTypography-labelSmall css-1kybk0l\">A3<\/span><\/td>\n<td class=\"trackTitle_loyWF\"><span class=\"MuiTypography-root MuiTypography-labelSmall css-1kybk0l\"><span class=\"trackTitle_loyWF\">Cry Baby<\/span><\/span><\/td>\n<\/tr>\n<tr data-track-position=\"A4\">\n<td class=\"trackPos_n8vad\"><span class=\"MuiTypography-root MuiTypography-labelSmall css-1kybk0l\">A4<\/span><\/td>\n<td class=\"trackTitle_loyWF\"><span class=\"MuiTypography-root MuiTypography-labelSmall css-1kybk0l\"><span class=\"trackTitle_loyWF\">Wiped Out!<\/span><\/span><\/td>\n<\/tr>\n<tr data-track-position=\"A5\">\n<td class=\"trackPos_n8vad\"><span class=\"MuiTypography-root MuiTypography-labelSmall css-1kybk0l\">A5<\/span><\/td>\n<td class=\"trackTitle_loyWF\"><span class=\"MuiTypography-root MuiTypography-labelSmall css-1kybk0l\"><span class=\"trackTitle_loyWF\">The Beach<\/span><\/span><\/td>\n<\/tr>\n<tr data-track-position=\"A6\">\n<td class=\"trackPos_n8vad\"><span class=\"MuiTypography-root MuiTypography-labelSmall css-1kybk0l\">A6<\/span><\/td>\n<td class=\"trackTitle_loyWF\"><span class=\"MuiTypography-root MuiTypography-labelSmall css-1kybk0l\"><span class=\"trackTitle_loyWF\">Daddy Issues<\/span><\/span><\/td>\n<\/tr>\n<tr data-track-position=\"B1\">\n<td class=\"trackPos_n8vad\"><span class=\"MuiTypography-root MuiTypography-labelSmall css-1kybk0l\">B1<\/span><\/td>\n<td class=\"trackTitle_loyWF\"><span class=\"MuiTypography-root MuiTypography-labelSmall css-1kybk0l\"><span class=\"trackTitle_loyWF\">Baby Came Home 2 \/ Valentines<\/span><\/span><\/td>\n<\/tr>\n<tr data-track-position=\"B2\">\n<td class=\"trackPos_n8vad\"><span class=\"MuiTypography-root MuiTypography-labelSmall css-1kybk0l\">B2<\/span><\/td>\n<td class=\"trackTitle_loyWF\"><span class=\"MuiTypography-root MuiTypography-labelSmall css-1kybk0l\"><span class=\"trackTitle_loyWF\">Greetings From Califournia<\/span><\/span><\/td>\n<\/tr>\n<tr data-track-position=\"B3\">\n<td class=\"trackPos_n8vad\"><span class=\"MuiTypography-root MuiTypography-labelSmall css-1kybk0l\">B3<\/span><\/td>\n<td class=\"trackTitle_loyWF\"><span class=\"MuiTypography-root MuiTypography-labelSmall css-1kybk0l\"><span class=\"trackTitle_loyWF\">Ferrari<\/span><\/span><\/td>\n<\/tr>\n<tr data-track-position=\"B4\">\n<td class=\"trackPos_n8vad\"><span class=\"MuiTypography-root MuiTypography-labelSmall css-1kybk0l\">B4<\/span><\/td>\n<td class=\"trackTitle_loyWF\"><span class=\"MuiTypography-root MuiTypography-labelSmall css-1kybk0l\"><span class=\"trackTitle_loyWF\">Single<\/span><\/span><\/td>\n<\/tr>\n<tr data-track-position=\"B5\">\n<td class=\"trackPos_n8vad\"><span class=\"MuiTypography-root MuiTypography-labelSmall css-1kybk0l\">B5<\/span><\/td>\n<td class=\"trackTitle_loyWF\"><span class=\"MuiTypography-root MuiTypography-labelSmall css-1kybk0l\"><span class=\"trackTitle_loyWF\">R.I.P. 2 My Youth<\/span><\/span><\/td>\n<\/tr>\n<tr data-track-position=\"C1\">\n<td class=\"trackPos_n8vad\"><span class=\"MuiTypography-root MuiTypography-labelSmall css-1kybk0l\">C1<\/span><\/td>\n<td class=\"trackTitle_loyWF\"><span class=\"MuiTypography-root MuiTypography-labelSmall css-1kybk0l\"><span class=\"trackTitle_loyWF\">Leather Weather<\/span><\/span><\/td>\n<\/tr>\n<tr data-track-position=\"C2\">\n<td class=\"trackPos_n8vad\"><span class=\"MuiTypography-root MuiTypography-labelSmall css-1kybk0l\">C2<\/span><\/td>\n<td class=\"trackTitle_loyWF\"><span class=\"MuiTypography-root MuiTypography-labelSmall css-1kybk0l\"><span class=\"trackTitle_loyWF\">Maniac<\/span><\/span><\/td>\n<\/tr>\n<tr data-track-position=\"C3\">\n<td class=\"trackPos_n8vad\"><span class=\"MuiTypography-root MuiTypography-labelSmall css-1kybk0l\">C3<\/span><\/td>\n<td class=\"trackTitle_loyWF\"><span class=\"MuiTypography-root MuiTypography-labelSmall css-1kybk0l\"><span class=\"trackTitle_loyWF\">Cinnamon<\/span><\/span><\/td>\n<\/tr>\n<tr data-track-position=\"C4\">\n<td class=\"trackPos_n8vad\"><span class=\"MuiTypography-root MuiTypography-labelSmall css-1kybk0l\">C4<\/span><\/td>\n<td class=\"trackTitle_loyWF\"><span class=\"MuiTypography-root MuiTypography-labelSmall css-1kybk0l\"><span class=\"trackTitle_loyWF\">Pressure<\/span><\/span><\/td>\n<\/tr>\n<tr data-track-position=\"C5\">\n<td class=\"trackPos_n8vad\"><span class=\"MuiTypography-root MuiTypography-labelSmall css-1kybk0l\">C5<\/span><\/td>\n<td class=\"trackTitle_loyWF\"><span class=\"MuiTypography-root MuiTypography-labelSmall css-1kybk0l\"><span class=\"trackTitle_loyWF\">Daddy Issues (Remix)<\/span><\/span><\/td>\n<\/tr>\n<tr data-track-position=\"D1\">\n<td class=\"trackPos_n8vad\"><span class=\"MuiTypography-root MuiTypography-labelSmall css-1kybk0l\">D1<\/span><\/td>\n<td class=\"trackTitle_loyWF\"><span class=\"MuiTypography-root MuiTypography-labelSmall css-1kybk0l\"><span class=\"trackTitle_loyWF\">The Beach (Demo)<\/span><\/span><\/td>\n<\/tr>\n<tr data-track-position=\"D2\">\n<td class=\"trackPos_n8vad\"><span class=\"MuiTypography-root MuiTypography-labelSmall css-1kybk0l\">D2<\/span><\/td>\n<td class=\"trackTitle_loyWF\"><span class=\"MuiTypography-root MuiTypography-labelSmall css-1kybk0l\"><span class=\"trackTitle_loyWF\">Greetings From Califournia (Demo)<\/span><\/span><\/td>\n<\/tr>\n<tr data-track-position=\"D3\">\n<td class=\"trackPos_n8vad\"><span class=\"MuiTypography-root MuiTypography-labelSmall css-1kybk0l\">D3<\/span><\/td>\n<td class=\"trackTitle_loyWF\"><span class=\"MuiTypography-root MuiTypography-labelSmall css-1kybk0l\"><span class=\"trackTitle_loyWF\">R.I.P. 2 My Youth (Demo)<\/span><\/span><\/td>\n<\/tr>\n<tr data-track-position=\"D4\">\n<td class=\"trackPos_n8vad\"><span class=\"MuiTypography-root MuiTypography-labelSmall css-1kybk0l\">D4<\/span><\/td>\n<td class=\"trackTitle_loyWF\"><span class=\"MuiTypography-root MuiTypography-labelSmall css-1kybk0l\"><span class=\"trackTitle_loyWF\">Daddy Issues (Memo)<\/span><\/span><\/td>\n<\/tr>\n<tr data-track-position=\"D5\">\n<td class=\"trackPos_n8vad\"><span class=\"MuiTypography-root MuiTypography-labelSmall css-1kybk0l\">D5<\/span><\/td>\n<td class=\"trackTitle_loyWF\"><span class=\"MuiTypography-root MuiTypography-labelSmall css-1kybk0l\"><span class=\"trackTitle_loyWF\">Cry Baby (Memo)<\/span><\/span><\/td>\n<\/tr>\n<tr data-track-position=\"D6\">\n<td class=\"trackPos_n8vad\"><span class=\"MuiTypography-root MuiTypography-labelSmall css-1kybk0l\">D6<\/span><\/td>\n<td class=\"trackTitle_loyWF\"><span class=\"MuiTypography-root MuiTypography-labelSmall css-1kybk0l\"><span class=\"trackTitle_loyWF\">Wiped Out?! (Memo)<\/span><\/span><\/td>\n<\/tr>\n<\/tbody>\n<\/table>\n<p>&nbsp;<\/p>\n<p><iframe style=\"width: 100%; max-width: 660px; overflow: hidden; border-radius: 10px;\" src=\"https:\/\/embed.music.apple.com\/us\/song\/a-moment-of-silence\/1030116009\" height=\"175\" frameborder=\"0\" sandbox=\"allow-forms allow-popups allow-same-origin allow-scripts allow-storage-access-by-user-activation allow-top-navigation-by-user-activation\"><\/iframe><\/p>\n<\/div>\n<\/section>","protected":false},"excerpt":{"rendered":"<p>LPX2 , Album, Stereo<\/p>","protected":false},"featured_media":18474,"template":"","meta":[],"product_brand":[],"product_cat":[16],"product_tag":[],"class_list":{"0":"post-18473","1":"product","2":"type-product","3":"status-publish","4":"has-post-thumbnail","6":"product_cat-vinyl","7":"pa_color-black","8":"pa_format-2lp","9":"pa_genre-electronic","10":"pa_genre-pop","11":"pa_genre-rock","12":"pa_stare-new","14":"first","15":"instock","16":"taxable","17":"shipping-taxable","18":"purchasable","19":"product-type-simple"},"jetpack_sharing_enabled":true,"_links":{"self":[{"href":"https:\/\/old.vinylka.md\/en\/wp-json\/wp\/v2\/product\/18473","targetHints":{"allow":["GET"]}}],"collection":[{"href":"https:\/\/old.vinylka.md\/en\/wp-json\/wp\/v2\/product"}],"about":[{"href":"https:\/\/old.vinylka.md\/en\/wp-json\/wp\/v2\/types\/product"}],"version-history":[{"count":0,"href":"https:\/\/old.vinylka.md\/en\/wp-json\/wp\/v2\/product\/18473\/revisions"}],"wp:featuredmedia":[{"embeddable":true,"href":"https:\/\/old.vinylka.md\/en\/wp-json\/wp\/v2\/media\/18474"}],"wp:attachment":[{"href":"https:\/\/old.vinylka.md\/en\/wp-json\/wp\/v2\/media?parent=18473"}],"wp:term":[{"taxonomy":"product_brand","embeddable":true,"href":"https:\/\/old.vinylka.md\/en\/wp-json\/wp\/v2\/product_brand?post=18473"},{"taxonomy":"product_cat","embeddable":true,"href":"https:\/\/old.vinylka.md\/en\/wp-json\/wp\/v2\/product_cat?post=18473"},{"taxonomy":"product_tag","embeddable":true,"href":"https:\/\/old.vinylka.md\/en\/wp-json\/wp\/v2\/product_tag?post=18473"}],"curies":[{"name":"wp","href":"https:\/\/api.w.org\/{rel}","templated":true}]}}