{"id":18788,"date":"2026-03-12T17:03:00","date_gmt":"2026-03-12T15:03:00","guid":{"rendered":"https:\/\/vinylka.md\/?post_type=product&#038;p=18788"},"modified":"2026-03-12T17:03:01","modified_gmt":"2026-03-12T15:03:01","slug":"ennio-morricone-60-years-of-music-2","status":"publish","type":"product","link":"https:\/\/old.vinylka.md\/en\/product\/ennio-morricone-60-years-of-music-2\/","title":{"rendered":"Ennio Morricone &#8211; 60 Years of Music"},"content":{"rendered":"<h2>Ennio Morricone &#8211; 60 Years of Music<\/h2>\n<p><a href=\"https:\/\/en.wikipedia.org\/wiki\/Phonograph_record\">Vinylul<\/a> \u201e60 Years of Music\u201d este o compila\u021bie special\u0103 dedicat\u0103 legendarului compozitor italian Ennio Morricone, celebr\u00e2nd peste \u0219ase decenii de crea\u021bie muzical\u0103 impresionant\u0103 pentru film \u0219i televiziune. Acest material reune\u0219te unele dintre cele mai reprezentative \u0219i apreciate compozi\u021bii din cariera sa, oferind o privire ampl\u0103 asupra universului sonor creat de unul dintre cei mai influen\u021bi compozitori ai cinematografiei.<\/p>\n<p><a href=\"https:\/\/vinylka.md\/\">Vinylul<\/a> include teme memorabile din coloane sonore celebre, precum \u201eThe Good, the Bad and the Ugly\u201d, \u201eOnce Upon a Time in the West\u201d, \u201eCinema Paradiso\u201d \u0219i multe altele, piese care au devenit emblematice pentru stilul cinematic \u0219i dramatic al lui Morricone.<\/p>\n<section id=\"release-tracklist\" class=\"section_Odw8o open_FaEHZ\">\n<header class=\"header_BgEm1\">\n<h2 class=\"MuiTypography-root MuiTypography-headLineLarge css-1l4s8ze\">Tracklist<\/h2>\n<\/header>\n<div class=\"content_ETGfR\">\n<table class=\"tracklist_ZdQ0I\">\n<tbody>\n<tr data-track-position=\"A1\">\n<td class=\"trackPos_n8vad\"><span class=\"MuiTypography-root MuiTypography-labelSmall css-1kybk0l\">A1<\/span><\/td>\n<td class=\"trackTitle_loyWF\"><span class=\"MuiTypography-root MuiTypography-labelSmall css-1kybk0l\"><span class=\"trackTitle_loyWF\">The Man With The Harmonica (Once Upon A Time In The West)<\/span><\/span><\/td>\n<td class=\"duration_GhhxK\"><span class=\"MuiTypography-root MuiTypography-labelSmall css-1kybk0l\">3:27<\/span><\/td>\n<\/tr>\n<tr data-track-position=\"A2\">\n<td class=\"trackPos_n8vad\"><span class=\"MuiTypography-root MuiTypography-labelSmall css-1kybk0l\">A2<\/span><\/td>\n<td class=\"trackTitle_loyWF\"><span class=\"MuiTypography-root MuiTypography-labelSmall css-1kybk0l\"><span class=\"trackTitle_loyWF\">The Fortress (The Good, The Bad And The Ugly)<\/span><\/span><\/td>\n<td class=\"duration_GhhxK\"><span class=\"MuiTypography-root MuiTypography-labelSmall css-1kybk0l\">2:14<\/span><\/td>\n<\/tr>\n<tr data-track-position=\"A3\">\n<td class=\"trackPos_n8vad\"><span class=\"MuiTypography-root MuiTypography-labelSmall css-1kybk0l\">A3<\/span><\/td>\n<td class=\"trackTitle_loyWF\"><span class=\"MuiTypography-root MuiTypography-labelSmall css-1kybk0l\"><span class=\"trackTitle_loyWF\">Main Theme (The Good, The Bad And The Ugly)<\/span><\/span><\/td>\n<td class=\"duration_GhhxK\"><span class=\"MuiTypography-root MuiTypography-labelSmall css-1kybk0l\">2:40<\/span><\/td>\n<\/tr>\n<tr data-track-position=\"A4\">\n<td class=\"trackPos_n8vad\"><span class=\"MuiTypography-root MuiTypography-labelSmall css-1kybk0l\">A4<\/span><\/td>\n<td class=\"trackTitle_loyWF\"><span class=\"MuiTypography-root MuiTypography-labelSmall css-1kybk0l\"><span class=\"trackTitle_loyWF\">Once Upon A Time In America (Jill&#8217;s Theme)<\/span><\/span><\/td>\n<td class=\"duration_GhhxK\"><span class=\"MuiTypography-root MuiTypography-labelSmall css-1kybk0l\">3:06<\/span><\/td>\n<\/tr>\n<tr data-track-position=\"A5\">\n<td class=\"trackPos_n8vad\"><span class=\"MuiTypography-root MuiTypography-labelSmall css-1kybk0l\">A5<\/span><\/td>\n<td class=\"trackTitle_loyWF\"><span class=\"MuiTypography-root MuiTypography-labelSmall css-1kybk0l\"><span class=\"trackTitle_loyWF\">Main Theme (Fistfull Of Dynamite)<\/span><\/span><\/td>\n<td class=\"duration_GhhxK\"><span class=\"MuiTypography-root MuiTypography-labelSmall css-1kybk0l\">3:26<\/span><\/td>\n<\/tr>\n<tr data-track-position=\"A6\">\n<td class=\"trackPos_n8vad\"><span class=\"MuiTypography-root MuiTypography-labelSmall css-1kybk0l\">A6<\/span><\/td>\n<td class=\"trackTitle_loyWF\"><span class=\"MuiTypography-root MuiTypography-labelSmall css-1kybk0l\"><span class=\"trackTitle_loyWF\">The Ecstasy Of Gold (The Good, The Bad And The Ugly)<\/span><\/span><\/td>\n<td class=\"duration_GhhxK\"><span class=\"MuiTypography-root MuiTypography-labelSmall css-1kybk0l\">2:54<\/span><\/td>\n<\/tr>\n<tr data-track-position=\"B1\">\n<td class=\"trackPos_n8vad\"><span class=\"MuiTypography-root MuiTypography-labelSmall css-1kybk0l\">B1<\/span><\/td>\n<td class=\"trackTitle_loyWF\"><span class=\"MuiTypography-root MuiTypography-labelSmall css-1kybk0l\"><span class=\"trackTitle_loyWF\">Chi Mai<\/span><\/span><\/td>\n<td class=\"duration_GhhxK\"><span class=\"MuiTypography-root MuiTypography-labelSmall css-1kybk0l\">3:20<\/span><\/td>\n<\/tr>\n<tr data-track-position=\"B2\">\n<td class=\"trackPos_n8vad\"><span class=\"MuiTypography-root MuiTypography-labelSmall css-1kybk0l\">B2<\/span><\/td>\n<td class=\"trackTitle_loyWF\"><span class=\"MuiTypography-root MuiTypography-labelSmall css-1kybk0l\"><span class=\"trackTitle_loyWF\">Main Theme &#8211; H2S (Once Upon A Time In The West)<\/span><\/span><\/td>\n<td class=\"duration_GhhxK\"><span class=\"MuiTypography-root MuiTypography-labelSmall css-1kybk0l\">2:30<\/span><\/td>\n<\/tr>\n<tr data-track-position=\"B3\">\n<td class=\"trackPos_n8vad\"><span class=\"MuiTypography-root MuiTypography-labelSmall css-1kybk0l\">B3<\/span><\/td>\n<td class=\"trackTitle_loyWF\"><span class=\"MuiTypography-root MuiTypography-labelSmall css-1kybk0l\"><span class=\"trackTitle_loyWF\">Second Theme (Metti, Una Sera A Cena)<\/span><\/span><\/td>\n<td class=\"duration_GhhxK\"><span class=\"MuiTypography-root MuiTypography-labelSmall css-1kybk0l\">3:30<\/span><\/td>\n<\/tr>\n<tr data-track-position=\"B4\">\n<td class=\"trackPos_n8vad\"><span class=\"MuiTypography-root MuiTypography-labelSmall css-1kybk0l\">B4<\/span><\/td>\n<td class=\"trackTitle_loyWF\"><span class=\"MuiTypography-root MuiTypography-labelSmall css-1kybk0l\"><span class=\"trackTitle_loyWF\">Croce D&#8217;amore<\/span><\/span><\/td>\n<td class=\"duration_GhhxK\"><span class=\"MuiTypography-root MuiTypography-labelSmall css-1kybk0l\">4:34<\/span><\/td>\n<\/tr>\n<tr data-track-position=\"B5\">\n<td class=\"trackPos_n8vad\"><span class=\"MuiTypography-root MuiTypography-labelSmall css-1kybk0l\">B5<\/span><\/td>\n<td class=\"trackTitle_loyWF\"><span class=\"MuiTypography-root MuiTypography-labelSmall css-1kybk0l\"><span class=\"trackTitle_loyWF\">Deborah&#8217;s Theme (Once Upon A Time In The West)<\/span><\/span><\/td>\n<td class=\"duration_GhhxK\"><span class=\"MuiTypography-root MuiTypography-labelSmall css-1kybk0l\">3:21<\/span><\/td>\n<\/tr>\n<tr data-track-position=\"C1\">\n<td class=\"trackPos_n8vad\"><span class=\"MuiTypography-root MuiTypography-labelSmall css-1kybk0l\">C1<\/span><\/td>\n<td class=\"trackTitle_loyWF\"><span class=\"MuiTypography-root MuiTypography-labelSmall css-1kybk0l\"><span class=\"trackTitle_loyWF\">Gabriel&#8217;s Oboe (The Mission)<\/span><\/span><\/td>\n<td class=\"duration_GhhxK\"><span class=\"MuiTypography-root MuiTypography-labelSmall css-1kybk0l\">2:04<\/span><\/td>\n<\/tr>\n<tr data-track-position=\"C2\">\n<td class=\"trackPos_n8vad\"><span class=\"MuiTypography-root MuiTypography-labelSmall css-1kybk0l\">C2<\/span><\/td>\n<td class=\"trackTitle_loyWF\"><span class=\"MuiTypography-root MuiTypography-labelSmall css-1kybk0l\"><span class=\"trackTitle_loyWF\">Falls (The Mission)<\/span><\/span><\/td>\n<td class=\"duration_GhhxK\"><span class=\"MuiTypography-root MuiTypography-labelSmall css-1kybk0l\">2:56<\/span><\/td>\n<\/tr>\n<tr data-track-position=\"C3\">\n<td class=\"trackPos_n8vad\"><span class=\"MuiTypography-root MuiTypography-labelSmall css-1kybk0l\">C3<\/span><\/td>\n<td class=\"trackTitle_loyWF\"><span class=\"MuiTypography-root MuiTypography-labelSmall css-1kybk0l\"><span class=\"trackTitle_loyWF\">On Earth As It Is In Heaven (The Mission)<\/span><\/span><\/td>\n<td class=\"duration_GhhxK\"><span class=\"MuiTypography-root MuiTypography-labelSmall css-1kybk0l\">3:17<\/span><\/td>\n<\/tr>\n<tr data-track-position=\"C4\">\n<td class=\"trackPos_n8vad\"><span class=\"MuiTypography-root MuiTypography-labelSmall css-1kybk0l\">C4<\/span><\/td>\n<td class=\"trackTitle_loyWF\"><span class=\"MuiTypography-root MuiTypography-labelSmall css-1kybk0l\"><span class=\"trackTitle_loyWF\">Nuovo (Cinema Paradiso)<\/span><\/span><\/td>\n<td class=\"duration_GhhxK\"><span class=\"MuiTypography-root MuiTypography-labelSmall css-1kybk0l\">1:55<\/span><\/td>\n<\/tr>\n<tr data-track-position=\"C5\">\n<td class=\"trackPos_n8vad\"><span class=\"MuiTypography-root MuiTypography-labelSmall css-1kybk0l\">C5<\/span><\/td>\n<td class=\"trackTitle_loyWF\"><span class=\"MuiTypography-root MuiTypography-labelSmall css-1kybk0l\"><span class=\"trackTitle_loyWF\">Love Theme (Cinema Paradiso)<\/span><\/span><\/td>\n<td class=\"duration_GhhxK\"><span class=\"MuiTypography-root MuiTypography-labelSmall css-1kybk0l\">3:31<\/span><\/td>\n<\/tr>\n<tr data-track-position=\"C6\">\n<td class=\"trackPos_n8vad\"><span class=\"MuiTypography-root MuiTypography-labelSmall css-1kybk0l\">C6<\/span><\/td>\n<td class=\"trackTitle_loyWF\"><span class=\"MuiTypography-root MuiTypography-labelSmall css-1kybk0l\"><span class=\"trackTitle_loyWF\">Abolisson (Queimada)<\/span><\/span><\/td>\n<td class=\"duration_GhhxK\"><span class=\"MuiTypography-root MuiTypography-labelSmall css-1kybk0l\">3:51<\/span><\/td>\n<\/tr>\n<tr data-track-position=\"D1\">\n<td class=\"trackPos_n8vad\"><span class=\"MuiTypography-root MuiTypography-labelSmall css-1kybk0l\">D1<\/span><\/td>\n<td class=\"trackTitle_loyWF\"><span class=\"MuiTypography-root MuiTypography-labelSmall css-1kybk0l\"><span class=\"trackTitle_loyWF\">Stage Coach To Red Rock (The Hateful Eight)<\/span><\/span><\/td>\n<td class=\"duration_GhhxK\"><span class=\"MuiTypography-root MuiTypography-labelSmall css-1kybk0l\">7:02<\/span><\/td>\n<\/tr>\n<tr data-track-position=\"D2\">\n<td class=\"trackPos_n8vad\"><span class=\"MuiTypography-root MuiTypography-labelSmall css-1kybk0l\">D2<\/span><\/td>\n<td class=\"trackTitle_loyWF\"><span class=\"MuiTypography-root MuiTypography-labelSmall css-1kybk0l\"><span class=\"trackTitle_loyWF\">Bestiality (The Hateful Eight)<\/span><\/span><\/td>\n<td class=\"duration_GhhxK\"><span class=\"MuiTypography-root MuiTypography-labelSmall css-1kybk0l\">2:43<\/span><\/td>\n<\/tr>\n<tr data-track-position=\"D3\">\n<td class=\"trackPos_n8vad\"><span class=\"MuiTypography-root MuiTypography-labelSmall css-1kybk0l\">D3<\/span><\/td>\n<td class=\"trackTitle_loyWF\"><span class=\"MuiTypography-root MuiTypography-labelSmall css-1kybk0l\"><span class=\"trackTitle_loyWF\">Main Theme (A Few Dollars More)<\/span><\/span><\/td>\n<td class=\"duration_GhhxK\"><span class=\"MuiTypography-root MuiTypography-labelSmall css-1kybk0l\">2:50<\/span><\/td>\n<\/tr>\n<tr data-track-position=\"D4\">\n<td class=\"trackPos_n8vad\"><span class=\"MuiTypography-root MuiTypography-labelSmall css-1kybk0l\">D4<\/span><\/td>\n<td class=\"trackTitle_loyWF\"><span class=\"MuiTypography-root MuiTypography-labelSmall css-1kybk0l\"><span class=\"trackTitle_loyWF\">Titoli (Fistful Of Dollars)<\/span><\/span><\/td>\n<td class=\"duration_GhhxK\"><span class=\"MuiTypography-root MuiTypography-labelSmall css-1kybk0l\">2:38<\/span><\/td>\n<\/tr>\n<tr data-track-position=\"D5\">\n<td class=\"trackPos_n8vad\"><span class=\"MuiTypography-root MuiTypography-labelSmall css-1kybk0l\">D5<\/span><\/td>\n<td class=\"trackTitle_loyWF\"><span class=\"MuiTypography-root MuiTypography-labelSmall css-1kybk0l\"><span class=\"trackTitle_loyWF\">La Califfa<\/span><\/span><\/td>\n<td class=\"duration_GhhxK\"><span class=\"MuiTypography-root MuiTypography-labelSmall css-1kybk0l\">2:35<\/span><\/td>\n<\/tr>\n<tr data-track-position=\"D6\">\n<td class=\"trackPos_n8vad\"><span class=\"MuiTypography-root MuiTypography-labelSmall css-1kybk0l\">D6<\/span><\/td>\n<td class=\"trackTitle_loyWF\"><span class=\"MuiTypography-root MuiTypography-labelSmall css-1kybk0l\"><span class=\"trackTitle_loyWF\">Death Theme (The Untouchables)<\/span><\/span><\/td>\n<td class=\"duration_GhhxK\"><span class=\"MuiTypography-root MuiTypography-labelSmall css-1kybk0l\">2:43<\/span><\/td>\n<\/tr>\n<\/tbody>\n<\/table>\n<p>&nbsp;<\/p>\n<\/div>\n<\/section>\n<p><iframe style=\"width: 100%; max-width: 660px; overflow: hidden; border-radius: 10px;\" src=\"https:\/\/embed.music.apple.com\/us\/album\/morricone-60\/1440830699\" height=\"450\" frameborder=\"0\" sandbox=\"allow-forms allow-popups allow-same-origin allow-scripts allow-storage-access-by-user-activation allow-top-navigation-by-user-activation\"><\/iframe><\/p>","protected":false},"excerpt":{"rendered":"<p>LPX2, Album<\/p>","protected":false},"featured_media":18789,"template":"","meta":[],"product_brand":[],"product_cat":[16],"product_tag":[],"class_list":{"0":"post-18788","1":"product","2":"type-product","3":"status-publish","4":"has-post-thumbnail","6":"product_cat-vinyl","7":"pa_color-colored","8":"pa_format-2lp","9":"pa_genre-stagescreen","10":"pa_stare-new","12":"first","13":"onbackorder","14":"taxable","15":"shipping-taxable","16":"purchasable","17":"product-type-simple"},"jetpack_sharing_enabled":true,"_links":{"self":[{"href":"https:\/\/old.vinylka.md\/en\/wp-json\/wp\/v2\/product\/18788","targetHints":{"allow":["GET"]}}],"collection":[{"href":"https:\/\/old.vinylka.md\/en\/wp-json\/wp\/v2\/product"}],"about":[{"href":"https:\/\/old.vinylka.md\/en\/wp-json\/wp\/v2\/types\/product"}],"version-history":[{"count":1,"href":"https:\/\/old.vinylka.md\/en\/wp-json\/wp\/v2\/product\/18788\/revisions"}],"predecessor-version":[{"id":18792,"href":"https:\/\/old.vinylka.md\/en\/wp-json\/wp\/v2\/product\/18788\/revisions\/18792"}],"wp:featuredmedia":[{"embeddable":true,"href":"https:\/\/old.vinylka.md\/en\/wp-json\/wp\/v2\/media\/18789"}],"wp:attachment":[{"href":"https:\/\/old.vinylka.md\/en\/wp-json\/wp\/v2\/media?parent=18788"}],"wp:term":[{"taxonomy":"product_brand","embeddable":true,"href":"https:\/\/old.vinylka.md\/en\/wp-json\/wp\/v2\/product_brand?post=18788"},{"taxonomy":"product_cat","embeddable":true,"href":"https:\/\/old.vinylka.md\/en\/wp-json\/wp\/v2\/product_cat?post=18788"},{"taxonomy":"product_tag","embeddable":true,"href":"https:\/\/old.vinylka.md\/en\/wp-json\/wp\/v2\/product_tag?post=18788"}],"curies":[{"name":"wp","href":"https:\/\/api.w.org\/{rel}","templated":true}]}}