{"id":18998,"date":"2026-03-19T15:06:57","date_gmt":"2026-03-19T13:06:57","guid":{"rendered":"https:\/\/vinylka.md\/?post_type=product&#038;p=18998"},"modified":"2026-03-19T16:19:03","modified_gmt":"2026-03-19T14:19:03","slug":"naim-uniti-star","status":"publish","type":"product","link":"https:\/\/old.vinylka.md\/en\/product\/naim-uniti-star\/","title":{"rendered":"Naim Uniti Star"},"content":{"rendered":"<h1>Naim Uniti Star<\/h1>\n<p><strong>Personalizeaz\u0103-\u021bi sistemul<\/strong><\/p>\n<p>Uniti Star combin\u0103 un amplificator de \u00eenalt\u0103 performan\u021b\u0103 cu func\u021bionalit\u0103\u021bi de streaming avansate, oferind o experien\u021b\u0103 audio premium \u00eentr-un design elegant. Este perfect pentru cei care doresc o solu\u021bie all-in-one, ce include un CD player integrat \u0219i op\u021biuni de streaming wireless \u0219i cablat. Controlul este u\u0219or prin aplica\u021bia Naim pe smartphone.<\/p>\n<p><strong>Caracteristici principale<\/strong><\/p>\n<ul>\n<li>Streaming wireless \u0219i cablat: TIDAL, Spotify, Qobuz, AirPlay 2, Chromecast, Bluetooth, UPnP\u2122.<\/li>\n<li>Conectivitate versatil\u0103: HDMI ARC, S\/PDIF, intrare analogic\u0103, intrare RCA, recep\u021bie UPnP\u2122.<\/li>\n<li>Amplificator intern clasa A\/B cu 70W pe canal la 8 ohmi.<\/li>\n<li>CD player integrat pentru redare direct\u0103 din discuri.<\/li>\n<li>Porturi pentru conectarea subwooferelor \u0219i zone suplimentare (Zone 2 output).<\/li>\n<li>Alimentare universal\u0103 100V-240V.<\/li>\n<\/ul>\n<p><strong>Focal &amp; Naim App<\/strong><\/p>\n<p>Controleaz\u0103 \u0219i personalizeaz\u0103 experien\u021ba audio cu aplica\u021bia Focal &amp; Naim. Redare instantanee pe dispozitivele Naim conectate, acces la milioane de piese muzicale \u0219i ajustarea set\u0103rilor audio direct de pe telefonul mobil. Disponibil\u0103 pentru Android \u0219i iOS.<\/p>\n<p><strong>Inputs\/Outputs Specifications<\/strong><\/p>\n<ul>\n<li>Gain analogic: 29 dB<\/li>\n<li>Intr\u0103ri analogice: Stereo RCA (47k\u03a9 \/ 2.5V RMS)<\/li>\n<li>Ie\u015firi analogice: 1 Stereo RCA (Main), Terminal block pentru difuzoare (Euroblock \/ Banana connector &#8211; 4mm), 1 Stereo RCA (Sub\/Aux)<\/li>\n<li>Intr\u0103ri digitale:\n<ul>\n<li>S\/PDIF \u2013 p\u00e2n\u0103 la 96kHz \/ 24bit<\/li>\n<li>HDMI ARC \u2013 LPCM p\u00e2n\u0103 la 192kHz \/ 24bit Stereo<\/li>\n<\/ul>\n<\/li>\n<li>Putere de ie\u0219ire:\n<ul>\n<li>8 \u03a9: 70 W pe canal<\/li>\n<li>4 \u03a9: 100 W pe canal<\/li>\n<\/ul>\n<\/li>\n<\/ul>\n<p><strong>Streaming \/ Surse<\/strong><\/p>\n<div>\n<ul>\n<li>Re\u021bea: Ethernet (1000\/100\/10 Mbps), Wi-Fi (Wi-Fi 6)<\/li>\n<li>Streaming &#8211; Stereo: Apple AirPlay 2, Bluetooth, Chromecast, Radio pe internet, Qobuz, Spotify\u00ae Connect, TIDAL, UPnP\u2122<\/li>\n<\/ul>\n<\/div>\n<p><strong>Control<\/strong><\/p>\n<div>\n<ul>\n<li>Control prin aplica\u021bie: Focal &amp; Naim App<\/li>\n<li>Sisteme de operare mobile suportate: Android, iOS<\/li>\n<li>Actualiz\u0103ri: Actualiza\u021bi sistemul prin conexiune wireless prin aplica\u021bia Focal &amp; Naim<\/li>\n<li>Control utilizator: Focal &amp; Naim Manager<\/li>\n<\/ul>\n<\/div>","protected":false},"excerpt":{"rendered":"<p>Amplificator 70W pe canal, CD player integrat, streaming wireless (TIDAL, Spotify, AirPlay 2), HDMI ARC, S\/PDIF, RCA, UPnP\u2122, control prin aplica\u021bia Focal &amp; Naim.<\/p>","protected":false},"featured_media":18999,"template":"","meta":[],"product_brand":[],"product_cat":[225,206,284,293],"product_tag":[],"class_list":{"0":"post-18998","1":"product","2":"type-product","3":"status-publish","4":"has-post-thumbnail","6":"product_cat-amplifier","7":"product_cat-echipament","8":"product_cat-hi-fi-vinyl","9":"product_cat-naim","11":"first","12":"instock","13":"taxable","14":"shipping-taxable","15":"purchasable","16":"product-type-simple"},"jetpack_sharing_enabled":true,"_links":{"self":[{"href":"https:\/\/old.vinylka.md\/en\/wp-json\/wp\/v2\/product\/18998","targetHints":{"allow":["GET"]}}],"collection":[{"href":"https:\/\/old.vinylka.md\/en\/wp-json\/wp\/v2\/product"}],"about":[{"href":"https:\/\/old.vinylka.md\/en\/wp-json\/wp\/v2\/types\/product"}],"version-history":[{"count":1,"href":"https:\/\/old.vinylka.md\/en\/wp-json\/wp\/v2\/product\/18998\/revisions"}],"predecessor-version":[{"id":19003,"href":"https:\/\/old.vinylka.md\/en\/wp-json\/wp\/v2\/product\/18998\/revisions\/19003"}],"wp:featuredmedia":[{"embeddable":true,"href":"https:\/\/old.vinylka.md\/en\/wp-json\/wp\/v2\/media\/18999"}],"wp:attachment":[{"href":"https:\/\/old.vinylka.md\/en\/wp-json\/wp\/v2\/media?parent=18998"}],"wp:term":[{"taxonomy":"product_brand","embeddable":true,"href":"https:\/\/old.vinylka.md\/en\/wp-json\/wp\/v2\/product_brand?post=18998"},{"taxonomy":"product_cat","embeddable":true,"href":"https:\/\/old.vinylka.md\/en\/wp-json\/wp\/v2\/product_cat?post=18998"},{"taxonomy":"product_tag","embeddable":true,"href":"https:\/\/old.vinylka.md\/en\/wp-json\/wp\/v2\/product_tag?post=18998"}],"curies":[{"name":"wp","href":"https:\/\/api.w.org\/{rel}","templated":true}]}}