{"id":10892,"date":"2024-04-17T08:56:14","date_gmt":"2024-04-17T06:56:14","guid":{"rendered":"https:\/\/vinylka.md\/?page_id=10892"},"modified":"2024-04-21T09:06:10","modified_gmt":"2024-04-21T07:06:10","slug":"livrare","status":"publish","type":"page","link":"https:\/\/old.vinylka.md\/ru\/livrare\/","title":{"rendered":"\u0414\u043e\u0441\u0442\u0430\u0432\u043a\u0430"},"content":{"rendered":"<div data-elementor-type=\"wp-page\" data-elementor-id=\"10892\" class=\"elementor elementor-10892\" data-elementor-post-type=\"page\">\n\t\t\t\t\t\t<section class=\"elementor-section elementor-top-section elementor-element elementor-element-ad4e515 elementor-section-boxed elementor-section-height-default elementor-section-height-default\" data-id=\"ad4e515\" data-element_type=\"section\" data-e-type=\"section\">\n\t\t\t\t\t\t<div class=\"elementor-container elementor-column-gap-default\">\n\t\t\t\t\t<div class=\"elementor-column elementor-col-100 elementor-top-column elementor-element elementor-element-0bfa9e3\" data-id=\"0bfa9e3\" data-element_type=\"column\" data-e-type=\"column\">\n\t\t\t<div class=\"elementor-widget-wrap elementor-element-populated\">\n\t\t\t\t\t\t<div class=\"elementor-element elementor-element-e569bf4 elementor-widget elementor-widget-text-editor\" data-id=\"e569bf4\" data-element_type=\"widget\" data-e-type=\"widget\" data-widget_type=\"text-editor.default\">\n\t\t\t\t<div class=\"elementor-widget-container\">\n\t\t\t\t\t\t\t\t\t<p dir=\"ltr\" style=\"line-height: 1.2; text-align: justify; background-color: #ffffff; margin-top: 0pt; margin-bottom: 0pt; padding: 0pt 0pt 15pt 0pt;\"><font color=\"#000000\" face=\"Arial\"><span style=\"font-size: 13.3333px; white-space-collapse: preserve;\">\u0414\u043e\u0441\u0442\u0430\u0432\u043a\u0430 \u0432 \u043f\u0440\u0435\u0434\u0435\u043b\u0430\u0445 \u043c\u0443\u043d\u0438\u0446\u0438\u043f\u0438\u044f \u041a\u0438\u0448\u0438\u043d\u0451\u0432 \u043e\u0431\u044b\u0447\u043d\u043e \u043e\u0441\u0443\u0449\u0435\u0441\u0442\u0432\u043b\u044f\u0435\u0442\u0441\u044f \u0432 \u0442\u043e\u0442 \u0436\u0435 \u0434\u0435\u043d\u044c \u0438\u043b\u0438, \u0441\u0430\u043c\u043e\u0435 \u043f\u043e\u0437\u0434\u043d\u0435\u0435, \u043d\u0430 \u0441\u043b\u0435\u0434\u0443\u044e\u0449\u0438\u0439 \u0440\u0430\u0431\u043e\u0447\u0438\u0439 \u0434\u0435\u043d\u044c, \u043e\u0434\u043d\u0430\u043a\u043e \u043e\u0444\u0438\u0446\u0438\u0430\u043b\u044c\u043d\u044b\u0439 \u0441\u0440\u043e\u043a \u0434\u043e\u0441\u0442\u0430\u0432\u043a\u0438 \u0441\u043e\u0441\u0442\u0430\u0432\u043b\u044f\u0435\u0442 \u0434\u043e 72 \u0447\u0430\u0441\u043e\u0432 \u0441 \u043c\u043e\u043c\u0435\u043d\u0442\u0430 \u043f\u043e\u0434\u0442\u0432\u0435\u0440\u0436\u0434\u0435\u043d\u0438\u044f \u0437\u0430\u043a\u0430\u0437\u0430 \u043d\u0430\u0448\u0438\u043c\u0438 \u043e\u043f\u0435\u0440\u0430\u0442\u043e\u0440\u0430\u043c\u0438. \u0414\u043e\u0441\u0442\u0430\u0432\u043a\u0430 \u043f\u0440\u043e\u0438\u0437\u0432\u043e\u0434\u0438\u0442\u0441\u044f \u0441 09:00 \u0434\u043e 20:00 \u0438 \u044f\u0432\u043b\u044f\u0435\u0442\u0441\u044f \u0431\u0435\u0441\u043f\u043b\u0430\u0442\u043d\u043e\u0439 \u0434\u043b\u044f \u0437\u0430\u043a\u0430\u0437\u043e\u0432 \u043d\u0430 \u0441\u0443\u043c\u043c\u0443 \u043d\u0435 \u043c\u0435\u043d\u0435\u0435 300 MDL. \u0414\u043b\u044f \u0437\u0430\u043a\u0430\u0437\u043e\u0432 \u0441 \u043c\u0435\u043d\u044c\u0448\u0435\u0439 \u0441\u0443\u043c\u043c\u043e\u0439 \u0432\u0437\u0438\u043c\u0430\u0435\u0442\u0441\u044f \u043f\u043b\u0430\u0442\u0430 \u0437\u0430 \u0434\u043e\u0441\u0442\u0430\u0432\u043a\u0443 \u0432 \u0440\u0430\u0437\u043c\u0435\u0440\u0435 30 MDL (\u043a\u043e\u0442\u043e\u0440\u0430\u044f \u0431\u0443\u0434\u0435\u0442 \u0432\u043a\u043b\u044e\u0447\u0435\u043d\u0430 \u0432 \u043e\u0431\u0449\u0443\u044e \u0441\u0443\u043c\u043c\u0443 \u0442\u0440\u0430\u043d\u0437\u0430\u043a\u0446\u0438\u0438\/\u0437\u0430\u043a\u0430\u0437\u0430).<\/span><\/font><\/p><font color=\"#000000\" face=\"Arial\">\n<\/font><p class=\"translation-block\"><span style=\"color: black;font-family: Arial;font-size: 13.3333px;background-color: var(--paletteColor8);font-style: var(--fontStyle, inherit);font-weight: var(--fontWeight);letter-spacing: var(--letterSpacing);text-transform: var(--textTransform)\">\u0414\u043e\u0441\u0442\u0430\u0432\u043a\u0438 \u043f\u043e \u0442\u0435\u0440\u0440\u0438\u0442\u043e\u0440\u0438\u0438 \u0420\u0435\u0441\u043f\u0443\u0431\u043b\u0438\u043a\u0438 \u041c\u043e\u043b\u0434\u043e\u0432\u0430 \u043e\u0431\u044b\u0447\u043d\u043e \u043e\u0441\u0443\u0449\u0435\u0441\u0442\u0432\u043b\u044f\u044e\u0442\u0441\u044f <\/span><span style=\"font-style: var(--fontStyle, inherit);font-weight: var(--fontWeight);letter-spacing: var(--letterSpacing);text-transform: var(--textTransform);color: black;font-family: Arial;font-size: 13.3333px\">\u043d\u0430 \u0441\u043b\u0435\u0434\u0443\u044e\u0449\u0438\u0439 \u0440\u0430\u0431\u043e\u0447\u0438\u0439 \u0434\u0435\u043d\u044c<\/span><font color=\"black\" face=\"Arial\" style=\"font-size: inherit;font-style: var(--fontStyle, inherit);font-weight: var(--fontWeight);letter-spacing: var(--letterSpacing);text-transform: var(--textTransform)\"><span style=\"font-size: 13.3333px\">, <\/span><\/font><span style=\"color: black;font-family: Arial;font-size: 13.3333px;background-color: var(--paletteColor8);font-style: var(--fontStyle, inherit);font-weight: var(--fontWeight);letter-spacing: var(--letterSpacing);text-transform: var(--textTransform)\">\u043d\u043e <\/span><font color=\"black\" face=\"Arial\" style=\"font-size: inherit;font-style: var(--fontStyle, inherit);font-weight: var(--fontWeight);letter-spacing: var(--letterSpacing);text-transform: var(--textTransform)\"><span style=\"font-size: 13.3333px\">\u043e\u0444\u0438\u0446\u0438\u0430\u043b\u044c\u043d\u044b\u0439 \u0441\u0440\u043e\u043a \u0441\u043e\u0441\u0442\u0430\u0432\u043b\u044f\u0435\u0442 <\/span><\/font><span style=\"background-color: var(--paletteColor8);font-style: var(--fontStyle, inherit);font-weight: var(--fontWeight);letter-spacing: var(--letterSpacing);text-transform: var(--textTransform);color: black;font-family: Arial;font-size: 13.3333px\">\u0434\u043e <\/span><span style=\"font-style: var(--fontStyle, inherit);font-weight: var(--fontWeight);letter-spacing: var(--letterSpacing);text-transform: var(--textTransform);font-size: 13.3333px;color: black;font-family: Arial\">120 \u0447\u0430\u0441\u043e\u0432 \u0441 \u043c\u043e\u043c\u0435\u043d\u0442\u0430 \u043f\u043e\u0434\u0442\u0432\u0435\u0440\u0436\u0434\u0435\u043d\u0438\u044f \u0437\u0430\u043a\u0430\u0437\u0430. \u0414\u043e\u0441\u0442\u0430\u0432\u043a\u0438 \u043e\u0441\u0443\u0449\u0435\u0441\u0442\u0432\u043b\u044f\u044e\u0442\u0441\u044f \u0441 09:00 \u0434\u043e 20:00 \u0438 \u044f\u0432\u043b\u044f\u044e\u0442\u0441\u044f \u0431\u0435\u0441\u043f\u043b\u0430\u0442\u043d\u044b\u043c\u0438 \u0434\u043b\u044f \u0437\u0430\u043a\u0430\u0437\u043e\u0432 \u043d\u0430 \u0441\u0443\u043c\u043c\u0443 \u043d\u0435 \u043c\u0435\u043d\u0435\u0435 800 MDL. \u0414\u043b\u044f \u0437\u0430\u043a\u0430\u0437\u043e\u0432 \u0441 \u043c\u0435\u043d\u044c\u0448\u0435\u0439 \u0441\u0443\u043c\u043c\u043e\u0439 \u0432\u0437\u0438\u043c\u0430\u0435\u0442\u0441\u044f \u043f\u043b\u0430\u0442\u0430 \u0437\u0430 \u0434\u043e\u0441\u0442\u0430\u0432\u043a\u0443 \u0432 \u0440\u0430\u0437\u043c\u0435\u0440\u0435 65 MDL (\u043a\u043e\u0442\u043e\u0440\u0430\u044f \u0431\u0443\u0434\u0435\u0442 \u0432\u043a\u043b\u044e\u0447\u0435\u043d\u0430 \u0432 \u043e\u0431\u0449\u0443\u044e \u0441\u0443\u043c\u043c\u0443 \u0442\u0440\u0430\u043d\u0437\u0430\u043a\u0446\u0438\u0438\/\u0437\u0430\u043a\u0430\u0437\u0430).<\/span><\/p>\n<p dir=\"ltr\" style=\"line-height: 1.2; text-align: justify; background-color: #ffffff; margin-top: 0pt; margin-bottom: 0pt; padding: 0pt 0pt 15pt 0pt;\"><font color=\"#000000\" face=\"Arial\"><span style=\"font-size: 13.3333px; white-space-collapse: preserve;\">\u0414\u043b\u044f \u043f\u0440\u0435\u0434\u0437\u0430\u043a\u0430\u0437\u043e\u0432 \u0441\u0440\u043e\u043a \u0434\u043e\u0441\u0442\u0430\u0432\u043a\u0438 \u043c\u043e\u0436\u0435\u0442 \u0434\u043e\u0441\u0442\u0438\u0433\u0430\u0442\u044c \u0434\u043e 29 \u0440\u0430\u0431\u043e\u0447\u0438\u0445 \u0434\u043d\u0435\u0439.<\/span><\/font><br><\/p>\n<p dir=\"ltr\" style=\"line-height: 1.2; text-align: justify; background-color: #ffffff; margin-top: 0pt; margin-bottom: 0pt; padding: 0pt 0pt 15pt 0pt;\"><span style=\"font-size: 10pt; font-family: Arial; color: #000000; background-color: #ffffff; font-weight: 400; font-style: normal; font-variant: normal; text-decoration: none; vertical-align: baseline; white-space: pre-wrap;\">\u0412 \u0432\u043e\u0441\u043a\u0440\u0435\u0441\u0435\u043d\u044c\u0435 \u0438\u043b\u0438 \u0432 \u0434\u043d\u0438 \u043d\u0430\u0446\u0438\u043e\u043d\u0430\u043b\u044c\u043d\u044b\u0445 \u043f\u0440\u0430\u0437\u0434\u043d\u0438\u043a\u043e\u0432 \u0434\u043e\u0441\u0442\u0430\u0432\u043a\u0438 \u043d\u0435 \u043e\u0441\u0443\u0449\u0435\u0441\u0442\u0432\u043b\u044f\u044e\u0442\u0441\u044f.<\/span><\/p>\n<p dir=\"ltr\" style=\"line-height: 1.2; text-align: justify; background-color: #ffffff; margin-top: 0pt; margin-bottom: 0pt; padding: 0pt 0pt 13.2pt 0pt;\"><span style=\"font-size: 10pt; font-family: Arial; color: #000000; background-color: #ffffff; font-weight: 400; font-style: normal; font-variant: normal; text-decoration: none; vertical-align: baseline; white-space: pre-wrap;\">\u0421\u0440\u043e\u043a \u0434\u043e\u0441\u0442\u0430\u0432\u043a\u0438 \u043c\u043e\u0436\u0435\u0442 \u0431\u044b\u0442\u044c \u0443\u0432\u0435\u043b\u0438\u0447\u0435\u043d \u0432 \u043e\u0442\u0434\u0435\u043b\u044c\u043d\u044b\u0445 \u0441\u043b\u0443\u0447\u0430\u044f\u0445 (\u043d\u0430\u043f\u0440\u0438\u043c\u0435\u0440: \u043d\u0435\u0431\u043b\u0430\u0433\u043e\u043f\u0440\u0438\u044f\u0442\u043d\u044b\u0435 \u043f\u043e\u0433\u043e\u0434\u043d\u044b\u0435 \u0443\u0441\u043b\u043e\u0432\u0438\u044f, \u043f\u0440\u0430\u0437\u0434\u043d\u0438\u0447\u043d\u044b\u0435 \u043f\u0435\u0440\u0438\u043e\u0434\u044b, \u043d\u0435\u043f\u0440\u0435\u0434\u0432\u0438\u0434\u0435\u043d\u043d\u044b\u0435 \u0442\u0435\u0445\u043d\u0438\u0447\u0435\u0441\u043a\u0438\u0435 \u043f\u0440\u043e\u0431\u043b\u0435\u043c\u044b \u0438 \u0442.\u0434.). \u041c\u044b \u0443\u0432\u0435\u0434\u043e\u043c\u0438\u043c \u0432\u0430\u0441 \u0437\u0430\u0440\u0430\u043d\u0435\u0435, \u0435\u0441\u043b\u0438 \u0441\u0442\u043e\u043b\u043a\u043d\u0435\u043c\u0441\u044f \u0441 \u043e\u0434\u043d\u043e\u0439 \u0438\u0437 \u0442\u0430\u043a\u0438\u0445 \u0441\u0438\u0442\u0443\u0430\u0446\u0438\u0439.<\/span><\/p>\n<p dir=\"ltr\" style=\"line-height: 1.2; text-align: justify; background-color: #ffffff; margin-top: 0pt; margin-bottom: 0pt; padding: 0pt 0pt 13.2pt 0pt;\"><span style=\"font-size: 10pt; font-family: Arial; color: #000000; background-color: #ffffff; font-weight: 400; font-style: normal; font-variant: normal; text-decoration: none; vertical-align: baseline; white-space: pre-wrap;\">\u0412\u044b \u043c\u043e\u0436\u0435\u0442\u0435 \u0432\u044b\u0431\u0440\u0430\u0442\u044c \u043b\u044e\u0431\u043e\u0439 \u0430\u0434\u0440\u0435\u0441 \u0434\u043b\u044f \u0434\u043e\u0441\u0442\u0430\u0432\u043a\u0438 \u2013 \u043d\u0430 \u0434\u043e\u043c, \u0432 \u043e\u0444\u0438\u0441 \u0438\u043b\u0438 \u043b\u044e\u0431\u043e\u0439 \u0434\u0440\u0443\u0433\u043e\u0439 \u0430\u0434\u0440\u0435\u0441, \u0431\u0435\u0437 \u0434\u043e\u043f\u043e\u043b\u043d\u0438\u0442\u0435\u043b\u044c\u043d\u044b\u0445 \u043f\u043b\u0430\u0442\u0435\u0436\u0435\u0439. \u041c\u044b \u043f\u0440\u0438\u043d\u0438\u043c\u0430\u0435\u043c \u0442\u043e\u043b\u044c\u043a\u043e \u043e\u0434\u0438\u043d \u0430\u0434\u0440\u0435\u0441 \u0434\u043e\u0441\u0442\u0430\u0432\u043a\u0438 \u0434\u043b\u044f \u043a\u0430\u0436\u0434\u043e\u0433\u043e \u0437\u0430\u043a\u0430\u0437\u0430. \u0415\u0441\u043b\u0438 \u0432\u0430\u043c \u043d\u0435\u043e\u0431\u0445\u043e\u0434\u0438\u043c\u043e \u0434\u043e\u0441\u0442\u0430\u0432\u0438\u0442\u044c \u0437\u0430\u043a\u0430\u0437 \u043d\u0430 \u0440\u0430\u0437\u043d\u044b\u0435 \u0430\u0434\u0440\u0435\u0441\u0430, \u043f\u043e\u0436\u0430\u043b\u0443\u0439\u0441\u0442\u0430, \u043e\u0444\u043e\u0440\u043c\u0438\u0442\u0435 \u043e\u0442\u0434\u0435\u043b\u044c\u043d\u044b\u0435 \u0437\u0430\u043a\u0430\u0437\u044b \u0434\u043b\u044f \u043a\u0430\u0436\u0434\u043e\u0433\u043e \u0430\u0434\u0440\u0435\u0441\u0430.<\/span><\/p>\n<p dir=\"ltr\" style=\"line-height: 1.2; text-align: justify; background-color: #ffffff; margin-top: 0pt; margin-bottom: 0pt; padding: 0pt 0pt 13.2pt 0pt;\"><span style=\"font-size: 10pt; font-family: Arial; color: #000000; background-color: #ffffff; font-weight: 400; font-style: normal; font-variant: normal; text-decoration: none; vertical-align: baseline; white-space: pre-wrap;\">\u041f\u0440\u0438 \u043f\u043e\u043b\u0443\u0447\u0435\u043d\u0438\u0438 \u0442\u043e\u0432\u0430\u0440\u043e\u0432, \u043f\u043e\u0436\u0430\u043b\u0443\u0439\u0441\u0442\u0430, \u043f\u0440\u043e\u0432\u0435\u0440\u044c\u0442\u0435 \u0432 \u043f\u0440\u0438\u0441\u0443\u0442\u0441\u0442\u0432\u0438\u0438 \u043a\u0443\u0440\u044c\u0435\u0440\u0430 \u0446\u0435\u043b\u043e\u0441\u0442\u043d\u043e\u0441\u0442\u044c \u0443\u043f\u0430\u043a\u043e\u0432\u043a\u0438 \u0438 \u043d\u0430\u043b\u0438\u0447\u0438\u0435 \u0444\u0438\u0441\u043a\u0430\u043b\u044c\u043d\u043e\u0433\u043e \u0447\u0435\u043a\u0430. \u041b\u044e\u0431\u044b\u0435 \u043f\u043e\u0441\u043b\u0435\u0434\u0443\u044e\u0449\u0438\u0435 \u043f\u0440\u0435\u0442\u0435\u043d\u0437\u0438\u0438 \u043f\u043e \u044d\u0442\u0438\u043c \u0432\u043e\u043f\u0440\u043e\u0441\u0430\u043c \u043f\u0440\u0438\u043d\u0438\u043c\u0430\u0442\u044c\u0441\u044f \u043d\u0435 \u0431\u0443\u0434\u0443\u0442.<\/span><\/p><p dir=\"ltr\" style=\"line-height: 1.2; text-align: justify; background-color: #ffffff; margin-top: 0pt; margin-bottom: 0pt; padding: 0pt 0pt 13.2pt 0pt;\"><span style=\"color: rgb(0, 0, 0); font-family: Arial; font-size: 10pt; white-space-collapse: preserve; letter-spacing: var(--letterSpacing); text-transform: var(--textTransform);\">\u0414\u043b\u044f \u0431\u043e\u043b\u0435\u0435 \u0442\u043e\u0447\u043d\u044b\u0445 \u0441\u0440\u043e\u043a\u043e\u0432 \u0434\u043e\u0441\u0442\u0430\u0432\u043a\u0438, \u043f\u0440\u0438\u043c\u0435\u043d\u0438\u043c\u044b\u0445 \u043a \u0432\u0430\u0448\u0435\u0439 \u0441\u0438\u0442\u0443\u0430\u0446\u0438\u0438, \u043f\u043e\u0436\u0430\u043b\u0443\u0439\u0441\u0442\u0430, \u0441\u0432\u044f\u0436\u0438\u0442\u0435\u0441\u044c \u0441 \u043d\u0430\u043c\u0438. \u041c\u044b \u0437\u0434\u0435\u0441\u044c, \u0447\u0442\u043e\u0431\u044b \u043f\u0440\u0435\u0434\u043e\u0441\u0442\u0430\u0432\u0438\u0442\u044c \u0432\u0430\u043c \u0432\u0441\u044e \u043d\u0435\u043e\u0431\u0445\u043e\u0434\u0438\u043c\u0443\u044e \u0438\u043d\u0444\u043e\u0440\u043c\u0430\u0446\u0438\u044e \u0438 \u0441\u0434\u0435\u043b\u0430\u0442\u044c \u0432\u0430\u0448 \u043e\u043f\u044b\u0442 \u043c\u0430\u043a\u0441\u0438\u043c\u0430\u043b\u044c\u043d\u043e \u043f\u0440\u0438\u044f\u0442\u043d\u044b\u043c.<\/span><\/p><p dir=\"ltr\" style=\"line-height: 1.2; text-align: justify; background-color: #ffffff; margin-top: 0pt; margin-bottom: 0pt; padding: 0pt 0pt 13.2pt 0pt;\"><span style=\"font-size: 10pt; font-family: Arial; color: #000000; background-color: #ffffff; font-weight: 400; font-style: normal; font-variant: normal; text-decoration: none; vertical-align: baseline; white-space: pre-wrap;\">\u041a\u043e\u043d\u0442\u0430\u043a\u0442\u043d\u044b\u0439 \u0442\u0435\u043b\u0435\u0444\u043e\u043d:<\/span><span style=\"font-size: 10pt; font-family: Arial; color: #000000; background-color: #ffffff; font-weight: bold; font-style: normal; font-variant: normal; text-decoration: none; vertical-align: baseline; white-space: pre-wrap;\"> +37378667766<\/span><\/p>\n<p><span style=\"font-size: 10pt; font-family: Arial; color: #000000; background-color: #ffffff; font-variant-numeric: normal; font-variant-east-asian: normal; font-variant-alternates: normal; vertical-align: baseline; white-space-collapse: preserve;\">\u041a\u043e\u043d\u0442\u0430\u043a\u0442\u043d\u044b\u0439 email: <\/span><span style=\"font-size: 10pt; font-family: Arial; color: #000000; background-color: #ffffff; font-weight: bold; font-variant-numeric: normal; font-variant-east-asian: normal; font-variant-alternates: normal; vertical-align: baseline; white-space-collapse: preserve;\">info@vinylka.md<\/span><\/p>\t\t\t\t\t\t\t\t<\/div>\n\t\t\t\t<\/div>\n\t\t\t\t\t<\/div>\n\t\t<\/div>\n\t\t\t\t\t<\/div>\n\t\t<\/section>\n\t\t\t\t<\/div>","protected":false},"excerpt":{"rendered":"<p>Livrarea \u00een raza mun. Chi\u0219in\u0103u se efectueaz\u0103 de obicei \u00een aceea\u0219i zi sau cel t\u00e2rziu \u00een urm\u0103toarea zi lucr\u0103toare, \u00eens\u0103 termenul oficial de livrare este de p\u00e2n\u0103 la 72 de ore de la confirmarea comenzii de c\u0103tre operatorii no\u0219tri. Livrarea se efectueaz\u0103 \u00eentre orele 09:00 \u0219i 20:00 \u0219i este gratuit\u0103 pentru comenzi de minim 300 [&hellip;]<\/p>\n","protected":false},"author":1,"featured_media":0,"parent":0,"menu_order":0,"comment_status":"closed","ping_status":"closed","template":"","meta":{"footnotes":""},"class_list":["post-10892","page","type-page","status-publish","hentry"],"blocksy_meta":[],"jetpack_sharing_enabled":true,"_links":{"self":[{"href":"https:\/\/old.vinylka.md\/ru\/wp-json\/wp\/v2\/pages\/10892","targetHints":{"allow":["GET"]}}],"collection":[{"href":"https:\/\/old.vinylka.md\/ru\/wp-json\/wp\/v2\/pages"}],"about":[{"href":"https:\/\/old.vinylka.md\/ru\/wp-json\/wp\/v2\/types\/page"}],"author":[{"embeddable":true,"href":"https:\/\/old.vinylka.md\/ru\/wp-json\/wp\/v2\/users\/1"}],"replies":[{"embeddable":true,"href":"https:\/\/old.vinylka.md\/ru\/wp-json\/wp\/v2\/comments?post=10892"}],"version-history":[{"count":0,"href":"https:\/\/old.vinylka.md\/ru\/wp-json\/wp\/v2\/pages\/10892\/revisions"}],"wp:attachment":[{"href":"https:\/\/old.vinylka.md\/ru\/wp-json\/wp\/v2\/media?parent=10892"}],"curies":[{"name":"wp","href":"https:\/\/api.w.org\/{rel}","templated":true}]}}