{"id":16076,"date":"2025-07-03T14:58:29","date_gmt":"2025-07-03T12:58:29","guid":{"rendered":"https:\/\/vinylka.md\/?post_type=product&#038;p=16076"},"modified":"2026-02-24T20:24:17","modified_gmt":"2026-02-24T18:24:17","slug":"frank-sinatra-the-essential-frank-sinatra-the-columbia-years-cd","status":"publish","type":"product","link":"https:\/\/old.vinylka.md\/ru\/product\/frank-sinatra-the-essential-frank-sinatra-the-columbia-years-cd\/","title":{"rendered":"Frank Sinatra &#8211; The Essential Frank Sinatra The Columbia Years (CD)"},"content":{"rendered":"<h2>Frank Sinatra &#8211; The Essential Frank Sinatra The Columbia Years (CD)<\/h2>\n<p><a href=\"https:\/\/vinylka.md\/filter\/name-Frank+Sinatra\/\">Frank Sinatra<\/a> \u2013 The Essential Frank Sinatra: The Columbia Years (CD) este o colec\u021bie esen\u021bial\u0103 ce surprinde perioada de \u00eenceput a legendarului artist, \u00eentre anii 1943 \u0219i 1952, c\u00e2nd Sinatra \u00eenregistra pentru casa de discuri Columbia. Acest <a href=\"https:\/\/en.wikipedia.org\/wiki\/Compact_disc\">CD<\/a> reune\u0219te unele dintre cele mai emo\u021bionante \u0219i elegante interpret\u0103ri ale sale, incluz\u00e2nd balade orchestrale, piese de dragoste \u0219i standarde jazz care au pus bazele carierei sale de superstar.<\/p>\n<p>Printre piesele incluse se num\u0103r\u0103 titluri clasice precum &#8222;All or Nothing at All&#8221;, &#8222;You&#8217;ll Never Know&#8221;, &#8222;Nancy (With the Laughing Face)&#8221; \u0219i &#8222;Put Your Dreams Away&#8221;, reflect\u00e2nd vocea sa t\u00e2n\u0103r\u0103, sensibil\u0103 \u0219i profund expresiv\u0103. Aranjamentele orchestrale bogate \u0219i interpretarea cald\u0103 a lui Sinatra ofer\u0103 o incursiune autentic\u0103 \u00een epoca de aur a muzicii americane, fiind un material indispensabil pentru fanii artistului \u0219i pentru cei care doresc s\u0103 descopere r\u0103d\u0103cinile unei cariere legendare.<\/p>\n<section id=\"release-tracklist\" class=\"section_Odw8o open_FaEHZ\">\n<header class=\"header_BgEm1\">\n<h2 class=\"MuiTypography-root MuiTypography-headLineLarge css-1l4s8ze\">Tracklist<\/h2>\n<\/header>\n<div class=\"content_ETGfR\">\n<table class=\"tracklist_ZdQ0I\">\n<tbody>\n<tr data-track-position=\"1\">\n<td class=\"trackPos_n8vad\"><span class=\"MuiTypography-root MuiTypography-labelSmall css-1kybk0l\">1<\/span><\/td>\n<td class=\"trackTitle_loyWF\"><span class=\"MuiTypography-root MuiTypography-labelSmall css-1kybk0l\"><span class=\"trackTitle_loyWF\">Saturday Night (Is The Loneliest Night Of The Week)<\/span><\/span><\/td>\n<\/tr>\n<tr data-track-position=\"2\">\n<td class=\"trackPos_n8vad\"><span class=\"MuiTypography-root MuiTypography-labelSmall css-1kybk0l\">2<\/span><\/td>\n<td class=\"trackTitle_loyWF\"><span class=\"MuiTypography-root MuiTypography-labelSmall css-1kybk0l\"><span class=\"trackTitle_loyWF\">I&#8217;ve Got A Crush On You<\/span><\/span><\/td>\n<\/tr>\n<tr data-track-position=\"3\">\n<td class=\"trackPos_n8vad\"><span class=\"MuiTypography-root MuiTypography-labelSmall css-1kybk0l\">3<\/span><\/td>\n<td class=\"trackTitle_loyWF\"><span class=\"MuiTypography-root MuiTypography-labelSmall css-1kybk0l\"><span class=\"trackTitle_loyWF\">Oh, What It Seemed To Be<\/span><\/span><\/td>\n<\/tr>\n<tr data-track-position=\"4\">\n<td class=\"trackPos_n8vad\"><span class=\"MuiTypography-root MuiTypography-labelSmall css-1kybk0l\">4<\/span><\/td>\n<td class=\"trackTitle_loyWF\"><span class=\"MuiTypography-root MuiTypography-labelSmall css-1kybk0l\"><span class=\"trackTitle_loyWF\">Nancy (With The Laughing Face)<\/span><\/span><\/td>\n<\/tr>\n<tr data-track-position=\"5\">\n<td class=\"trackPos_n8vad\"><span class=\"MuiTypography-root MuiTypography-labelSmall css-1kybk0l\">5<\/span><\/td>\n<td class=\"trackTitle_loyWF\"><span class=\"MuiTypography-root MuiTypography-labelSmall css-1kybk0l\"><span class=\"trackTitle_loyWF\">The Coffee Song (They&#8217;ve Got An Awful Lot Of Coffee In Brazil)<\/span><\/span><\/td>\n<\/tr>\n<tr data-track-position=\"6\">\n<td class=\"trackPos_n8vad\"><span class=\"MuiTypography-root MuiTypography-labelSmall css-1kybk0l\">6<\/span><\/td>\n<td class=\"trackTitle_loyWF\"><span class=\"MuiTypography-root MuiTypography-labelSmall css-1kybk0l\"><span class=\"trackTitle_loyWF\">The House I Live In (That&#8217;s America To Me)<\/span><\/span><\/td>\n<\/tr>\n<tr data-track-position=\"7\">\n<td class=\"trackPos_n8vad\"><span class=\"MuiTypography-root MuiTypography-labelSmall css-1kybk0l\">7<\/span><\/td>\n<td class=\"trackTitle_loyWF\"><span class=\"MuiTypography-root MuiTypography-labelSmall css-1kybk0l\"><span class=\"trackTitle_loyWF\">Someone To Watch Over Me<\/span><\/span><\/td>\n<\/tr>\n<tr data-track-position=\"8\">\n<td class=\"trackPos_n8vad\"><span class=\"MuiTypography-root MuiTypography-labelSmall css-1kybk0l\">8<\/span><\/td>\n<td class=\"trackTitle_loyWF\"><span class=\"MuiTypography-root MuiTypography-labelSmall css-1kybk0l\"><span class=\"trackTitle_loyWF\">Five Minutes More<\/span><\/span><\/td>\n<\/tr>\n<tr data-track-position=\"9\">\n<td class=\"trackPos_n8vad\"><span class=\"MuiTypography-root MuiTypography-labelSmall css-1kybk0l\">9<\/span><\/td>\n<td class=\"trackTitle_loyWF\"><span class=\"MuiTypography-root MuiTypography-labelSmall css-1kybk0l\"><span class=\"trackTitle_loyWF\">One For My Baby (And One More For The Road)<\/span><\/span><\/td>\n<\/tr>\n<tr data-track-position=\"10\">\n<td class=\"trackPos_n8vad\"><span class=\"MuiTypography-root MuiTypography-labelSmall css-1kybk0l\">10<\/span><\/td>\n<td class=\"trackTitle_loyWF\"><span class=\"MuiTypography-root MuiTypography-labelSmall css-1kybk0l\"><span class=\"trackTitle_loyWF\">Day By Day<\/span><\/span><\/td>\n<\/tr>\n<tr data-track-position=\"11\">\n<td class=\"trackPos_n8vad\"><span class=\"MuiTypography-root MuiTypography-labelSmall css-1kybk0l\">11<\/span><\/td>\n<td class=\"trackTitle_loyWF\"><span class=\"MuiTypography-root MuiTypography-labelSmall css-1kybk0l\"><span class=\"trackTitle_loyWF\">Mam&#8217;selle<\/span><\/span><\/td>\n<\/tr>\n<tr data-track-position=\"12\">\n<td class=\"trackPos_n8vad\"><span class=\"MuiTypography-root MuiTypography-labelSmall css-1kybk0l\">12<\/span><\/td>\n<td class=\"trackTitle_loyWF\"><span class=\"MuiTypography-root MuiTypography-labelSmall css-1kybk0l\"><span class=\"trackTitle_loyWF\">I&#8217;m A Fool To Want You<\/span><\/span><\/td>\n<\/tr>\n<tr data-track-position=\"13\">\n<td class=\"trackPos_n8vad\"><span class=\"MuiTypography-root MuiTypography-labelSmall css-1kybk0l\">13<\/span><\/td>\n<td class=\"trackTitle_loyWF\"><span class=\"MuiTypography-root MuiTypography-labelSmall css-1kybk0l\"><span class=\"trackTitle_loyWF\">Put Your Dreams Away (For Another Day)<\/span><\/span><\/td>\n<\/tr>\n<tr data-track-position=\"14\">\n<td class=\"trackPos_n8vad\"><span class=\"MuiTypography-root MuiTypography-labelSmall css-1kybk0l\">14<\/span><\/td>\n<td class=\"trackTitle_loyWF\"><span class=\"MuiTypography-root MuiTypography-labelSmall css-1kybk0l\"><span class=\"trackTitle_loyWF\">All Of Me<\/span><\/span><\/td>\n<\/tr>\n<tr data-track-position=\"15\">\n<td class=\"trackPos_n8vad\"><span class=\"MuiTypography-root MuiTypography-labelSmall css-1kybk0l\">15<\/span><\/td>\n<td class=\"trackTitle_loyWF\"><span class=\"MuiTypography-root MuiTypography-labelSmall css-1kybk0l\"><span class=\"trackTitle_loyWF\">The Birth Of The Blues<\/span><\/span><\/td>\n<\/tr>\n<\/tbody>\n<\/table>\n<\/div>\n<\/section>\n<p>&nbsp;<\/p>","protected":false},"excerpt":{"rendered":"<p>CD, Compilation, Reissue<\/p>","protected":false},"featured_media":16080,"template":"","meta":[],"product_brand":[],"product_cat":[86],"product_tag":[],"class_list":{"0":"post-16076","1":"product","2":"type-product","3":"status-publish","4":"has-post-thumbnail","6":"product_cat-cd","7":"pa_format-cd","8":"pa_genre-jazz","9":"pa_genre-pop","10":"pa_stare-new","12":"first","13":"instock","14":"taxable","15":"shipping-taxable","16":"purchasable","17":"product-type-simple"},"jetpack_sharing_enabled":true,"_links":{"self":[{"href":"https:\/\/old.vinylka.md\/ru\/wp-json\/wp\/v2\/product\/16076","targetHints":{"allow":["GET"]}}],"collection":[{"href":"https:\/\/old.vinylka.md\/ru\/wp-json\/wp\/v2\/product"}],"about":[{"href":"https:\/\/old.vinylka.md\/ru\/wp-json\/wp\/v2\/types\/product"}],"version-history":[{"count":0,"href":"https:\/\/old.vinylka.md\/ru\/wp-json\/wp\/v2\/product\/16076\/revisions"}],"wp:featuredmedia":[{"embeddable":true,"href":"https:\/\/old.vinylka.md\/ru\/wp-json\/wp\/v2\/media\/16080"}],"wp:attachment":[{"href":"https:\/\/old.vinylka.md\/ru\/wp-json\/wp\/v2\/media?parent=16076"}],"wp:term":[{"taxonomy":"product_brand","embeddable":true,"href":"https:\/\/old.vinylka.md\/ru\/wp-json\/wp\/v2\/product_brand?post=16076"},{"taxonomy":"product_cat","embeddable":true,"href":"https:\/\/old.vinylka.md\/ru\/wp-json\/wp\/v2\/product_cat?post=16076"},{"taxonomy":"product_tag","embeddable":true,"href":"https:\/\/old.vinylka.md\/ru\/wp-json\/wp\/v2\/product_tag?post=16076"}],"curies":[{"name":"wp","href":"https:\/\/api.w.org\/{rel}","templated":true}]}}