{"id":16222,"date":"2025-07-17T21:02:09","date_gmt":"2025-07-17T19:02:09","guid":{"rendered":"https:\/\/vinylka.md\/?post_type=product&#038;p=16222"},"modified":"2025-07-17T21:02:09","modified_gmt":"2025-07-17T19:02:09","slug":"gorillaz-plastic-beach","status":"publish","type":"product","link":"https:\/\/old.vinylka.md\/ru\/product\/gorillaz-plastic-beach\/","title":{"rendered":"Gorillaz &#8211; Plastic Beach"},"content":{"rendered":"<h2>Gorillaz &#8211; Plastic Beach<\/h2>\n<p>\u201ePlastic Beach\u201d este al treilea album de studio al trupei <a href=\"https:\/\/vinylka.md\/filter\/name-Gorillaz\/\">Gorillaz<\/a>, lansat pe 3 martie 2010. Acesta reprezint\u0103 o fuziune inovatoare \u00eentre hip-hop, electronic\u0103, rock \u0219i muzic\u0103 orchestrat\u0103, fiind un proiect conceptual despre poluare, consumerism \u0219i alienare. Albumul include colabor\u0103ri remarcabile cu arti\u0219ti precum Snoop Dogg, Mos Def, Bobby Womack, Lou Reed, De La Soul \u0219i Mark E. Smith.<\/p>\n<p>Versiunea de <a href=\"https:\/\/en.wikipedia.org\/wiki\/Phonograph_record\">\u0432\u0438\u043d\u0438\u043b\u0430\u0445<\/a> 2LP a albumului \u201ePlastic Beach\u201d este disponibil\u0103 \u00een mai multe edi\u021bii, inclusiv una standard pe vinil negru de 180g \u0219i edi\u021bii speciale, cum ar fi picture disc-uri cu designuri exclusive. Aceste edi\u021bii includ un gatefold cu art\u0103 grafic\u0103 detaliat\u0103 \u0219i un booklet cu versuri. Calitatea sunetului este apreciat\u0103 pentru claritatea \u0219i ad\u00e2ncimea sa, fiind considerat\u0103 superioar\u0103 versiunilor digitale. Totu\u0219i, unii colec\u021bionari au men\u021bionat c\u0103 edi\u021biile picture disc pot avea o calitate sonor\u0103 u\u0219or inferioar\u0103 comparativ cu cele standard din vinil negru.<\/p>\n<section id=\"release-tracklist\" class=\"section_Odw8o open_FaEHZ\">\n<header class=\"header_BgEm1\">\n<h2 class=\"MuiTypography-root MuiTypography-headLineLarge css-1l4s8ze\">Tracklist<\/h2>\n<\/header>\n<div class=\"content_ETGfR\">\n<table class=\"tracklist_ZdQ0I\">\n<tbody>\n<tr data-track-position=\"A1\">\n<td class=\"trackPos_n8vad\"><span class=\"MuiTypography-root MuiTypography-labelSmall css-1kybk0l\">A1<\/span><\/td>\n<td class=\"artist_VsG56\"><span class=\"MuiTypography-root MuiTypography-labelSmall css-1kybk0l\"><span class=\"link_PKPcS\">Gorillaz<\/span><\/span><\/td>\n<td class=\"trackTitle_loyWF\"><span class=\"MuiTypography-root MuiTypography-labelSmall css-1kybk0l\"><span class=\"trackTitle_loyWF\">Orchestral Intro<\/span><\/span><\/td>\n<\/tr>\n<tr data-track-position=\"A2\">\n<td class=\"trackPos_n8vad\"><span class=\"MuiTypography-root MuiTypography-labelSmall css-1kybk0l\">A2<\/span><\/td>\n<td class=\"artist_VsG56\"><span class=\"MuiTypography-root MuiTypography-labelSmall css-1kybk0l\"><span class=\"link_PKPcS\">Gorillaz<\/span> &amp; <span class=\"link_PKPcS\">Snoop Dogg<\/span><\/span><\/td>\n<td class=\"trackTitle_loyWF\"><span class=\"MuiTypography-root MuiTypography-labelSmall css-1kybk0l\"><span class=\"trackTitle_loyWF\">Welcome To The World Of The Plastic Beach<\/span><\/span><\/td>\n<\/tr>\n<tr data-track-position=\"A3\">\n<td class=\"trackPos_n8vad\"><span class=\"MuiTypography-root MuiTypography-labelSmall css-1kybk0l\">A3<\/span><\/td>\n<td class=\"artist_VsG56\"><span class=\"MuiTypography-root MuiTypography-labelSmall css-1kybk0l\"><span class=\"link_PKPcS\">Gorillaz<\/span>, <span class=\"link_PKPcS\">Bashy<\/span> &amp; <span class=\"link_PKPcS\">Kano (4)<\/span><\/span><\/td>\n<td class=\"trackTitle_loyWF\"><span class=\"MuiTypography-root MuiTypography-labelSmall css-1kybk0l\"><span class=\"trackTitle_loyWF\">White Flag<\/span><\/span><\/td>\n<\/tr>\n<tr data-track-position=\"A4\">\n<td class=\"trackPos_n8vad\"><span class=\"MuiTypography-root MuiTypography-labelSmall css-1kybk0l\">A4<\/span><\/td>\n<td class=\"artist_VsG56\"><span class=\"MuiTypography-root MuiTypography-labelSmall css-1kybk0l\"><span class=\"link_PKPcS\">Gorillaz<\/span><\/span><\/td>\n<td class=\"trackTitle_loyWF\"><span class=\"MuiTypography-root MuiTypography-labelSmall css-1kybk0l\"><span class=\"trackTitle_loyWF\">Rhinestone Eyes<\/span><\/span><\/td>\n<\/tr>\n<tr data-track-position=\"B1\">\n<td class=\"trackPos_n8vad\"><span class=\"MuiTypography-root MuiTypography-labelSmall css-1kybk0l\">B1<\/span><\/td>\n<td class=\"artist_VsG56\"><span class=\"MuiTypography-root MuiTypography-labelSmall css-1kybk0l\"><span class=\"link_PKPcS\">Gorillaz<\/span> &amp; <span class=\"link_PKPcS\">Mos Def<\/span><\/span><\/td>\n<td class=\"trackTitle_loyWF\"><span class=\"MuiTypography-root MuiTypography-labelSmall css-1kybk0l\"><span class=\"trackTitle_loyWF\">Stylo<\/span><\/span><\/td>\n<\/tr>\n<tr data-track-position=\"B2\">\n<td class=\"trackPos_n8vad\"><span class=\"MuiTypography-root MuiTypography-labelSmall css-1kybk0l\">B2<\/span><\/td>\n<td class=\"artist_VsG56\"><span class=\"MuiTypography-root MuiTypography-labelSmall css-1kybk0l\"><span class=\"link_PKPcS\">Gorillaz<\/span>, <span class=\"link_PKPcS\">De La Soul<\/span> &amp; <span class=\"link_PKPcS\">Gruff Rhys<\/span><\/span><\/td>\n<td class=\"trackTitle_loyWF\"><span class=\"MuiTypography-root MuiTypography-labelSmall css-1kybk0l\"><span class=\"trackTitle_loyWF\">Superfast Jellyfish<\/span><\/span><\/td>\n<\/tr>\n<tr data-track-position=\"B3\">\n<td class=\"trackPos_n8vad\"><span class=\"MuiTypography-root MuiTypography-labelSmall css-1kybk0l\">B3<\/span><\/td>\n<td class=\"artist_VsG56\"><span class=\"MuiTypography-root MuiTypography-labelSmall css-1kybk0l\"><span class=\"link_PKPcS\">Gorillaz<\/span> &amp; <span class=\"link_PKPcS\">Yukimi Nagano (Little Dragon)<\/span><\/span><\/td>\n<td class=\"trackTitle_loyWF\"><span class=\"MuiTypography-root MuiTypography-labelSmall css-1kybk0l\"><span class=\"trackTitle_loyWF\">Empire Ants<\/span><\/span><\/td>\n<\/tr>\n<tr data-track-position=\"B4\">\n<td class=\"trackPos_n8vad\"><span class=\"MuiTypography-root MuiTypography-labelSmall css-1kybk0l\">B4<\/span><\/td>\n<td class=\"artist_VsG56\"><span class=\"MuiTypography-root MuiTypography-labelSmall css-1kybk0l\"><span class=\"link_PKPcS\">Gorillaz<\/span> &amp; <span class=\"link_PKPcS\">Mark E. Smith<\/span><\/span><\/td>\n<td class=\"trackTitle_loyWF\"><span class=\"MuiTypography-root MuiTypography-labelSmall css-1kybk0l\"><span class=\"trackTitle_loyWF\">Glitter Freeze<\/span><\/span><\/td>\n<\/tr>\n<tr data-track-position=\"C1\">\n<td class=\"trackPos_n8vad\"><span class=\"MuiTypography-root MuiTypography-labelSmall css-1kybk0l\">C1<\/span><\/td>\n<td class=\"artist_VsG56\"><span class=\"MuiTypography-root MuiTypography-labelSmall css-1kybk0l\"><span class=\"link_PKPcS\">Gorillaz<\/span> &amp; <span class=\"link_PKPcS\">Lou Reed<\/span><\/span><\/td>\n<td class=\"trackTitle_loyWF\"><span class=\"MuiTypography-root MuiTypography-labelSmall css-1kybk0l\"><span class=\"trackTitle_loyWF\">Some Kind Of Nature<\/span><\/span><\/td>\n<\/tr>\n<tr data-track-position=\"C2\">\n<td class=\"trackPos_n8vad\"><span class=\"MuiTypography-root MuiTypography-labelSmall css-1kybk0l\">C2<\/span><\/td>\n<td class=\"artist_VsG56\"><span class=\"MuiTypography-root MuiTypography-labelSmall css-1kybk0l\"><span class=\"link_PKPcS\">Gorillaz<\/span><\/span><\/td>\n<td class=\"trackTitle_loyWF\"><span class=\"MuiTypography-root MuiTypography-labelSmall css-1kybk0l\"><span class=\"trackTitle_loyWF\">On Melancholy Hill<\/span><\/span><\/td>\n<\/tr>\n<tr data-track-position=\"C3\">\n<td class=\"trackPos_n8vad\"><span class=\"MuiTypography-root MuiTypography-labelSmall css-1kybk0l\">C3<\/span><\/td>\n<td class=\"artist_VsG56\"><span class=\"MuiTypography-root MuiTypography-labelSmall css-1kybk0l\"><span class=\"link_PKPcS\">Gorillaz<\/span><\/span><\/td>\n<td class=\"trackTitle_loyWF\"><span class=\"MuiTypography-root MuiTypography-labelSmall css-1kybk0l\"><span class=\"trackTitle_loyWF\">Broken<\/span><\/span><\/td>\n<\/tr>\n<tr data-track-position=\"C4\">\n<td class=\"trackPos_n8vad\"><span class=\"MuiTypography-root MuiTypography-labelSmall css-1kybk0l\">C4<\/span><\/td>\n<td class=\"artist_VsG56\"><span class=\"MuiTypography-root MuiTypography-labelSmall css-1kybk0l\"><span class=\"link_PKPcS\">Gorillaz<\/span> &amp; <span class=\"link_PKPcS\">Mos Def<\/span><\/span><\/td>\n<td class=\"trackTitle_loyWF\"><span class=\"MuiTypography-root MuiTypography-labelSmall css-1kybk0l\"><span class=\"trackTitle_loyWF\">Sweepstakes<\/span><\/span><\/td>\n<\/tr>\n<tr data-track-position=\"D1\">\n<td class=\"trackPos_n8vad\"><span class=\"MuiTypography-root MuiTypography-labelSmall css-1kybk0l\">D1<\/span><\/td>\n<td class=\"artist_VsG56\"><span class=\"MuiTypography-root MuiTypography-labelSmall css-1kybk0l\"><span class=\"link_PKPcS\">Gorillaz<\/span><\/span><\/td>\n<td class=\"trackTitle_loyWF\"><span class=\"MuiTypography-root MuiTypography-labelSmall css-1kybk0l\"><span class=\"trackTitle_loyWF\">Plastic Beach<\/span><\/span><\/td>\n<\/tr>\n<tr data-track-position=\"D2\">\n<td class=\"trackPos_n8vad\"><span class=\"MuiTypography-root MuiTypography-labelSmall css-1kybk0l\">D2<\/span><\/td>\n<td class=\"artist_VsG56\"><span class=\"MuiTypography-root MuiTypography-labelSmall css-1kybk0l\"><span class=\"link_PKPcS\">Gorillaz<\/span> &amp; <span class=\"link_PKPcS\">Yukimi Nagano (Little Dragon)<\/span><\/span><\/td>\n<td class=\"trackTitle_loyWF\"><span class=\"MuiTypography-root MuiTypography-labelSmall css-1kybk0l\"><span class=\"trackTitle_loyWF\">To Binge<\/span><\/span><\/td>\n<\/tr>\n<tr data-track-position=\"D3\">\n<td class=\"trackPos_n8vad\"><span class=\"MuiTypography-root MuiTypography-labelSmall css-1kybk0l\">D3<\/span><\/td>\n<td class=\"artist_VsG56\"><span class=\"MuiTypography-root MuiTypography-labelSmall css-1kybk0l\"><span class=\"link_PKPcS\">Gorillaz<\/span> &amp; <span class=\"link_PKPcS\">Bobby Womack<\/span><\/span><\/td>\n<td class=\"trackTitle_loyWF\"><span class=\"MuiTypography-root MuiTypography-labelSmall css-1kybk0l\"><span class=\"trackTitle_loyWF\">Cloud Of Unknowing<\/span><\/span><\/td>\n<\/tr>\n<tr data-track-position=\"D4\">\n<td class=\"trackPos_n8vad\"><span class=\"MuiTypography-root MuiTypography-labelSmall css-1kybk0l\">D4<\/span><\/td>\n<td class=\"artist_VsG56\"><span class=\"MuiTypography-root MuiTypography-labelSmall css-1kybk0l\"><span class=\"link_PKPcS\">Gorillaz<\/span><\/span><\/td>\n<td class=\"trackTitle_loyWF\"><span class=\"MuiTypography-root MuiTypography-labelSmall css-1kybk0l\"><span class=\"trackTitle_loyWF\">Pirate Jet<\/span><\/span><\/td>\n<\/tr>\n<\/tbody>\n<\/table>\n<\/div>\n<\/section>\n<p><iframe style=\"width: 100%; max-width: 660px; overflow: hidden; border-radius: 10px;\" src=\"https:\/\/embed.music.apple.com\/us\/album\/plastic-beach\/850569437\" height=\"450\" frameborder=\"0\" sandbox=\"allow-forms allow-popups allow-same-origin allow-scripts allow-storage-access-by-user-activation allow-top-navigation-by-user-activation\"><\/iframe><\/p>","protected":false},"excerpt":{"rendered":"<p>Vinyl, 2XLP, Album, 180g<\/p>","protected":false},"featured_media":16223,"template":"","meta":[],"product_brand":[],"product_cat":[16],"product_tag":[],"class_list":{"0":"post-16222","1":"product","2":"type-product","3":"status-publish","4":"has-post-thumbnail","6":"product_cat-vinyl","7":"pa_color-black","8":"pa_format-2lp","9":"pa_genre-electronic","10":"pa_genre-pop","11":"pa_genre-rap-hiphop","12":"pa_stare-new","14":"first","15":"instock","16":"taxable","17":"shipping-taxable","18":"purchasable","19":"product-type-simple"},"jetpack_sharing_enabled":true,"_links":{"self":[{"href":"https:\/\/old.vinylka.md\/ru\/wp-json\/wp\/v2\/product\/16222","targetHints":{"allow":["GET"]}}],"collection":[{"href":"https:\/\/old.vinylka.md\/ru\/wp-json\/wp\/v2\/product"}],"about":[{"href":"https:\/\/old.vinylka.md\/ru\/wp-json\/wp\/v2\/types\/product"}],"version-history":[{"count":0,"href":"https:\/\/old.vinylka.md\/ru\/wp-json\/wp\/v2\/product\/16222\/revisions"}],"wp:featuredmedia":[{"embeddable":true,"href":"https:\/\/old.vinylka.md\/ru\/wp-json\/wp\/v2\/media\/16223"}],"wp:attachment":[{"href":"https:\/\/old.vinylka.md\/ru\/wp-json\/wp\/v2\/media?parent=16222"}],"wp:term":[{"taxonomy":"product_brand","embeddable":true,"href":"https:\/\/old.vinylka.md\/ru\/wp-json\/wp\/v2\/product_brand?post=16222"},{"taxonomy":"product_cat","embeddable":true,"href":"https:\/\/old.vinylka.md\/ru\/wp-json\/wp\/v2\/product_cat?post=16222"},{"taxonomy":"product_tag","embeddable":true,"href":"https:\/\/old.vinylka.md\/ru\/wp-json\/wp\/v2\/product_tag?post=16222"}],"curies":[{"name":"wp","href":"https:\/\/api.w.org\/{rel}","templated":true}]}}