{"id":16227,"date":"2025-07-17T21:11:14","date_gmt":"2025-07-17T19:11:14","guid":{"rendered":"https:\/\/vinylka.md\/?post_type=product&#038;p=16227"},"modified":"2025-10-13T15:13:24","modified_gmt":"2025-10-13T13:13:24","slug":"various-kill-bill-vol-1-original-soundtrack","status":"publish","type":"product","link":"https:\/\/old.vinylka.md\/ru\/product\/various-kill-bill-vol-1-original-soundtrack\/","title":{"rendered":"Various &#8211; Kill Bill Vol. 1 &#8211; Original Soundtrack"},"content":{"rendered":"<h2>Various &#8211; Kill Bill Vol. 1 &#8211; Original Soundtrack<\/h2>\n<p>Albumul \u201e<a href=\"https:\/\/vinylka.md\/filter\/name-kill+bill\/\">Kill Bill<\/a> Vol. 1 \u2013 Original Soundtrack\u201d este o colec\u021bie de referin\u021b\u0103 a muzicii din filmul cult regizat de Quentin Tarantino, lansat \u00een 2003. Compus\u0103 \u0219i compilat\u0103 \u00een mare parte de RZA (membru al trupei Wu-Tang Clan), aceast\u0103 coloan\u0103 sonor\u0103 reune\u0219te o gam\u0103 variat\u0103 de genuri muzicale, de la funk \u0219i rockabilly la muzic\u0103 clasic\u0103 \u0219i japonez\u0103, reflect\u00e2nd atmosfera eclectic\u00e3 \u0219i stilizat\u0103 a filmului.<\/p>\n<p>Versiunea de <a href=\"https:\/\/en.wikipedia.org\/wiki\/Phonograph_record\">\u0432\u0438\u043d\u0438\u043b\u0430\u0445<\/a> a acestui soundtrack este disponibil\u0103 \u00een edi\u021bie limitat\u0103, presat\u0103 pe vinil negru de 180g, oferind o calitate superioar\u0103 a sunetului. Printre piesele remarcabile se num\u0103r\u0103 \u201eBang Bang (My Baby Shot Me Down)\u201d de Nancy Sinatra, \u201eBattle Without Honor or Humanity\u201d de Tomoyasu Hotei \u0219i \u201eThe Lonely Shepherd\u201d de Zamfir. Aceast\u0103 edi\u021bie include \u0219i un insert cu versuri \u0219i informa\u021bii despre album.<\/p>\n<section id=\"release-tracklist\" class=\"section_Odw8o open_FaEHZ\">\n<header class=\"header_BgEm1\">\n<h2 class=\"MuiTypography-root MuiTypography-headLineLarge css-1l4s8ze\">Tracklist<\/h2>\n<\/header>\n<div class=\"content_ETGfR\">\n<table class=\"tracklist_ZdQ0I\">\n<tbody>\n<tr data-track-position=\"A1\">\n<td class=\"trackPos_n8vad\"><span class=\"MuiTypography-root MuiTypography-labelSmall css-1kybk0l\">A1<\/span><\/td>\n<td class=\"artist_VsG56\"><span class=\"MuiTypography-root MuiTypography-labelSmall css-1kybk0l\"><span class=\"link_PKPcS\">Nancy Sinatra<\/span><\/span><\/td>\n<td class=\"trackTitle_loyWF\"><span class=\"MuiTypography-root MuiTypography-labelSmall css-1kybk0l\"><span class=\"trackTitle_loyWF\">Bang Bang (My Baby Shot Me Down)<\/span><\/span><\/td>\n<\/tr>\n<tr data-track-position=\"A2\">\n<td class=\"trackPos_n8vad\"><span class=\"MuiTypography-root MuiTypography-labelSmall css-1kybk0l\">A2<\/span><\/td>\n<td class=\"artist_VsG56\"><span class=\"MuiTypography-root MuiTypography-labelSmall css-1kybk0l\"><span class=\"link_PKPcS\">Charlie Feathers<\/span><\/span><\/td>\n<td class=\"trackTitle_loyWF\"><span class=\"MuiTypography-root MuiTypography-labelSmall css-1kybk0l\"><span class=\"trackTitle_loyWF\">That Certain Female<\/span><\/span><\/td>\n<\/tr>\n<tr data-track-position=\"A3\">\n<td class=\"trackPos_n8vad\"><span class=\"MuiTypography-root MuiTypography-labelSmall css-1kybk0l\">A3<\/span><\/td>\n<td class=\"artist_VsG56\"><span class=\"MuiTypography-root MuiTypography-labelSmall css-1kybk0l\"><span class=\"link_PKPcS\">Luis Bacalov<\/span><\/span><\/td>\n<td class=\"trackTitle_loyWF\"><span class=\"MuiTypography-root MuiTypography-labelSmall css-1kybk0l\"><span class=\"trackTitle_loyWF\">The Grand Duel (Parte Prima)<\/span><\/span><\/td>\n<\/tr>\n<tr data-track-position=\"A4\">\n<td class=\"trackPos_n8vad\"><span class=\"MuiTypography-root MuiTypography-labelSmall css-1kybk0l\">A4<\/span><\/td>\n<td class=\"artist_VsG56\"><span class=\"MuiTypography-root MuiTypography-labelSmall css-1kybk0l\"><span class=\"link_PKPcS\">Bernard Herrmann<\/span><\/span><\/td>\n<td class=\"trackTitle_loyWF\"><span class=\"MuiTypography-root MuiTypography-labelSmall css-1kybk0l\"><span class=\"trackTitle_loyWF\">Twisted Nerve<\/span><\/span><\/td>\n<\/tr>\n<tr data-track-position=\"A5\">\n<td class=\"trackPos_n8vad\"><span class=\"MuiTypography-root MuiTypography-labelSmall css-1kybk0l\">A5<\/span><\/td>\n<td class=\"artist_VsG56\"><span class=\"MuiTypography-root MuiTypography-labelSmall css-1kybk0l\"><span class=\"link_PKPcS\">Lucy Liu<\/span> and <span class=\"link_PKPcS\">Julie Dreyfus<\/span><\/span><\/td>\n<td class=\"trackTitle_loyWF\"><span class=\"MuiTypography-root MuiTypography-labelSmall css-1kybk0l\"><span class=\"trackTitle_loyWF\">Queen Of The Crime Council<\/span><\/span><\/td>\n<\/tr>\n<tr data-track-position=\"A6\">\n<td class=\"trackPos_n8vad\"><span class=\"MuiTypography-root MuiTypography-labelSmall css-1kybk0l\">A6<\/span><\/td>\n<td class=\"artist_VsG56\"><span class=\"MuiTypography-root MuiTypography-labelSmall css-1kybk0l\"><span class=\"link_PKPcS\">The RZA<\/span><\/span><\/td>\n<td class=\"trackTitle_loyWF\"><span class=\"MuiTypography-root MuiTypography-labelSmall css-1kybk0l\"><span class=\"trackTitle_loyWF\">Ode To Oren Ishii<\/span><\/span><\/td>\n<\/tr>\n<tr data-track-position=\"A7\">\n<td class=\"trackPos_n8vad\"><span class=\"MuiTypography-root MuiTypography-labelSmall css-1kybk0l\">A7<\/span><\/td>\n<td class=\"artist_VsG56\"><span class=\"MuiTypography-root MuiTypography-labelSmall css-1kybk0l\"><span class=\"link_PKPcS\">Isaac Hayes<\/span><\/span><\/td>\n<td class=\"trackTitle_loyWF\"><span class=\"MuiTypography-root MuiTypography-labelSmall css-1kybk0l\"><span class=\"trackTitle_loyWF\">Run Fay Run<\/span><\/span><\/td>\n<\/tr>\n<tr data-track-position=\"A8\">\n<td class=\"trackPos_n8vad\"><span class=\"MuiTypography-root MuiTypography-labelSmall css-1kybk0l\">A8<\/span><\/td>\n<td class=\"artist_VsG56\"><span class=\"MuiTypography-root MuiTypography-labelSmall css-1kybk0l\"><span class=\"link_PKPcS\">Al Hirt<\/span><\/span><\/td>\n<td class=\"trackTitle_loyWF\"><span class=\"MuiTypography-root MuiTypography-labelSmall css-1kybk0l\"><span class=\"trackTitle_loyWF\">Green Hornet<\/span><\/span><\/td>\n<\/tr>\n<tr data-track-position=\"A9\">\n<td class=\"trackPos_n8vad\"><span class=\"MuiTypography-root MuiTypography-labelSmall css-1kybk0l\">A9<\/span><\/td>\n<td class=\"artist_VsG56\"><span class=\"MuiTypography-root MuiTypography-labelSmall css-1kybk0l\"><span class=\"link_PKPcS\">Tomoyasu Hotei<\/span><\/span><\/td>\n<td class=\"trackTitle_loyWF\"><span class=\"MuiTypography-root MuiTypography-labelSmall css-1kybk0l\"><span class=\"trackTitle_loyWF\">Battle Without Honor Or Humanity<\/span><\/span><\/td>\n<\/tr>\n<tr class=\"heading_mkZNt\" style=\"background-color: #f5f4ec;\">\n<td class=\"trackPos_n8vad\"><\/td>\n<td class=\"artist_VsG56\"><span class=\"MuiTypography-root MuiTypography-labelSmall css-1kybk0l\"><span class=\"link_PKPcS\">Santa Esmeralda<\/span><\/span><\/td>\n<td class=\"trackTitle_loyWF\">Don&#8217;t Let Me Be Misunderstood \/ Esmeralda Suite<\/td>\n<td class=\"duration_GhhxK\"><\/td>\n<\/tr>\n<tr class=\"subtrack_o3GgI\">\n<td class=\"subtrackPos_HC1me\"><span class=\"MuiTypography-root MuiTypography-labelSmall css-1kybk0l\">B1a<\/span><\/td>\n<td class=\"artist_VsG56\"><span class=\"dash_vWaes\"><span class=\"MuiTypography-root MuiTypography-labelSmall css-1kybk0l\">\u2013<\/span><\/span><\/td>\n<td class=\"trackTitle_loyWF\"><span class=\"MuiTypography-root MuiTypography-labelSmall css-1kybk0l\">Don&#8217;t Let Me Be Misunderstood<\/span><\/td>\n<td class=\"duration_GhhxK\"><\/td>\n<\/tr>\n<tr class=\"subtrack_o3GgI\">\n<td class=\"subtrackPos_HC1me\"><span class=\"MuiTypography-root MuiTypography-labelSmall css-1kybk0l\">B1b<\/span><\/td>\n<td class=\"artist_VsG56\"><span class=\"dash_vWaes\"><span class=\"MuiTypography-root MuiTypography-labelSmall css-1kybk0l\">\u2013<\/span><\/span><\/td>\n<td class=\"trackTitle_loyWF\"><span class=\"MuiTypography-root MuiTypography-labelSmall css-1kybk0l\">Esmeralda Suite<\/span><\/td>\n<td class=\"duration_GhhxK\"><\/td>\n<\/tr>\n<tr data-track-position=\"B2\">\n<td class=\"trackPos_n8vad\"><span class=\"MuiTypography-root MuiTypography-labelSmall css-1kybk0l\">B2<\/span><\/td>\n<td class=\"artist_VsG56\"><span class=\"MuiTypography-root MuiTypography-labelSmall css-1kybk0l\"><span class=\"link_PKPcS\">The 5.6.7.8&#8217;s<\/span><\/span><\/td>\n<td class=\"trackTitle_loyWF\"><span class=\"MuiTypography-root MuiTypography-labelSmall css-1kybk0l\"><span class=\"trackTitle_loyWF\">Woo Hoo<\/span><\/span><\/td>\n<\/tr>\n<tr class=\"heading_mkZNt\" style=\"background-color: #f5f4ec;\">\n<td class=\"trackPos_n8vad\"><\/td>\n<td class=\"artist_VsG56\"><\/td>\n<td class=\"trackTitle_loyWF\">Crane \/ White Lightning<\/td>\n<td class=\"duration_GhhxK\"><\/td>\n<\/tr>\n<tr class=\"subtrack_o3GgI\">\n<td class=\"subtrackPos_HC1me\"><span class=\"MuiTypography-root MuiTypography-labelSmall css-1kybk0l\">B3a<\/span><\/td>\n<td class=\"artist_VsG56\"><span class=\"MuiTypography-root MuiTypography-labelSmall css-1kybk0l\"><span class=\"link_PKPcS\">The RZA<\/span><\/span><\/td>\n<td class=\"trackTitle_loyWF\"><span class=\"MuiTypography-root MuiTypography-labelSmall css-1kybk0l\">Crane<\/span><\/td>\n<td class=\"duration_GhhxK\"><\/td>\n<\/tr>\n<tr class=\"subtrack_o3GgI\">\n<td class=\"subtrackPos_HC1me\"><span class=\"MuiTypography-root MuiTypography-labelSmall css-1kybk0l\">B3b<\/span><\/td>\n<td class=\"artist_VsG56\"><span class=\"MuiTypography-root MuiTypography-labelSmall css-1kybk0l\"><span class=\"link_PKPcS\">Charles Bernstein<\/span><\/span><\/td>\n<td class=\"trackTitle_loyWF\"><span class=\"MuiTypography-root MuiTypography-labelSmall css-1kybk0l\">White Lightning<\/span><\/td>\n<td class=\"duration_GhhxK\"><\/td>\n<\/tr>\n<tr data-track-position=\"B4\">\n<td class=\"trackPos_n8vad\"><span class=\"MuiTypography-root MuiTypography-labelSmall css-1kybk0l\">B4<\/span><\/td>\n<td class=\"artist_VsG56\"><span class=\"MuiTypography-root MuiTypography-labelSmall css-1kybk0l\"><span class=\"link_PKPcS\">Meiko Kaji<\/span><\/span><\/td>\n<td class=\"trackTitle_loyWF\"><span class=\"MuiTypography-root MuiTypography-labelSmall css-1kybk0l\"><span class=\"trackTitle_loyWF\">The Flower Of Carnage<\/span><\/span><\/td>\n<\/tr>\n<tr data-track-position=\"B5\">\n<td class=\"trackPos_n8vad\"><span class=\"MuiTypography-root MuiTypography-labelSmall css-1kybk0l\">B5<\/span><\/td>\n<td class=\"artist_VsG56\"><span class=\"MuiTypography-root MuiTypography-labelSmall css-1kybk0l\"><span class=\"link_PKPcS\">Zamfir<\/span><\/span><\/td>\n<td class=\"trackTitle_loyWF\"><span class=\"MuiTypography-root MuiTypography-labelSmall css-1kybk0l\"><span class=\"trackTitle_loyWF\">The Lonely Shepherd<\/span><\/span><\/td>\n<\/tr>\n<tr data-track-position=\"B6\">\n<td class=\"trackPos_n8vad\"><span class=\"MuiTypography-root MuiTypography-labelSmall css-1kybk0l\">B6<\/span><\/td>\n<td class=\"artist_VsG56\"><span class=\"MuiTypography-root MuiTypography-labelSmall css-1kybk0l\"><span class=\"link_PKPcS\">Uma Thurman<\/span>, <span class=\"link_PKPcS\">David Carradine<\/span> and <span class=\"link_PKPcS\">Julie Dreyfus<\/span><\/span><\/td>\n<td class=\"trackTitle_loyWF\"><span class=\"MuiTypography-root MuiTypography-labelSmall css-1kybk0l\"><span class=\"trackTitle_loyWF\">You&#8217;re My Wicked Life<\/span><\/span><\/td>\n<\/tr>\n<\/tbody>\n<\/table>\n<\/div>\n<\/section>\n<p><iframe style=\"width: 100%; max-width: 660px; overflow: hidden; border-radius: 10px;\" src=\"https:\/\/embed.music.apple.com\/us\/album\/kill-bill-vol-1-original-soundtrack-pa-version\/308689784\" height=\"450\" frameborder=\"0\" sandbox=\"allow-forms allow-popups allow-same-origin allow-scripts allow-storage-access-by-user-activation allow-top-navigation-by-user-activation\"><\/iframe><\/p>","protected":false},"excerpt":{"rendered":"<p>Vinyl, LP, Compilation, Reissue, Repress<\/p>","protected":false},"featured_media":16228,"template":"","meta":[],"product_brand":[],"product_cat":[16],"product_tag":[],"class_list":{"0":"post-16227","1":"product","2":"type-product","3":"status-publish","4":"has-post-thumbnail","6":"product_cat-vinyl","7":"pa_color-black","8":"pa_format-lp","9":"pa_genre-electronic","10":"pa_genre-rock","11":"pa_genre-soundtrack","12":"pa_genre-stagescreen","13":"pa_stare-new","15":"first","16":"instock","17":"taxable","18":"shipping-taxable","19":"purchasable","20":"product-type-simple"},"jetpack_sharing_enabled":true,"_links":{"self":[{"href":"https:\/\/old.vinylka.md\/ru\/wp-json\/wp\/v2\/product\/16227","targetHints":{"allow":["GET"]}}],"collection":[{"href":"https:\/\/old.vinylka.md\/ru\/wp-json\/wp\/v2\/product"}],"about":[{"href":"https:\/\/old.vinylka.md\/ru\/wp-json\/wp\/v2\/types\/product"}],"version-history":[{"count":0,"href":"https:\/\/old.vinylka.md\/ru\/wp-json\/wp\/v2\/product\/16227\/revisions"}],"wp:featuredmedia":[{"embeddable":true,"href":"https:\/\/old.vinylka.md\/ru\/wp-json\/wp\/v2\/media\/16228"}],"wp:attachment":[{"href":"https:\/\/old.vinylka.md\/ru\/wp-json\/wp\/v2\/media?parent=16227"}],"wp:term":[{"taxonomy":"product_brand","embeddable":true,"href":"https:\/\/old.vinylka.md\/ru\/wp-json\/wp\/v2\/product_brand?post=16227"},{"taxonomy":"product_cat","embeddable":true,"href":"https:\/\/old.vinylka.md\/ru\/wp-json\/wp\/v2\/product_cat?post=16227"},{"taxonomy":"product_tag","embeddable":true,"href":"https:\/\/old.vinylka.md\/ru\/wp-json\/wp\/v2\/product_tag?post=16227"}],"curies":[{"name":"wp","href":"https:\/\/api.w.org\/{rel}","templated":true}]}}