{"id":16526,"date":"2025-09-07T21:47:27","date_gmt":"2025-09-07T19:47:27","guid":{"rendered":"https:\/\/vinylka.md\/?post_type=product&#038;p=16526"},"modified":"2025-09-07T21:47:27","modified_gmt":"2025-09-07T19:47:27","slug":"chris-stapleton-traveller-cd","status":"publish","type":"product","link":"https:\/\/old.vinylka.md\/ru\/product\/chris-stapleton-traveller-cd\/","title":{"rendered":"Chris Stapleton &#8211; Traveller (CD)"},"content":{"rendered":"<h2>Chris Stapleton &#8211; Traveller (CD)<\/h2>\n<p>Traveller este albumul de debut solo al lui <a href=\"https:\/\/vinylka.md\/filter\/name-Chris+Stapleton\/\">Chris Stapleton<\/a>, lansat \u00een 2015 \u0219i produs \u00eempreun\u0103 cu Dave Cobb. \u00cenregistrat \u00een studiouri legendare din Nashville, acesta combin\u0103 elemente de country clasic, southern rock \u0219i soul matur, \u00eentr-un stil profund autentic. Edi\u021bia pe <a href=\"https:\/\/en.wikipedia.org\/wiki\/Compact_disc\">CD<\/a> cuprinde 14 piese: 12 compuse sau co-scrise de Stapleton (inclusiv \u201eSometimes I Cry\u201d), plus dou\u0103 coveruri inspirate \u2013 varianta sa revigorat\u0103 la \u201eTennessee Whiskey\u201d \u0219i reinterpretarea plin\u0103 de emo\u021bie a piesei \u201eWas It 26\u201d.<\/p>\n<p>Lansarea albumului a marcat o revenire a sensibilit\u0103\u021bii autentice \u00een muzica country. Traveller a fost declarat Albumul Anului la Country Music Association Awards, a c\u00e2\u0219tigat Grammy pentru Best Country Album \u0219i a fost desemnat cel mai bun album country al deceniului. V\u00e2nz\u0103rile sale fenomenale \u2014 inclusiv un loc \u00eent\u00e2i pe Billboard 200\u2014 au consolidat statutul lui Stapleton ca artist major \u0219i redefinit rolul autentic al genului.<\/p>\n<section id=\"release-tracklist\" class=\"section_Odw8o open_FaEHZ\">\n<header class=\"header_BgEm1\">\n<h2>Tracklist<\/h2>\n<\/header>\n<div class=\"content_ETGfR\">\n<table class=\"tracklist_odjYc\">\n<tbody>\n<tr data-track-position=\"1\">\n<td class=\"trackTitleNoArtist_VUgUr\">Traveller<\/td>\n<td class=\"duration_FhdYc\">3:42<\/td>\n<\/tr>\n<tr data-track-position=\"2\">\n<td class=\"trackTitleNoArtist_VUgUr\">Fire Away<\/td>\n<td class=\"duration_FhdYc\">4:04<\/td>\n<\/tr>\n<tr data-track-position=\"3\">\n<td class=\"trackTitleNoArtist_VUgUr\">Tennessee Whiskey<\/td>\n<td class=\"duration_FhdYc\">4:53<\/td>\n<\/tr>\n<tr data-track-position=\"4\">\n<td class=\"trackTitleNoArtist_VUgUr\">Parachute<\/td>\n<td class=\"duration_FhdYc\">4:13<\/td>\n<\/tr>\n<tr data-track-position=\"5\">\n<td class=\"trackTitleNoArtist_VUgUr\">Whiskey And You<\/td>\n<td class=\"duration_FhdYc\">3:56<\/td>\n<\/tr>\n<tr data-track-position=\"6\">\n<td class=\"trackTitleNoArtist_VUgUr\">Nobody To Blame<\/td>\n<td class=\"duration_FhdYc\">4:04<\/td>\n<\/tr>\n<tr data-track-position=\"7\">\n<td class=\"trackTitleNoArtist_VUgUr\">More Of You<\/td>\n<td class=\"duration_FhdYc\">4:38<\/td>\n<\/tr>\n<tr data-track-position=\"8\">\n<td class=\"trackTitleNoArtist_VUgUr\">When The Stars Come Out<\/td>\n<td class=\"duration_FhdYc\">4:17<\/td>\n<\/tr>\n<tr data-track-position=\"9\">\n<td class=\"trackTitleNoArtist_VUgUr\">Daddy Doesn&#8217;t Pray Anymore<\/td>\n<td class=\"duration_FhdYc\">4:10<\/td>\n<\/tr>\n<tr data-track-position=\"10\">\n<td class=\"trackTitleNoArtist_VUgUr\">Might As Well Get Stoned<\/td>\n<td class=\"duration_FhdYc\">4:37<\/td>\n<\/tr>\n<tr data-track-position=\"11\">\n<td class=\"trackTitleNoArtist_VUgUr\">Was It 26<\/td>\n<td class=\"duration_FhdYc\">4:49<\/td>\n<\/tr>\n<tr data-track-position=\"12\">\n<td class=\"trackTitleNoArtist_VUgUr\">The Devil Named Music<\/td>\n<td class=\"duration_FhdYc\">6:07<\/td>\n<\/tr>\n<tr data-track-position=\"13\">\n<td class=\"trackTitleNoArtist_VUgUr\">Outlaw State Of Mind<\/td>\n<td class=\"duration_FhdYc\">5:37<\/td>\n<\/tr>\n<tr data-track-position=\"14\">\n<td class=\"trackTitleNoArtist_VUgUr\">Sometimes I Cry<\/td>\n<td class=\"duration_FhdYc\">4:00<\/td>\n<\/tr>\n<\/tbody>\n<\/table>\n<\/div>\n<\/section>\n<p><iframe style=\"width: 100%; max-width: 660px; overflow: hidden; border-radius: 10px;\" src=\"https:\/\/embed.music.apple.com\/us\/album\/traveller\/1440827477\" height=\"450\" frameborder=\"0\" sandbox=\"allow-forms allow-popups allow-same-origin allow-scripts allow-storage-access-by-user-activation allow-top-navigation-by-user-activation\"><\/iframe><\/p>","protected":false},"excerpt":{"rendered":"<p>CD<\/p>","protected":false},"featured_media":16527,"template":"","meta":[],"product_brand":[],"product_cat":[86],"product_tag":[],"class_list":{"0":"post-16526","1":"product","2":"type-product","3":"status-publish","4":"has-post-thumbnail","6":"product_cat-cd","7":"pa_format-cd","8":"pa_genre-folk-world-country","9":"pa_stare-new","11":"first","12":"instock","13":"taxable","14":"shipping-taxable","15":"purchasable","16":"product-type-simple"},"jetpack_sharing_enabled":true,"_links":{"self":[{"href":"https:\/\/old.vinylka.md\/ru\/wp-json\/wp\/v2\/product\/16526","targetHints":{"allow":["GET"]}}],"collection":[{"href":"https:\/\/old.vinylka.md\/ru\/wp-json\/wp\/v2\/product"}],"about":[{"href":"https:\/\/old.vinylka.md\/ru\/wp-json\/wp\/v2\/types\/product"}],"version-history":[{"count":0,"href":"https:\/\/old.vinylka.md\/ru\/wp-json\/wp\/v2\/product\/16526\/revisions"}],"wp:featuredmedia":[{"embeddable":true,"href":"https:\/\/old.vinylka.md\/ru\/wp-json\/wp\/v2\/media\/16527"}],"wp:attachment":[{"href":"https:\/\/old.vinylka.md\/ru\/wp-json\/wp\/v2\/media?parent=16526"}],"wp:term":[{"taxonomy":"product_brand","embeddable":true,"href":"https:\/\/old.vinylka.md\/ru\/wp-json\/wp\/v2\/product_brand?post=16526"},{"taxonomy":"product_cat","embeddable":true,"href":"https:\/\/old.vinylka.md\/ru\/wp-json\/wp\/v2\/product_cat?post=16526"},{"taxonomy":"product_tag","embeddable":true,"href":"https:\/\/old.vinylka.md\/ru\/wp-json\/wp\/v2\/product_tag?post=16526"}],"curies":[{"name":"wp","href":"https:\/\/api.w.org\/{rel}","templated":true}]}}