{"id":16722,"date":"2025-09-22T19:34:04","date_gmt":"2025-09-22T17:34:04","guid":{"rendered":"https:\/\/vinylka.md\/?post_type=product&#038;p=16722"},"modified":"2025-09-22T19:34:05","modified_gmt":"2025-09-22T17:34:05","slug":"luciano-pavarotti-arias-by-verdi-and-donizetti","status":"publish","type":"product","link":"https:\/\/old.vinylka.md\/ru\/product\/luciano-pavarotti-arias-by-verdi-and-donizetti\/","title":{"rendered":"Luciano Pavarotti &#8211; Arias By Verdi And Donizetti"},"content":{"rendered":"<h2>Luciano Pavarotti &#8211; Arias By Verdi And Donizetti<\/h2>\n<p><a href=\"https:\/\/en.wikipedia.org\/wiki\/Phonograph_record\">Vinilul<\/a> <a href=\"https:\/\/vinylka.md\/filter\/name-Luciano+Pavarotti\/\">Luciano Pavarotti<\/a> \u2013 Arias by Verdi &amp; Donizetti este o edi\u021bie special\u0103 care aduce \u00een prim-plan unele dintre cele mai expresive arii din repertoriul lui Verdi \u0219i Donizetti, interpretate de tenorul legendar \u00een 1968. \u00cen aceast\u0103 versiune colorat\u0103 (vinil galben transparent), ai parte de patru arii de Verdi pe prima fa\u021b\u0103 \u0219i patru de Donizetti pe cealalt\u0103. Ariile variate provin din opere precum Luisa Miller, Macbeth, Lucia di Lammermoor, La Favorita \u0219i altele, fiecare cu tem\u0103 dramatic\u0103, cu momente de lirism \u0219i de intensitate vocal\u0103 remarcabil\u0103.<\/p>\n<p>Interpretarea lui Pavarotti este descris\u0103 ca una dintre cele mai naturale \u0219i mai perfecte din \u00eentreaga sa carier\u0103, cu o voce care str\u0103luce\u0219te nu doar prin putere, ci \u0219i prin sensibilitate, cu frazare elegant\u0103 \u0219i control remarcabil al nuan\u021belor. Edi\u021bia vinil \u00eempline\u0219te mai mult dec\u00e2t statut de art\u0103 vocal\u0103; cover-ul foarte atr\u0103g\u0103tor \u0219i vinilul colorat sporesc valoarea de obiect de colec\u021bie, oferind ascult\u0103torului nu doar muzic\u0103 de excep\u021bie, ci \u0219i o experien\u0163\u0103 estetic\u0103 pl\u0103cut\u0103, integral\u0103.<\/p>\n<section id=\"release-tracklist\" class=\"section_Odw8o open_FaEHZ\">\n<header class=\"header_BgEm1\">\n<h2 class=\"MuiTypography-root MuiTypography-headLineLarge css-1l4s8ze\">Tracklist<\/h2>\n<\/header>\n<div class=\"content_ETGfR\">\n<table class=\"tracklist_ZdQ0I\">\n<tbody>\n<tr data-track-position=\"A1\">\n<td class=\"trackPos_n8vad\"><span class=\"MuiTypography-root MuiTypography-labelSmall css-1kybk0l\">A1<\/span><\/td>\n<td class=\"trackTitle_loyWF\"><span class=\"MuiTypography-root MuiTypography-labelSmall css-1kybk0l\"><span class=\"trackTitle_loyWF\">Luisa Miller: Oh! Fede Negar Potessi &#8230; Quando Le Sere Al Placido<\/span><\/span><\/td>\n<\/tr>\n<tr data-track-position=\"A2\">\n<td class=\"trackPos_n8vad\"><span class=\"MuiTypography-root MuiTypography-labelSmall css-1kybk0l\">A2<\/span><\/td>\n<td class=\"trackTitle_loyWF\"><span class=\"MuiTypography-root MuiTypography-labelSmall css-1kybk0l\"><span class=\"trackTitle_loyWF\">I Due Foscari: Ah Si, Ch&#8217;io Sento Ancora &#8230; Dal Pi\u00f9 Remoto Esiglio<\/span><\/span><\/td>\n<\/tr>\n<tr data-track-position=\"A3\">\n<td class=\"trackPos_n8vad\"><span class=\"MuiTypography-root MuiTypography-labelSmall css-1kybk0l\">A3<\/span><\/td>\n<td class=\"trackTitle_loyWF\"><span class=\"MuiTypography-root MuiTypography-labelSmall css-1kybk0l\"><span class=\"trackTitle_loyWF\">Un Ballo In Maschera: Forse La Soglia Attinse &#8230; Ma Se M&#8217;\u00e8 Forza Perderti<\/span><\/span><\/td>\n<\/tr>\n<tr data-track-position=\"A4\">\n<td class=\"trackPos_n8vad\"><span class=\"MuiTypography-root MuiTypography-labelSmall css-1kybk0l\">A4<\/span><\/td>\n<td class=\"trackTitle_loyWF\"><span class=\"MuiTypography-root MuiTypography-labelSmall css-1kybk0l\"><span class=\"trackTitle_loyWF\">Macbeth: O Figli! &#8230; Ah, La Paterna Mano<\/span><\/span><\/td>\n<\/tr>\n<tr data-track-position=\"B1\">\n<td class=\"trackPos_n8vad\"><span class=\"MuiTypography-root MuiTypography-labelSmall css-1kybk0l\">B1<\/span><\/td>\n<td class=\"trackTitle_loyWF\"><span class=\"MuiTypography-root MuiTypography-labelSmall css-1kybk0l\"><span class=\"trackTitle_loyWF\">Lucia Di Lammermoor: Tombe Degli Avi Miei &#8230; Fra Poco A Me Ricovero<\/span><\/span><\/td>\n<\/tr>\n<tr data-track-position=\"B2\">\n<td class=\"trackPos_n8vad\"><span class=\"MuiTypography-root MuiTypography-labelSmall css-1kybk0l\">B2<\/span><\/td>\n<td class=\"trackTitle_loyWF\"><span class=\"MuiTypography-root MuiTypography-labelSmall css-1kybk0l\"><span class=\"trackTitle_loyWF\">Il Duca D&#8217;Alba: Inosservato, Penetrava &#8230; Angelo Casto E Bel<\/span><\/span><\/td>\n<\/tr>\n<tr data-track-position=\"B3\">\n<td class=\"trackPos_n8vad\"><span class=\"MuiTypography-root MuiTypography-labelSmall css-1kybk0l\">B3<\/span><\/td>\n<td class=\"trackTitle_loyWF\"><span class=\"MuiTypography-root MuiTypography-labelSmall css-1kybk0l\"><span class=\"trackTitle_loyWF\">La Favorita: Spirto Gentil<\/span><\/span><\/td>\n<\/tr>\n<tr data-track-position=\"B4\">\n<td class=\"trackPos_n8vad\"><span class=\"MuiTypography-root MuiTypography-labelSmall css-1kybk0l\">B4<\/span><\/td>\n<td class=\"trackTitle_loyWF\"><span class=\"MuiTypography-root MuiTypography-labelSmall css-1kybk0l\"><span class=\"trackTitle_loyWF\">Dom S\u00e9bastien, Roi Du Portugal: Deserto In Terra<\/span><\/span><\/td>\n<\/tr>\n<\/tbody>\n<\/table>\n<\/div>\n<\/section>\n<p><iframe style=\"width: 100%; max-width: 660px; overflow: hidden; border-radius: 10px;\" src=\"https:\/\/embed.music.apple.com\/us\/album\/arias-by-verdi-donizetti\/1452244273\" height=\"450\" frameborder=\"0\" sandbox=\"allow-forms allow-popups allow-same-origin allow-scripts allow-storage-access-by-user-activation allow-top-navigation-by-user-activation\"><\/iframe><\/p>","protected":false},"excerpt":{"rendered":"<p>Vinyl, LP, Album, Yellow<\/p>","protected":false},"featured_media":16723,"template":"","meta":[],"product_brand":[],"product_cat":[16],"product_tag":[],"class_list":{"0":"post-16722","1":"product","2":"type-product","3":"status-publish","4":"has-post-thumbnail","6":"product_cat-vinyl","7":"pa_color-colored","8":"pa_format-lp","9":"pa_genre-classical","10":"pa_stare-new","12":"first","13":"instock","14":"taxable","15":"shipping-taxable","16":"purchasable","17":"product-type-simple"},"jetpack_sharing_enabled":true,"_links":{"self":[{"href":"https:\/\/old.vinylka.md\/ru\/wp-json\/wp\/v2\/product\/16722","targetHints":{"allow":["GET"]}}],"collection":[{"href":"https:\/\/old.vinylka.md\/ru\/wp-json\/wp\/v2\/product"}],"about":[{"href":"https:\/\/old.vinylka.md\/ru\/wp-json\/wp\/v2\/types\/product"}],"version-history":[{"count":0,"href":"https:\/\/old.vinylka.md\/ru\/wp-json\/wp\/v2\/product\/16722\/revisions"}],"wp:featuredmedia":[{"embeddable":true,"href":"https:\/\/old.vinylka.md\/ru\/wp-json\/wp\/v2\/media\/16723"}],"wp:attachment":[{"href":"https:\/\/old.vinylka.md\/ru\/wp-json\/wp\/v2\/media?parent=16722"}],"wp:term":[{"taxonomy":"product_brand","embeddable":true,"href":"https:\/\/old.vinylka.md\/ru\/wp-json\/wp\/v2\/product_brand?post=16722"},{"taxonomy":"product_cat","embeddable":true,"href":"https:\/\/old.vinylka.md\/ru\/wp-json\/wp\/v2\/product_cat?post=16722"},{"taxonomy":"product_tag","embeddable":true,"href":"https:\/\/old.vinylka.md\/ru\/wp-json\/wp\/v2\/product_tag?post=16722"}],"curies":[{"name":"wp","href":"https:\/\/api.w.org\/{rel}","templated":true}]}}