{"id":16726,"date":"2025-09-22T19:53:05","date_gmt":"2025-09-22T17:53:05","guid":{"rendered":"https:\/\/vinylka.md\/?post_type=product&#038;p=16726"},"modified":"2025-09-22T19:53:05","modified_gmt":"2025-09-22T17:53:05","slug":"luciano-pavarotti-the-world-s-favourite-tenor-arias","status":"publish","type":"product","link":"https:\/\/old.vinylka.md\/ru\/product\/luciano-pavarotti-the-world-s-favourite-tenor-arias\/","title":{"rendered":"Luciano Pavarotti &#8211; The World S Favourite Tenor Arias"},"content":{"rendered":"<h2>Luciano Pavarotti &#8211; The World S Favourite Tenor Arias<\/h2>\n<p><a href=\"https:\/\/en.wikipedia.org\/wiki\/Phonograph_record\">Vinilul<\/a> <a href=\"https:\/\/vinylka.md\/filter\/name-Luciano+Pavarotti\/\">Luciano Pavarotti<\/a> \u2013 The World\u2019s Favourite Tenor Arias este o edi\u021bie remasterizat\u0103 \u0219i mult a\u0219teptat\u0103, care celebreaz\u0103 50 de ani de la lansarea original\u0103 din 1975.<br \/>\nAceasta este prima reeditare pe vinil din 1984, realizat\u0103 din \u00eenregistr\u0103rile premaster preluate din arhivele Decca, \u0219i ofer\u0103 un sunet HD remasterizat, aduc\u00e2nd o claritate \u0219i o profunzime actualizate acestor \u00eenregistr\u0103ri clasice. Pe partea de con\u021binut muzical, discul prezint\u0103 zece arii celebre de tenor din opere de Verdi, Puccini, Bizet, Gounod \u0219i al\u021bii, \u00eemp\u0103r\u021bite pe dou\u0103 fe\u021be. Pe fa\u021ba A se reg\u0103sesc \u201eVesti la giubba\u201d, \u201eM\u2019appari\u201d, \u201eLa fleur que tu m\u2019avais jet\u00e9e\u201d, \u201eChe gelida manina\u201d \u0219i \u201eLa donna \u00e8 mobile\u201d. Pe fa\u021ba B, arii precum \u201eE lucevan le stelle\u201d, \u201eNessun dorma!\u201d, \u201eDi quella pira\u201d \u0219i altele \u00eencheie selec\u021bia cu momente emo\u021bionale intense.<\/p>\n<p>Ambalajul vine probabil sub forma unui LP single cu imprimeu clasic, text simplu, elegant, reflect\u00e2nd respectul \u0219i reveren\u021ba datorate acestor \u00eenregistr\u0103ri vocale legendare \u2014 ideal nu doar pentru fanii operei, ci \u0219i pentru colec\u021bionari care apreciaz\u0103 calitatea sunetului analogic \u0219i interpretarea magistral\u0103 a lui Pavarotti.<\/p>\n<p><iframe style=\"width: 100%; max-width: 660px; overflow: hidden; border-radius: 10px;\" src=\"https:\/\/embed.music.apple.com\/us\/album\/the-worlds-favourite-tenor-arias\/1470920633\" height=\"450\" frameborder=\"0\" sandbox=\"allow-forms allow-popups allow-same-origin allow-scripts allow-storage-access-by-user-activation allow-top-navigation-by-user-activation\"><\/iframe><\/p>","protected":false},"excerpt":{"rendered":"<p>Vinyl, LP, Album<\/p>","protected":false},"featured_media":16727,"template":"","meta":[],"product_brand":[],"product_cat":[16],"product_tag":[],"class_list":{"0":"post-16726","1":"product","2":"type-product","3":"status-publish","4":"has-post-thumbnail","6":"product_cat-vinyl","7":"pa_color-black","8":"pa_format-lp","9":"pa_genre-classical","10":"pa_stare-new","12":"first","13":"instock","14":"taxable","15":"shipping-taxable","16":"purchasable","17":"product-type-simple"},"jetpack_sharing_enabled":true,"_links":{"self":[{"href":"https:\/\/old.vinylka.md\/ru\/wp-json\/wp\/v2\/product\/16726","targetHints":{"allow":["GET"]}}],"collection":[{"href":"https:\/\/old.vinylka.md\/ru\/wp-json\/wp\/v2\/product"}],"about":[{"href":"https:\/\/old.vinylka.md\/ru\/wp-json\/wp\/v2\/types\/product"}],"version-history":[{"count":0,"href":"https:\/\/old.vinylka.md\/ru\/wp-json\/wp\/v2\/product\/16726\/revisions"}],"wp:featuredmedia":[{"embeddable":true,"href":"https:\/\/old.vinylka.md\/ru\/wp-json\/wp\/v2\/media\/16727"}],"wp:attachment":[{"href":"https:\/\/old.vinylka.md\/ru\/wp-json\/wp\/v2\/media?parent=16726"}],"wp:term":[{"taxonomy":"product_brand","embeddable":true,"href":"https:\/\/old.vinylka.md\/ru\/wp-json\/wp\/v2\/product_brand?post=16726"},{"taxonomy":"product_cat","embeddable":true,"href":"https:\/\/old.vinylka.md\/ru\/wp-json\/wp\/v2\/product_cat?post=16726"},{"taxonomy":"product_tag","embeddable":true,"href":"https:\/\/old.vinylka.md\/ru\/wp-json\/wp\/v2\/product_tag?post=16726"}],"curies":[{"name":"wp","href":"https:\/\/api.w.org\/{rel}","templated":true}]}}