{"id":16944,"date":"2025-10-13T20:47:11","date_gmt":"2025-10-13T18:47:11","guid":{"rendered":"https:\/\/vinylka.md\/?post_type=product&#038;p=16944"},"modified":"2025-12-31T12:56:47","modified_gmt":"2025-12-31T10:56:47","slug":"frank-sinatra-a-jolly-christmas","status":"publish","type":"product","link":"https:\/\/old.vinylka.md\/ru\/product\/frank-sinatra-a-jolly-christmas\/","title":{"rendered":"Frank Sinatra &#8211; A Jolly Christmas"},"content":{"rendered":"<h2>Frank Sinatra &#8211; A Jolly Christmas<\/h2>\n<p>Vinilul <a href=\"https:\/\/vinylka.md\/filter\/name-Frank+Sinatra\/\">Frank Sinatra<\/a> \u2013 A Jolly Christmas este o edi\u0163ie dedicat\u0103 spiritului s\u0103rb\u0103torilor, care aduce farmecul distinct al elegantului crooner \u00eentr-o colec\u021bie de colinde interpretate cu rafinament. Albumul a fost lansat ini\u021bial \u00een 1957, iar edi\u021bia pe vinil p\u0103streaz\u0103 atmosfera nostalgic\u0103 a epocii postbelice, combin\u00e2nd repertoriul de c\u00e2ntece laice \u0219i colinde religioase \u00eentr-o ambian\u021b\u0103 cald\u0103 \u0219i echilibrat\u0103. Sinatra este acompaniat de corul Ralph Brewster Singers \u0219i de orchestrarea lui Gordon Jenkins, elemente care completeaz\u0103 vocea sa cu aranjamente bogate \u0219i armonioase.<\/p>\n<p>Versiunea pe <a href=\"https:\/\/en.wikipedia.org\/wiki\/Phonograph_record\">\u0432\u0438\u043d\u0438\u043b\u0430\u0445<\/a> ofer\u0103 un sunet cu o prezen\u021b\u0103 clar\u0103 \u0219i autentic\u0103: sec\u021biunile orchestrale \u0219i vocile corului sunt bine echilibrate, bass-ul este precis, iar vocea lui Sinatra domin\u0103 scena sonor\u0103 cu naturale\u021be, f\u0103r\u0103 s\u0103 fie cople\u0219it\u0103 de instrumente. Se remarc\u0103 interpret\u0103ri sensibile ale pieselor precum \u201eHave Yourself a Merry Little Christmas\u201d, \u201eThe Christmas Waltz\u201d, dar \u0219i numere sacre ca \u201eSilent Night\u201d, \u201eO Little Town of Bethlehem\u201d sau \u201eAdeste Fideles\u201d. Ambalajul tipic este realizat cu gust \u2014 copert\u0103 elegant\u0103, posibil gatefold \u2014 oferind un obiect de colec\u021bie potrivit pentru ascult\u0103rile din sezonul festiv.<\/p>\n<section id=\"release-tracklist\" class=\"section_Odw8o open_FaEHZ\">\n<header class=\"header_BgEm1\">\n<h2 class=\"MuiTypography-root MuiTypography-headLineLarge css-1l4s8ze\">Tracklist<\/h2>\n<\/header>\n<div class=\"content_ETGfR\">\n<table class=\"tracklist_ZdQ0I\">\n<tbody>\n<tr data-track-position=\"A1\">\n<td class=\"trackPos_n8vad\"><span class=\"MuiTypography-root MuiTypography-labelSmall css-1kybk0l\">A1<\/span><\/td>\n<td class=\"trackTitle_loyWF\"><span class=\"MuiTypography-root MuiTypography-labelSmall css-1kybk0l\"><span class=\"trackTitle_loyWF\">Jingle Bells<\/span><\/span><\/td>\n<\/tr>\n<tr data-track-position=\"A2\">\n<td class=\"trackPos_n8vad\"><span class=\"MuiTypography-root MuiTypography-labelSmall css-1kybk0l\">A2<\/span><\/td>\n<td class=\"trackTitle_loyWF\"><span class=\"MuiTypography-root MuiTypography-labelSmall css-1kybk0l\"><span class=\"trackTitle_loyWF\">The Christmas Song<\/span><\/span><\/td>\n<\/tr>\n<tr data-track-position=\"A3\">\n<td class=\"trackPos_n8vad\"><span class=\"MuiTypography-root MuiTypography-labelSmall css-1kybk0l\">A3<\/span><\/td>\n<td class=\"trackTitle_loyWF\"><span class=\"MuiTypography-root MuiTypography-labelSmall css-1kybk0l\"><span class=\"trackTitle_loyWF\">Mistletoe And Holly <\/span><\/span><\/td>\n<\/tr>\n<tr data-track-position=\"A4\">\n<td class=\"trackPos_n8vad\"><span class=\"MuiTypography-root MuiTypography-labelSmall css-1kybk0l\">A4<\/span><\/td>\n<td class=\"trackTitle_loyWF\"><span class=\"MuiTypography-root MuiTypography-labelSmall css-1kybk0l\"><span class=\"trackTitle_loyWF\">I&#8217;ll Be Home For Christmas<\/span><\/span><\/td>\n<\/tr>\n<tr data-track-position=\"A5\">\n<td class=\"trackPos_n8vad\"><span class=\"MuiTypography-root MuiTypography-labelSmall css-1kybk0l\">A5<\/span><\/td>\n<td class=\"trackTitle_loyWF\"><span class=\"MuiTypography-root MuiTypography-labelSmall css-1kybk0l\"><span class=\"trackTitle_loyWF\">The Christmas Waltz<\/span><\/span><\/td>\n<\/tr>\n<tr data-track-position=\"A6\">\n<td class=\"trackPos_n8vad\"><span class=\"MuiTypography-root MuiTypography-labelSmall css-1kybk0l\">A6<\/span><\/td>\n<td class=\"trackTitle_loyWF\"><span class=\"MuiTypography-root MuiTypography-labelSmall css-1kybk0l\"><span class=\"trackTitle_loyWF\">Have Yourself A Merry Little Christmas<\/span><\/span><\/td>\n<\/tr>\n<tr data-track-position=\"B1\">\n<td class=\"trackPos_n8vad\"><span class=\"MuiTypography-root MuiTypography-labelSmall css-1kybk0l\">B1<\/span><\/td>\n<td class=\"trackTitle_loyWF\"><span class=\"MuiTypography-root MuiTypography-labelSmall css-1kybk0l\"><span class=\"trackTitle_loyWF\">The First Noel<\/span><\/span><\/td>\n<\/tr>\n<tr data-track-position=\"B2\">\n<td class=\"trackPos_n8vad\"><span class=\"MuiTypography-root MuiTypography-labelSmall css-1kybk0l\">B2<\/span><\/td>\n<td class=\"trackTitle_loyWF\"><span class=\"MuiTypography-root MuiTypography-labelSmall css-1kybk0l\"><span class=\"trackTitle_loyWF\">Hark! The Herald Angels Sing <\/span><\/span><\/td>\n<\/tr>\n<tr data-track-position=\"B3\">\n<td class=\"trackPos_n8vad\"><span class=\"MuiTypography-root MuiTypography-labelSmall css-1kybk0l\">B3<\/span><\/td>\n<td class=\"trackTitle_loyWF\"><span class=\"MuiTypography-root MuiTypography-labelSmall css-1kybk0l\"><span class=\"trackTitle_loyWF\">O Little Town Of Bethlehem<\/span><\/span><\/td>\n<\/tr>\n<tr data-track-position=\"B4\">\n<td class=\"trackPos_n8vad\"><span class=\"MuiTypography-root MuiTypography-labelSmall css-1kybk0l\">B4<\/span><\/td>\n<td class=\"trackTitle_loyWF\"><span class=\"MuiTypography-root MuiTypography-labelSmall css-1kybk0l\"><span class=\"trackTitle_loyWF\">Adeste Fideles<\/span><\/span><\/td>\n<\/tr>\n<tr data-track-position=\"B5\">\n<td class=\"trackPos_n8vad\"><span class=\"MuiTypography-root MuiTypography-labelSmall css-1kybk0l\">B5<\/span><\/td>\n<td class=\"trackTitle_loyWF\"><span class=\"MuiTypography-root MuiTypography-labelSmall css-1kybk0l\"><span class=\"trackTitle_loyWF\">It Came Upon A Midnight Clear<\/span><\/span><\/td>\n<\/tr>\n<tr data-track-position=\"B6\">\n<td class=\"trackPos_n8vad\"><span class=\"MuiTypography-root MuiTypography-labelSmall css-1kybk0l\">B6<\/span><\/td>\n<td class=\"trackTitle_loyWF\"><span class=\"MuiTypography-root MuiTypography-labelSmall css-1kybk0l\"><span class=\"trackTitle_loyWF\">Silent Night<\/span><\/span><\/td>\n<\/tr>\n<\/tbody>\n<\/table>\n<\/div>\n<\/section>\n<p><iframe style=\"width: 100%; max-width: 660px; overflow: hidden; border-radius: 10px;\" src=\"https:\/\/embed.music.apple.com\/us\/album\/a-jolly-christmas-from-frank-sinatra-50th\/1440862061\" height=\"450\" frameborder=\"0\" sandbox=\"allow-forms allow-popups allow-same-origin allow-scripts allow-storage-access-by-user-activation allow-top-navigation-by-user-activation\"><\/iframe><\/p>","protected":false},"excerpt":{"rendered":"<p>Vinyl, LP, Album, Reissue, Green, 180 Grm<\/p>","protected":false},"featured_media":16945,"template":"","meta":[],"product_brand":[],"product_cat":[16],"product_tag":[],"class_list":{"0":"post-16944","1":"product","2":"type-product","3":"status-publish","4":"has-post-thumbnail","6":"product_cat-vinyl","7":"pa_color-colored","8":"pa_format-lp","9":"pa_genre-jazz","10":"pa_genre-pop","11":"pa_stare-new","13":"first","14":"onbackorder","15":"taxable","16":"shipping-taxable","17":"purchasable","18":"product-type-simple"},"jetpack_sharing_enabled":true,"_links":{"self":[{"href":"https:\/\/old.vinylka.md\/ru\/wp-json\/wp\/v2\/product\/16944","targetHints":{"allow":["GET"]}}],"collection":[{"href":"https:\/\/old.vinylka.md\/ru\/wp-json\/wp\/v2\/product"}],"about":[{"href":"https:\/\/old.vinylka.md\/ru\/wp-json\/wp\/v2\/types\/product"}],"version-history":[{"count":0,"href":"https:\/\/old.vinylka.md\/ru\/wp-json\/wp\/v2\/product\/16944\/revisions"}],"wp:featuredmedia":[{"embeddable":true,"href":"https:\/\/old.vinylka.md\/ru\/wp-json\/wp\/v2\/media\/16945"}],"wp:attachment":[{"href":"https:\/\/old.vinylka.md\/ru\/wp-json\/wp\/v2\/media?parent=16944"}],"wp:term":[{"taxonomy":"product_brand","embeddable":true,"href":"https:\/\/old.vinylka.md\/ru\/wp-json\/wp\/v2\/product_brand?post=16944"},{"taxonomy":"product_cat","embeddable":true,"href":"https:\/\/old.vinylka.md\/ru\/wp-json\/wp\/v2\/product_cat?post=16944"},{"taxonomy":"product_tag","embeddable":true,"href":"https:\/\/old.vinylka.md\/ru\/wp-json\/wp\/v2\/product_tag?post=16944"}],"curies":[{"name":"wp","href":"https:\/\/api.w.org\/{rel}","templated":true}]}}