{"id":17001,"date":"2025-10-26T15:38:04","date_gmt":"2025-10-26T13:38:04","guid":{"rendered":"https:\/\/vinylka.md\/?post_type=product&#038;p=17001"},"modified":"2026-01-28T12:32:41","modified_gmt":"2026-01-28T10:32:41","slug":"lp-lost-on-you","status":"publish","type":"product","link":"https:\/\/old.vinylka.md\/ru\/product\/lp-lost-on-you\/","title":{"rendered":"LP &#8211; Lost On You"},"content":{"rendered":"<h2>LP &#8211; Lost On You<\/h2>\n<p>Aceast\u0103 edi\u021bie pe <a href=\"https:\/\/en.wikipedia.org\/wiki\/Phonograph_record\">\u0432\u0438\u043d\u0438\u043b\u0430\u0445<\/a> a albumului Lost on You aduce pe format analogic patru p\u0103r\u021bi ale unui disc vibrant, care capteaz\u0103 emo\u021bia \u0219i nuan\u021bele artistei LP (Laura Pergolizzi). Albumul original a ap\u0103rut \u00een 2016, iar vinilul 2 LP p\u0103streaz\u0103 atmosfera introspectiv\u0103, tensionat\u0103 \u0219i uneori dramatic\u0103 pe care piesele o construiesc.<\/p>\n<p>Presarea \u2014 adesea realizat\u0103 pe vinil de calitate premium, \u00een ambalaj tip gatefold \u2014 subliniaz\u0103 contrastul dintre momentele mai calme \u0219i pasajele intense: linia vocal\u0103 devine mai prezent\u0103, acompaniamentul instrumental \u2014 chitare, tobe, bas, efecte \u2014 cap\u0103t\u0103 spa\u021biu \u0219i ad\u00e2ncime, iar tranzien\u021bele dintre piese se simt mai fire\u0219ti. Versurile \u00eenc\u0103rcate de melancolie (\u201eLost on You\u201d, \u201eMuddy Waters\u201d, \u201eWhen We\u2019re High\u201d) \u0219i energia pieselor alternative sunt amplificate \u00eentr-un mod care face din vinil o experien\u021b\u0103 auditiv\u0103 cu impact emo\u021bional mai puternic dec\u00e2t redarea digital\u0103.<\/p>\n<section id=\"release-tracklist\" class=\"section_Odw8o open_FaEHZ\">\n<header class=\"header_BgEm1\">\n<h2 class=\"MuiTypography-root MuiTypography-headLineLarge css-1l4s8ze\">Tracklist<\/h2>\n<\/header>\n<div class=\"content_ETGfR\">\n<table class=\"tracklist_ZdQ0I\">\n<tbody>\n<tr data-track-position=\"A01\">\n<td class=\"trackPos_n8vad\"><span class=\"MuiTypography-root MuiTypography-labelSmall css-1kybk0l\">A01<\/span><\/td>\n<td class=\"trackTitle_loyWF\"><span class=\"MuiTypography-root MuiTypography-labelSmall css-1kybk0l\"><span class=\"trackTitle_loyWF\">Muddy Waters<\/span><\/span><\/td>\n<\/tr>\n<tr data-track-position=\"A02\">\n<td class=\"trackPos_n8vad\"><span class=\"MuiTypography-root MuiTypography-labelSmall css-1kybk0l\">A02<\/span><\/td>\n<td class=\"trackTitle_loyWF\"><span class=\"MuiTypography-root MuiTypography-labelSmall css-1kybk0l\"><span class=\"trackTitle_loyWF\">No Witness<\/span><\/span><\/td>\n<\/tr>\n<tr data-track-position=\"A03\">\n<td class=\"trackPos_n8vad\"><span class=\"MuiTypography-root MuiTypography-labelSmall css-1kybk0l\">A03<\/span><\/td>\n<td class=\"trackTitle_loyWF\"><span class=\"MuiTypography-root MuiTypography-labelSmall css-1kybk0l\"><span class=\"trackTitle_loyWF\">Lost On You<\/span><\/span><\/td>\n<\/tr>\n<tr data-track-position=\"B04\">\n<td class=\"trackPos_n8vad\"><span class=\"MuiTypography-root MuiTypography-labelSmall css-1kybk0l\">B04<\/span><\/td>\n<td class=\"trackTitle_loyWF\"><span class=\"MuiTypography-root MuiTypography-labelSmall css-1kybk0l\"><span class=\"trackTitle_loyWF\">When We&#8217;re High<\/span><\/span><\/td>\n<\/tr>\n<tr data-track-position=\"B05\">\n<td class=\"trackPos_n8vad\"><span class=\"MuiTypography-root MuiTypography-labelSmall css-1kybk0l\">B05<\/span><\/td>\n<td class=\"trackTitle_loyWF\"><span class=\"MuiTypography-root MuiTypography-labelSmall css-1kybk0l\"><span class=\"trackTitle_loyWF\">Switchblade<\/span><\/span><\/td>\n<\/tr>\n<tr data-track-position=\"B06\">\n<td class=\"trackPos_n8vad\"><span class=\"MuiTypography-root MuiTypography-labelSmall css-1kybk0l\">B06<\/span><\/td>\n<td class=\"trackTitle_loyWF\"><span class=\"MuiTypography-root MuiTypography-labelSmall css-1kybk0l\"><span class=\"trackTitle_loyWF\">Up Against Me<\/span><\/span><\/td>\n<\/tr>\n<tr data-track-position=\"B07\">\n<td class=\"trackPos_n8vad\"><span class=\"MuiTypography-root MuiTypography-labelSmall css-1kybk0l\">B07<\/span><\/td>\n<td class=\"trackTitle_loyWF\"><span class=\"MuiTypography-root MuiTypography-labelSmall css-1kybk0l\"><span class=\"trackTitle_loyWF\">Suspicion<\/span><\/span><\/td>\n<\/tr>\n<tr data-track-position=\"C08\">\n<td class=\"trackPos_n8vad\"><span class=\"MuiTypography-root MuiTypography-labelSmall css-1kybk0l\">C08<\/span><\/td>\n<td class=\"trackTitle_loyWF\"><span class=\"MuiTypography-root MuiTypography-labelSmall css-1kybk0l\"><span class=\"trackTitle_loyWF\">Other People<\/span><\/span><\/td>\n<\/tr>\n<tr data-track-position=\"C09\">\n<td class=\"trackPos_n8vad\"><span class=\"MuiTypography-root MuiTypography-labelSmall css-1kybk0l\">C09<\/span><\/td>\n<td class=\"trackTitle_loyWF\"><span class=\"MuiTypography-root MuiTypography-labelSmall css-1kybk0l\"><span class=\"trackTitle_loyWF\">Tightrope<\/span><\/span><\/td>\n<\/tr>\n<tr data-track-position=\"C10\">\n<td class=\"trackPos_n8vad\"><span class=\"MuiTypography-root MuiTypography-labelSmall css-1kybk0l\">C10<\/span><\/td>\n<td class=\"trackTitle_loyWF\"><span class=\"MuiTypography-root MuiTypography-labelSmall css-1kybk0l\"><span class=\"trackTitle_loyWF\">Strange<\/span><\/span><\/td>\n<\/tr>\n<tr data-track-position=\"D11\">\n<td class=\"trackPos_n8vad\"><span class=\"MuiTypography-root MuiTypography-labelSmall css-1kybk0l\">D11<\/span><\/td>\n<td class=\"trackTitle_loyWF\"><span class=\"MuiTypography-root MuiTypography-labelSmall css-1kybk0l\"><span class=\"trackTitle_loyWF\">Death Valley<\/span><\/span><\/td>\n<\/tr>\n<tr data-track-position=\"D12\">\n<td class=\"trackPos_n8vad\"><span class=\"MuiTypography-root MuiTypography-labelSmall css-1kybk0l\">D12<\/span><\/td>\n<td class=\"trackTitle_loyWF\"><span class=\"MuiTypography-root MuiTypography-labelSmall css-1kybk0l\"><span class=\"trackTitle_loyWF\">You Want It All<\/span><\/span><\/td>\n<\/tr>\n<tr data-track-position=\"D13\">\n<td class=\"trackPos_n8vad\"><span class=\"MuiTypography-root MuiTypography-labelSmall css-1kybk0l\">D13<\/span><\/td>\n<td class=\"trackTitle_loyWF\"><span class=\"MuiTypography-root MuiTypography-labelSmall css-1kybk0l\"><span class=\"trackTitle_loyWF\">Long Way To Go To Die<\/span><\/span><\/td>\n<\/tr>\n<\/tbody>\n<\/table>\n<\/div>\n<\/section>\n<p><iframe style=\"width: 100%; max-width: 660px; overflow: hidden; border-radius: 10px;\" src=\"https:\/\/embed.music.apple.com\/us\/album\/lost-on-you\/1675487257\" height=\"450\" frameborder=\"0\" sandbox=\"allow-forms allow-popups allow-same-origin allow-scripts allow-storage-access-by-user-activation allow-top-navigation-by-user-activation\"><\/iframe><\/p>","protected":false},"excerpt":{"rendered":"<p>Vinyl, LPX2, Album<\/p>","protected":false},"featured_media":18118,"template":"","meta":[],"product_brand":[],"product_cat":[16],"product_tag":[],"class_list":{"0":"post-17001","1":"product","2":"type-product","3":"status-publish","4":"has-post-thumbnail","6":"product_cat-vinyl","7":"pa_color-black","8":"pa_format-2lp","9":"pa_genre-funk-soul","10":"pa_genre-pop","11":"pa_genre-rock","12":"pa_stare-new","14":"first","15":"onbackorder","16":"taxable","17":"shipping-taxable","18":"purchasable","19":"product-type-simple"},"jetpack_sharing_enabled":true,"_links":{"self":[{"href":"https:\/\/old.vinylka.md\/ru\/wp-json\/wp\/v2\/product\/17001","targetHints":{"allow":["GET"]}}],"collection":[{"href":"https:\/\/old.vinylka.md\/ru\/wp-json\/wp\/v2\/product"}],"about":[{"href":"https:\/\/old.vinylka.md\/ru\/wp-json\/wp\/v2\/types\/product"}],"version-history":[{"count":0,"href":"https:\/\/old.vinylka.md\/ru\/wp-json\/wp\/v2\/product\/17001\/revisions"}],"wp:featuredmedia":[{"embeddable":true,"href":"https:\/\/old.vinylka.md\/ru\/wp-json\/wp\/v2\/media\/18118"}],"wp:attachment":[{"href":"https:\/\/old.vinylka.md\/ru\/wp-json\/wp\/v2\/media?parent=17001"}],"wp:term":[{"taxonomy":"product_brand","embeddable":true,"href":"https:\/\/old.vinylka.md\/ru\/wp-json\/wp\/v2\/product_brand?post=17001"},{"taxonomy":"product_cat","embeddable":true,"href":"https:\/\/old.vinylka.md\/ru\/wp-json\/wp\/v2\/product_cat?post=17001"},{"taxonomy":"product_tag","embeddable":true,"href":"https:\/\/old.vinylka.md\/ru\/wp-json\/wp\/v2\/product_tag?post=17001"}],"curies":[{"name":"wp","href":"https:\/\/api.w.org\/{rel}","templated":true}]}}