{"id":17211,"date":"2025-11-10T20:56:03","date_gmt":"2025-11-10T18:56:03","guid":{"rendered":"https:\/\/vinylka.md\/?post_type=product&#038;p=17211"},"modified":"2025-12-22T13:34:08","modified_gmt":"2025-12-22T11:34:08","slug":"bing-crosby-a-merry-christmas-with","status":"publish","type":"product","link":"https:\/\/old.vinylka.md\/ru\/product\/bing-crosby-a-merry-christmas-with\/","title":{"rendered":"Bing Crosby &#8211; A Merry Christmas With"},"content":{"rendered":"<h2>Bing Crosby &#8211; A Merry Christmas With<\/h2>\n<p><a href=\"https:\/\/en.wikipedia.org\/wiki\/Phonograph_record\">Vinilul<\/a> <a href=\"https:\/\/vinylka.md\/filter\/name-Bing+Crosby\/\">Bing\u202fCrosby<\/a> \u2013 A\u202fMerry\u202fChristmas\u202fWith este o edi\u021bie festiv\u0103 care captureaz\u0103 farmecul tradi\u021bional al s\u0103rb\u0103torilor de iarn\u0103 prin vocea inconfundabil\u0103 a lui Bing Crosby. Coperta reda tipic imaginea lui Crosby \u00eembr\u0103cat \u00eentr\u2011o atmosfer\u0103 de Cr\u0103ciun, ad\u0103ug\u00e2nd un sentiment nostalgic \u00eenc\u0103 de la prima privire.<\/p>\n<p>Pe partea muzical\u0103, albumul cuprinde un mix de colinde \u0219i c\u00e2ntece de sezon \u2013 de la \u201eWhite\u202fChristmas\u201d \u0219i \u201eSilent\u202fNight\u201d p\u00e2n\u0103 la reinterpret\u0103ri mai lejere de \u201eJingle Bells\u201d sau \u201eSanta\u202fClaus\u202fIs\u202fComing\u202fto\u202fTown\u201d. \u00cen varianta de vinil, vocea lui Crosby cap\u0103t\u0103 o calitate mai cald\u0103 \u0219i mai intim\u0103 dec\u00e2t \u00een red\u0103rile digitale, iar orchestr\u0103rile \u2013 coruri, sufl\u0103tori, pian \u2013 respir\u0103 mai liber, d\u00e2nd impresia de spatialitate \u0219i profunzime sonore. Dac\u0103 este o presare modern\u0103, vei g\u0103si probabil un pressing de 180\u202fg \u0219i un sleeve tipic de colec\u021bie, ceea ce face din acest obiect nu doar un suport sonor, ci \u0219i o pies\u0103 elegant\u0103 dedicat\u0103 momentului festiv.<\/p>\n<h2>Tracklist<\/h2>\n<p>1. White Christmas<br \/>\n2. Silent Night<br \/>\n3. Adeste Fideles (O Come All Ye Faithful)<br \/>\n4. God Rest Ye Merry Gentleman<br \/>\n5. I&#8217;ll Be Home For Christmas<br \/>\n6. Jingle Bells (With the Andrews Sisters)<br \/>\n7. Santa Claus is Coming To Town (With the Andrews Sisters)<br \/>\n8. Silver Bells (With Carole Richards)<br \/>\n9. It&#8217;s Beginning To Look Like Christmas<br \/>\n10. Mele Kalikimaka (Merry Christmas) (With the Andrews Sisters)<br \/>\n11. Christmas is A-Comin&#8217;<br \/>\n12. Rudolph, the Red-Nosed Reindeer<br \/>\n13. Sleigh Ride<br \/>\n14. Looks Like a Cold, Cold Winter<br \/>\n15. Snow (With Danny Kaye, Peggy Lee and Trudy Stevens)<br \/>\n16. Little Jack Frost, Get Lost (With Peggy Lee)<br \/>\n17. The First Noel<br \/>\n18. Let It Snow, Let It Snow, Let It Snow<br \/>\n19. Happy Holiday<\/p>\n<p><iframe style=\"width: 100%; max-width: 660px; overflow: hidden; border-radius: 10px;\" src=\"https:\/\/embed.music.apple.com\/us\/song\/white-christmas\/1425235073\" height=\"175\" frameborder=\"0\" sandbox=\"allow-forms allow-popups allow-same-origin allow-scripts allow-storage-access-by-user-activation allow-top-navigation-by-user-activation\"><\/iframe><\/p>","protected":false},"excerpt":{"rendered":"<p>Vinyl, LP<\/p>","protected":false},"featured_media":17215,"template":"","meta":[],"product_brand":[],"product_cat":[16],"product_tag":[],"class_list":{"0":"post-17211","1":"product","2":"type-product","3":"status-publish","4":"has-post-thumbnail","6":"product_cat-vinyl","7":"pa_color-black","8":"pa_format-lp","9":"pa_genre-classical","10":"pa_genre-pop","11":"pa_stare-new","13":"first","14":"onbackorder","15":"taxable","16":"shipping-taxable","17":"purchasable","18":"product-type-simple"},"jetpack_sharing_enabled":true,"_links":{"self":[{"href":"https:\/\/old.vinylka.md\/ru\/wp-json\/wp\/v2\/product\/17211","targetHints":{"allow":["GET"]}}],"collection":[{"href":"https:\/\/old.vinylka.md\/ru\/wp-json\/wp\/v2\/product"}],"about":[{"href":"https:\/\/old.vinylka.md\/ru\/wp-json\/wp\/v2\/types\/product"}],"version-history":[{"count":0,"href":"https:\/\/old.vinylka.md\/ru\/wp-json\/wp\/v2\/product\/17211\/revisions"}],"wp:featuredmedia":[{"embeddable":true,"href":"https:\/\/old.vinylka.md\/ru\/wp-json\/wp\/v2\/media\/17215"}],"wp:attachment":[{"href":"https:\/\/old.vinylka.md\/ru\/wp-json\/wp\/v2\/media?parent=17211"}],"wp:term":[{"taxonomy":"product_brand","embeddable":true,"href":"https:\/\/old.vinylka.md\/ru\/wp-json\/wp\/v2\/product_brand?post=17211"},{"taxonomy":"product_cat","embeddable":true,"href":"https:\/\/old.vinylka.md\/ru\/wp-json\/wp\/v2\/product_cat?post=17211"},{"taxonomy":"product_tag","embeddable":true,"href":"https:\/\/old.vinylka.md\/ru\/wp-json\/wp\/v2\/product_tag?post=17211"}],"curies":[{"name":"wp","href":"https:\/\/api.w.org\/{rel}","templated":true}]}}