{"id":17288,"date":"2025-11-22T14:59:28","date_gmt":"2025-11-22T12:59:28","guid":{"rendered":"https:\/\/vinylka.md\/?post_type=product&#038;p=17288"},"modified":"2026-03-13T12:09:33","modified_gmt":"2026-03-13T10:09:33","slug":"crosley-groove-goo-vinyl-record-cleaner","status":"publish","type":"product","link":"https:\/\/old.vinylka.md\/ru\/product\/crosley-groove-goo-vinyl-record-cleaner\/","title":{"rendered":"Crosley Groove Goo Vinyl Record Cleaner"},"content":{"rendered":"<p>Crosley Groove Goo Vinyl Record Cleaner \u2013 solu\u021bie rapid\u0103 \u0219i eficient\u0103 pentru cur\u0103\u021barea discurilor de vinil. \u00cendep\u0103rteaz\u0103 praful, murd\u0103ria \u0219i amprentele f\u0103r\u0103 a deteriora suprafa\u021ba, \u00eembun\u0103t\u0103\u021bind calitatea sunetului \u0219i prelungind via\u021ba colec\u021biei tale. Ideal pentru \u00eentre\u021binerea periodic\u0103 a vinilurilor, compatibil cu orice tip de disc.<\/p>","protected":false},"excerpt":{"rendered":"<p>Sol\u021bie Gel Slime de Cur\u0103\u021bat Viniluri<\/p>","protected":false},"featured_media":17292,"template":"","meta":[],"product_brand":[],"product_cat":[31,267],"product_tag":[],"class_list":{"0":"post-17288","1":"product","2":"type-product","3":"status-publish","4":"has-post-thumbnail","6":"product_cat-accesorii","7":"product_cat-crosley","9":"first","10":"instock","11":"taxable","12":"shipping-taxable","13":"purchasable","14":"product-type-simple"},"jetpack_sharing_enabled":true,"_links":{"self":[{"href":"https:\/\/old.vinylka.md\/ru\/wp-json\/wp\/v2\/product\/17288","targetHints":{"allow":["GET"]}}],"collection":[{"href":"https:\/\/old.vinylka.md\/ru\/wp-json\/wp\/v2\/product"}],"about":[{"href":"https:\/\/old.vinylka.md\/ru\/wp-json\/wp\/v2\/types\/product"}],"version-history":[{"count":0,"href":"https:\/\/old.vinylka.md\/ru\/wp-json\/wp\/v2\/product\/17288\/revisions"}],"wp:featuredmedia":[{"embeddable":true,"href":"https:\/\/old.vinylka.md\/ru\/wp-json\/wp\/v2\/media\/17292"}],"wp:attachment":[{"href":"https:\/\/old.vinylka.md\/ru\/wp-json\/wp\/v2\/media?parent=17288"}],"wp:term":[{"taxonomy":"product_brand","embeddable":true,"href":"https:\/\/old.vinylka.md\/ru\/wp-json\/wp\/v2\/product_brand?post=17288"},{"taxonomy":"product_cat","embeddable":true,"href":"https:\/\/old.vinylka.md\/ru\/wp-json\/wp\/v2\/product_cat?post=17288"},{"taxonomy":"product_tag","embeddable":true,"href":"https:\/\/old.vinylka.md\/ru\/wp-json\/wp\/v2\/product_tag?post=17288"}],"curies":[{"name":"wp","href":"https:\/\/api.w.org\/{rel}","templated":true}]}}