{"id":17321,"date":"2025-11-27T18:15:12","date_gmt":"2025-11-27T16:15:12","guid":{"rendered":"https:\/\/vinylka.md\/?post_type=product&#038;p=17321"},"modified":"2026-01-23T05:01:33","modified_gmt":"2026-01-23T03:01:33","slug":"am-set-de-curatare-vinil","status":"publish","type":"product","link":"https:\/\/old.vinylka.md\/ru\/product\/am-set-de-curatare-vinil\/","title":{"rendered":"AM &#8211; Set de cur\u0103\u021bare vinil"},"content":{"rendered":"<h1>AM &#8211; Set de cur\u0103\u021bare vinil<\/h1>\n<div class=\"product-description\">\n<h2>Cur\u0103\u021bare esen\u021bial\u0103 \u0219i tratament antistatic pentru vinil \u0219i ac<\/h2>\n<p>Tratament esen\u021bial de cur\u0103\u021bare, stabilizare \u0219i antistatic pentru discurile tale de vinil \u0219i pentru acul pickup-ului.<br \/>\nSolu\u021bia special formulat\u0103, neabraziv\u0103, pentru cur\u0103\u021barea discurilor \u0219i peria antistatic\u0103 pentru vinil elimin\u0103 \u00een siguran\u021b\u0103<br \/>\n\u0219i eficient murd\u0103ria, praful \u0219i acumularea de electricitate static\u0103 din colec\u021bia ta de viniluri.<br \/>\nSolu\u021bia de cur\u0103\u021bare pentru ac \u00eendep\u0103rteaz\u0103 praful, particulele \u0219i reziduurile uzate de pe v\u00e2rful acului.<\/p>\n<h2>Cum se folose\u0219te<\/h2>\n<ol>\n<li>Pulverizeaz\u0103 solu\u021bia de cur\u0103\u021bare fie direct pe disc, av\u00e2nd grij\u0103 s\u0103 nu umeze\u0219ti eticheta,<br \/>\nfie pulverizeaz\u0103 direct pe laveta din bumbac.<\/li>\n<li>Ia laveta din bumbac \u0219i \u0219terge u\u0219or discul, urm\u00e2nd \u0219an\u021burile circu\u00adlare pe toat\u0103 suprafa\u021ba.<\/li>\n<li>Continu\u0103 s\u0103 lucrezi spre interior, urm\u0103rind liniile circulare inscrip\u021bionate pe disc.<\/li>\n<li>La final, te vei bucura de redare f\u0103r\u0103 electricitate static\u0103, uzur\u0103 redus\u0103 \u0219i o durat\u0103 de via\u021b\u0103 prelungit\u0103 a discurilor.<\/li>\n<\/ol>\n<h2>Despre produs<\/h2>\n<p>\u00cengrijind \u00een profunzime \u0219an\u021burile vinilului \u00eenc\u0103 din 1971, <a href=\"https:\/\/vinylka.md\/filter\/product_cat-accesorii\/name-AM\/\">AM<\/a> Record Cleaner este cea mai sigur\u0103 \u0219i eficient\u0103 metod\u0103<br \/>\nde a \u00eemprosp\u0103ta colec\u021bia ta de discuri. AM Record Cleaner este solu\u021bia original\u0103, neabraziv\u0103, de cur\u0103\u021bare \u00een profunzime,<br \/>\nformulat\u0103 special pentru a elimina praful, murd\u0103ria \u0219i depunerile de electricitate static\u0103.<br \/>\nVei experimenta o \u00eembun\u0103t\u0103\u021bire dramatic\u0103 a calit\u0103\u021bii sunetului \u0219i o durat\u0103 de via\u021b\u0103 mai mare a discurilor.<br \/>\nReducerea frec\u0103rii \u00een timpul red\u0103rii va aduce beneficii importante \u0219i pentru longevitatea acului.<br \/>\nIdeal\u0103 at\u00e2t pentru cur\u0103\u021barea de zi cu zi, c\u00e2t \u0219i pentru cele mai murdare viniluri.<br \/>\nAplic\u0103 solu\u021bia pe laveta din bumbac f\u0103r\u0103 scame pentru a absorbi uleiurile \u0219i murd\u0103ria, f\u0103r\u0103 a l\u0103sa reziduuri.<\/p>\n<h2>Beneficii<\/h2>\n<ul>\n<li>Sunet mai lin, cu un echilibru tonal mai bogat<\/li>\n<li>\u00cembun\u0103t\u0103\u021bire semnificativ\u0103 a clarit\u0103\u021bii scenei sonore \u0219i a definirii instrumentelor<\/li>\n<li>Gama dinamic\u0103 m\u0103rit\u0103<\/li>\n<li>R\u0103spuns \u00eembun\u0103t\u0103\u021bit \u00een frecven\u021bele joase (bass mai precis)<\/li>\n<li>Durat\u0103 de via\u021b\u0103 crescut\u0103 pentru viniluri<\/li>\n<li>Reducere substan\u021bial\u0103 a zgomotului de fond al vinilului<\/li>\n<\/ul>\n<\/div>","protected":false},"excerpt":{"rendered":"<p>Perie pentru vinil, spray vinil, c\u00e2rp\u0103 din microfibr\u0103, solu\u021bie pentru ac.<\/p>","protected":false},"featured_media":17322,"template":"","meta":[],"product_brand":[],"product_cat":[31,209],"product_tag":[],"class_list":{"0":"post-17321","1":"product","2":"type-product","3":"status-publish","4":"has-post-thumbnail","6":"product_cat-accesorii","7":"product_cat-accesorii-echipament","9":"first","10":"onbackorder","11":"taxable","12":"shipping-taxable","13":"purchasable","14":"product-type-simple"},"jetpack_sharing_enabled":true,"_links":{"self":[{"href":"https:\/\/old.vinylka.md\/ru\/wp-json\/wp\/v2\/product\/17321","targetHints":{"allow":["GET"]}}],"collection":[{"href":"https:\/\/old.vinylka.md\/ru\/wp-json\/wp\/v2\/product"}],"about":[{"href":"https:\/\/old.vinylka.md\/ru\/wp-json\/wp\/v2\/types\/product"}],"version-history":[{"count":0,"href":"https:\/\/old.vinylka.md\/ru\/wp-json\/wp\/v2\/product\/17321\/revisions"}],"wp:featuredmedia":[{"embeddable":true,"href":"https:\/\/old.vinylka.md\/ru\/wp-json\/wp\/v2\/media\/17322"}],"wp:attachment":[{"href":"https:\/\/old.vinylka.md\/ru\/wp-json\/wp\/v2\/media?parent=17321"}],"wp:term":[{"taxonomy":"product_brand","embeddable":true,"href":"https:\/\/old.vinylka.md\/ru\/wp-json\/wp\/v2\/product_brand?post=17321"},{"taxonomy":"product_cat","embeddable":true,"href":"https:\/\/old.vinylka.md\/ru\/wp-json\/wp\/v2\/product_cat?post=17321"},{"taxonomy":"product_tag","embeddable":true,"href":"https:\/\/old.vinylka.md\/ru\/wp-json\/wp\/v2\/product_tag?post=17321"}],"curies":[{"name":"wp","href":"https:\/\/api.w.org\/{rel}","templated":true}]}}