{"id":17700,"date":"2025-12-22T18:28:08","date_gmt":"2025-12-22T16:28:08","guid":{"rendered":"https:\/\/vinylka.md\/?post_type=product&#038;p=17700"},"modified":"2026-01-14T12:23:39","modified_gmt":"2026-01-14T10:23:39","slug":"%d1%81%d0%be%d1%84%d0%b8%d1%8f-%d1%80%d0%be%d1%82%d0%b0%d1%80%d1%83-%d1%82%d0%be%d0%bb%d1%8c%d0%ba%d0%be-%d1%82%d0%b5%d0%b1%d0%b5","status":"publish","type":"product","link":"https:\/\/old.vinylka.md\/ru\/product\/%d1%81%d0%be%d1%84%d0%b8%d1%8f-%d1%80%d0%be%d1%82%d0%b0%d1%80%d1%83-%d1%82%d0%be%d0%bb%d1%8c%d0%ba%d0%be-%d1%82%d0%b5%d0%b1%d0%b5\/","title":{"rendered":"\u0421\u043e\u0444\u0438\u044f \u0420\u043e\u0442\u0430\u0440\u0443 \u2013 \u0422\u043e\u043b\u044c\u043a\u043e \u0422\u0435\u0431\u0435 (Sofia Rotaru)"},"content":{"rendered":"<section id=\"release-tracklist\" class=\"section_9nUx6 open_BZ6Zt\">\n<h2 class=\"header_W2hzl\">\u0421\u043e\u0444\u0438\u044f \u0420\u043e\u0442\u0430\u0440\u0443 \u2013 \u0422\u043e\u043b\u044c\u043a\u043e \u0422\u0435\u0431\u0435 (Sofia Rotaru)<\/h2>\n<header class=\"header_W2hzl\">\n<table class=\"table_1fWaB\">\n<tbody>\n<tr>\n<th scope=\"row\">Label:<\/th>\n<td>\u041c\u0435\u043b\u043e\u0434\u0438\u044f &#8211; C 60-12193-94<\/td>\n<\/tr>\n<tr>\n<th scope=\"row\">Country:<\/th>\n<td>URSS<\/td>\n<\/tr>\n<tr>\n<th scope=\"row\">Released:<\/th>\n<td>1979<\/td>\n<\/tr>\n<\/tbody>\n<\/table>\n<p>\u0421\u043e\u0444\u0438\u044f \u0420\u043e\u0442\u0430\u0440\u0443 \u2013 \u0422\u043e\u043b\u044c\u043a\u043e \u0422\u0435\u0431\u0435 (vinyl) este un album vintage pe disc de vinil lansat \u00een 1979 \u00een Uniunea Sovietic\u0103 de celebra c\u00e2nt\u0103rea\u021b\u0103 pop \u0421\u043e\u0444\u0438\u044f \u0420\u043e\u0442\u0430\u0440\u0443 (Sofia Rotaru), una dintre cele mai emblematice voci ale muzicii sovietice \u0219i est\u2011europene.<br \/>\nVinylul a fost produs de casa de discuri Melodiya, pe un LP stereo clasic, \u0219i reflect\u0103 stilul pop\/pop\u2011rock \u0219i muzica de estrad\u0103 tipic\u0103 sf\u00e2r\u0219itului de anii \u201970, cu aranjamente accesibile, ritmuri melodice \u0219i influen\u021be u\u0219oare synth\u2011pop \u0219i rock u\u0219or.<\/p>\n<p>Pe acest vinil vei descoperi piese interpretate \u00een rus\u0103, ucrainean\u0103 \u0219i alte limbi, cum ar fi \u00ab\u0418\u0432\u0430\u043d\u044d, \u0418\u0432\u0430\u043d\u044d\u00bb (Ivane, Ivane), \u00ab\u0412\u0435\u0441\u043d\u0430\u00bb (Spring), \u00ab\u0414\u0430\u0439 \u041a\u0440\u044b\u043b\u044c\u044f \u041c\u043d\u0435\u00bb (Give Me Wings), dar \u0219i melodia\u2011titlu \u00ab\u0422\u043e\u043b\u044c\u043a\u043e \u0422\u0435\u0431\u0435\u00bb (Only For You) \u2013 toate captur\u00e2nd vocea expresiv\u0103 \u0219i stilul distinctiv al lui Rotaru.<\/p>\n<\/header>\n<\/section>\n<p>Acest disc de vinyl este vintage, \u00een stare &#8222;Foare Bine Plus(VG+) \/ Foare Bine (VG)&#8221;. Acest disc de vinyl vine \u00een coperta original\u0103.<\/p>\n<section id=\"release-tracklist\" class=\"section_Odw8o open_FaEHZ\">\n<header class=\"header_BgEm1\">\n<h2 class=\"MuiTypography-root MuiTypography-headLineLarge css-1l4s8ze\">Tracklist<\/h2>\n<\/header>\n<div class=\"content_ETGfR\">\n<table class=\"tracklist_ZdQ0I\">\n<tbody>\n<tr data-track-position=\"A1\">\n<td class=\"trackPos_n8vad\"><span class=\"MuiTypography-root MuiTypography-labelSmall css-1kybk0l\">A1<\/span><\/td>\n<td class=\"trackTitle_loyWF\"><span class=\"MuiTypography-root MuiTypography-labelSmall css-1kybk0l\"><span class=\"trackTitle_loyWF\">\u0418\u0432\u0430\u043d\u044d, \u0418\u0432\u0430\u043d\u044d = Ivane, Ivane<\/span><\/span><\/td>\n<td class=\"duration_GhhxK\"><span class=\"MuiTypography-root MuiTypography-labelSmall css-1kybk0l\">2:49<\/span><\/td>\n<\/tr>\n<tr data-track-position=\"A2\">\n<td class=\"trackPos_n8vad\"><span class=\"MuiTypography-root MuiTypography-labelSmall css-1kybk0l\">A2<\/span><\/td>\n<td class=\"trackTitle_loyWF\"><span class=\"MuiTypography-root MuiTypography-labelSmall css-1kybk0l\"><span class=\"trackTitle_loyWF\">\u0412\u0435\u0441\u043d\u0430 = Spring<\/span><\/span><\/td>\n<td class=\"duration_GhhxK\"><span class=\"MuiTypography-root MuiTypography-labelSmall css-1kybk0l\">3:45<\/span><\/td>\n<\/tr>\n<tr data-track-position=\"A3\">\n<td class=\"trackPos_n8vad\"><span class=\"MuiTypography-root MuiTypography-labelSmall css-1kybk0l\">A3<\/span><\/td>\n<td class=\"trackTitle_loyWF\"><span class=\"MuiTypography-root MuiTypography-labelSmall css-1kybk0l\"><span class=\"trackTitle_loyWF\">\u042d\u0445\u043e \u0422\u0432\u043e\u0438\u0445 \u0428\u0430\u0433\u043e\u0432 = The Echo Of Your Footsteps<\/span><\/span><\/td>\n<td class=\"duration_GhhxK\"><span class=\"MuiTypography-root MuiTypography-labelSmall css-1kybk0l\">3:24<\/span><\/td>\n<\/tr>\n<tr data-track-position=\"A4\">\n<td class=\"trackPos_n8vad\"><span class=\"MuiTypography-root MuiTypography-labelSmall css-1kybk0l\">A4<\/span><\/td>\n<td class=\"trackTitle_loyWF\"><span class=\"MuiTypography-root MuiTypography-labelSmall css-1kybk0l\"><span class=\"trackTitle_loyWF\">\u0414\u0430\u0439 \u041a\u0440\u044b\u043b\u044c\u044f \u041c\u043d\u0435 = Give Me Wings<\/span><\/span><\/td>\n<td class=\"duration_GhhxK\"><span class=\"MuiTypography-root MuiTypography-labelSmall css-1kybk0l\">4:54<\/span><\/td>\n<\/tr>\n<tr data-track-position=\"A5\">\n<td class=\"trackPos_n8vad\"><span class=\"MuiTypography-root MuiTypography-labelSmall css-1kybk0l\">A5<\/span><\/td>\n<td class=\"trackTitle_loyWF\"><span class=\"MuiTypography-root MuiTypography-labelSmall css-1kybk0l\"><span class=\"trackTitle_loyWF\">\u0414\u043e\u0440\u043e\u0433\u0430 = The Road<\/span><\/span><\/td>\n<td class=\"duration_GhhxK\"><span class=\"MuiTypography-root MuiTypography-labelSmall css-1kybk0l\">4:08<\/span><\/td>\n<\/tr>\n<tr data-track-position=\"B1\">\n<td class=\"trackPos_n8vad\"><span class=\"MuiTypography-root MuiTypography-labelSmall css-1kybk0l\">B1<\/span><\/td>\n<td class=\"trackTitle_loyWF\"><span class=\"MuiTypography-root MuiTypography-labelSmall css-1kybk0l\"><span class=\"trackTitle_loyWF\">\u0427\u0435\u0440\u0435\u0448\u043d\u0435\u0432\u044b\u0439 \u0413\u0430\u0439 = Sweet-Cherry Grove<\/span><\/span><\/td>\n<td class=\"duration_GhhxK\"><span class=\"MuiTypography-root MuiTypography-labelSmall css-1kybk0l\">2:55<\/span><\/td>\n<\/tr>\n<tr data-track-position=\"B2\">\n<td class=\"trackPos_n8vad\"><span class=\"MuiTypography-root MuiTypography-labelSmall css-1kybk0l\">B2<\/span><\/td>\n<td class=\"trackTitle_loyWF\"><span class=\"MuiTypography-root MuiTypography-labelSmall css-1kybk0l\"><span class=\"trackTitle_loyWF\">\u041e\u0431\u044b\u0447\u043d\u0430\u044f \u0418\u0441\u0442\u043e\u0440\u0438\u044f = An Usual Story<\/span><\/span><\/td>\n<td class=\"duration_GhhxK\"><span class=\"MuiTypography-root MuiTypography-labelSmall css-1kybk0l\">5:20<\/span><\/td>\n<\/tr>\n<tr data-track-position=\"B3\">\n<td class=\"trackPos_n8vad\"><span class=\"MuiTypography-root MuiTypography-labelSmall css-1kybk0l\">B3<\/span><\/td>\n<td class=\"trackTitle_loyWF\"><span class=\"MuiTypography-root MuiTypography-labelSmall css-1kybk0l\"><span class=\"trackTitle_loyWF\">\u0422\u043e\u043b\u044c\u043a\u043e \u0422\u0435\u0431\u0435 = Only For You<\/span><\/span><\/td>\n<td class=\"duration_GhhxK\"><span class=\"MuiTypography-root MuiTypography-labelSmall css-1kybk0l\">5:23<\/span><\/td>\n<\/tr>\n<tr data-track-position=\"B4\">\n<td class=\"trackPos_n8vad\"><span class=\"MuiTypography-root MuiTypography-labelSmall css-1kybk0l\">B4<\/span><\/td>\n<td class=\"trackTitle_loyWF\"><span class=\"MuiTypography-root MuiTypography-labelSmall css-1kybk0l\"><span class=\"trackTitle_loyWF\">\u0412\u0435\u0440\u044c \u041c\u043d\u0435 = Believe Me<\/span><\/span><\/td>\n<td class=\"duration_GhhxK\"><span class=\"MuiTypography-root MuiTypography-labelSmall css-1kybk0l\">3:36<\/span><\/td>\n<\/tr>\n<\/tbody>\n<\/table>\n<\/div>\n<\/section>","protected":false},"excerpt":{"rendered":"<p>Vinyl, LP, Album, 1979 URSS, VG+ \/ VG<\/p>","protected":false},"featured_media":17701,"template":"","meta":[],"product_brand":[],"product_cat":[16],"product_tag":[],"class_list":{"0":"post-17700","1":"product","2":"type-product","3":"status-publish","4":"has-post-thumbnail","6":"product_cat-vinyl","7":"pa_color-black","8":"pa_format-lp","9":"pa_genre-electronic","10":"pa_genre-pop","11":"pa_genre-rock","12":"pa_stare-vintage","14":"first","15":"onbackorder","16":"taxable","17":"shipping-taxable","18":"purchasable","19":"product-type-simple"},"jetpack_sharing_enabled":true,"_links":{"self":[{"href":"https:\/\/old.vinylka.md\/ru\/wp-json\/wp\/v2\/product\/17700","targetHints":{"allow":["GET"]}}],"collection":[{"href":"https:\/\/old.vinylka.md\/ru\/wp-json\/wp\/v2\/product"}],"about":[{"href":"https:\/\/old.vinylka.md\/ru\/wp-json\/wp\/v2\/types\/product"}],"version-history":[{"count":0,"href":"https:\/\/old.vinylka.md\/ru\/wp-json\/wp\/v2\/product\/17700\/revisions"}],"wp:featuredmedia":[{"embeddable":true,"href":"https:\/\/old.vinylka.md\/ru\/wp-json\/wp\/v2\/media\/17701"}],"wp:attachment":[{"href":"https:\/\/old.vinylka.md\/ru\/wp-json\/wp\/v2\/media?parent=17700"}],"wp:term":[{"taxonomy":"product_brand","embeddable":true,"href":"https:\/\/old.vinylka.md\/ru\/wp-json\/wp\/v2\/product_brand?post=17700"},{"taxonomy":"product_cat","embeddable":true,"href":"https:\/\/old.vinylka.md\/ru\/wp-json\/wp\/v2\/product_cat?post=17700"},{"taxonomy":"product_tag","embeddable":true,"href":"https:\/\/old.vinylka.md\/ru\/wp-json\/wp\/v2\/product_tag?post=17700"}],"curies":[{"name":"wp","href":"https:\/\/api.w.org\/{rel}","templated":true}]}}