{"id":17779,"date":"2025-12-23T23:26:07","date_gmt":"2025-12-23T21:26:07","guid":{"rendered":"https:\/\/vinylka.md\/?post_type=product&#038;p=17779"},"modified":"2025-12-23T23:26:08","modified_gmt":"2025-12-23T21:26:08","slug":"sweet-sweet-fanny-adams","status":"publish","type":"product","link":"https:\/\/old.vinylka.md\/ru\/product\/sweet-sweet-fanny-adams\/","title":{"rendered":"Sweet &#8211; Sweet Fanny Adams"},"content":{"rendered":"<h1>Sweet &#8211; Sweet Fanny Adams<\/h1>\n<p>Discul de vinyl surprinde energia pur\u0103 a rockului anilor \u201970, cu riff-uri puternice, tobe accentuate \u0219i refrene u\u0219or de recunoscut. <strong data-start=\"132\" data-end=\"173\"><span class=\"hover:entity-accent entity-underline inline cursor-pointer align-baseline\"><span class=\"whitespace-normal\">Sweet &#8211; Sweet Fanny Adams<\/span><\/span><\/strong> marcheaz\u0103 o perioad\u0103 mai dur\u0103 \u0219i mai matur\u0103 a trupei Sweet, \u00eendep\u0103rt\u00e2ndu-se de sound-ul glam pop ini\u021bial. Albumul combin\u0103 hard rock-ul cu elemente melodice clare, eviden\u021biind stilul distinct al forma\u021biei \u0219i atmosfera specific\u0103 epocii.<\/p>\n<h2>Tracklist<\/h2>\n<table>\n<tbody>\n<tr>\n<td>A1<\/td>\n<td>Set Me Free<\/td>\n<td>3:57<\/td>\n<\/tr>\n<tr>\n<td>A2<\/td>\n<td>Heartbreak Today<\/td>\n<td>5:00<\/td>\n<\/tr>\n<tr>\n<td>A3<\/td>\n<td>No You Don&#8217;t<\/td>\n<td>4:33<\/td>\n<\/tr>\n<tr>\n<td>A4<\/td>\n<td>Rebel Rouser<\/td>\n<td>3:23<\/td>\n<\/tr>\n<tr>\n<td>A5<\/td>\n<td>Peppermint Twist<\/td>\n<td>3:27<\/td>\n<\/tr>\n<tr>\n<td>A6<\/td>\n<td>Teenage Rampage<\/td>\n<td>3:32<\/td>\n<\/tr>\n<tr>\n<td>B1<\/td>\n<td>Sweet F.A.<\/td>\n<td>6:11<\/td>\n<\/tr>\n<tr>\n<td>B2<\/td>\n<td>Restless<\/td>\n<td>4:24<\/td>\n<\/tr>\n<tr>\n<td>B3<\/td>\n<td>In To The Night<\/td>\n<td>4:23<\/td>\n<\/tr>\n<tr>\n<td>B4<\/td>\n<td>AC-DC<\/td>\n<td>3:23<\/td>\n<\/tr>\n<tr>\n<td>B5<\/td>\n<td>Own Up, Take A Look At Yourself<\/td>\n<td>3:23<\/td>\n<\/tr>\n<\/tbody>\n<\/table>\n<p><iframe title=\"YouTube video player\" src=\"https:\/\/www.youtube.com\/embed\/FXcRsAj26qU?si=rY6W7xKOU3XsjfgO\" width=\"560\" height=\"315\" frameborder=\"0\" allowfullscreen=\"allowfullscreen\"><\/iframe><\/p>","protected":false},"excerpt":{"rendered":"<p>Vinyl, LP, Album, Reissue<\/p>","protected":false},"featured_media":17780,"template":"","meta":[],"product_brand":[],"product_cat":[16],"product_tag":[],"class_list":{"0":"post-17779","1":"product","2":"type-product","3":"status-publish","4":"has-post-thumbnail","6":"product_cat-vinyl","7":"pa_color-black","8":"pa_format-lp","9":"pa_genre-hard-rock","10":"pa_stare-new","12":"first","13":"instock","14":"taxable","15":"shipping-taxable","16":"purchasable","17":"product-type-simple"},"jetpack_sharing_enabled":true,"_links":{"self":[{"href":"https:\/\/old.vinylka.md\/ru\/wp-json\/wp\/v2\/product\/17779","targetHints":{"allow":["GET"]}}],"collection":[{"href":"https:\/\/old.vinylka.md\/ru\/wp-json\/wp\/v2\/product"}],"about":[{"href":"https:\/\/old.vinylka.md\/ru\/wp-json\/wp\/v2\/types\/product"}],"version-history":[{"count":0,"href":"https:\/\/old.vinylka.md\/ru\/wp-json\/wp\/v2\/product\/17779\/revisions"}],"wp:featuredmedia":[{"embeddable":true,"href":"https:\/\/old.vinylka.md\/ru\/wp-json\/wp\/v2\/media\/17780"}],"wp:attachment":[{"href":"https:\/\/old.vinylka.md\/ru\/wp-json\/wp\/v2\/media?parent=17779"}],"wp:term":[{"taxonomy":"product_brand","embeddable":true,"href":"https:\/\/old.vinylka.md\/ru\/wp-json\/wp\/v2\/product_brand?post=17779"},{"taxonomy":"product_cat","embeddable":true,"href":"https:\/\/old.vinylka.md\/ru\/wp-json\/wp\/v2\/product_cat?post=17779"},{"taxonomy":"product_tag","embeddable":true,"href":"https:\/\/old.vinylka.md\/ru\/wp-json\/wp\/v2\/product_tag?post=17779"}],"curies":[{"name":"wp","href":"https:\/\/api.w.org\/{rel}","templated":true}]}}