{"id":17979,"date":"2026-01-13T14:09:13","date_gmt":"2026-01-13T12:09:13","guid":{"rendered":"https:\/\/vinylka.md\/?post_type=product&#038;p=17979"},"modified":"2026-01-13T14:09:14","modified_gmt":"2026-01-13T12:09:14","slug":"bill-withers-just-as-i-am","status":"publish","type":"product","link":"https:\/\/old.vinylka.md\/ru\/product\/bill-withers-just-as-i-am\/","title":{"rendered":"Bill Withers &#8211; Just As I Am"},"content":{"rendered":"<h2>Bill Withers &#8211; Just As I Am<\/h2>\n<p><a href=\"https:\/\/vinylka.md\/filter\/name-Bill+Withers\/\">Bill Withers<\/a> \u2013 Just As I Am (<a href=\"https:\/\/en.wikipedia.org\/wiki\/Phonograph_record\">\u0412\u0438\u043d\u0438\u043b<\/a> Reissue 2012) este o reeditare atent remasterizat\u0103 a albumului de debut lansat ini\u021bial \u00een 1971, adus\u0103 din nou pe vinil pentru a oferi ascult\u0103torilor o experien\u021b\u0103 sonor\u0103 cald\u0103, autentic\u0103 \u0219i fidel\u0103 spiritului original. Edi\u021bia din 2012 p\u0103streaz\u0103 atmosfera intim\u0103 \u0219i profund\u0103 a discului, cu o calitate audio \u00eembun\u0103t\u0103\u021bit\u0103, ideal\u0103 pentru pick-up-uri moderne \u0219i pentru pasiona\u021bii de vinil vintage reeditat.<\/p>\n<p>Albumul include piesa emblematic\u0103 \u201cAin\u2019t No Sunshine\u201d, al\u0103turi de alte bijuterii soul precum \u201cGrandma\u2019s Hands\u201d, \u201cHope She\u2019ll Be Happier\u201d sau \u201cI\u2019m Her Daddy\u201d. Cu aranjamente simple \u0219i vocea cald\u0103, grav\u0103 a lui Bill Withers, Just As I Am este un disc care transmite emo\u021bie pur\u0103, f\u0103r\u0103 artificii.<\/p>\n<div class=\"main_cQEFk\" style=\"order: 7;\">\n<section id=\"release-tracklist\" class=\"section_Odw8o open_FaEHZ\">\n<header class=\"header_BgEm1\">\n<h2 class=\"MuiTypography-root MuiTypography-headLineLarge css-1l4s8ze\">Tracklist<\/h2>\n<\/header>\n<div class=\"content_ETGfR\">\n<table class=\"tracklist_ZdQ0I\">\n<tbody>\n<tr data-track-position=\"A1\">\n<td class=\"trackPos_n8vad\"><span class=\"MuiTypography-root MuiTypography-labelSmall css-1kybk0l\">A1<\/span><\/td>\n<td class=\"trackTitle_loyWF\">Harlem<\/td>\n<td class=\"duration_GhhxK\"><span class=\"MuiTypography-root MuiTypography-labelSmall css-1kybk0l\">3:23<\/span><\/td>\n<\/tr>\n<tr data-track-position=\"A2\">\n<td class=\"trackPos_n8vad\"><span class=\"MuiTypography-root MuiTypography-labelSmall css-1kybk0l\">A2<\/span><\/td>\n<td class=\"trackTitle_loyWF\"><span class=\"MuiTypography-root MuiTypography-labelSmall css-1kybk0l\"><span class=\"trackTitle_loyWF\">Ain&#8217;t No Sunshine<\/span><\/span><\/td>\n<td class=\"duration_GhhxK\"><span class=\"MuiTypography-root MuiTypography-labelSmall css-1kybk0l\">2:04<\/span><\/td>\n<\/tr>\n<tr data-track-position=\"A3\">\n<td class=\"trackPos_n8vad\"><span class=\"MuiTypography-root MuiTypography-labelSmall css-1kybk0l\">A3<\/span><\/td>\n<td class=\"trackTitle_loyWF\">Grandma&#8217;s Hands<\/td>\n<td class=\"duration_GhhxK\">2<span class=\"MuiTypography-root MuiTypography-labelSmall css-1kybk0l\">:00<\/span><\/td>\n<\/tr>\n<tr data-track-position=\"A4\">\n<td class=\"trackPos_n8vad\"><span class=\"MuiTypography-root MuiTypography-labelSmall css-1kybk0l\">A4<\/span><\/td>\n<td class=\"trackTitle_loyWF\"><span class=\"MuiTypography-root MuiTypography-labelSmall css-1kybk0l\"><span class=\"trackTitle_loyWF\">Sweet Wanomi<\/span><\/span><\/td>\n<td class=\"duration_GhhxK\"><span class=\"MuiTypography-root MuiTypography-labelSmall css-1kybk0l\">2:30<\/span><\/td>\n<\/tr>\n<tr data-track-position=\"A5\">\n<td class=\"trackPos_n8vad\"><span class=\"MuiTypography-root MuiTypography-labelSmall css-1kybk0l\">A5<\/span><\/td>\n<td class=\"trackTitle_loyWF\"><span class=\"MuiTypography-root MuiTypography-labelSmall css-1kybk0l\"><span class=\"trackTitle_loyWF\">Everybody&#8217;s Talkin&#8217;<\/span><\/span><\/td>\n<td class=\"duration_GhhxK\"><span class=\"MuiTypography-root MuiTypography-labelSmall css-1kybk0l\">3:21<\/span><\/td>\n<\/tr>\n<tr data-track-position=\"A6\">\n<td class=\"trackPos_n8vad\"><span class=\"MuiTypography-root MuiTypography-labelSmall css-1kybk0l\">A6<\/span><\/td>\n<td class=\"trackTitle_loyWF\"><span class=\"MuiTypography-root MuiTypography-labelSmall css-1kybk0l\"><span class=\"trackTitle_loyWF\">Do It Good<\/span><\/span><\/td>\n<td class=\"duration_GhhxK\"><span class=\"MuiTypography-root MuiTypography-labelSmall css-1kybk0l\">2:52<\/span><\/td>\n<\/tr>\n<tr data-track-position=\"B1\">\n<td class=\"trackPos_n8vad\"><span class=\"MuiTypography-root MuiTypography-labelSmall css-1kybk0l\">B1<\/span><\/td>\n<td class=\"trackTitle_loyWF\">Hope She&#8217;ll Be Happier<\/td>\n<td class=\"duration_GhhxK\"><span class=\"MuiTypography-root MuiTypography-labelSmall css-1kybk0l\">3:48<\/span><\/td>\n<\/tr>\n<tr data-track-position=\"B2\">\n<td class=\"trackPos_n8vad\"><span class=\"MuiTypography-root MuiTypography-labelSmall css-1kybk0l\">B2<\/span><\/td>\n<td class=\"trackTitle_loyWF\"><span class=\"MuiTypography-root MuiTypography-labelSmall css-1kybk0l\"><span class=\"trackTitle_loyWF\">Let It Be<\/span><\/span><\/td>\n<td class=\"duration_GhhxK\"><span class=\"MuiTypography-root MuiTypography-labelSmall css-1kybk0l\">2:37<\/span><\/td>\n<\/tr>\n<tr data-track-position=\"B3\">\n<td class=\"trackPos_n8vad\"><span class=\"MuiTypography-root MuiTypography-labelSmall css-1kybk0l\">B3<\/span><\/td>\n<td class=\"trackTitle_loyWF\"><span class=\"MuiTypography-root MuiTypography-labelSmall css-1kybk0l\"><span class=\"trackTitle_loyWF\">I&#8217;m Her Daddy<\/span><\/span><\/td>\n<td class=\"duration_GhhxK\"><span class=\"MuiTypography-root MuiTypography-labelSmall css-1kybk0l\">3:19<\/span><\/td>\n<\/tr>\n<tr data-track-position=\"B4\">\n<td class=\"trackPos_n8vad\"><span class=\"MuiTypography-root MuiTypography-labelSmall css-1kybk0l\">B4<\/span><\/td>\n<td class=\"trackTitle_loyWF\"><span class=\"MuiTypography-root MuiTypography-labelSmall css-1kybk0l\"><span class=\"trackTitle_loyWF\">In My Heart<\/span><\/span><\/td>\n<td class=\"duration_GhhxK\"><span class=\"MuiTypography-root MuiTypography-labelSmall css-1kybk0l\">4:19<\/span><\/td>\n<\/tr>\n<tr data-track-position=\"B5\">\n<td class=\"trackPos_n8vad\"><span class=\"MuiTypography-root MuiTypography-labelSmall css-1kybk0l\">B5<\/span><\/td>\n<td class=\"trackTitle_loyWF\"><span class=\"MuiTypography-root MuiTypography-labelSmall css-1kybk0l\"><span class=\"trackTitle_loyWF\">Moanin&#8217; And Groanin&#8217;<\/span><\/span><\/td>\n<td class=\"duration_GhhxK\"><span class=\"MuiTypography-root MuiTypography-labelSmall css-1kybk0l\">2:57<\/span><\/td>\n<\/tr>\n<tr data-track-position=\"B6\">\n<td class=\"trackPos_n8vad\"><span class=\"MuiTypography-root MuiTypography-labelSmall css-1kybk0l\">B6<\/span><\/td>\n<td class=\"trackTitle_loyWF\"><span class=\"MuiTypography-root MuiTypography-labelSmall css-1kybk0l\"><span class=\"trackTitle_loyWF\">Better Off Dead<\/span><\/span><\/td>\n<td class=\"duration_GhhxK\"><span class=\"MuiTypography-root MuiTypography-labelSmall css-1kybk0l\">2:13<\/span><\/td>\n<\/tr>\n<\/tbody>\n<\/table>\n<\/div>\n<p>&nbsp;<\/p>\n<\/section>\n<\/div>\n<p><iframe style=\"width: 100%; max-width: 660px; overflow: hidden; border-radius: 10px;\" src=\"https:\/\/embed.music.apple.com\/us\/album\/just-as-i-am\/293521570\" height=\"450\" frameborder=\"0\" sandbox=\"allow-forms allow-popups allow-same-origin allow-scripts allow-storage-access-by-user-activation allow-top-navigation-by-user-activation\"><\/iframe><\/p>","protected":false},"excerpt":{"rendered":"<p>Vinyl, LP, Album, Reissue, Remastered<\/p>","protected":false},"featured_media":17980,"template":"","meta":[],"product_brand":[],"product_cat":[16],"product_tag":[],"class_list":{"0":"post-17979","1":"product","2":"type-product","3":"status-publish","4":"has-post-thumbnail","6":"product_cat-vinyl","7":"pa_color-black","8":"pa_format-lp","9":"pa_genre-blues","10":"pa_genre-folk-world-country","11":"pa_genre-funk-soul","12":"pa_stare-new","14":"first","15":"instock","16":"taxable","17":"shipping-taxable","18":"purchasable","19":"product-type-simple"},"jetpack_sharing_enabled":true,"_links":{"self":[{"href":"https:\/\/old.vinylka.md\/ru\/wp-json\/wp\/v2\/product\/17979","targetHints":{"allow":["GET"]}}],"collection":[{"href":"https:\/\/old.vinylka.md\/ru\/wp-json\/wp\/v2\/product"}],"about":[{"href":"https:\/\/old.vinylka.md\/ru\/wp-json\/wp\/v2\/types\/product"}],"version-history":[{"count":0,"href":"https:\/\/old.vinylka.md\/ru\/wp-json\/wp\/v2\/product\/17979\/revisions"}],"wp:featuredmedia":[{"embeddable":true,"href":"https:\/\/old.vinylka.md\/ru\/wp-json\/wp\/v2\/media\/17980"}],"wp:attachment":[{"href":"https:\/\/old.vinylka.md\/ru\/wp-json\/wp\/v2\/media?parent=17979"}],"wp:term":[{"taxonomy":"product_brand","embeddable":true,"href":"https:\/\/old.vinylka.md\/ru\/wp-json\/wp\/v2\/product_brand?post=17979"},{"taxonomy":"product_cat","embeddable":true,"href":"https:\/\/old.vinylka.md\/ru\/wp-json\/wp\/v2\/product_cat?post=17979"},{"taxonomy":"product_tag","embeddable":true,"href":"https:\/\/old.vinylka.md\/ru\/wp-json\/wp\/v2\/product_tag?post=17979"}],"curies":[{"name":"wp","href":"https:\/\/api.w.org\/{rel}","templated":true}]}}