{"id":18167,"date":"2026-01-22T13:18:50","date_gmt":"2026-01-22T11:18:50","guid":{"rendered":"https:\/\/vinylka.md\/?post_type=product&#038;p=18167"},"modified":"2026-01-22T13:18:50","modified_gmt":"2026-01-22T11:18:50","slug":"funko-plush-stranger-things-s4-hunter-steve","status":"publish","type":"product","link":"https:\/\/old.vinylka.md\/ru\/product\/funko-plush-stranger-things-s4-hunter-steve\/","title":{"rendered":"FUNKO PLUSH Stranger Things S4 Hunter Steve"},"content":{"rendered":"<h2>FUNKO PLUSH Stranger Things S4 Hunter Steve<\/h2>\n<p><a href=\"https:\/\/vinylka.md\/filter\/product_cat-funko-pop\/\">Funko Plush Stranger Things S4<\/a> \u2013 Hunter Steve este o juc\u0103rie de plu\u0219 oficial\u0103 Funko inspirat\u0103 din serialul Stranger Things Sezonul 4, care \u00eel reprezint\u0103 pe Steve Harrington \u00eentr\u2011o versiune adorabil\u0103 \u0219i colec\u021bionabil\u0103.<\/p>\n<p>Acest plush surprinde tr\u0103s\u0103turile distinctive ale lui Steve \u2014 coafura sa emblematic\u0103, expresia prietenoas\u0103 \u0219i stilul vestimentar inspirat din serial \u2014 dar reinterpretate \u00eentr\u2011o form\u0103 moale, simpatic\u0103 \u0219i potrivit\u0103 pentru \u00eembr\u0103\u021bi\u0219at sau expus. Materialele textile sunt pl\u0103cute la atingere, cu detalii brodate sau aplicate cu precizie pentru a reda c\u00e2t mai fidel personajul \u00een stilul juc\u0103riei de plu\u0219.<\/p>","protected":false},"excerpt":{"rendered":"<p>Jucarie de plus , 18cm<\/p>","protected":false},"featured_media":18168,"template":"","meta":[],"product_brand":[],"product_cat":[251],"product_tag":[],"class_list":{"0":"post-18167","1":"product","2":"type-product","3":"status-publish","4":"has-post-thumbnail","6":"product_cat-funko-pop","8":"first","9":"instock","10":"taxable","11":"shipping-taxable","12":"purchasable","13":"product-type-simple"},"jetpack_sharing_enabled":true,"_links":{"self":[{"href":"https:\/\/old.vinylka.md\/ru\/wp-json\/wp\/v2\/product\/18167","targetHints":{"allow":["GET"]}}],"collection":[{"href":"https:\/\/old.vinylka.md\/ru\/wp-json\/wp\/v2\/product"}],"about":[{"href":"https:\/\/old.vinylka.md\/ru\/wp-json\/wp\/v2\/types\/product"}],"version-history":[{"count":0,"href":"https:\/\/old.vinylka.md\/ru\/wp-json\/wp\/v2\/product\/18167\/revisions"}],"wp:featuredmedia":[{"embeddable":true,"href":"https:\/\/old.vinylka.md\/ru\/wp-json\/wp\/v2\/media\/18168"}],"wp:attachment":[{"href":"https:\/\/old.vinylka.md\/ru\/wp-json\/wp\/v2\/media?parent=18167"}],"wp:term":[{"taxonomy":"product_brand","embeddable":true,"href":"https:\/\/old.vinylka.md\/ru\/wp-json\/wp\/v2\/product_brand?post=18167"},{"taxonomy":"product_cat","embeddable":true,"href":"https:\/\/old.vinylka.md\/ru\/wp-json\/wp\/v2\/product_cat?post=18167"},{"taxonomy":"product_tag","embeddable":true,"href":"https:\/\/old.vinylka.md\/ru\/wp-json\/wp\/v2\/product_tag?post=18167"}],"curies":[{"name":"wp","href":"https:\/\/api.w.org\/{rel}","templated":true}]}}