{"id":18174,"date":"2026-01-22T13:32:41","date_gmt":"2026-01-22T11:32:41","guid":{"rendered":"https:\/\/vinylka.md\/?post_type=product&#038;p=18174"},"modified":"2026-01-22T13:32:41","modified_gmt":"2026-01-22T11:32:41","slug":"funko-plush-stranger-things-s4-vecna","status":"publish","type":"product","link":"https:\/\/old.vinylka.md\/ru\/product\/funko-plush-stranger-things-s4-vecna\/","title":{"rendered":"FUNKO PLUSH Stranger Things S4 Vecna"},"content":{"rendered":"<h2>FUNKO PLUSH Stranger Things S4 Vecna<\/h2>\n<p><a href=\"https:\/\/vinylka.md\/filter\/product_cat-funko-pop\/\">Funko Plush Stranger Things S4<\/a> \u2013 Vecna este o juc\u0103rie de plu\u0219 oficial\u0103 inspirat\u0103 din serialul Stranger Things Sezonul 4, care \u00eel reprezint\u0103 pe Vecna \u2014 unul dintre cei mai \u00eenfrico\u0219\u0103tori antagoni\u0219ti din serie \u2014 \u00eentr\u2011o manier\u0103 surprinz\u0103tor de pufoas\u0103 \u0219i colec\u021bionabil\u0103.<\/p>\n<p>Acest plush surprinde tr\u0103s\u0103turile iconice ale personajului \u2014 de la pielea texturat\u0103, modelul distinctiv al fe\u021bei p\u00e2n\u0103 la elementele care evoc\u0103 atmosfera \u00eentunecat\u0103 a Upside Down \u2014 reinterpretate \u00eentr\u2011o form\u0103 moale, stilizat\u0103 \u0219i prietenoas\u0103 vizual. Detaliile sunt brodate sau cusute cu grij\u0103 pentru a p\u0103stra esen\u021ba personajului, chiar dac\u0103 versiunea plush \u00eel transform\u0103 \u00eentr\u2011o variant\u0103 mai accesibil\u0103 \u0219i juc\u0103u\u0219\u0103.<\/p>","protected":false},"excerpt":{"rendered":"<div class=\"entry-excerpt\">\n<p>Jucarie de plus , 18cm<\/p>\n<\/div>\n<div class=\"ct-woo-card-actions\" data-add-to-cart=\"auto-hide\"><\/div>","protected":false},"featured_media":18175,"template":"","meta":[],"product_brand":[],"product_cat":[251],"product_tag":[],"class_list":{"0":"post-18174","1":"product","2":"type-product","3":"status-publish","4":"has-post-thumbnail","6":"product_cat-funko-pop","8":"first","9":"instock","10":"taxable","11":"shipping-taxable","12":"purchasable","13":"product-type-simple"},"jetpack_sharing_enabled":true,"_links":{"self":[{"href":"https:\/\/old.vinylka.md\/ru\/wp-json\/wp\/v2\/product\/18174","targetHints":{"allow":["GET"]}}],"collection":[{"href":"https:\/\/old.vinylka.md\/ru\/wp-json\/wp\/v2\/product"}],"about":[{"href":"https:\/\/old.vinylka.md\/ru\/wp-json\/wp\/v2\/types\/product"}],"version-history":[{"count":0,"href":"https:\/\/old.vinylka.md\/ru\/wp-json\/wp\/v2\/product\/18174\/revisions"}],"wp:featuredmedia":[{"embeddable":true,"href":"https:\/\/old.vinylka.md\/ru\/wp-json\/wp\/v2\/media\/18175"}],"wp:attachment":[{"href":"https:\/\/old.vinylka.md\/ru\/wp-json\/wp\/v2\/media?parent=18174"}],"wp:term":[{"taxonomy":"product_brand","embeddable":true,"href":"https:\/\/old.vinylka.md\/ru\/wp-json\/wp\/v2\/product_brand?post=18174"},{"taxonomy":"product_cat","embeddable":true,"href":"https:\/\/old.vinylka.md\/ru\/wp-json\/wp\/v2\/product_cat?post=18174"},{"taxonomy":"product_tag","embeddable":true,"href":"https:\/\/old.vinylka.md\/ru\/wp-json\/wp\/v2\/product_tag?post=18174"}],"curies":[{"name":"wp","href":"https:\/\/api.w.org\/{rel}","templated":true}]}}