{"id":18177,"date":"2026-01-22T13:37:04","date_gmt":"2026-01-22T11:37:04","guid":{"rendered":"https:\/\/vinylka.md\/?post_type=product&#038;p=18177"},"modified":"2026-01-22T13:37:04","modified_gmt":"2026-01-22T11:37:04","slug":"funko-plush-stranger-things-s4-demobat","status":"publish","type":"product","link":"https:\/\/old.vinylka.md\/ru\/product\/funko-plush-stranger-things-s4-demobat\/","title":{"rendered":"FUNKO PLUSH Stranger Things S4 Demobat"},"content":{"rendered":"<h2>FUNKO PLUSH Stranger Things S4 Demobat<\/h2>\n<p data-start=\"0\" data-end=\"257\"><strong data-start=\"0\" data-end=\"54\"><a href=\"https:\/\/vinylka.md\/filter\/product_cat-funko-pop\/\">Funko Plush <em data-start=\"14\" data-end=\"31\">Stranger Things<\/em> S4<\/a> \u2013 Demobat <\/strong>\u00a0este o juc\u0103rie de plu\u0219 oficial\u0103 inspirat\u0103 din <strong data-start=\"101\" data-end=\"141\">serialul <em data-start=\"112\" data-end=\"129\">Stranger Things<\/em> Sezonul\u202f4<\/strong>, reprezent\u00e2nd una dintre creaturile memorabile din universul \u00eentunecat al seriei \u00eentr\u2011o form\u0103 moale \u0219i prietenoas\u0103.<\/p>\n<p data-start=\"259\" data-end=\"848\">Juc\u0103ria are aproximativ <strong data-start=\"283\" data-end=\"292\">18\u202fcm<\/strong> \u00een \u00een\u0103l\u021bime, ceea ce o face perfect\u0103 pentru expunere pe raft, birou sau \u00een colec\u021bia personal\u0103. Plush\u2011ul surprinde tr\u0103s\u0103turile esen\u021biale ale <strong data-start=\"433\" data-end=\"449\">Demobat\u2011ului<\/strong> \u2013 corpul rotunjit caracteristic, aripi, ochi evocatori \u0219i detalii texturate care sugereaz\u0103 inspirat forma creaturii, dar reinterpretate \u00eentr\u2011un stil \u00abcute\u00bb specific Funko. Materialele textile sunt moi la atingere \u0219i finisate cu grij\u0103, iar detaliile brodate sau aplicate adaug\u0103 un nivel de calitate care \u00eel face potrivit at\u00e2t pentru fanii serialului, c\u00e2t \u0219i pentru colec\u021bionarii de plu\u0219uri tematice.<\/p>","protected":false},"excerpt":{"rendered":"<div class=\"entry-excerpt\">\n<p>Jucarie de plus , 18cm<\/p>\n<\/div>\n<div class=\"ct-woo-card-actions\" data-add-to-cart=\"auto-hide\"><\/div>","protected":false},"featured_media":18178,"template":"","meta":[],"product_brand":[],"product_cat":[251],"product_tag":[],"class_list":{"0":"post-18177","1":"product","2":"type-product","3":"status-publish","4":"has-post-thumbnail","6":"product_cat-funko-pop","8":"first","9":"instock","10":"taxable","11":"shipping-taxable","12":"purchasable","13":"product-type-simple"},"jetpack_sharing_enabled":true,"_links":{"self":[{"href":"https:\/\/old.vinylka.md\/ru\/wp-json\/wp\/v2\/product\/18177","targetHints":{"allow":["GET"]}}],"collection":[{"href":"https:\/\/old.vinylka.md\/ru\/wp-json\/wp\/v2\/product"}],"about":[{"href":"https:\/\/old.vinylka.md\/ru\/wp-json\/wp\/v2\/types\/product"}],"version-history":[{"count":0,"href":"https:\/\/old.vinylka.md\/ru\/wp-json\/wp\/v2\/product\/18177\/revisions"}],"wp:featuredmedia":[{"embeddable":true,"href":"https:\/\/old.vinylka.md\/ru\/wp-json\/wp\/v2\/media\/18178"}],"wp:attachment":[{"href":"https:\/\/old.vinylka.md\/ru\/wp-json\/wp\/v2\/media?parent=18177"}],"wp:term":[{"taxonomy":"product_brand","embeddable":true,"href":"https:\/\/old.vinylka.md\/ru\/wp-json\/wp\/v2\/product_brand?post=18177"},{"taxonomy":"product_cat","embeddable":true,"href":"https:\/\/old.vinylka.md\/ru\/wp-json\/wp\/v2\/product_cat?post=18177"},{"taxonomy":"product_tag","embeddable":true,"href":"https:\/\/old.vinylka.md\/ru\/wp-json\/wp\/v2\/product_tag?post=18177"}],"curies":[{"name":"wp","href":"https:\/\/api.w.org\/{rel}","templated":true}]}}