{"id":18187,"date":"2026-01-22T15:21:03","date_gmt":"2026-01-22T13:21:03","guid":{"rendered":"https:\/\/vinylka.md\/?post_type=product&#038;p=18187"},"modified":"2026-02-12T17:00:21","modified_gmt":"2026-02-12T15:00:21","slug":"pink-floyd-wish-you-were-here-2","status":"publish","type":"product","link":"https:\/\/old.vinylka.md\/ru\/product\/pink-floyd-wish-you-were-here-2\/","title":{"rendered":"Pink Floyd &#8211; Wish You Were Here"},"content":{"rendered":"<h2>Pink Floyd &#8211; Wish You Were Here<\/h2>\n<p><a href=\"https:\/\/vinylka.md\/filter\/name-Pink+Floyd\/\">Pink Floyd<\/a> \u2013 Wish You Were Here (<a href=\"https:\/\/en.wikipedia.org\/wiki\/Phonograph_record\">\u0412\u0438\u043d\u0438\u043b<\/a> Reissue 2025) este o reeditare special\u0103 pe vinil a unuia dintre cele mai emblematice albume din istoria rockului progresiv. Lansat original \u00een 1975, acest disc este o explorare profund\u0103 a alien\u0103rii, pierderii \u0219i rela\u021biei dintre arti\u0219ti \u0219i industria muzical\u0103, iar edi\u021bia Reissue 2025 readuce aceast\u0103 capodoper\u0103 \u00eentr\u2011un format remasterizat \u0219i adaptat pentru pick\u2011up\u2011urile moderne.<\/p>\n<p>Pe acest vinil vei reg\u0103si piese legendare precum \u201cShine On You Crazy Diamond\u201d (Parts I\u2013V), \u201cWelcome to the Machine\u201d, \u201cHave a Cigar\u201d \u0219i \u201cWish You Were Here\u201d \u2013 melodii care combin\u0103 aranjamente sofisticate, texturi atmosferice \u0219i un echilibru perfect \u00eentre instrumenta\u021bia analogic\u0103 \u0219i produc\u021bia artistic\u0103. Sunetul remasterizat pe edi\u021bia din 2025 ofer\u0103 o claritate \u0219i o dinamica sonore mai profunde, p\u0103str\u00e2nd \u00eens\u0103 farmecul analogic cald pe care \u00eel caut\u0103 orice pasionat de vinil.<\/p>\n<section id=\"release-tracklist\" class=\"section_Odw8o open_FaEHZ\">\n<header class=\"header_BgEm1\">\n<h2 class=\"MuiTypography-root MuiTypography-headLineLarge css-1l4s8ze\">Tracklist<\/h2>\n<\/header>\n<div class=\"content_ETGfR\">\n<table class=\"tracklist_ZdQ0I\">\n<tbody>\n<tr data-track-position=\"A1\">\n<td class=\"trackPos_n8vad\"><span class=\"MuiTypography-root MuiTypography-labelSmall css-1kybk0l\">A1<\/span><\/td>\n<td class=\"trackTitle_loyWF\"><span class=\"MuiTypography-root MuiTypography-labelSmall css-1kybk0l\"><span class=\"trackTitle_loyWF\">Shine On You Crazy Diamond (Parts 1-5)<\/span><\/span><\/td>\n<\/tr>\n<tr data-track-position=\"A2\">\n<td class=\"trackPos_n8vad\"><span class=\"MuiTypography-root MuiTypography-labelSmall css-1kybk0l\">A2<\/span><\/td>\n<td class=\"trackTitle_loyWF\"><span class=\"MuiTypography-root MuiTypography-labelSmall css-1kybk0l\"><span class=\"trackTitle_loyWF\">Welcome To The Machine<\/span><\/span><\/td>\n<\/tr>\n<tr data-track-position=\"B1\">\n<td class=\"trackPos_n8vad\"><span class=\"MuiTypography-root MuiTypography-labelSmall css-1kybk0l\">B1<\/span><\/td>\n<td class=\"trackTitle_loyWF\"><span class=\"MuiTypography-root MuiTypography-labelSmall css-1kybk0l\"><span class=\"trackTitle_loyWF\">Have A Cigar <\/span><\/span><\/td>\n<\/tr>\n<tr data-track-position=\"B2\">\n<td class=\"trackPos_n8vad\"><span class=\"MuiTypography-root MuiTypography-labelSmall css-1kybk0l\">B2<\/span><\/td>\n<td class=\"trackTitle_loyWF\"><span class=\"MuiTypography-root MuiTypography-labelSmall css-1kybk0l\"><span class=\"trackTitle_loyWF\">Wish You Were Here<\/span><\/span><\/td>\n<\/tr>\n<tr data-track-position=\"B3\">\n<td class=\"trackPos_n8vad\"><span class=\"MuiTypography-root MuiTypography-labelSmall css-1kybk0l\">B3<\/span><\/td>\n<td class=\"trackTitle_loyWF\"><span class=\"MuiTypography-root MuiTypography-labelSmall css-1kybk0l\"><span class=\"trackTitle_loyWF\">Shine On You Crazy Diamond (Parts 6-9)<\/span><\/span><\/td>\n<\/tr>\n<\/tbody>\n<\/table>\n<\/div>\n<p>&nbsp;<\/p>\n<p><iframe style=\"width: 100%; max-width: 660px; overflow: hidden; border-radius: 10px;\" src=\"https:\/\/embed.music.apple.com\/us\/song\/wish-you-were-here\/1065973980\" height=\"175\" frameborder=\"0\" sandbox=\"allow-forms allow-popups allow-same-origin allow-scripts allow-storage-access-by-user-activation allow-top-navigation-by-user-activation\"><\/iframe><\/p>\n<\/section>","protected":false},"excerpt":{"rendered":"<p>Vinyl, LP, 50th Anniversary<\/p>\n<p>&nbsp;<\/p>","protected":false},"featured_media":18188,"template":"","meta":[],"product_brand":[],"product_cat":[16],"product_tag":[],"class_list":{"0":"post-18187","1":"product","2":"type-product","3":"status-publish","4":"has-post-thumbnail","6":"product_cat-vinyl","7":"pa_color-colored","8":"pa_format-lp","9":"pa_genre-rock","10":"pa_stare-new","12":"first","13":"instock","14":"taxable","15":"shipping-taxable","16":"purchasable","17":"product-type-simple"},"jetpack_sharing_enabled":true,"_links":{"self":[{"href":"https:\/\/old.vinylka.md\/ru\/wp-json\/wp\/v2\/product\/18187","targetHints":{"allow":["GET"]}}],"collection":[{"href":"https:\/\/old.vinylka.md\/ru\/wp-json\/wp\/v2\/product"}],"about":[{"href":"https:\/\/old.vinylka.md\/ru\/wp-json\/wp\/v2\/types\/product"}],"version-history":[{"count":0,"href":"https:\/\/old.vinylka.md\/ru\/wp-json\/wp\/v2\/product\/18187\/revisions"}],"wp:featuredmedia":[{"embeddable":true,"href":"https:\/\/old.vinylka.md\/ru\/wp-json\/wp\/v2\/media\/18188"}],"wp:attachment":[{"href":"https:\/\/old.vinylka.md\/ru\/wp-json\/wp\/v2\/media?parent=18187"}],"wp:term":[{"taxonomy":"product_brand","embeddable":true,"href":"https:\/\/old.vinylka.md\/ru\/wp-json\/wp\/v2\/product_brand?post=18187"},{"taxonomy":"product_cat","embeddable":true,"href":"https:\/\/old.vinylka.md\/ru\/wp-json\/wp\/v2\/product_cat?post=18187"},{"taxonomy":"product_tag","embeddable":true,"href":"https:\/\/old.vinylka.md\/ru\/wp-json\/wp\/v2\/product_tag?post=18187"}],"curies":[{"name":"wp","href":"https:\/\/api.w.org\/{rel}","templated":true}]}}