{"id":18202,"date":"2026-01-22T15:57:59","date_gmt":"2026-01-22T13:57:59","guid":{"rendered":"https:\/\/vinylka.md\/?post_type=product&#038;p=18202"},"modified":"2026-01-22T15:58:00","modified_gmt":"2026-01-22T13:58:00","slug":"adele-19","status":"publish","type":"product","link":"https:\/\/old.vinylka.md\/ru\/product\/adele-19\/","title":{"rendered":"Adele &#8211; 19"},"content":{"rendered":"<h2>Adele &#8211; 19<\/h2>\n<p><a href=\"https:\/\/vinylka.md\/filter\/name-Adele\/\">Adele<\/a> \u2013 19 (<a href=\"https:\/\/en.wikipedia.org\/wiki\/Phonograph_record\">vinyl<\/a>) este albumul de debut al artistei britanice Adele, lansat \u00een 2008, o colec\u021bie sincer\u0103 \u0219i emo\u021bionant\u0103 care a introdus vocea ei puternic\u0103 \u0219i talentul de povestitoare c\u0103tre publicul larg. Numele 19 reflect\u0103 v\u00e2rsta ei atunci c\u00e2nd a \u00eenceput s\u0103 compun\u0103 piesele, iar pe vinil aceste emo\u021bii cap\u0103t\u0103 o profunzime \u0219i o calitate analogic\u0103 cald\u0103 ce scoate \u00een eviden\u021b\u0103 puritatea interpret\u0103rii.<\/p>\n<p>Pe acest disc vei g\u0103si piese remarcabile precum \u201cHometown Glory\u201d, \u201cChasing Pavements\u201d, \u201cCold Shoulder\u201d \u0219i \u201cMake You Feel My Love\u201d, fiecare oferind o combina\u021bie de pop soulful, ballade sensibile \u0219i elemente de R&amp;B contemporan, toate purtate de timbrul distinctiv \u0219i expresiv al lui Adele. Aranjamentele instrumentale sunt simple \u0219i curate, concentr\u00e2ndu\u2011se pe emo\u021bie \u0219i mesaj, iar ascultarea pe vinil adaug\u0103 o c\u0103ldur\u0103 analogic\u0103 care face ca fiecare not\u0103 \u0219i fiecare vers s\u0103 par\u0103 mai intim \u0219i mai personal.<\/p>\n<section id=\"release-tracklist\" class=\"section_Odw8o open_FaEHZ\">\n<header class=\"header_BgEm1\">\n<h2>Tracklist<\/h2>\n<\/header>\n<div class=\"content_ETGfR\">\n<table class=\"tracklist_odjYc\">\n<tbody>\n<tr data-track-position=\"A1\">\n<td class=\"position_EvZ6Z\"><\/td>\n<td class=\"trackTitleNoArtist_VUgUr\">Daydreamer<\/td>\n<td class=\"duration_FhdYc\">3:36<\/td>\n<\/tr>\n<tr data-track-position=\"A2\">\n<td class=\"position_EvZ6Z\"><\/td>\n<td class=\"trackTitleNoArtist_VUgUr\">Best For Last<\/td>\n<td class=\"duration_FhdYc\">4:16<\/td>\n<\/tr>\n<tr data-track-position=\"A3\">\n<td class=\"position_EvZ6Z\"><\/td>\n<td class=\"trackTitleNoArtist_VUgUr\">Chasing Pavements<\/td>\n<td class=\"duration_FhdYc\">3:28<\/td>\n<\/tr>\n<tr data-track-position=\"A4\">\n<td class=\"position_EvZ6Z\"><\/td>\n<td class=\"trackTitleNoArtist_VUgUr\">Cold Shoulder<\/td>\n<td class=\"duration_FhdYc\">3:09<\/td>\n<\/tr>\n<tr data-track-position=\"A5\">\n<td class=\"position_EvZ6Z\"><\/td>\n<td class=\"trackTitleNoArtist_VUgUr\">Crazy For You<\/td>\n<td class=\"duration_FhdYc\">3:25<\/td>\n<\/tr>\n<tr data-track-position=\"A6\">\n<td class=\"position_EvZ6Z\"><\/td>\n<td class=\"trackTitleNoArtist_VUgUr\">Melt My Heart To Stone<\/td>\n<td class=\"duration_FhdYc\">3:24<\/td>\n<\/tr>\n<tr data-track-position=\"B1\">\n<td class=\"position_EvZ6Z\"><\/td>\n<td class=\"trackTitleNoArtist_VUgUr\">First Love<\/td>\n<td class=\"duration_FhdYc\">3:08<\/td>\n<\/tr>\n<tr data-track-position=\"B2\">\n<td class=\"position_EvZ6Z\"><\/td>\n<td class=\"trackTitleNoArtist_VUgUr\">Right As Rain<\/td>\n<td class=\"duration_FhdYc\">3:15<\/td>\n<\/tr>\n<tr data-track-position=\"B3\">\n<td class=\"position_EvZ6Z\"><\/td>\n<td class=\"trackTitleNoArtist_VUgUr\">Make You Feel My Love<\/td>\n<td class=\"duration_FhdYc\">3:28<\/td>\n<\/tr>\n<tr data-track-position=\"B4\">\n<td class=\"position_EvZ6Z\"><\/td>\n<td class=\"trackTitleNoArtist_VUgUr\">My Same<\/td>\n<td class=\"duration_FhdYc\">3:14<\/td>\n<\/tr>\n<tr data-track-position=\"B5\">\n<td class=\"position_EvZ6Z\"><\/td>\n<td class=\"trackTitleNoArtist_VUgUr\">Tired<\/td>\n<td class=\"duration_FhdYc\">4:12<\/td>\n<\/tr>\n<tr data-track-position=\"B6\">\n<td class=\"position_EvZ6Z\"><\/td>\n<td class=\"trackTitleNoArtist_VUgUr\">Hometown Glory<\/td>\n<td class=\"duration_FhdYc\">4:24<\/td>\n<\/tr>\n<\/tbody>\n<\/table>\n<p>&nbsp;<\/p>\n<p><iframe style=\"width: 100%; max-width: 660px; overflow: hidden; border-radius: 10px;\" src=\"https:\/\/embed.music.apple.com\/us\/album\/19\/1545382283\" height=\"450\" frameborder=\"0\" sandbox=\"allow-forms allow-popups allow-same-origin allow-scripts allow-storage-access-by-user-activation allow-top-navigation-by-user-activation\"><\/iframe><\/p>\n<\/div>\n<\/section>","protected":false},"excerpt":{"rendered":"<p>Vinyl LP ,Acoustic 2008<\/p>","protected":false},"featured_media":18203,"template":"","meta":[],"product_brand":[],"product_cat":[16],"product_tag":[],"class_list":{"0":"post-18202","1":"product","2":"type-product","3":"status-publish","4":"has-post-thumbnail","6":"product_cat-vinyl","7":"pa_color-black","8":"pa_format-lp","9":"pa_genre-blues","10":"pa_genre-funk-soul","11":"pa_genre-pop","12":"pa_stare-new","14":"first","15":"instock","16":"taxable","17":"shipping-taxable","18":"purchasable","19":"product-type-simple"},"jetpack_sharing_enabled":true,"_links":{"self":[{"href":"https:\/\/old.vinylka.md\/ru\/wp-json\/wp\/v2\/product\/18202","targetHints":{"allow":["GET"]}}],"collection":[{"href":"https:\/\/old.vinylka.md\/ru\/wp-json\/wp\/v2\/product"}],"about":[{"href":"https:\/\/old.vinylka.md\/ru\/wp-json\/wp\/v2\/types\/product"}],"version-history":[{"count":0,"href":"https:\/\/old.vinylka.md\/ru\/wp-json\/wp\/v2\/product\/18202\/revisions"}],"wp:featuredmedia":[{"embeddable":true,"href":"https:\/\/old.vinylka.md\/ru\/wp-json\/wp\/v2\/media\/18203"}],"wp:attachment":[{"href":"https:\/\/old.vinylka.md\/ru\/wp-json\/wp\/v2\/media?parent=18202"}],"wp:term":[{"taxonomy":"product_brand","embeddable":true,"href":"https:\/\/old.vinylka.md\/ru\/wp-json\/wp\/v2\/product_brand?post=18202"},{"taxonomy":"product_cat","embeddable":true,"href":"https:\/\/old.vinylka.md\/ru\/wp-json\/wp\/v2\/product_cat?post=18202"},{"taxonomy":"product_tag","embeddable":true,"href":"https:\/\/old.vinylka.md\/ru\/wp-json\/wp\/v2\/product_tag?post=18202"}],"curies":[{"name":"wp","href":"https:\/\/api.w.org\/{rel}","templated":true}]}}