{"id":18239,"date":"2026-01-23T14:41:55","date_gmt":"2026-01-23T12:41:55","guid":{"rendered":"https:\/\/vinylka.md\/?post_type=product&#038;p=18239"},"modified":"2026-01-23T15:03:46","modified_gmt":"2026-01-23T13:03:46","slug":"various-artists-stranger-things-4-soundtrack-from-the-netflix-series-cd","status":"publish","type":"product","link":"https:\/\/old.vinylka.md\/ru\/product\/various-artists-stranger-things-4-soundtrack-from-the-netflix-series-cd\/","title":{"rendered":"Various Artists &#8211; Stranger Things 4: Soundtrack From The Netflix Series (CD)"},"content":{"rendered":"<h2>Various Artists &#8211; Stranger Things 4: Soundtrack From The Netflix Series<\/h2>\n<p>Various Artists \u2013 <a href=\"https:\/\/vinylka.md\/filter\/name-Stranger+Things\/\">Stranger Things 4<\/a>: Soundtrack From The Netflix Series (<a href=\"https:\/\/en.wikipedia.org\/wiki\/Compact_disc\">CD<\/a>, 2022) este edi\u021bia oficial\u0103 pe CD a coloanei sonore pentru al patrulea sezon al popularului serial Stranger Things. Aceast\u0103 compila\u021bie include un mix de piese din anii \u201980, al\u0103turi de teme originale, care completeaz\u0103 atmosfera misterioas\u0103 \u0219i nostalgic\u2011emo\u021bional\u0103 a seriei.<\/p>\n<p>Pe CD, vei g\u0103si hituri clasice din perioada anilor &#8217;80 precum \u201cRunning Up That Hill\u201d de Kate Bush, \u201cSeparate Ways\u201d de Journey, dar \u0219i muzic\u0103 instrumental\u0103 semnat\u0103 de Kyle Dixon \u0219i Michael Stein, care au creat coloana sonor\u0103 original\u0103 a serialului. Aceste piese sunt perfect integrate \u00een povestea sezonului, iar mixul de influen\u021be synthwave, rock \u0219i pop contribuie la crearea unei atmosfere captivante \u0219i de neuitat.<\/p>\n<section id=\"release-tracklist\" class=\"section_Odw8o open_FaEHZ\">\n<header class=\"header_BgEm1\">\n<h2 class=\"MuiTypography-root MuiTypography-headLineLarge css-1l4s8ze\">Tracklist<\/h2>\n<\/header>\n<div class=\"content_ETGfR\">\n<table class=\"tracklist_ZdQ0I\">\n<tbody>\n<tr data-track-position=\"1\">\n<td class=\"trackPos_n8vad\"><span class=\"MuiTypography-root MuiTypography-labelSmall css-1kybk0l\">1<\/span><\/td>\n<td class=\"artist_VsG56\"><span class=\"MuiTypography-root MuiTypography-labelSmall css-1kybk0l\"><span class=\"link_PKPcS\"><a class=\"link_wXY7O link_PKPcS\" href=\"\/ru\/artist\/128395-Journey\/\" hreflang=\"en\">Journey<\/a><\/span><span class=\"dash_vWaes\">\u2013<\/span><\/span><\/td>\n<td class=\"trackTitle_loyWF\"><span class=\"MuiTypography-root MuiTypography-labelSmall css-1kybk0l\"><span class=\"trackTitle_loyWF\">Separate Ways (Worlds Apart) (Bryce Miller\/Alloy Tracks Remix)<\/span><\/span><\/td>\n<td class=\"duration_GhhxK\"><span class=\"MuiTypography-root MuiTypography-labelSmall css-1kybk0l\">2:46<\/span><\/td>\n<\/tr>\n<tr data-track-position=\"2\">\n<td class=\"trackPos_n8vad\"><span class=\"MuiTypography-root MuiTypography-labelSmall css-1kybk0l\">2<\/span><\/td>\n<td class=\"artist_VsG56\"><span class=\"MuiTypography-root MuiTypography-labelSmall css-1kybk0l\"><span class=\"link_PKPcS\"><a class=\"link_wXY7O link_PKPcS\" href=\"\/ru\/artist\/70829-The-Beach-Boys\/\" hreflang=\"en\">The Beach Boys<\/a><\/span><span class=\"dash_vWaes\">\u2013<\/span><\/span><\/td>\n<td class=\"trackTitle_loyWF\"><span class=\"MuiTypography-root MuiTypography-labelSmall css-1kybk0l\"><span class=\"trackTitle_loyWF\">California Dreamin&#8217;<\/span><\/span><\/td>\n<td class=\"duration_GhhxK\"><span class=\"MuiTypography-root MuiTypography-labelSmall css-1kybk0l\">3:21<\/span><\/td>\n<\/tr>\n<tr data-track-position=\"3\">\n<td class=\"trackPos_n8vad\"><span class=\"MuiTypography-root MuiTypography-labelSmall css-1kybk0l\">3<\/span><\/td>\n<td class=\"artist_VsG56\"><span class=\"MuiTypography-root MuiTypography-labelSmall css-1kybk0l\"><span class=\"link_PKPcS\"><a class=\"link_wXY7O link_PKPcS\" href=\"\/ru\/artist\/22854-Talking-Heads\/\" hreflang=\"en\">Talking Heads<\/a><\/span><span class=\"dash_vWaes\">\u2013<\/span><\/span><\/td>\n<td class=\"trackTitle_loyWF\"><span class=\"MuiTypography-root MuiTypography-labelSmall css-1kybk0l\"><span class=\"trackTitle_loyWF\">Psycho Killer<\/span><\/span><\/td>\n<td class=\"duration_GhhxK\"><span class=\"MuiTypography-root MuiTypography-labelSmall css-1kybk0l\">4:18<\/span><\/td>\n<\/tr>\n<tr data-track-position=\"4\">\n<td class=\"trackPos_n8vad\"><span class=\"MuiTypography-root MuiTypography-labelSmall css-1kybk0l\">4<\/span><\/td>\n<td class=\"artist_VsG56\"><span class=\"MuiTypography-root MuiTypography-labelSmall css-1kybk0l\"><span class=\"link_PKPcS\"><a class=\"link_wXY7O link_PKPcS\" href=\"\/ru\/artist\/85929-Kate-Bush\/\" hreflang=\"en\">Kate Bush<\/a><\/span><span class=\"dash_vWaes\">\u2013<\/span><\/span><\/td>\n<td class=\"trackTitle_loyWF\"><span class=\"MuiTypography-root MuiTypography-labelSmall css-1kybk0l\"><span class=\"trackTitle_loyWF\">Running Up That Hill (A Deal With God)<\/span><\/span><\/td>\n<td class=\"duration_GhhxK\"><span class=\"MuiTypography-root MuiTypography-labelSmall css-1kybk0l\">4:58<\/span><\/td>\n<\/tr>\n<tr data-track-position=\"5\">\n<td class=\"trackPos_n8vad\"><span class=\"MuiTypography-root MuiTypography-labelSmall css-1kybk0l\">5<\/span><\/td>\n<td class=\"artist_VsG56\"><span class=\"MuiTypography-root MuiTypography-labelSmall css-1kybk0l\"><span class=\"link_PKPcS\"><a class=\"link_wXY7O link_PKPcS\" href=\"\/ru\/artist\/46720-Dead-Or-Alive\/\" hreflang=\"en\">Dead Or Alive<\/a><\/span><span class=\"dash_vWaes\">\u2013<\/span><\/span><\/td>\n<td class=\"trackTitle_loyWF\"><span class=\"MuiTypography-root MuiTypography-labelSmall css-1kybk0l\"><span class=\"trackTitle_loyWF\">You Spin Me Round (Like A Record)<\/span><\/span><\/td>\n<td class=\"duration_GhhxK\"><span class=\"MuiTypography-root MuiTypography-labelSmall css-1kybk0l\">3:14<\/span><\/td>\n<\/tr>\n<tr data-track-position=\"6\">\n<td class=\"trackPos_n8vad\"><span class=\"MuiTypography-root MuiTypography-labelSmall css-1kybk0l\">6<\/span><\/td>\n<td class=\"artist_VsG56\"><span class=\"MuiTypography-root MuiTypography-labelSmall css-1kybk0l\"><span class=\"link_PKPcS\"><a class=\"link_wXY7O link_PKPcS\" href=\"\/ru\/artist\/3216964-Mae-Arnette\/\" hreflang=\"en\">Mae Arnette<\/a><\/span><span class=\"dash_vWaes\">\u2013<\/span><\/span><\/td>\n<td class=\"trackTitle_loyWF\"><span class=\"MuiTypography-root MuiTypography-labelSmall css-1kybk0l\"><span class=\"trackTitle_loyWF\">Chica Mejicanita<\/span><\/span><\/td>\n<td class=\"duration_GhhxK\"><span class=\"MuiTypography-root MuiTypography-labelSmall css-1kybk0l\">2:27<\/span><\/td>\n<\/tr>\n<tr data-track-position=\"7\">\n<td class=\"trackPos_n8vad\"><span class=\"MuiTypography-root MuiTypography-labelSmall css-1kybk0l\">7<\/span><\/td>\n<td class=\"artist_VsG56\"><span class=\"MuiTypography-root MuiTypography-labelSmall css-1kybk0l\"><span class=\"link_PKPcS\"><a class=\"link_wXY7O link_PKPcS\" href=\"\/ru\/artist\/251944-Extreme-2\/\" hreflang=\"en\">Extreme (2)<\/a><\/span><span class=\"dash_vWaes\">\u2013<\/span><\/span><\/td>\n<td class=\"trackTitle_loyWF\"><span class=\"MuiTypography-root MuiTypography-labelSmall css-1kybk0l\"><span class=\"trackTitle_loyWF\">Play With Me<\/span><\/span><\/td>\n<td class=\"duration_GhhxK\"><span class=\"MuiTypography-root MuiTypography-labelSmall css-1kybk0l\">3:27<\/span><\/td>\n<\/tr>\n<tr data-track-position=\"8\">\n<td class=\"trackPos_n8vad\"><span class=\"MuiTypography-root MuiTypography-labelSmall css-1kybk0l\">8<\/span><\/td>\n<td class=\"artist_VsG56\"><span class=\"MuiTypography-root MuiTypography-labelSmall css-1kybk0l\"><span class=\"link_PKPcS\"><a class=\"link_wXY7O link_PKPcS\" href=\"\/ru\/artist\/153073-Kiss\/\" hreflang=\"en\">Kiss<\/a><\/span><span class=\"dash_vWaes\">\u2013<\/span><\/span><\/td>\n<td class=\"trackTitle_loyWF\"><span class=\"MuiTypography-root MuiTypography-labelSmall css-1kybk0l\"><span class=\"trackTitle_loyWF\">Detroit Rock City (Single Version)<\/span><\/span><\/td>\n<td class=\"duration_GhhxK\"><span class=\"MuiTypography-root MuiTypography-labelSmall css-1kybk0l\">3:35<\/span><\/td>\n<\/tr>\n<tr data-track-position=\"9\">\n<td class=\"trackPos_n8vad\"><span class=\"MuiTypography-root MuiTypography-labelSmall css-1kybk0l\">9<\/span><\/td>\n<td class=\"artist_VsG56\"><span class=\"MuiTypography-root MuiTypography-labelSmall css-1kybk0l\"><span class=\"link_PKPcS\"><a class=\"link_wXY7O link_PKPcS\" href=\"\/ru\/artist\/39779-The-Cramps\/\" hreflang=\"en\">The Cramps<\/a><\/span><span class=\"dash_vWaes\">\u2013<\/span><\/span><\/td>\n<td class=\"trackTitle_loyWF\"><span class=\"MuiTypography-root MuiTypography-labelSmall css-1kybk0l\"><span class=\"trackTitle_loyWF\">I Was A Teenage Werewolf<\/span><\/span><\/td>\n<td class=\"duration_GhhxK\"><span class=\"MuiTypography-root MuiTypography-labelSmall css-1kybk0l\">3:03<\/span><\/td>\n<\/tr>\n<tr data-track-position=\"10\">\n<td class=\"trackPos_n8vad\"><span class=\"MuiTypography-root MuiTypography-labelSmall css-1kybk0l\">10<\/span><\/td>\n<td class=\"artist_VsG56\"><span class=\"MuiTypography-root MuiTypography-labelSmall css-1kybk0l\"><span class=\"link_PKPcS\"><a class=\"link_wXY7O link_PKPcS\" href=\"\/ru\/artist\/141380-Musical-Youth\/\" hreflang=\"en\">Musical Youth<\/a><\/span><span class=\"dash_vWaes\">\u2013<\/span><\/span><\/td>\n<td class=\"trackTitle_loyWF\"><span class=\"MuiTypography-root MuiTypography-labelSmall css-1kybk0l\"><span class=\"trackTitle_loyWF\">Pass The Dutchie<\/span><\/span><\/td>\n<td class=\"duration_GhhxK\"><span class=\"MuiTypography-root MuiTypography-labelSmall css-1kybk0l\">3:22<\/span><\/td>\n<\/tr>\n<tr data-track-position=\"11\">\n<td class=\"trackPos_n8vad\"><span class=\"MuiTypography-root MuiTypography-labelSmall css-1kybk0l\">11<\/span><\/td>\n<td class=\"artist_VsG56\"><span class=\"MuiTypography-root MuiTypography-labelSmall css-1kybk0l\"><span class=\"link_PKPcS\"><a class=\"link_wXY7O link_PKPcS\" href=\"\/ru\/artist\/254867-The-Surfaris\/\" hreflang=\"en\">The Surfaris<\/a><\/span><span class=\"dash_vWaes\">\u2013<\/span><\/span><\/td>\n<td class=\"trackTitle_loyWF\"><span class=\"MuiTypography-root MuiTypography-labelSmall css-1kybk0l\"><span class=\"trackTitle_loyWF\">Wipe Out<\/span><\/span><\/td>\n<td class=\"duration_GhhxK\"><span class=\"MuiTypography-root MuiTypography-labelSmall css-1kybk0l\">2:14<\/span><\/td>\n<\/tr>\n<tr data-track-position=\"12\">\n<td class=\"trackPos_n8vad\"><span class=\"MuiTypography-root MuiTypography-labelSmall css-1kybk0l\">12<\/span><\/td>\n<td class=\"artist_VsG56\"><span class=\"MuiTypography-root MuiTypography-labelSmall css-1kybk0l\"><span class=\"link_PKPcS\"><a class=\"link_wXY7O link_PKPcS\" href=\"\/ru\/artist\/64800-Starpoint\/\" hreflang=\"en\">Starpoint<\/a><\/span><span class=\"dash_vWaes\">\u2013<\/span><\/span><\/td>\n<td class=\"trackTitle_loyWF\"><span class=\"MuiTypography-root MuiTypography-labelSmall css-1kybk0l\"><span class=\"trackTitle_loyWF\">Object Of My Desire (Single Version)<\/span><\/span><\/td>\n<td class=\"duration_GhhxK\"><span class=\"MuiTypography-root MuiTypography-labelSmall css-1kybk0l\">3:54<\/span><\/td>\n<\/tr>\n<tr data-track-position=\"13\">\n<td class=\"trackPos_n8vad\"><span class=\"MuiTypography-root MuiTypography-labelSmall css-1kybk0l\">13<\/span><\/td>\n<td class=\"artist_VsG56\"><span class=\"MuiTypography-root MuiTypography-labelSmall css-1kybk0l\"><span class=\"link_PKPcS\"><a class=\"link_wXY7O link_PKPcS\" href=\"\/ru\/artist\/26912-Falco\/\" hreflang=\"en\">Falco<\/a><\/span><span class=\"dash_vWaes\">\u2013<\/span><\/span><\/td>\n<td class=\"trackTitle_loyWF\"><span class=\"MuiTypography-root MuiTypography-labelSmall css-1kybk0l\"><span class=\"trackTitle_loyWF\">Rock Me Amadeus (The Gold Mix)<\/span><\/span><\/td>\n<td class=\"duration_GhhxK\"><span class=\"MuiTypography-root MuiTypography-labelSmall css-1kybk0l\">3:46<\/span><\/td>\n<\/tr>\n<tr data-track-position=\"14\">\n<td class=\"trackPos_n8vad\"><span class=\"MuiTypography-root MuiTypography-labelSmall css-1kybk0l\">14<\/span><\/td>\n<td class=\"artist_VsG56\"><span class=\"MuiTypography-root MuiTypography-labelSmall css-1kybk0l\"><span class=\"link_PKPcS\"><a class=\"link_wXY7O link_PKPcS\" href=\"\/ru\/artist\/257739-Ricky-Nelson-2\/\" hreflang=\"en\">Ricky Nelson (2)<\/a><\/span><span class=\"dash_vWaes\">\u2013<\/span><\/span><\/td>\n<td class=\"trackTitle_loyWF\"><span class=\"MuiTypography-root MuiTypography-labelSmall css-1kybk0l\"><span class=\"trackTitle_loyWF\">Travelin&#8217; Man<\/span><\/span><\/td>\n<td class=\"duration_GhhxK\"><span class=\"MuiTypography-root MuiTypography-labelSmall css-1kybk0l\">2:20<\/span><\/td>\n<\/tr>\n<tr data-track-position=\"15\">\n<td class=\"trackPos_n8vad\"><span class=\"MuiTypography-root MuiTypography-labelSmall css-1kybk0l\">15<\/span><\/td>\n<td class=\"artist_VsG56\"><span class=\"MuiTypography-root MuiTypography-labelSmall css-1kybk0l\"><span class=\"link_PKPcS\"><a class=\"link_wXY7O link_PKPcS\" href=\"\/ru\/artist\/106870-Baltimora\/\" hreflang=\"en\">Baltimora<\/a><\/span><span class=\"dash_vWaes\">\u2013<\/span><\/span><\/td>\n<td class=\"trackTitle_loyWF\"><span class=\"MuiTypography-root MuiTypography-labelSmall css-1kybk0l\"><span class=\"trackTitle_loyWF\">Tarzan Boy<\/span><\/span><\/td>\n<td class=\"duration_GhhxK\"><span class=\"MuiTypography-root MuiTypography-labelSmall css-1kybk0l\">3:49<\/span><\/td>\n<\/tr>\n<tr data-track-position=\"16\">\n<td class=\"trackPos_n8vad\"><span class=\"MuiTypography-root MuiTypography-labelSmall css-1kybk0l\">16<\/span><\/td>\n<td class=\"artist_VsG56\"><span class=\"MuiTypography-root MuiTypography-labelSmall css-1kybk0l\"><span class=\"link_PKPcS\"><a class=\"link_wXY7O link_PKPcS\" href=\"\/ru\/artist\/31615-Ella-Fitzgerald\/\" hreflang=\"en\">Ella Fitzgerald<\/a><\/span> &amp; <span class=\"link_PKPcS\"><a class=\"link_wXY7O link_PKPcS\" href=\"\/ru\/artist\/38201-Louis-Armstrong\/\" hreflang=\"en\">Louis Armstrong<\/a><\/span><span class=\"dash_vWaes\">\u2013<\/span><\/span><\/td>\n<td class=\"trackTitle_loyWF\"><span class=\"MuiTypography-root MuiTypography-labelSmall css-1kybk0l\"><span class=\"trackTitle_loyWF\">Dream A Little Dream Of Me<\/span><\/span><\/td>\n<td class=\"duration_GhhxK\"><span class=\"MuiTypography-root MuiTypography-labelSmall css-1kybk0l\">3:06<\/span><\/td>\n<\/tr>\n<tr data-track-position=\"17\">\n<td class=\"trackPos_n8vad\"><span class=\"MuiTypography-root MuiTypography-labelSmall css-1kybk0l\">17<\/span><\/td>\n<td class=\"artist_VsG56\"><span class=\"MuiTypography-root MuiTypography-labelSmall css-1kybk0l\"><span class=\"link_PKPcS\"><a class=\"link_wXY7O link_PKPcS\" href=\"\/ru\/artist\/168059-Rick-Derringer\/\" hreflang=\"en\">Rick Derringer<\/a><\/span><span class=\"dash_vWaes\">\u2013<\/span><\/span><\/td>\n<td class=\"trackTitle_loyWF\"><span class=\"MuiTypography-root MuiTypography-labelSmall css-1kybk0l\"><span class=\"trackTitle_loyWF\">Rock And Roll, Hoochie Koo (Single Version)<\/span><\/span><\/td>\n<td class=\"duration_GhhxK\"><span class=\"MuiTypography-root MuiTypography-labelSmall css-1kybk0l\">2:53<\/span><\/td>\n<\/tr>\n<tr data-track-position=\"18\">\n<td class=\"trackPos_n8vad\"><span class=\"MuiTypography-root MuiTypography-labelSmall css-1kybk0l\">18<\/span><\/td>\n<td class=\"artist_VsG56\"><span class=\"MuiTypography-root MuiTypography-labelSmall css-1kybk0l\"><span class=\"link_PKPcS\"><a class=\"link_wXY7O link_PKPcS\" href=\"\/ru\/artist\/262944-James-Taylor-2\/\" hreflang=\"en\">James Taylor (2)<\/a><\/span><span class=\"dash_vWaes\">\u2013<\/span><\/span><\/td>\n<td class=\"trackTitle_loyWF\"><span class=\"MuiTypography-root MuiTypography-labelSmall css-1kybk0l\"><span class=\"trackTitle_loyWF\">Fire And Rain<\/span><\/span><\/td>\n<td class=\"duration_GhhxK\"><span class=\"MuiTypography-root MuiTypography-labelSmall css-1kybk0l\">3:22<\/span><\/td>\n<\/tr>\n<tr data-track-position=\"19\">\n<td class=\"trackPos_n8vad\"><span class=\"MuiTypography-root MuiTypography-labelSmall css-1kybk0l\">19<\/span><\/td>\n<td class=\"artist_VsG56\"><span class=\"MuiTypography-root MuiTypography-labelSmall css-1kybk0l\"><span class=\"link_PKPcS\"><a class=\"link_wXY7O link_PKPcS\" href=\"\/ru\/artist\/80501-Siouxsie-The-Banshees\/\" hreflang=\"en\">Siouxsie &amp; The Banshees<\/a><\/span><span class=\"dash_vWaes\">\u2013<\/span><\/span><\/td>\n<td class=\"trackTitle_loyWF\"><span class=\"MuiTypography-root MuiTypography-labelSmall css-1kybk0l\"><span class=\"trackTitle_loyWF\">Spellbound<\/span><\/span><\/td>\n<td class=\"duration_GhhxK\"><span class=\"MuiTypography-root MuiTypography-labelSmall css-1kybk0l\">3:15<\/span><\/td>\n<\/tr>\n<tr data-track-position=\"20\">\n<td class=\"trackPos_n8vad\"><span class=\"MuiTypography-root MuiTypography-labelSmall css-1kybk0l\">20<\/span><\/td>\n<td class=\"artist_VsG56\"><span class=\"MuiTypography-root MuiTypography-labelSmall css-1kybk0l\"><span class=\"link_PKPcS\"><a class=\"link_wXY7O link_PKPcS\" href=\"\/ru\/artist\/18839-Metallica\/\" hreflang=\"en\">Metallica<\/a><\/span><span class=\"dash_vWaes\">\u2013<\/span><\/span><\/td>\n<td class=\"trackTitle_loyWF\"><span class=\"MuiTypography-root MuiTypography-labelSmall css-1kybk0l\"><span class=\"trackTitle_loyWF\">Master Of Puppets<\/span><\/span><\/td>\n<td class=\"duration_GhhxK\"><span class=\"MuiTypography-root MuiTypography-labelSmall css-1kybk0l\">8:34<\/span><\/td>\n<\/tr>\n<tr data-track-position=\"21\">\n<td class=\"trackPos_n8vad\"><span class=\"MuiTypography-root MuiTypography-labelSmall css-1kybk0l\">21<\/span><\/td>\n<td class=\"artist_VsG56\"><span class=\"MuiTypography-root MuiTypography-labelSmall css-1kybk0l\"><span class=\"link_PKPcS\"><a class=\"link_wXY7O link_PKPcS\" href=\"\/ru\/artist\/1031-Moby\/\" hreflang=\"en\">Moby<\/a><\/span><span class=\"dash_vWaes\">\u2013<\/span><\/span><\/td>\n<td class=\"trackTitle_loyWF\"><span class=\"MuiTypography-root MuiTypography-labelSmall css-1kybk0l\"><span class=\"trackTitle_loyWF\">When It\u2019s Cold I\u2019d Like To Die<\/span><\/span><\/td>\n<td class=\"duration_GhhxK\"><span class=\"MuiTypography-root MuiTypography-labelSmall css-1kybk0l\">4:12<\/span><\/td>\n<\/tr>\n<tr data-track-position=\"22\">\n<td class=\"trackPos_n8vad\"><span class=\"MuiTypography-root MuiTypography-labelSmall css-1kybk0l\">22<\/span><\/td>\n<td class=\"artist_VsG56\"><span class=\"MuiTypography-root MuiTypography-labelSmall css-1kybk0l\"><span class=\"link_PKPcS\"><a class=\"link_wXY7O link_PKPcS\" href=\"\/ru\/artist\/128395-Journey\/\" hreflang=\"en\">Journey<\/a><\/span><span class=\"dash_vWaes\">\u2013<\/span><\/span><\/td>\n<td class=\"trackTitle_loyWF\"><span class=\"MuiTypography-root MuiTypography-labelSmall css-1kybk0l\"><span class=\"trackTitle_loyWF\">Separate Ways (Worlds Apart) (Steve Perry &amp; Bryce Miller Extended Remix)<\/span><\/span><\/td>\n<td class=\"duration_GhhxK\"><span class=\"MuiTypography-root MuiTypography-labelSmall css-1kybk0l\">3:17<\/span><\/td>\n<\/tr>\n<\/tbody>\n<\/table>\n<p>&nbsp;<\/p>\n<p><iframe style=\"width: 100%; max-width: 660px; overflow: hidden; border-radius: 10px;\" src=\"https:\/\/embed.music.apple.com\/us\/album\/stranger-things-soundtrack-from-the-netflix-series\/1632028008\" height=\"450\" frameborder=\"0\" sandbox=\"allow-forms allow-popups allow-same-origin allow-scripts allow-storage-access-by-user-activation allow-top-navigation-by-user-activation\"><\/iframe><\/p>\n<\/div>\n<\/section>","protected":false},"excerpt":{"rendered":"<p>CD, Compilation ,2022<\/p>","protected":false},"featured_media":18242,"template":"","meta":[],"product_brand":[],"product_cat":[86],"product_tag":[],"class_list":{"0":"post-18239","1":"product","2":"type-product","3":"status-publish","4":"has-post-thumbnail","6":"product_cat-cd","7":"pa_format-cd","8":"pa_genre-electronic","9":"pa_genre-funk-soul","10":"pa_genre-jazz","11":"pa_genre-pop","12":"pa_genre-rock","13":"pa_stare-new","15":"first","16":"instock","17":"taxable","18":"shipping-taxable","19":"purchasable","20":"product-type-simple"},"jetpack_sharing_enabled":true,"_links":{"self":[{"href":"https:\/\/old.vinylka.md\/ru\/wp-json\/wp\/v2\/product\/18239","targetHints":{"allow":["GET"]}}],"collection":[{"href":"https:\/\/old.vinylka.md\/ru\/wp-json\/wp\/v2\/product"}],"about":[{"href":"https:\/\/old.vinylka.md\/ru\/wp-json\/wp\/v2\/types\/product"}],"version-history":[{"count":0,"href":"https:\/\/old.vinylka.md\/ru\/wp-json\/wp\/v2\/product\/18239\/revisions"}],"wp:featuredmedia":[{"embeddable":true,"href":"https:\/\/old.vinylka.md\/ru\/wp-json\/wp\/v2\/media\/18242"}],"wp:attachment":[{"href":"https:\/\/old.vinylka.md\/ru\/wp-json\/wp\/v2\/media?parent=18239"}],"wp:term":[{"taxonomy":"product_brand","embeddable":true,"href":"https:\/\/old.vinylka.md\/ru\/wp-json\/wp\/v2\/product_brand?post=18239"},{"taxonomy":"product_cat","embeddable":true,"href":"https:\/\/old.vinylka.md\/ru\/wp-json\/wp\/v2\/product_cat?post=18239"},{"taxonomy":"product_tag","embeddable":true,"href":"https:\/\/old.vinylka.md\/ru\/wp-json\/wp\/v2\/product_tag?post=18239"}],"curies":[{"name":"wp","href":"https:\/\/api.w.org\/{rel}","templated":true}]}}