{"id":18260,"date":"2026-01-23T15:33:03","date_gmt":"2026-01-23T13:33:03","guid":{"rendered":"https:\/\/vinylka.md\/?post_type=product&#038;p=18260"},"modified":"2026-01-23T15:33:03","modified_gmt":"2026-01-23T13:33:03","slug":"pdqb-maximalism","status":"publish","type":"product","link":"https:\/\/old.vinylka.md\/ru\/product\/pdqb-maximalism\/","title":{"rendered":"Pdqb &#8211; Maximalism"},"content":{"rendered":"<h2>Pdqb &#8211; Maximalism<\/h2>\n<p>Pdqb \u2013 Maximalism (<a href=\"https:\/\/vinylka.md\/\">vinyl<\/a>) este un EP pe 12\u201d de muzic\u0103 electronic\u0103 lansat \u00een 2025 de produc\u0103torul Pdqb pe casa de discuri Synaptic Cliffs. Discul 12\u2011inch aduce un amestec de sunete ce \u00eembin\u0103 stiluri precum techno, electro, breakbeat \u0219i disco mutat \u00een era modern\u0103, \u00eentr\u2011o abordare ritmic\u0103 cu vibe retro\u2011futurist \u0219i texturi sintetice sofisticate.<\/p>\n<p>Pe acest <a href=\"https:\/\/en.wikipedia.org\/wiki\/Phonograph_record\">vinyl<\/a> sunt incluse patru piste: dou\u0103 dintre ele sunt crea\u021bii originale care combin\u0103 ritmuri intricate, linii melodice elegante \u0219i o atmosfer\u0103 melancolic\u0103 inspirat\u0103 de sonorit\u0103\u021bile electronice ale anilor \u201980, iar cealalt\u0103 jum\u0103tate a discului cuprinde remixuri semnate de DJ\u202fSotofett, care adaug\u0103 beat\u2011uri mai groovy, aproape p\u2011funk sau breakbeat intens, p\u0103str\u00e2nd energia \u0219i vibe\u2011ul pieselor originale.<\/p>\n<p><iframe style=\"width: 100%; max-width: 660px; overflow: hidden; border-radius: 10px;\" src=\"https:\/\/embed.music.apple.com\/us\/album\/maximalism-ep\/1853575259\" height=\"450\" frameborder=\"0\" sandbox=\"allow-forms allow-popups allow-same-origin allow-scripts allow-storage-access-by-user-activation allow-top-navigation-by-user-activation\"><\/iframe>3<\/p>\n<p>&nbsp;<\/p>","protected":false},"excerpt":{"rendered":"<p>Vinyl, 12\u201d, Album<\/p>","protected":false},"featured_media":18261,"template":"","meta":[],"product_brand":[],"product_cat":[16],"product_tag":[],"class_list":{"0":"post-18260","1":"product","2":"type-product","3":"status-publish","4":"has-post-thumbnail","6":"product_cat-vinyl","7":"pa_color-black","8":"pa_format-57","9":"pa_genre-electronic","10":"pa_stare-new","12":"first","13":"instock","14":"taxable","15":"shipping-taxable","16":"purchasable","17":"product-type-simple"},"jetpack_sharing_enabled":true,"_links":{"self":[{"href":"https:\/\/old.vinylka.md\/ru\/wp-json\/wp\/v2\/product\/18260","targetHints":{"allow":["GET"]}}],"collection":[{"href":"https:\/\/old.vinylka.md\/ru\/wp-json\/wp\/v2\/product"}],"about":[{"href":"https:\/\/old.vinylka.md\/ru\/wp-json\/wp\/v2\/types\/product"}],"version-history":[{"count":0,"href":"https:\/\/old.vinylka.md\/ru\/wp-json\/wp\/v2\/product\/18260\/revisions"}],"wp:featuredmedia":[{"embeddable":true,"href":"https:\/\/old.vinylka.md\/ru\/wp-json\/wp\/v2\/media\/18261"}],"wp:attachment":[{"href":"https:\/\/old.vinylka.md\/ru\/wp-json\/wp\/v2\/media?parent=18260"}],"wp:term":[{"taxonomy":"product_brand","embeddable":true,"href":"https:\/\/old.vinylka.md\/ru\/wp-json\/wp\/v2\/product_brand?post=18260"},{"taxonomy":"product_cat","embeddable":true,"href":"https:\/\/old.vinylka.md\/ru\/wp-json\/wp\/v2\/product_cat?post=18260"},{"taxonomy":"product_tag","embeddable":true,"href":"https:\/\/old.vinylka.md\/ru\/wp-json\/wp\/v2\/product_tag?post=18260"}],"curies":[{"name":"wp","href":"https:\/\/api.w.org\/{rel}","templated":true}]}}