{"id":18313,"date":"2026-01-29T14:54:48","date_gmt":"2026-01-29T12:54:48","guid":{"rendered":"https:\/\/vinylka.md\/?post_type=product&#038;p=18313"},"modified":"2026-02-21T20:29:46","modified_gmt":"2026-02-21T18:29:46","slug":"the-dave-brubeck-quartet-time-out-analogue-productions","status":"publish","type":"product","link":"https:\/\/old.vinylka.md\/ru\/product\/the-dave-brubeck-quartet-time-out-analogue-productions\/","title":{"rendered":"The Dave Brubeck Quartet &#8211; Time Out [Analogue Productions]"},"content":{"rendered":"<h1>The Dave Brubeck Quartet &#8211; Time Out [Analogue Productions]<\/h1>\n<p><a href=\"https:\/\/vinylka.md\/product-category\/hi-fi-vinyl\/analogue-productions\/\">Analogue Productions<\/a> \u0219i Quality Record Pressings prezint\u0103 edi\u021bia Time Out de The Dave Brubeck Quartet, acum pe LP 33 1\/3 RPM.<br \/>\nReeditare premium pe vinil de 180 g, masterizat\u0103 de Bernie Grundman \u0219i presat\u0103 la Quality Record Pressings, recunoscut\u0103 pentru pres\u0103ri extrem de silen\u021bioase \u0219i plate. Albumul este prezentat \u00eentr-o copert\u0103 gatefold de lux, produs\u0103 de Stoughton Printing, ce include fotografii rare alb-negru din sesiunea original\u0103 de la Columbia Studios.<\/p>\n<p>Un clasic absolut al jazzului \u0219i audiofiliei, cu celebrul Take Five, indispensabil \u00een orice colec\u021bie de viniluri.<\/p>\n<h2>Tracklist<\/h2>\n<table>\n<tbody>\n<tr>\n<td>A1<\/td>\n<td>Blue Rondo A La Turk<\/td>\n<td>6:43<\/td>\n<\/tr>\n<tr>\n<td>A2<\/td>\n<td>Strange Meadow Lark<\/td>\n<td>7:22<\/td>\n<\/tr>\n<tr>\n<td>A3<\/td>\n<td>Take Five<\/td>\n<td>5:24<\/td>\n<\/tr>\n<tr>\n<td>B1<\/td>\n<td>Three To Get Ready<\/td>\n<td>5:23<\/td>\n<\/tr>\n<tr>\n<td>B2<\/td>\n<td>Kathy&#8217;s Waltz<\/td>\n<td>4:47<\/td>\n<\/tr>\n<tr>\n<td>B3<\/td>\n<td>Everybody&#8217;s Jumpin&#8217;<\/td>\n<td>4:22<\/td>\n<\/tr>\n<tr>\n<td>B4<\/td>\n<td>Pick Up Sticks<\/td>\n<td>4:16<\/td>\n<\/tr>\n<\/tbody>\n<\/table>\n<p><iframe style=\"width: 100%; max-width: 660px; overflow: hidden; border-radius: 10px;\" src=\"https:\/\/embed.music.apple.com\/us\/album\/time-out\/193085545\" height=\"450\" frameborder=\"0\" sandbox=\"allow-forms allow-popups allow-same-origin allow-scripts allow-storage-access-by-user-activation allow-top-navigation-by-user-activation\"><\/iframe><\/p>\n","protected":false},"excerpt":{"rendered":"<p>Vinyl, LP, Album, Limited Edition, Reissue, Stereo, 200g, Gatefold<br \/>\nAnalogue Productions, Quality Record Pressings<\/p>","protected":false},"featured_media":18317,"template":"","meta":[],"product_brand":[],"product_cat":[286,284,16],"product_tag":[],"class_list":{"0":"post-18313","1":"product","2":"type-product","3":"status-publish","4":"has-post-thumbnail","6":"product_cat-analogue-productions","7":"product_cat-hi-fi-vinyl","8":"product_cat-vinyl","9":"pa_color-black","10":"pa_format-lp","11":"pa_genre-jazz","12":"pa_stare-new","14":"first","15":"onbackorder","16":"taxable","17":"shipping-taxable","18":"purchasable","19":"product-type-simple"},"jetpack_sharing_enabled":true,"_links":{"self":[{"href":"https:\/\/old.vinylka.md\/ru\/wp-json\/wp\/v2\/product\/18313","targetHints":{"allow":["GET"]}}],"collection":[{"href":"https:\/\/old.vinylka.md\/ru\/wp-json\/wp\/v2\/product"}],"about":[{"href":"https:\/\/old.vinylka.md\/ru\/wp-json\/wp\/v2\/types\/product"}],"version-history":[{"count":0,"href":"https:\/\/old.vinylka.md\/ru\/wp-json\/wp\/v2\/product\/18313\/revisions"}],"wp:featuredmedia":[{"embeddable":true,"href":"https:\/\/old.vinylka.md\/ru\/wp-json\/wp\/v2\/media\/18317"}],"wp:attachment":[{"href":"https:\/\/old.vinylka.md\/ru\/wp-json\/wp\/v2\/media?parent=18313"}],"wp:term":[{"taxonomy":"product_brand","embeddable":true,"href":"https:\/\/old.vinylka.md\/ru\/wp-json\/wp\/v2\/product_brand?post=18313"},{"taxonomy":"product_cat","embeddable":true,"href":"https:\/\/old.vinylka.md\/ru\/wp-json\/wp\/v2\/product_cat?post=18313"},{"taxonomy":"product_tag","embeddable":true,"href":"https:\/\/old.vinylka.md\/ru\/wp-json\/wp\/v2\/product_tag?post=18313"}],"curies":[{"name":"wp","href":"https:\/\/api.w.org\/{rel}","templated":true}]}}