{"id":18380,"date":"2026-02-05T15:31:53","date_gmt":"2026-02-05T13:31:53","guid":{"rendered":"https:\/\/vinylka.md\/?post_type=product&#038;p=18380"},"modified":"2026-02-09T14:17:09","modified_gmt":"2026-02-09T12:17:09","slug":"rodrigo-siegfried-behrend-concierto-de-aranjuez-esoteric","status":"publish","type":"product","link":"https:\/\/old.vinylka.md\/ru\/product\/rodrigo-siegfried-behrend-concierto-de-aranjuez-esoteric\/","title":{"rendered":"Rodrigo, Siegfried Behrend &#8211; Concierto de Aranjuez [Esoteric]"},"content":{"rendered":"<h2>Rodrigo, Siegfried Behrend &#8211; Concierto de Aranjuez [Esoteric]<\/h2>\n<p><a href=\"https:\/\/vinylka.md\/\">Vinilul<\/a> \u201eConcierto de Aranjuez\u201d \u00een interpretarea chitaristului Siegfried Behrend, cu muzica semnat\u0103 de compozitorul spaniol Joaqu\u00edn Rodrigo, este o edi\u021bie clasic\u0103 de referin\u021b\u0103 pentru iubitorii muzicii simfonice \u0219i ai chitarei clasice. Lucrarea, una dintre cele mai cunoscute concerte pentru chitar\u0103 din repertoriul universal, \u00eembin\u0103 elegan\u021ba muzicii spaniole cu o profunzime emo\u021bional\u0103 aparte.<\/p>\n<section id=\"release-tracklist\" class=\"section_Odw8o open_FaEHZ\">\n<header class=\"header_BgEm1\">\n<h2 class=\"MuiTypography-root MuiTypography-headLineLarge css-1l4s8ze\">Tracklist<\/h2>\n<\/header>\n<div class=\"content_ETGfR\">\n<table class=\"tracklist_ZdQ0I\">\n<tbody>\n<tr class=\"heading_mkZNt\" style=\"background-color: #f5f4ec;\">\n<td class=\"trackPos_n8vad\"><\/td>\n<td class=\"trackTitle_loyWF\">Concierto De Aranjuez<\/td>\n<td class=\"duration_GhhxK\">(20:01)<\/td>\n<\/tr>\n<tr class=\"subtrack_o3GgI\">\n<td class=\"subtrackPos_HC1me\"><span class=\"MuiTypography-root MuiTypography-labelSmall css-1kybk0l\">1<\/span><\/td>\n<td class=\"trackTitle_loyWF\"><span class=\"MuiTypography-root MuiTypography-labelSmall css-1kybk0l\">Allegro Con Spirito<\/span><\/td>\n<td class=\"duration_GhhxK\"><\/td>\n<\/tr>\n<tr class=\"subtrack_o3GgI\">\n<td class=\"subtrackPos_HC1me\"><span class=\"MuiTypography-root MuiTypography-labelSmall css-1kybk0l\">2<\/span><\/td>\n<td class=\"trackTitle_loyWF\"><span class=\"MuiTypography-root MuiTypography-labelSmall css-1kybk0l\">Adagio<\/span><\/td>\n<td class=\"duration_GhhxK\"><\/td>\n<\/tr>\n<tr class=\"subtrack_o3GgI\">\n<td class=\"subtrackPos_HC1me\"><span class=\"MuiTypography-root MuiTypography-labelSmall css-1kybk0l\">3<\/span><\/td>\n<td class=\"trackTitle_loyWF\"><span class=\"MuiTypography-root MuiTypography-labelSmall css-1kybk0l\">Allegro Gentile<\/span><\/td>\n<td class=\"duration_GhhxK\"><\/td>\n<\/tr>\n<tr class=\"heading_mkZNt\" style=\"background-color: #f5f4ec;\">\n<td class=\"trackPos_n8vad\"><\/td>\n<td class=\"trackTitle_loyWF\">Concerto For Guitar And Orchestra In D Major, Op. 99<\/td>\n<td class=\"duration_GhhxK\">(19:00)<\/td>\n<\/tr>\n<tr class=\"subtrack_o3GgI\">\n<td class=\"subtrackPos_HC1me\"><span class=\"MuiTypography-root MuiTypography-labelSmall css-1kybk0l\">4<\/span><\/td>\n<td class=\"trackTitle_loyWF\"><span class=\"MuiTypography-root MuiTypography-labelSmall css-1kybk0l\"> Allegretto<\/span><\/td>\n<td class=\"duration_GhhxK\"><\/td>\n<\/tr>\n<tr class=\"subtrack_o3GgI\">\n<td class=\"subtrackPos_HC1me\"><span class=\"MuiTypography-root MuiTypography-labelSmall css-1kybk0l\">5<\/span><\/td>\n<td class=\"trackTitle_loyWF\"><span class=\"MuiTypography-root MuiTypography-labelSmall css-1kybk0l\">Andantino Alla Romanza<\/span><\/td>\n<td class=\"duration_GhhxK\"><\/td>\n<\/tr>\n<tr class=\"subtrack_o3GgI\">\n<td class=\"subtrackPos_HC1me\"><span class=\"MuiTypography-root MuiTypography-labelSmall css-1kybk0l\">6<\/span><\/td>\n<td class=\"trackTitle_loyWF\"><span class=\"MuiTypography-root MuiTypography-labelSmall css-1kybk0l\">Ritmico E Cavalleresco<\/span><\/td>\n<td class=\"duration_GhhxK\"><\/td>\n<\/tr>\n<tr class=\"heading_mkZNt\" style=\"background-color: #f5f4ec;\">\n<td class=\"trackPos_n8vad\"><\/td>\n<td class=\"trackTitle_loyWF\">Suite In D Minor<\/td>\n<td class=\"duration_GhhxK\">(9:21)<\/td>\n<\/tr>\n<tr class=\"subtrack_o3GgI\">\n<td class=\"subtrackPos_HC1me\"><span class=\"MuiTypography-root MuiTypography-labelSmall css-1kybk0l\">7<\/span><\/td>\n<td class=\"trackTitle_loyWF\"><span class=\"MuiTypography-root MuiTypography-labelSmall css-1kybk0l\">Pr\u00e9lude<\/span><\/td>\n<td class=\"duration_GhhxK\"><\/td>\n<\/tr>\n<tr class=\"subtrack_o3GgI\">\n<td class=\"subtrackPos_HC1me\"><span class=\"MuiTypography-root MuiTypography-labelSmall css-1kybk0l\">8<\/span><\/td>\n<td class=\"trackTitle_loyWF\"><span class=\"MuiTypography-root MuiTypography-labelSmall css-1kybk0l\">Allemande<\/span><\/td>\n<td class=\"duration_GhhxK\"><\/td>\n<\/tr>\n<tr class=\"subtrack_o3GgI\">\n<td class=\"subtrackPos_HC1me\"><span class=\"MuiTypography-root MuiTypography-labelSmall css-1kybk0l\">9<\/span><\/td>\n<td class=\"trackTitle_loyWF\"><span class=\"MuiTypography-root MuiTypography-labelSmall css-1kybk0l\">Courante<\/span><\/td>\n<td class=\"duration_GhhxK\"><\/td>\n<\/tr>\n<tr class=\"subtrack_o3GgI\">\n<td class=\"subtrackPos_HC1me\"><span class=\"MuiTypography-root MuiTypography-labelSmall css-1kybk0l\">10<\/span><\/td>\n<td class=\"trackTitle_loyWF\"><span class=\"MuiTypography-root MuiTypography-labelSmall css-1kybk0l\">Gavotte<\/span><\/td>\n<td class=\"duration_GhhxK\"><\/td>\n<\/tr>\n<tr class=\"subtrack_o3GgI\">\n<td class=\"subtrackPos_HC1me\"><span class=\"MuiTypography-root MuiTypography-labelSmall css-1kybk0l\">11<\/span><\/td>\n<td class=\"trackTitle_loyWF\"><span class=\"MuiTypography-root MuiTypography-labelSmall css-1kybk0l\">Sarabande<\/span><\/td>\n<td class=\"duration_GhhxK\"><\/td>\n<\/tr>\n<tr class=\"subtrack_o3GgI\">\n<td class=\"subtrackPos_HC1me\"><span class=\"MuiTypography-root MuiTypography-labelSmall css-1kybk0l\">12<\/span><\/td>\n<td class=\"trackTitle_loyWF\"><span class=\"MuiTypography-root MuiTypography-labelSmall css-1kybk0l\">Bourr\u00e9e<\/span><\/td>\n<td class=\"duration_GhhxK\"><\/td>\n<\/tr>\n<tr class=\"subtrack_o3GgI\">\n<td class=\"subtrackPos_HC1me\"><span class=\"MuiTypography-root MuiTypography-labelSmall css-1kybk0l\">13<\/span><\/td>\n<td class=\"trackTitle_loyWF\"><span class=\"MuiTypography-root MuiTypography-labelSmall css-1kybk0l\">Menuett<\/span><\/td>\n<td class=\"duration_GhhxK\"><\/td>\n<\/tr>\n<tr class=\"subtrack_o3GgI\">\n<td class=\"subtrackPos_HC1me\"><span class=\"MuiTypography-root MuiTypography-labelSmall css-1kybk0l\">14<\/span><\/td>\n<td class=\"trackTitle_loyWF\"><span class=\"MuiTypography-root MuiTypography-labelSmall css-1kybk0l\">Gigue<\/span><\/td>\n<td class=\"duration_GhhxK\"><\/td>\n<\/tr>\n<tr class=\"heading_mkZNt\" style=\"background-color: #f5f4ec;\">\n<td class=\"trackPos_n8vad\"><\/td>\n<td class=\"trackTitle_loyWF\">Suite For Lute No.1 In E Minor, BWV 996<\/td>\n<td class=\"duration_GhhxK\">(13:25)<\/td>\n<\/tr>\n<tr class=\"subtrack_o3GgI\">\n<td class=\"subtrackPos_HC1me\"><span class=\"MuiTypography-root MuiTypography-labelSmall css-1kybk0l\">15<\/span><\/td>\n<td class=\"trackTitle_loyWF\"><span class=\"MuiTypography-root MuiTypography-labelSmall css-1kybk0l\">Pr\u00e4ludium<\/span><\/td>\n<td class=\"duration_GhhxK\"><\/td>\n<\/tr>\n<tr class=\"subtrack_o3GgI\">\n<td class=\"subtrackPos_HC1me\"><span class=\"MuiTypography-root MuiTypography-labelSmall css-1kybk0l\">16<\/span><\/td>\n<td class=\"trackTitle_loyWF\"><span class=\"MuiTypography-root MuiTypography-labelSmall css-1kybk0l\">Allemande<\/span><\/td>\n<td class=\"duration_GhhxK\"><\/td>\n<\/tr>\n<tr class=\"subtrack_o3GgI\">\n<td class=\"subtrackPos_HC1me\"><span class=\"MuiTypography-root MuiTypography-labelSmall css-1kybk0l\">17<\/span><\/td>\n<td class=\"trackTitle_loyWF\"><span class=\"MuiTypography-root MuiTypography-labelSmall css-1kybk0l\">Courante<\/span><\/td>\n<td class=\"duration_GhhxK\"><\/td>\n<\/tr>\n<tr class=\"subtrack_o3GgI\">\n<td class=\"subtrackPos_HC1me\"><span class=\"MuiTypography-root MuiTypography-labelSmall css-1kybk0l\">18<\/span><\/td>\n<td class=\"trackTitle_loyWF\"><span class=\"MuiTypography-root MuiTypography-labelSmall css-1kybk0l\">Sarabande<\/span><\/td>\n<td class=\"duration_GhhxK\"><\/td>\n<\/tr>\n<tr class=\"subtrack_o3GgI\">\n<td class=\"subtrackPos_HC1me\"><span class=\"MuiTypography-root MuiTypography-labelSmall css-1kybk0l\">19<\/span><\/td>\n<td class=\"trackTitle_loyWF\"><span class=\"MuiTypography-root MuiTypography-labelSmall css-1kybk0l\">Bourr\u00e9e<\/span><\/td>\n<td class=\"duration_GhhxK\"><\/td>\n<\/tr>\n<tr class=\"subtrack_o3GgI\">\n<td class=\"subtrackPos_HC1me\"><span class=\"MuiTypography-root MuiTypography-labelSmall css-1kybk0l\">20<\/span><\/td>\n<td class=\"trackTitle_loyWF\"><span class=\"MuiTypography-root MuiTypography-labelSmall css-1kybk0l\">Gigue<\/span><\/td>\n<td class=\"duration_GhhxK\"><\/td>\n<\/tr>\n<tr data-track-position=\"21\">\n<td class=\"trackPos_n8vad\"><span class=\"MuiTypography-root MuiTypography-labelSmall css-1kybk0l\">21<\/span><\/td>\n<td class=\"trackTitle_loyWF\"><span class=\"MuiTypography-root MuiTypography-labelSmall css-1kybk0l\"><span class=\"trackTitle_loyWF\">Variations Of A Theme By Mozart, Op.9<\/span><\/span><\/td>\n<td class=\"duration_GhhxK\"><span class=\"MuiTypography-root MuiTypography-labelSmall css-1kybk0l\">4:45<\/span><\/td>\n<\/tr>\n<tr data-track-position=\"22\">\n<td class=\"trackPos_n8vad\"><span class=\"MuiTypography-root MuiTypography-labelSmall css-1kybk0l\">22<\/span><\/td>\n<td class=\"trackTitle_loyWF\"><span class=\"MuiTypography-root MuiTypography-labelSmall css-1kybk0l\"><span class=\"trackTitle_loyWF\">Sonatine, Op.71 No.1 &#8211; 3. Rondo<\/span><\/span><\/td>\n<td class=\"duration_GhhxK\"><span class=\"MuiTypography-root MuiTypography-labelSmall css-1kybk0l\">2:23<\/span><\/td>\n<\/tr>\n<tr class=\"heading_mkZNt\" style=\"background-color: #f5f4ec;\">\n<td class=\"trackPos_n8vad\"><\/td>\n<td class=\"trackTitle_loyWF\">Suite No.1 In A Major<\/td>\n<td class=\"duration_GhhxK\">(7:00)<\/td>\n<\/tr>\n<tr class=\"subtrack_o3GgI\">\n<td class=\"subtrackPos_HC1me\"><span class=\"MuiTypography-root MuiTypography-labelSmall css-1kybk0l\">23<\/span><\/td>\n<td class=\"trackTitle_loyWF\"><span class=\"MuiTypography-root MuiTypography-labelSmall css-1kybk0l\">Pr\u00e4ludium (Andante)<\/span><\/td>\n<td class=\"duration_GhhxK\"><\/td>\n<\/tr>\n<tr class=\"subtrack_o3GgI\">\n<td class=\"subtrackPos_HC1me\"><span class=\"MuiTypography-root MuiTypography-labelSmall css-1kybk0l\">24<\/span><\/td>\n<td class=\"trackTitle_loyWF\"><span class=\"MuiTypography-root MuiTypography-labelSmall css-1kybk0l\">Anglaise (Vivace)<\/span><\/td>\n<td class=\"duration_GhhxK\"><\/td>\n<\/tr>\n<tr class=\"subtrack_o3GgI\">\n<td class=\"subtrackPos_HC1me\"><span class=\"MuiTypography-root MuiTypography-labelSmall css-1kybk0l\">25<\/span><\/td>\n<td class=\"trackTitle_loyWF\"><span class=\"MuiTypography-root MuiTypography-labelSmall css-1kybk0l\">Sarabande (Andante)<\/span><\/td>\n<td class=\"duration_GhhxK\"><\/td>\n<\/tr>\n<tr class=\"subtrack_o3GgI\">\n<td class=\"subtrackPos_HC1me\"><span class=\"MuiTypography-root MuiTypography-labelSmall css-1kybk0l\">26<\/span><\/td>\n<td class=\"trackTitle_loyWF\"><span class=\"MuiTypography-root MuiTypography-labelSmall css-1kybk0l\">Bourr\u00e9e (Vivace)<\/span><\/td>\n<td class=\"duration_GhhxK\"><\/td>\n<\/tr>\n<tr class=\"heading_mkZNt\" style=\"background-color: #f5f4ec;\">\n<td class=\"trackPos_n8vad\"><\/td>\n<td class=\"trackTitle_loyWF\">Sonatina On Japanese Folk-Songs<\/td>\n<td class=\"duration_GhhxK\">(3:56)<\/td>\n<\/tr>\n<tr class=\"subtrack_o3GgI\">\n<td class=\"subtrackPos_HC1me\"><span class=\"MuiTypography-root MuiTypography-labelSmall css-1kybk0l\">27<\/span><\/td>\n<td class=\"trackTitle_loyWF\"><span class=\"MuiTypography-root MuiTypography-labelSmall css-1kybk0l\">Itsugi No Komoriuta<\/span><\/td>\n<td class=\"duration_GhhxK\"><\/td>\n<\/tr>\n<tr class=\"subtrack_o3GgI\">\n<td class=\"subtrackPos_HC1me\"><span class=\"MuiTypography-root MuiTypography-labelSmall css-1kybk0l\">28<\/span><\/td>\n<td class=\"trackTitle_loyWF\"><span class=\"MuiTypography-root MuiTypography-labelSmall css-1kybk0l\">Yosakoi Bushi<\/span><\/td>\n<td class=\"duration_GhhxK\"><\/td>\n<\/tr>\n<tr class=\"subtrack_o3GgI\">\n<td class=\"subtrackPos_HC1me\"><span class=\"MuiTypography-root MuiTypography-labelSmall css-1kybk0l\">29<\/span><\/td>\n<td class=\"trackTitle_loyWF\"><span class=\"MuiTypography-root MuiTypography-labelSmall css-1kybk0l\">Defune<\/span><\/td>\n<td class=\"duration_GhhxK\"><\/td>\n<\/tr>\n<\/tbody>\n<\/table>\n<\/div>\n<\/section>\n","protected":false},"excerpt":{"rendered":"<p>Vinyl, LP, Stereo, Japan ,Esoteric Mastering<\/p>","protected":false},"featured_media":18382,"template":"","meta":[],"product_brand":[],"product_cat":[287,284,16],"product_tag":[],"class_list":{"0":"post-18380","1":"product","2":"type-product","3":"status-publish","4":"has-post-thumbnail","6":"product_cat-esoteric","7":"product_cat-hi-fi-vinyl","8":"product_cat-vinyl","9":"pa_color-black","10":"pa_format-lp","11":"pa_genre-classical","12":"pa_stare-new","14":"first","15":"onbackorder","16":"taxable","17":"shipping-taxable","18":"purchasable","19":"product-type-simple"},"jetpack_sharing_enabled":true,"_links":{"self":[{"href":"https:\/\/old.vinylka.md\/ru\/wp-json\/wp\/v2\/product\/18380","targetHints":{"allow":["GET"]}}],"collection":[{"href":"https:\/\/old.vinylka.md\/ru\/wp-json\/wp\/v2\/product"}],"about":[{"href":"https:\/\/old.vinylka.md\/ru\/wp-json\/wp\/v2\/types\/product"}],"version-history":[{"count":0,"href":"https:\/\/old.vinylka.md\/ru\/wp-json\/wp\/v2\/product\/18380\/revisions"}],"wp:featuredmedia":[{"embeddable":true,"href":"https:\/\/old.vinylka.md\/ru\/wp-json\/wp\/v2\/media\/18382"}],"wp:attachment":[{"href":"https:\/\/old.vinylka.md\/ru\/wp-json\/wp\/v2\/media?parent=18380"}],"wp:term":[{"taxonomy":"product_brand","embeddable":true,"href":"https:\/\/old.vinylka.md\/ru\/wp-json\/wp\/v2\/product_brand?post=18380"},{"taxonomy":"product_cat","embeddable":true,"href":"https:\/\/old.vinylka.md\/ru\/wp-json\/wp\/v2\/product_cat?post=18380"},{"taxonomy":"product_tag","embeddable":true,"href":"https:\/\/old.vinylka.md\/ru\/wp-json\/wp\/v2\/product_tag?post=18380"}],"curies":[{"name":"wp","href":"https:\/\/api.w.org\/{rel}","templated":true}]}}