{"id":18403,"date":"2026-02-05T18:11:45","date_gmt":"2026-02-05T16:11:45","guid":{"rendered":"https:\/\/vinylka.md\/?post_type=product&#038;p=18403"},"modified":"2026-02-09T14:15:58","modified_gmt":"2026-02-09T12:15:58","slug":"antonin-dvorak-symphony-no-8-esoteric","status":"publish","type":"product","link":"https:\/\/old.vinylka.md\/ru\/product\/antonin-dvorak-symphony-no-8-esoteric\/","title":{"rendered":"Anton\u00edn Dvo\u0159\u00e1k &#8211; Symphony No. 8 [Esoteric]"},"content":{"rendered":"<h2>Anton\u00edn Dvo\u0159\u00e1k &#8211; Symphony No. 8<\/h2>\n<p>Vinilul \u201eSymphony No. 8\u201d de Anton\u00edn Dvo\u0159\u00e1k este o edi\u021bie luminoas\u0103 \u0219i expresiv\u0103, considerat\u0103 una dintre cele mai accesibile \u0219i optimiste simfonii ale compozitorului ceh. Lucrarea se remarc\u0103 prin melodicitate, inspira\u021bie din folclorul boem \u0219i un caracter pastoral, plin de prospe\u021bime \u0219i vitalitate.<\/p>\n<section id=\"release-tracklist\" class=\"section_Odw8o open_FaEHZ\">\n<header class=\"header_BgEm1\">\n<h2 class=\"MuiTypography-root MuiTypography-headLineLarge css-1l4s8ze\">Tracklist<\/h2>\n<\/header>\n<div class=\"content_ETGfR\">\n<table class=\"tracklist_ZdQ0I\">\n<tbody>\n<tr class=\"heading_mkZNt\" style=\"background-color: #f5f4ec;\">\n<td class=\"trackPos_n8vad\"><\/td>\n<td class=\"trackTitle_loyWF\">Symphony No. 8<\/td>\n<td class=\"duration_GhhxK\"><\/td>\n<\/tr>\n<tr class=\"subtrack_o3GgI\">\n<td class=\"subtrackPos_HC1me\"><span class=\"MuiTypography-root MuiTypography-labelSmall css-1kybk0l\">A1<\/span><\/td>\n<td class=\"trackTitle_loyWF\"><span class=\"MuiTypography-root MuiTypography-labelSmall css-1kybk0l\">Allegro Con Brio<\/span><\/td>\n<td class=\"duration_GhhxK\"><\/td>\n<\/tr>\n<tr class=\"subtrack_o3GgI\">\n<td class=\"subtrackPos_HC1me\"><span class=\"MuiTypography-root MuiTypography-labelSmall css-1kybk0l\">A2<\/span><\/td>\n<td class=\"trackTitle_loyWF\"><span class=\"MuiTypography-root MuiTypography-labelSmall css-1kybk0l\">Adagio<\/span><\/td>\n<td class=\"duration_GhhxK\"><\/td>\n<\/tr>\n<tr class=\"subtrack_o3GgI\">\n<td class=\"subtrackPos_HC1me\"><span class=\"MuiTypography-root MuiTypography-labelSmall css-1kybk0l\">B1<\/span><\/td>\n<td class=\"trackTitle_loyWF\"><span class=\"MuiTypography-root MuiTypography-labelSmall css-1kybk0l\">Allegretto Grazioso<\/span><\/td>\n<td class=\"duration_GhhxK\"><\/td>\n<\/tr>\n<tr class=\"subtrack_o3GgI\">\n<td class=\"subtrackPos_HC1me\"><span class=\"MuiTypography-root MuiTypography-labelSmall css-1kybk0l\">B2<\/span><\/td>\n<td class=\"trackTitle_loyWF\"><span class=\"MuiTypography-root MuiTypography-labelSmall css-1kybk0l\">Allegro Ma Non Troppo<\/span><\/td>\n<td class=\"duration_GhhxK\"><\/td>\n<\/tr>\n<\/tbody>\n<\/table>\n<\/div>\n<\/section>","protected":false},"excerpt":{"rendered":"<p>Vinyl, LP, Stereo, Japan<br \/>\nEsoteric Mastering<\/p>","protected":false},"featured_media":18404,"template":"","meta":[],"product_brand":[],"product_cat":[287,284,16],"product_tag":[],"class_list":{"0":"post-18403","1":"product","2":"type-product","3":"status-publish","4":"has-post-thumbnail","6":"product_cat-esoteric","7":"product_cat-hi-fi-vinyl","8":"product_cat-vinyl","9":"pa_color-black","10":"pa_format-lp","11":"pa_genre-classical","12":"pa_stare-new","14":"first","15":"onbackorder","16":"taxable","17":"shipping-taxable","18":"purchasable","19":"product-type-simple"},"jetpack_sharing_enabled":true,"_links":{"self":[{"href":"https:\/\/old.vinylka.md\/ru\/wp-json\/wp\/v2\/product\/18403","targetHints":{"allow":["GET"]}}],"collection":[{"href":"https:\/\/old.vinylka.md\/ru\/wp-json\/wp\/v2\/product"}],"about":[{"href":"https:\/\/old.vinylka.md\/ru\/wp-json\/wp\/v2\/types\/product"}],"version-history":[{"count":0,"href":"https:\/\/old.vinylka.md\/ru\/wp-json\/wp\/v2\/product\/18403\/revisions"}],"wp:featuredmedia":[{"embeddable":true,"href":"https:\/\/old.vinylka.md\/ru\/wp-json\/wp\/v2\/media\/18404"}],"wp:attachment":[{"href":"https:\/\/old.vinylka.md\/ru\/wp-json\/wp\/v2\/media?parent=18403"}],"wp:term":[{"taxonomy":"product_brand","embeddable":true,"href":"https:\/\/old.vinylka.md\/ru\/wp-json\/wp\/v2\/product_brand?post=18403"},{"taxonomy":"product_cat","embeddable":true,"href":"https:\/\/old.vinylka.md\/ru\/wp-json\/wp\/v2\/product_cat?post=18403"},{"taxonomy":"product_tag","embeddable":true,"href":"https:\/\/old.vinylka.md\/ru\/wp-json\/wp\/v2\/product_tag?post=18403"}],"curies":[{"name":"wp","href":"https:\/\/api.w.org\/{rel}","templated":true}]}}