{"id":18415,"date":"2026-02-06T13:48:26","date_gmt":"2026-02-06T11:48:26","guid":{"rendered":"https:\/\/vinylka.md\/?post_type=product&#038;p=18415"},"modified":"2026-02-09T14:15:17","modified_gmt":"2026-02-09T12:15:17","slug":"tchaikovsky-piano-concerto-no-1-hommage-a-kirill-kondrashin-esoteric","status":"publish","type":"product","link":"https:\/\/old.vinylka.md\/ru\/product\/tchaikovsky-piano-concerto-no-1-hommage-a-kirill-kondrashin-esoteric\/","title":{"rendered":"Tchaikovsky: Piano Concerto No. 1 &#8211; Hommage \u00c0 Kirill Kondrashin [Esoteric]"},"content":{"rendered":"<h2>Tchaikovsky: Piano Concerto No. 1 &#8211; Hommage \u00c0 Kirill Kondrashin<\/h2>\n<p>Vinilul \u201eHommage \u00c0 Kirill Kondrashin (Klavierkonzert Nr. 1)\u201d reune\u0219te una dintre cele mai electrizante interpret\u0103ri ale Concertului pentru pian nr. 1 de Piotr Ilici Ceaikovski, cu Martha Argerich ca solist\u0103, acompaniat\u0103 de Symphonie-Orchester des Bayerischen Rundfunks, sub bagheta legendarului dirijor Kirill Kondrashin.<\/p>\n<section id=\"release-tracklist\" class=\"section_Odw8o open_FaEHZ\">\n<header class=\"header_BgEm1\">\n<h2 class=\"MuiTypography-root MuiTypography-headLineLarge css-1l4s8ze\">Tracklist<\/h2>\n<\/header>\n<div class=\"content_ETGfR\">\n<table class=\"tracklist_ZdQ0I\">\n<tbody>\n<tr class=\"heading_mkZNt\" style=\"background-color: #f5f4ec;\">\n<td class=\"trackPos_n8vad\"><\/td>\n<td class=\"trackTitle_loyWF\"><span class=\"MuiTypography-root MuiTypography-headLineSmall css-pz9pxe\">Klavierkonzert Nr. 1 B-moll Op. 23<\/span><\/td>\n<td class=\"duration_GhhxK\"><\/td>\n<\/tr>\n<tr data-track-position=\"A\">\n<td class=\"trackPos_n8vad\"><span class=\"MuiTypography-root MuiTypography-labelSmall css-1kybk0l\">A<\/span><\/td>\n<td class=\"trackTitle_loyWF\"><span class=\"MuiTypography-root MuiTypography-labelSmall css-1kybk0l\"><span class=\"trackTitle_loyWF\">Allegro Non Troppo E Molto Maestoso &#8211; Allegro Con Spirito<\/span><\/span><\/td>\n<\/tr>\n<tr data-track-position=\"B1\">\n<td class=\"trackPos_n8vad\"><span class=\"MuiTypography-root MuiTypography-labelSmall css-1kybk0l\">B1<\/span><\/td>\n<td class=\"trackTitle_loyWF\"><span class=\"MuiTypography-root MuiTypography-labelSmall css-1kybk0l\"><span class=\"trackTitle_loyWF\">Andantino Simplice &#8211; Prestissimo &#8211; Tempo I &#8211;<\/span><\/span><\/td>\n<\/tr>\n<tr data-track-position=\"B2\">\n<td class=\"trackPos_n8vad\"><span class=\"MuiTypography-root MuiTypography-labelSmall css-1kybk0l\">B2<\/span><\/td>\n<td class=\"trackTitle_loyWF\"><span class=\"MuiTypography-root MuiTypography-labelSmall css-1kybk0l\"><span class=\"trackTitle_loyWF\">Allegro Con Fuoco<\/span><\/span><\/td>\n<\/tr>\n<\/tbody>\n<\/table>\n<\/div>\n<\/section>","protected":false},"excerpt":{"rendered":"<p>Vinyl, LP, Stereo, Japan<br \/>\nEsoteric Mastering<\/p>","protected":false},"featured_media":18417,"template":"","meta":[],"product_brand":[],"product_cat":[287,284,16],"product_tag":[],"class_list":{"0":"post-18415","1":"product","2":"type-product","3":"status-publish","4":"has-post-thumbnail","6":"product_cat-esoteric","7":"product_cat-hi-fi-vinyl","8":"product_cat-vinyl","9":"pa_color-black","10":"pa_format-lp","11":"pa_genre-classical","12":"pa_stare-new","14":"first","15":"onbackorder","16":"taxable","17":"shipping-taxable","18":"purchasable","19":"product-type-simple"},"jetpack_sharing_enabled":true,"_links":{"self":[{"href":"https:\/\/old.vinylka.md\/ru\/wp-json\/wp\/v2\/product\/18415","targetHints":{"allow":["GET"]}}],"collection":[{"href":"https:\/\/old.vinylka.md\/ru\/wp-json\/wp\/v2\/product"}],"about":[{"href":"https:\/\/old.vinylka.md\/ru\/wp-json\/wp\/v2\/types\/product"}],"version-history":[{"count":0,"href":"https:\/\/old.vinylka.md\/ru\/wp-json\/wp\/v2\/product\/18415\/revisions"}],"wp:featuredmedia":[{"embeddable":true,"href":"https:\/\/old.vinylka.md\/ru\/wp-json\/wp\/v2\/media\/18417"}],"wp:attachment":[{"href":"https:\/\/old.vinylka.md\/ru\/wp-json\/wp\/v2\/media?parent=18415"}],"wp:term":[{"taxonomy":"product_brand","embeddable":true,"href":"https:\/\/old.vinylka.md\/ru\/wp-json\/wp\/v2\/product_brand?post=18415"},{"taxonomy":"product_cat","embeddable":true,"href":"https:\/\/old.vinylka.md\/ru\/wp-json\/wp\/v2\/product_cat?post=18415"},{"taxonomy":"product_tag","embeddable":true,"href":"https:\/\/old.vinylka.md\/ru\/wp-json\/wp\/v2\/product_tag?post=18415"}],"curies":[{"name":"wp","href":"https:\/\/api.w.org\/{rel}","templated":true}]}}