{"id":18419,"date":"2026-02-06T14:02:44","date_gmt":"2026-02-06T12:02:44","guid":{"rendered":"https:\/\/vinylka.md\/?post_type=product&#038;p=18419"},"modified":"2026-02-09T14:15:05","modified_gmt":"2026-02-09T12:15:05","slug":"faure-requiem-op-48-victoria-de-los-angeles-dietrich-fischer-dieskau-andre-cluytens-esoteric","status":"publish","type":"product","link":"https:\/\/old.vinylka.md\/ru\/product\/faure-requiem-op-48-victoria-de-los-angeles-dietrich-fischer-dieskau-andre-cluytens-esoteric\/","title":{"rendered":"Faur\u00e9: Requiem, Op. 48\u201d \u2013 Victoria De Los Angeles, Dietrich Fischer-Dieskau, Andr\u00e9 Cluytens.[Esoteric]"},"content":{"rendered":"<h2>Faur\u00e9: Requiem, Op. 48\u201d \u2013 Victoria De Los Angeles, Dietrich Fischer-Dieskau, Andr\u00e9 Cluytens.<\/h2>\n<p>Vinilul \u201eFaur\u00e9: Requiem, Op. 48\u201d, interpretat de Victoria De Los Angeles, Dietrich Fischer-Dieskau, \u0219i Orchestre De La Soci\u00e9t\u00e9 Des Concerts Du Conservatoire sub bagheta lui Andr\u00e9 Cluytens, este o interpretare remarcabil\u0103 a uneia dintre cele mai iubite lucr\u0103ri ale muzicii sacre. \u201eRequiem\u201d de Gabriel Faur\u00e9 este cunoscut pentru tonul s\u0103u mai luminos \u0219i mai calm comparativ cu alte lucr\u0103ri din aceea\u0219i categorie, av\u00e2nd o atmosfer\u0103 de speran\u021b\u0103 \u0219i consolare, \u00een loc de dramatismul ob\u0219nuit al unui Requiem.<\/p>\n<section id=\"release-tracklist\" class=\"section_Odw8o open_FaEHZ\">\n<header class=\"header_BgEm1\">\n<h2 class=\"MuiTypography-root MuiTypography-headLineLarge css-1l4s8ze\">Tracklist<\/h2>\n<\/header>\n<div class=\"content_ETGfR\">\n<table class=\"tracklist_ZdQ0I\">\n<tbody>\n<tr class=\"heading_mkZNt\" style=\"background-color: #f5f4ec;\">\n<td class=\"trackPos_n8vad\"><\/td>\n<td class=\"trackTitle_loyWF\">Requiem, Op.48<\/td>\n<td class=\"duration_GhhxK\"><\/td>\n<\/tr>\n<tr class=\"subtrack_o3GgI\">\n<td class=\"subtrackPos_HC1me\"><span class=\"MuiTypography-root MuiTypography-labelSmall css-1kybk0l\">A1<\/span><\/td>\n<td class=\"trackTitle_loyWF\"><span class=\"MuiTypography-root MuiTypography-labelSmall css-1kybk0l\">Introit Et Kyrie<\/span><\/td>\n<td class=\"duration_GhhxK\"><span class=\"MuiTypography-root MuiTypography-labelSmall css-1kybk0l\">8:07<\/span><\/td>\n<\/tr>\n<tr class=\"subtrack_o3GgI\">\n<td class=\"subtrackPos_HC1me\"><span class=\"MuiTypography-root MuiTypography-labelSmall css-1kybk0l\">A2<\/span><\/td>\n<td class=\"trackTitle_loyWF\"><span class=\"MuiTypography-root MuiTypography-labelSmall css-1kybk0l\">Offertorie<\/span><\/td>\n<td class=\"duration_GhhxK\"><span class=\"MuiTypography-root MuiTypography-labelSmall css-1kybk0l\">9:10<\/span><\/td>\n<\/tr>\n<tr class=\"subtrack_o3GgI\">\n<td class=\"subtrackPos_HC1me\"><span class=\"MuiTypography-root MuiTypography-labelSmall css-1kybk0l\">A3<\/span><\/td>\n<td class=\"trackTitle_loyWF\"><span class=\"MuiTypography-root MuiTypography-labelSmall css-1kybk0l\">Sanctus<\/span><\/td>\n<td class=\"duration_GhhxK\"><span class=\"MuiTypography-root MuiTypography-labelSmall css-1kybk0l\">3:19<\/span><\/td>\n<\/tr>\n<tr class=\"subtrack_o3GgI\">\n<td class=\"subtrackPos_HC1me\"><span class=\"MuiTypography-root MuiTypography-labelSmall css-1kybk0l\">B1<\/span><\/td>\n<td class=\"trackTitle_loyWF\"><span class=\"MuiTypography-root MuiTypography-labelSmall css-1kybk0l\">Pie Jesu<\/span><\/td>\n<td class=\"duration_GhhxK\"><span class=\"MuiTypography-root MuiTypography-labelSmall css-1kybk0l\">3:19<\/span><\/td>\n<\/tr>\n<tr class=\"subtrack_o3GgI\">\n<td class=\"subtrackPos_HC1me\"><span class=\"MuiTypography-root MuiTypography-labelSmall css-1kybk0l\">B2<\/span><\/td>\n<td class=\"trackTitle_loyWF\"><span class=\"MuiTypography-root MuiTypography-labelSmall css-1kybk0l\">Agnus Dei<\/span><\/td>\n<td class=\"duration_GhhxK\"><span class=\"MuiTypography-root MuiTypography-labelSmall css-1kybk0l\">6:49<\/span><\/td>\n<\/tr>\n<tr class=\"subtrack_o3GgI\">\n<td class=\"subtrackPos_HC1me\"><span class=\"MuiTypography-root MuiTypography-labelSmall css-1kybk0l\">B3<\/span><\/td>\n<td class=\"trackTitle_loyWF\"><span class=\"MuiTypography-root MuiTypography-labelSmall css-1kybk0l\">Libera Me<\/span><\/td>\n<td class=\"duration_GhhxK\"><span class=\"MuiTypography-root MuiTypography-labelSmall css-1kybk0l\">5:22<\/span><\/td>\n<\/tr>\n<tr class=\"subtrack_o3GgI\">\n<td class=\"subtrackPos_HC1me\"><span class=\"MuiTypography-root MuiTypography-labelSmall css-1kybk0l\">B4<\/span><\/td>\n<td class=\"trackTitle_loyWF\"><span class=\"MuiTypography-root MuiTypography-labelSmall css-1kybk0l\">In Paradisum<\/span><\/td>\n<td class=\"duration_GhhxK\"><span class=\"MuiTypography-root MuiTypography-labelSmall css-1kybk0l\">3:51<\/span><\/td>\n<\/tr>\n<\/tbody>\n<\/table>\n<\/div>\n<\/section>","protected":false},"excerpt":{"rendered":"<p>Vinyl, LP, Stereo, Japan<br \/>\nEsoteric Mastering<\/p>","protected":false},"featured_media":18420,"template":"","meta":[],"product_brand":[],"product_cat":[287,284,16],"product_tag":[],"class_list":{"0":"post-18419","1":"product","2":"type-product","3":"status-publish","4":"has-post-thumbnail","6":"product_cat-esoteric","7":"product_cat-hi-fi-vinyl","8":"product_cat-vinyl","9":"pa_color-black","10":"pa_format-lp","11":"pa_genre-classical","12":"pa_stare-new","14":"first","15":"onbackorder","16":"taxable","17":"shipping-taxable","18":"purchasable","19":"product-type-simple"},"jetpack_sharing_enabled":true,"_links":{"self":[{"href":"https:\/\/old.vinylka.md\/ru\/wp-json\/wp\/v2\/product\/18419","targetHints":{"allow":["GET"]}}],"collection":[{"href":"https:\/\/old.vinylka.md\/ru\/wp-json\/wp\/v2\/product"}],"about":[{"href":"https:\/\/old.vinylka.md\/ru\/wp-json\/wp\/v2\/types\/product"}],"version-history":[{"count":0,"href":"https:\/\/old.vinylka.md\/ru\/wp-json\/wp\/v2\/product\/18419\/revisions"}],"wp:featuredmedia":[{"embeddable":true,"href":"https:\/\/old.vinylka.md\/ru\/wp-json\/wp\/v2\/media\/18420"}],"wp:attachment":[{"href":"https:\/\/old.vinylka.md\/ru\/wp-json\/wp\/v2\/media?parent=18419"}],"wp:term":[{"taxonomy":"product_brand","embeddable":true,"href":"https:\/\/old.vinylka.md\/ru\/wp-json\/wp\/v2\/product_brand?post=18419"},{"taxonomy":"product_cat","embeddable":true,"href":"https:\/\/old.vinylka.md\/ru\/wp-json\/wp\/v2\/product_cat?post=18419"},{"taxonomy":"product_tag","embeddable":true,"href":"https:\/\/old.vinylka.md\/ru\/wp-json\/wp\/v2\/product_tag?post=18419"}],"curies":[{"name":"wp","href":"https:\/\/api.w.org\/{rel}","templated":true}]}}