{"id":18424,"date":"2026-02-06T14:13:33","date_gmt":"2026-02-06T12:13:33","guid":{"rendered":"https:\/\/vinylka.md\/?post_type=product&#038;p=18424"},"modified":"2026-02-09T14:14:30","modified_gmt":"2026-02-09T12:14:30","slug":"mussorgsky-pictures-at-an-exhibition-liszt-the-huns-lorchestre-de-la-suisse-romande-esoteric","status":"publish","type":"product","link":"https:\/\/old.vinylka.md\/ru\/product\/mussorgsky-pictures-at-an-exhibition-liszt-the-huns-lorchestre-de-la-suisse-romande-esoteric\/","title":{"rendered":"Mussorgsky: Pictures at an Exhibition \/ Liszt: The Huns\u201d \u2013 L&#8217;Orchestre De La Suisse Romande [Esoteric]"},"content":{"rendered":"<h2>Mussorgsky: Pictures at an Exhibition \/ Liszt: The Huns\u201d \u2013 L&#8217;Orchestre De La Suisse Romande<\/h2>\n<p>Vinilul \u201eMussorgsky: Pictures at an Exhibition \/ Liszt: The Huns\u201d, interpretat de L&#8217;Orchestre De La Suisse Romande sub bagheta lui Ernest Ansermet, este o combina\u021bie de lucr\u0103ri orchestrale pline de intensitate \u0219i imagina\u021bie.<\/p>\n<p>\u201ePictures at an Exhibition\u201d de Mussorgsky, \u00een versiunea sa orchestrat\u0103 de Ravel, este una dintre cele mai emblematice lucr\u0103ri ale muzicii clasice, captiv\u00e2nd ascult\u0103torul cu tablouri muzicale ce surprind atmosfera diverselor picturi. Orchestra condus\u0103 de Ansermet aduce \u00een prim-plan fiecare detaliu al lucr\u0103rii, eviden\u021biind energia \u0219i schimb\u0103rile de ton ce caracterizeaz\u0103 acest minunat cadru muzical.<\/p>\n<header class=\"header_BgEm1\"><\/header>\n<header>Side A:Mussorgsky &#8211; Pictures at an Exhibition (Orchestrated by Ravel)<\/p>\n<p>I. Promenade<\/p>\n<p>II. Gnomus<\/p>\n<p>III. The Old Castle<\/p>\n<p>IV. Tuileries (Dispute between children at play)<\/p>\n<p>V. Bydlo<\/p>\n<p>VI. Promenade<\/p>\n<p>VII. Ballet of the Unhatched Chicks<\/p>\n<p>VIII. Samuel Goldenberg and Schmuyle<\/p>\n<p>IX. The Marketplace at Limoges<\/p>\n<p>X. Catacombs (Sepulchrum romanum)<\/p>\n<p>XI. The Hut on Fowl&#8217;s Legs (Baba-Yaga)<\/p>\n<p>XII. The Great Gate of Kiev<\/p>\n<p>Side B:<\/p>\n<p>Liszt &#8211; The Huns (Orchestral Version)<\/p>\n<\/header>","protected":false},"excerpt":{"rendered":"<p>Vinyl, LP, Stereo, Japan<br \/>\nEsoteric Mastering<\/p>","protected":false},"featured_media":18425,"template":"","meta":[],"product_brand":[],"product_cat":[287,284,16],"product_tag":[],"class_list":{"0":"post-18424","1":"product","2":"type-product","3":"status-publish","4":"has-post-thumbnail","6":"product_cat-esoteric","7":"product_cat-hi-fi-vinyl","8":"product_cat-vinyl","9":"pa_color-black","10":"pa_format-lp","11":"pa_genre-classical","12":"pa_stare-new","14":"first","15":"onbackorder","16":"taxable","17":"shipping-taxable","18":"purchasable","19":"product-type-simple"},"jetpack_sharing_enabled":true,"_links":{"self":[{"href":"https:\/\/old.vinylka.md\/ru\/wp-json\/wp\/v2\/product\/18424","targetHints":{"allow":["GET"]}}],"collection":[{"href":"https:\/\/old.vinylka.md\/ru\/wp-json\/wp\/v2\/product"}],"about":[{"href":"https:\/\/old.vinylka.md\/ru\/wp-json\/wp\/v2\/types\/product"}],"version-history":[{"count":0,"href":"https:\/\/old.vinylka.md\/ru\/wp-json\/wp\/v2\/product\/18424\/revisions"}],"wp:featuredmedia":[{"embeddable":true,"href":"https:\/\/old.vinylka.md\/ru\/wp-json\/wp\/v2\/media\/18425"}],"wp:attachment":[{"href":"https:\/\/old.vinylka.md\/ru\/wp-json\/wp\/v2\/media?parent=18424"}],"wp:term":[{"taxonomy":"product_brand","embeddable":true,"href":"https:\/\/old.vinylka.md\/ru\/wp-json\/wp\/v2\/product_brand?post=18424"},{"taxonomy":"product_cat","embeddable":true,"href":"https:\/\/old.vinylka.md\/ru\/wp-json\/wp\/v2\/product_cat?post=18424"},{"taxonomy":"product_tag","embeddable":true,"href":"https:\/\/old.vinylka.md\/ru\/wp-json\/wp\/v2\/product_tag?post=18424"}],"curies":[{"name":"wp","href":"https:\/\/api.w.org\/{rel}","templated":true}]}}